{"id":2501,"date":"2026-04-07T11:47:57","date_gmt":"2026-04-07T11:47:57","guid":{"rendered":"https:\/\/www.satakunnansuunnistus.fi\/uusi\/?page_id=2501"},"modified":"2026-04-15T14:58:01","modified_gmt":"2026-04-15T14:58:01","slug":"kartalla-haku","status":"publish","type":"page","link":"https:\/\/www.satakunnansuunnistus.fi\/uusi\/kartalla-haku\/","title":{"rendered":"Kartalla-haku"},"content":{"rendered":"\t\t<div data-elementor-type=\"wp-page\" data-elementor-id=\"2501\" class=\"elementor elementor-2501\">\n\t\t\t\t<div class=\"elementor-element elementor-element-81a75e9 e-flex e-con-boxed e-con e-parent\" data-id=\"81a75e9\" data-element_type=\"container\" data-e-type=\"container\">\n\t\t\t\t\t<div class=\"e-con-inner\">\n\t\t\t\t<div class=\"elementor-element elementor-element-5b084e3 elementor-widget elementor-widget-shortcode\" data-id=\"5b084e3\" data-element_type=\"widget\" data-e-type=\"widget\" data-widget_type=\"shortcode.default\">\n\t\t\t\t<div class=\"elementor-widget-container\">\n\t\t\t\t\t\t\t<div class=\"elementor-shortcode\">\n    <style>\n        table {\n            width: 100%;\n            border-collapse: collapse;\n        }\n\n        th, td {\n            padding: 8px;\n            text-align: left;\n            border: 1px solid #ddd;\n        }\n\n        form {\n            margin-bottom: 20px;\n        }\n\n        input[type=\"text\"] {\n            width: 100%;\n            max-width: 400px;\n            padding: 10px;\n            margin-right: 10px;\n            box-sizing: border-box;\n        }\n\n        button {\n            padding: 10px 15px;\n        }\n\n        \/* MOBIILI *\/\n        @media (max-width: 768px) {\n\n            table, thead, tbody, th, td, tr {\n                display: block;\n                width: 100%;\n            }\n\n            thead {\n                display: none;\n            }\n\n            tr {\n                margin-bottom: 15px;\n                border: 1px solid #ddd;\n                border-radius: 8px;\n                padding: 10px;\n                background: #f9f9f9;\n            }\n\n            td {\n                display: flex;\n                justify-content: space-between;\n                padding: 6px 0;\n                border: none;\n            }\n\n            td::before {\n                content: attr(data-label);\n                font-weight: bold;\n                color: #555;\n            }\n        }\n    <\/style>\n\n    <form method=\"get\">\n        <input type=\"text\" name=\"nimi\" placeholder=\"Etunimi Sukunimi\" value=\"\" required>\n        <button type=\"submit\">Hae<\/button>\n    <\/form>\n\n    <\/div>\n\t\t\t\t\t\t<\/div>\n\t\t\t\t<\/div>\n\t\t\t\t\t<\/div>\n\t\t\t\t<\/div>\n\t\t<div class=\"elementor-element elementor-element-7a930cf e-flex e-con-boxed e-con e-parent\" data-id=\"7a930cf\" data-element_type=\"container\" data-e-type=\"container\">\n\t\t\t\t\t<div class=\"e-con-inner\">\n\t\t\t\t<div class=\"elementor-element elementor-element-a57b106 elementor-widget elementor-widget-text-editor\" data-id=\"a57b106\" data-element_type=\"widget\" data-e-type=\"widget\" data-widget_type=\"text-editor.default\">\n\t\t\t\t<div class=\"elementor-widget-container\">\n\t\t\t\t\t\t\t\t\t<p>Kirjoita hakukentt\u00e4\u00e4n sek\u00e4 etunimesi ett\u00e4 sukunimesi, saadaksesi tiedot Satakunnan alueen suorituksistasi.<br \/>Mik\u00e4li et halua, ett\u00e4 tuloksesi n\u00e4kyv\u00e4t palvelussa tai toivot lis\u00e4ominaisuuksia palveluun, otathan yhteytt\u00e4 Kimmoon: kimmo.mieskoski@gmail.com<\/p>\t\t\t\t\t\t\t\t<\/div>\n\t\t\t\t<\/div>\n\t\t\t\t\t<\/div>\n\t\t\t\t<\/div>\n\t\t\t\t<\/div>\n\t\t","protected":false},"excerpt":{"rendered":"<p>Kirjoita hakukentt\u00e4\u00e4n sek\u00e4 etunimesi ett\u00e4 sukunimesi, saadaksesi tiedot Satakunnan alueen suorituksistasi.Mik\u00e4li et halua, ett\u00e4 tuloksesi n\u00e4kyv\u00e4t palvelussa tai toivot lis\u00e4ominaisuuksia palveluun, otathan yhteytt\u00e4 Kimmoon: kimmo.mieskoski@gmail.com<\/p>\n","protected":false},"author":1,"featured_media":0,"parent":0,"menu_order":0,"comment_status":"closed","ping_status":"closed","template":"","meta":{"site-sidebar-layout":"no-sidebar","site-content-layout":"page-builder","ast-site-content-layout":"full-width-container","site-content-style":"default","site-sidebar-style":"default","ast-global-header-display":"","ast-banner-title-visibility":"","ast-main-header-display":"","ast-hfb-above-header-display":"","ast-hfb-below-header-display":"","ast-hfb-mobile-header-display":"","site-post-title":"","ast-breadcrumbs-content":"","ast-featured-img":"disabled","footer-sml-layout":"","ast-disable-related-posts":"","theme-transparent-header-meta":"","adv-header-id-meta":"","stick-header-meta":"","header-above-stick-meta":"","header-main-stick-meta":"","header-below-stick-meta":"","astra-migrate-meta-layouts":"set","ast-page-background-enabled":"default","ast-page-background-meta":{"desktop":{"background-color":"var(--ast-global-color-4)","background-image":"","background-repeat":"repeat","background-position":"center center","background-size":"auto","background-attachment":"scroll","background-type":"","background-media":"","overlay-type":"","overlay-color":"","overlay-opacity":"","overlay-gradient":""},"tablet":{"background-color":"","background-image":"","background-repeat":"repeat","background-position":"center center","background-size":"auto","background-attachment":"scroll","background-type":"","background-media":"","overlay-type":"","overlay-color":"","overlay-opacity":"","overlay-gradient":""},"mobile":{"background-color":"","background-image":"","background-repeat":"repeat","background-position":"center center","background-size":"auto","background-attachment":"scroll","background-type":"","background-media":"","overlay-type":"","overlay-color":"","overlay-opacity":"","overlay-gradient":""}},"ast-content-background-meta":{"desktop":{"background-color":"var(--ast-global-color-5)","background-image":"","background-repeat":"repeat","background-position":"center center","background-size":"auto","background-attachment":"scroll","background-type":"","background-media":"","overlay-type":"","overlay-color":"","overlay-opacity":"","overlay-gradient":""},"tablet":{"background-color":"var(--ast-global-color-5)","background-image":"","background-repeat":"repeat","background-position":"center center","background-size":"auto","background-attachment":"scroll","background-type":"","background-media":"","overlay-type":"","overlay-color":"","overlay-opacity":"","overlay-gradient":""},"mobile":{"background-color":"var(--ast-global-color-5)","background-image":"","background-repeat":"repeat","background-position":"center center","background-size":"auto","background-attachment":"scroll","background-type":"","background-media":"","overlay-type":"","overlay-color":"","overlay-opacity":"","overlay-gradient":""}},"footnotes":""},"class_list":["post-2501","page","type-page","status-publish","hentry"],"_links":{"self":[{"href":"https:\/\/www.satakunnansuunnistus.fi\/uusi\/wp-json\/wp\/v2\/pages\/2501","targetHints":{"allow":["GET"]}}],"collection":[{"href":"https:\/\/www.satakunnansuunnistus.fi\/uusi\/wp-json\/wp\/v2\/pages"}],"about":[{"href":"https:\/\/www.satakunnansuunnistus.fi\/uusi\/wp-json\/wp\/v2\/types\/page"}],"author":[{"embeddable":true,"href":"https:\/\/www.satakunnansuunnistus.fi\/uusi\/wp-json\/wp\/v2\/users\/1"}],"replies":[{"embeddable":true,"href":"https:\/\/www.satakunnansuunnistus.fi\/uusi\/wp-json\/wp\/v2\/comments?post=2501"}],"version-history":[{"count":10,"href":"https:\/\/www.satakunnansuunnistus.fi\/uusi\/wp-json\/wp\/v2\/pages\/2501\/revisions"}],"predecessor-version":[{"id":2523,"href":"https:\/\/www.satakunnansuunnistus.fi\/uusi\/wp-json\/wp\/v2\/pages\/2501\/revisions\/2523"}],"wp:attachment":[{"href":"https:\/\/www.satakunnansuunnistus.fi\/uusi\/wp-json\/wp\/v2\/media?parent=2501"}],"curies":[{"name":"wp","href":"https:\/\/api.w.org\/{rel}","templated":true}]}}