{"id":2439,"date":"2026-03-08T11:47:06","date_gmt":"2026-03-08T11:47:06","guid":{"rendered":"https:\/\/www.satakunnansuunnistus.fi\/uusi\/?page_id=2439"},"modified":"2026-03-17T11:50:08","modified_gmt":"2026-03-17T11:50:08","slug":"wsc26-osakilpailu-7","status":"publish","type":"page","link":"https:\/\/www.satakunnansuunnistus.fi\/uusi\/wsc26-osakilpailu-7\/","title":{"rendered":"WSC26 &#8211; Osakilpailu 7"},"content":{"rendered":"\t\t<div data-elementor-type=\"wp-page\" data-elementor-id=\"2439\" class=\"elementor elementor-2439\">\n\t\t\t\t<div class=\"elementor-element elementor-element-502771d e-flex e-con-boxed e-con e-parent\" data-id=\"502771d\" data-element_type=\"container\" data-e-type=\"container\">\n\t\t\t\t\t<div class=\"e-con-inner\">\n\t\t\t\t<div class=\"elementor-element elementor-element-4f05542 elementor-widget elementor-widget-shortcode\" data-id=\"4f05542\" data-element_type=\"widget\" data-e-type=\"widget\" data-widget_type=\"shortcode.default\">\n\t\t\t\t<div class=\"elementor-widget-container\">\n\t\t\t\t\t\t\t<div class=\"elementor-shortcode\">\n<table class=\"wsc-table\" style=\"border-collapse:collapse;width:100%\">\n<tr>\n<th>#<\/th><th>Nimi<\/th><th>Seura<\/th><th>Uusi aika<\/th><th>Ero<\/th><th>P<\/th>\n<\/tr>\n\n<tr>\n<td>1<\/td>\n<td>P\u00e4ivi Autio<\/td>\n<td>Yl\u00e4neen Kiri<\/td>\n<td>12:06<\/td>\n<td>0:00<\/td>\n<td>16<\/td>\n<\/tr>\n<tr>\n<td>2<\/td>\n<td>Pyry Heinil\u00e4<\/td>\n<td>Rastikarhut<\/td>\n<td>12:51<\/td>\n<td>0:44<\/td>\n<td>14<\/td>\n<\/tr>\n<tr>\n<td>3<\/td>\n<td>Risto Ruohola<\/td>\n<td>MSParma<\/td>\n<td>13:06<\/td>\n<td>0:59<\/td>\n<td>12<\/td>\n<\/tr>\n<tr>\n<td>4<\/td>\n<td>Jenni Oksa<\/td>\n<td>Rastikarhut<\/td>\n<td>13:23<\/td>\n<td>1:17<\/td>\n<td>11<\/td>\n<\/tr>\n<tr>\n<td>5<\/td>\n<td>Elias Lehtonen<\/td>\n<td>MSParma<\/td>\n<td>13:40<\/td>\n<td>1:34<\/td>\n<td>10<\/td>\n<\/tr>\n<tr>\n<td>6<\/td>\n<td>Ville-Veikko Nurminen<\/td>\n<td>SuosmSa<\/td>\n<td>13:41<\/td>\n<td>1:34<\/td>\n<td>9<\/td>\n<\/tr>\n<tr>\n<td>7<\/td>\n<td>Timo Koivisto<\/td>\n<td>KoKV<\/td>\n<td>13:49<\/td>\n<td>1:43<\/td>\n<td>8<\/td>\n<\/tr>\n<tr>\n<td>8<\/td>\n<td>Venla Lehtonen<\/td>\n<td>MSParma<\/td>\n<td>14:43<\/td>\n<td>2:37<\/td>\n<td>7<\/td>\n<\/tr>\n<tr>\n<td>9<\/td>\n<td>Marika Heinikangas<\/td>\n<td>RaLu<\/td>\n<td>14:55<\/td>\n<td>2:49<\/td>\n<td>6<\/td>\n<\/tr>\n<tr>\n<td>10<\/td>\n<td>Saku Asikainen<\/td>\n<td>EuVe<\/td>\n<td>14:57<\/td>\n<td>2:50<\/td>\n<td>5<\/td>\n<\/tr>\n<tr>\n<td>11<\/td>\n<td>Ralf Eklund<\/td>\n<td>RaLu<\/td>\n<td>15:05<\/td>\n<td>2:59<\/td>\n<td>4<\/td>\n<\/tr>\n<tr>\n<td>12<\/td>\n<td>Joonas Hohkuri<\/td>\n<td>Rastikarhut<\/td>\n<td>15:06<\/td>\n<td>3:00<\/td>\n<td>3<\/td>\n<\/tr>\n<tr>\n<td>13<\/td>\n<td>Jari Lappalainen<\/td>\n<td>Rastikarhut<\/td>\n<td>15:15<\/td>\n<td>3:09<\/td>\n<td>2<\/td>\n<\/tr>\n<tr>\n<td>14<\/td>\n<td>Eino Leskinen<\/td>\n<td>Lynx <\/td>\n<td>15:23<\/td>\n<td>3:16<\/td>\n<td>1<\/td>\n<\/tr>\n<tr>\n<td>15<\/td>\n<td>Kari Laukkarinen<\/td>\n<td>Yl\u00e4neen Kiri<\/td>\n<td>15:33<\/td>\n<td>3:26<\/td>\n<td>0<\/td>\n<\/tr>\n<tr>\n<td>16<\/td>\n<td>Pinja Heinil\u00e4<\/td>\n<td>Rastikarhut<\/td>\n<td>15:39<\/td>\n<td>3:32<\/td>\n<td>0<\/td>\n<\/tr>\n<tr>\n<td>17<\/td>\n<td>Viola Lehtonen<\/td>\n<td>Rastikarhut<\/td>\n<td>15:46<\/td>\n<td>3:39<\/td>\n<td>0<\/td>\n<\/tr>\n<tr>\n<td>18<\/td>\n<td>Riku Koivusalo<\/td>\n<td>Rastikarhut <\/td>\n<td>15:47<\/td>\n<td>3:41<\/td>\n<td>0<\/td>\n<\/tr>\n<tr>\n<td>19<\/td>\n<td>Eero Tiusanen<\/td>\n<td>Ulvilan Ura <\/td>\n<td>15:54<\/td>\n<td>3:47<\/td>\n<td>0<\/td>\n<\/tr>\n<tr>\n<td>20<\/td>\n<td>Ville Hohkuri<\/td>\n<td>Rastikarhut<\/td>\n<td>16:06<\/td>\n<td>4:00<\/td>\n<td>0<\/td>\n<\/tr>\n<tr>\n<td>21<\/td>\n<td>Otto Kivioja<\/td>\n<td>Rastikarhut<\/td>\n<td>16:08<\/td>\n<td>4:01<\/td>\n<td>0<\/td>\n<\/tr>\n<tr>\n<td>22<\/td>\n<td>Jadelle Tuohimaa<\/td>\n<td>Rastikarhut<\/td>\n<td>16:29<\/td>\n<td>4:22<\/td>\n<td>0<\/td>\n<\/tr>\n<tr>\n<td>23<\/td>\n<td>Joona Nolvi<\/td>\n<td>RasKa<\/td>\n<td>16:34<\/td>\n<td>4:28<\/td>\n<td>0<\/td>\n<\/tr>\n<tr>\n<td>24<\/td>\n<td>Stella M\u00e4\u00e4tt\u00e4nen<\/td>\n<td>rastikarhut<\/td>\n<td>16:57<\/td>\n<td>4:50<\/td>\n<td>0<\/td>\n<\/tr>\n<tr>\n<td>25<\/td>\n<td>Reijo Hirvel\u00e4<\/td>\n<td>SuosmSalpa<\/td>\n<td>16:57<\/td>\n<td>4:51<\/td>\n<td>0<\/td>\n<\/tr>\n<tr>\n<td>26<\/td>\n<td>Ari Varjonen<\/td>\n<td>RaLu<\/td>\n<td>16:59<\/td>\n<td>4:52<\/td>\n<td>0<\/td>\n<\/tr>\n<tr>\n<td>27<\/td>\n<td>Pia Luovula<\/td>\n<td>Suosmeren Saloa<\/td>\n<td>17:00<\/td>\n<td>4:54<\/td>\n<td>0<\/td>\n<\/tr>\n<tr>\n<td>28<\/td>\n<td>Marko Toivo<\/td>\n<td>LLuja<\/td>\n<td>17:21<\/td>\n<td>5:14<\/td>\n<td>0<\/td>\n<\/tr>\n<tr>\n<td>29<\/td>\n<td>Maria Tiusanen<\/td>\n<td>Ulvilan Ura <\/td>\n<td>17:28<\/td>\n<td>5:22<\/td>\n<td>0<\/td>\n<\/tr>\n<tr>\n<td>30<\/td>\n<td>Venla Lehtonen<\/td>\n<td>RasKa<\/td>\n<td>17:29<\/td>\n<td>5:23<\/td>\n<td>0<\/td>\n<\/tr>\n<tr>\n<td>31<\/td>\n<td>P\u00e4ivi Kujansuu<\/td>\n<td>Rastikarhut<\/td>\n<td>17:49<\/td>\n<td>5:42<\/td>\n<td>0<\/td>\n<\/tr>\n<tr>\n<td>32<\/td>\n<td>Perttu Heinil\u00e4<\/td>\n<td>Rastikarhut<\/td>\n<td>17:55<\/td>\n<td>5:49<\/td>\n<td>0<\/td>\n<\/tr>\n<tr>\n<td>33<\/td>\n<td>Laura Suojanen<\/td>\n<td>Rastikarhut <\/td>\n<td>18:23<\/td>\n<td>6:16<\/td>\n<td>0<\/td>\n<\/tr>\n<tr>\n<td>34<\/td>\n<td>Elli Koivusalo<\/td>\n<td>Rastikarhut <\/td>\n<td>18:40<\/td>\n<td>6:34<\/td>\n<td>0<\/td>\n<\/tr>\n<tr>\n<td>35<\/td>\n<td>Lilli Ranta<\/td>\n<td>LLuja<\/td>\n<td>18:41<\/td>\n<td>6:34<\/td>\n<td>0<\/td>\n<\/tr>\n<tr>\n<td>36<\/td>\n<td>Marika Juhola<\/td>\n<td>RasKu<\/td>\n<td>19:31<\/td>\n<td>7:25<\/td>\n<td>0<\/td>\n<\/tr>\n<tr>\n<td>37<\/td>\n<td>Tatu Kumpulainen<\/td>\n<td><\/td>\n<td>19:33<\/td>\n<td>7:26<\/td>\n<td>0<\/td>\n<\/tr>\n<tr>\n<td>38<\/td>\n<td>Ilmo Jaakkola<\/td>\n<td>Rasti-Lukko<\/td>\n<td>19:46<\/td>\n<td>7:40<\/td>\n<td>0<\/td>\n<\/tr>\n<tr>\n<td>39<\/td>\n<td>Peetu Koivusalo<\/td>\n<td>Rastikarhut <\/td>\n<td>19:59<\/td>\n<td>7:53<\/td>\n<td>0<\/td>\n<\/tr>\n<tr>\n<td>40<\/td>\n<td>Suvi Tuhkanen<\/td>\n<td>Ulvilan Ura<\/td>\n<td>20:21<\/td>\n<td>8:14<\/td>\n<td>0<\/td>\n<\/tr>\n<tr>\n<td>41<\/td>\n<td>Lotta Koivula<\/td>\n<td>UlvUra<\/td>\n<td>20:34<\/td>\n<td>8:27<\/td>\n<td>0<\/td>\n<\/tr>\n<tr>\n<td>42<\/td>\n<td>Lenni Niemi<\/td>\n<td>Rastikarhut<\/td>\n<td>20:43<\/td>\n<td>8:37<\/td>\n<td>0<\/td>\n<\/tr>\n<tr>\n<td>43<\/td>\n<td>Nella Heikkil\u00e4<\/td>\n<td>Rastikarhut<\/td>\n<td>20:59<\/td>\n<td>8:53<\/td>\n<td>0<\/td>\n<\/tr>\n<tr>\n<td>44<\/td>\n<td>Juha Silvanto<\/td>\n<td>Raska<\/td>\n<td>21:38<\/td>\n<td>9:32<\/td>\n<td>0<\/td>\n<\/tr>\n<tr>\n<td>45<\/td>\n<td>Elisabeth Koskialho<\/td>\n<td>EuVe<\/td>\n<td>22:05<\/td>\n<td>9:58<\/td>\n<td>0<\/td>\n<\/tr>\n<tr>\n<td>46<\/td>\n<td>Petri J\u00e4rvinen<\/td>\n<td>Eku<\/td>\n<td>22:19<\/td>\n<td>10:13<\/td>\n<td>0<\/td>\n<\/tr>\n<tr>\n<td>47<\/td>\n<td>Ari Eklund<\/td>\n<td>RasKa<\/td>\n<td>22:31<\/td>\n<td>10:24<\/td>\n<td>0<\/td>\n<\/tr>\n<tr>\n<td>48<\/td>\n<td>Tomi Rauta<\/td>\n<td>KoKV<\/td>\n<td>22:54<\/td>\n<td>10:47<\/td>\n<td>0<\/td>\n<\/tr>\n<tr>\n<td>49<\/td>\n<td>Katja Viitanen<\/td>\n<td>RasKa<\/td>\n<td>24:18<\/td>\n<td>12:11<\/td>\n<td>0<\/td>\n<\/tr>\n<tr>\n<td>50<\/td>\n<td>Pentti M\u00e4ki<\/td>\n<td>Rastikarhut<\/td>\n<td>25:07<\/td>\n<td>13:01<\/td>\n<td>0<\/td>\n<\/tr>\n<tr>\n<td>51<\/td>\n<td>Eemil Asikainen<\/td>\n<td>Rasti-Nokia<\/td>\n<td>25:19<\/td>\n<td>13:12<\/td>\n<td>0<\/td>\n<\/tr>\n<tr>\n<td>52<\/td>\n<td>Kimmo Mieskoski<\/td>\n<td><\/td>\n<td>25:30<\/td>\n<td>13:23<\/td>\n<td>0<\/td>\n<\/tr>\n<tr>\n<td>53<\/td>\n<td>Akseli Alanen<\/td>\n<td>Lauttakyl\u00e4n luja<\/td>\n<td>25:56<\/td>\n<td>13:50<\/td>\n<td>0<\/td>\n<\/tr>\n<tr>\n<td>54<\/td>\n<td>Anna Lassila<\/td>\n<td>RasKa<\/td>\n<td>26:11<\/td>\n<td>14:05<\/td>\n<td>0<\/td>\n<\/tr>\n<tr>\n<td>55<\/td>\n<td>Oskar Given<\/td>\n<td>RaLu<\/td>\n<td>26:21<\/td>\n<td>14:15<\/td>\n<td>0<\/td>\n<\/tr>\n<tr>\n<td>56<\/td>\n<td>Elise Soe<\/td>\n<td>ValSu<\/td>\n<td>26:25<\/td>\n<td>14:18<\/td>\n<td>0<\/td>\n<\/tr>\n<tr>\n<td>57<\/td>\n<td>Tuomas Set\u00e4l\u00e4<\/td>\n<td>Kk-v<\/td>\n<td>31:29<\/td>\n<td>19:23<\/td>\n<td>0<\/td>\n<\/tr>\n<tr>\n<td>58<\/td>\n<td>Venni Koivusalo<\/td>\n<td>Rastikarhut <\/td>\n<td>32:35<\/td>\n<td>20:29<\/td>\n<td>0<\/td>\n<\/tr>\n<tr>\n<td>59<\/td>\n<td>Elsa Toivo<\/td>\n<td>LLuja<\/td>\n<td>32:45<\/td>\n<td>20:39<\/td>\n<td>0<\/td>\n<\/tr>\n<tr>\n<td>60<\/td>\n<td>Aino Hohkuri<\/td>\n<td>Rastikarhut<\/td>\n<td>33:20<\/td>\n<td>21:14<\/td>\n<td>0<\/td>\n<\/tr>\n<tr>\n<td>61<\/td>\n<td>Raul Soe<\/td>\n<td>ValSu<\/td>\n<td>36:32<\/td>\n<td>24:26<\/td>\n<td>0<\/td>\n<\/tr>\n<tr>\n<td>62<\/td>\n<td>Jouko Koskialho<\/td>\n<td>EuVe<\/td>\n<td>36:45<\/td>\n<td>24:38<\/td>\n<td>0<\/td>\n<\/tr>\n<tr>\n<td>63<\/td>\n<td>Jamie Given<\/td>\n<td>RaLu<\/td>\n<td>40:50<\/td>\n<td>28:44<\/td>\n<td>0<\/td>\n<\/tr>\n<\/table>\n\n\n<\/div>\n\t\t\t\t\t\t<\/div>\n\t\t\t\t<\/div>\n\t\t\t\t\t<\/div>\n\t\t\t\t<\/div>\n\t\t\t\t<\/div>\n\t\t","protected":false},"excerpt":{"rendered":"","protected":false},"author":1,"featured_media":0,"parent":0,"menu_order":0,"comment_status":"closed","ping_status":"closed","template":"","meta":{"site-sidebar-layout":"no-sidebar","site-content-layout":"page-builder","ast-site-content-layout":"full-width-container","site-content-style":"default","site-sidebar-style":"default","ast-global-header-display":"","ast-banner-title-visibility":"","ast-main-header-display":"","ast-hfb-above-header-display":"","ast-hfb-below-header-display":"","ast-hfb-mobile-header-display":"","site-post-title":"","ast-breadcrumbs-content":"","ast-featured-img":"disabled","footer-sml-layout":"","ast-disable-related-posts":"","theme-transparent-header-meta":"","adv-header-id-meta":"","stick-header-meta":"","header-above-stick-meta":"","header-main-stick-meta":"","header-below-stick-meta":"","astra-migrate-meta-layouts":"set","ast-page-background-enabled":"default","ast-page-background-meta":{"desktop":{"background-color":"var(--ast-global-color-4)","background-image":"","background-repeat":"repeat","background-position":"center center","background-size":"auto","background-attachment":"scroll","background-type":"","background-media":"","overlay-type":"","overlay-color":"","overlay-opacity":"","overlay-gradient":""},"tablet":{"background-color":"","background-image":"","background-repeat":"repeat","background-position":"center center","background-size":"auto","background-attachment":"scroll","background-type":"","background-media":"","overlay-type":"","overlay-color":"","overlay-opacity":"","overlay-gradient":""},"mobile":{"background-color":"","background-image":"","background-repeat":"repeat","background-position":"center center","background-size":"auto","background-attachment":"scroll","background-type":"","background-media":"","overlay-type":"","overlay-color":"","overlay-opacity":"","overlay-gradient":""}},"ast-content-background-meta":{"desktop":{"background-color":"var(--ast-global-color-5)","background-image":"","background-repeat":"repeat","background-position":"center center","background-size":"auto","background-attachment":"scroll","background-type":"","background-media":"","overlay-type":"","overlay-color":"","overlay-opacity":"","overlay-gradient":""},"tablet":{"background-color":"var(--ast-global-color-5)","background-image":"","background-repeat":"repeat","background-position":"center center","background-size":"auto","background-attachment":"scroll","background-type":"","background-media":"","overlay-type":"","overlay-color":"","overlay-opacity":"","overlay-gradient":""},"mobile":{"background-color":"var(--ast-global-color-5)","background-image":"","background-repeat":"repeat","background-position":"center center","background-size":"auto","background-attachment":"scroll","background-type":"","background-media":"","overlay-type":"","overlay-color":"","overlay-opacity":"","overlay-gradient":""}},"footnotes":""},"class_list":["post-2439","page","type-page","status-publish","hentry"],"_links":{"self":[{"href":"https:\/\/www.satakunnansuunnistus.fi\/uusi\/wp-json\/wp\/v2\/pages\/2439","targetHints":{"allow":["GET"]}}],"collection":[{"href":"https:\/\/www.satakunnansuunnistus.fi\/uusi\/wp-json\/wp\/v2\/pages"}],"about":[{"href":"https:\/\/www.satakunnansuunnistus.fi\/uusi\/wp-json\/wp\/v2\/types\/page"}],"author":[{"embeddable":true,"href":"https:\/\/www.satakunnansuunnistus.fi\/uusi\/wp-json\/wp\/v2\/users\/1"}],"replies":[{"embeddable":true,"href":"https:\/\/www.satakunnansuunnistus.fi\/uusi\/wp-json\/wp\/v2\/comments?post=2439"}],"version-history":[{"count":7,"href":"https:\/\/www.satakunnansuunnistus.fi\/uusi\/wp-json\/wp\/v2\/pages\/2439\/revisions"}],"predecessor-version":[{"id":2468,"href":"https:\/\/www.satakunnansuunnistus.fi\/uusi\/wp-json\/wp\/v2\/pages\/2439\/revisions\/2468"}],"wp:attachment":[{"href":"https:\/\/www.satakunnansuunnistus.fi\/uusi\/wp-json\/wp\/v2\/media?parent=2439"}],"curies":[{"name":"wp","href":"https:\/\/api.w.org\/{rel}","templated":true}]}}