{"id":2379,"date":"2026-03-01T08:43:56","date_gmt":"2026-03-01T08:43:56","guid":{"rendered":"https:\/\/www.satakunnansuunnistus.fi\/uusi\/?page_id=2379"},"modified":"2026-03-01T13:08:32","modified_gmt":"2026-03-01T13:08:32","slug":"wsc26-osakilpailu-5","status":"publish","type":"page","link":"https:\/\/www.satakunnansuunnistus.fi\/uusi\/wsc26-osakilpailu-5\/","title":{"rendered":"WSC26 &#8211; Osakilpailu 5"},"content":{"rendered":"\t\t<div data-elementor-type=\"wp-page\" data-elementor-id=\"2379\" class=\"elementor elementor-2379\">\n\t\t\t\t<div class=\"elementor-element elementor-element-5c1cf77 e-flex e-con-boxed e-con e-parent\" data-id=\"5c1cf77\" data-element_type=\"container\" data-e-type=\"container\">\n\t\t\t\t\t<div class=\"e-con-inner\">\n\t\t\t\t<div class=\"elementor-element elementor-element-603c218 elementor-widget elementor-widget-shortcode\" data-id=\"603c218\" data-element_type=\"widget\" data-e-type=\"widget\" data-widget_type=\"shortcode.default\">\n\t\t\t\t<div class=\"elementor-widget-container\">\n\t\t\t\t\t\t\t<div class=\"elementor-shortcode\">\n<table class=\"wsc-table\" style=\"border-collapse:collapse;width:100%\">\n<tr>\n<th>#<\/th><th>Nimi<\/th><th>Seura<\/th><th>Uusi aika<\/th><th>Ero<\/th><th>P<\/th>\n<\/tr>\n\n<tr>\n<td>1<\/td>\n<td>Ville-Veikko Nurminen<\/td>\n<td>SuosmSa<\/td>\n<td>12:23<\/td>\n<td>0:00<\/td>\n<td>16<\/td>\n<\/tr>\n<tr>\n<td>2<\/td>\n<td>Jenni Oksa<\/td>\n<td>Rastikarhut<\/td>\n<td>12:43<\/td>\n<td>0:20<\/td>\n<td>14<\/td>\n<\/tr>\n<tr>\n<td>3<\/td>\n<td>Timo Koivisto<\/td>\n<td>KoKV<\/td>\n<td>13:15<\/td>\n<td>0:52<\/td>\n<td>12<\/td>\n<\/tr>\n<tr>\n<td>4<\/td>\n<td>Liisi Hentonen<\/td>\n<td>Rasti-Lukko<\/td>\n<td>13:35<\/td>\n<td>1:12<\/td>\n<td>11<\/td>\n<\/tr>\n<tr>\n<td>5<\/td>\n<td>Simo Valtanen<\/td>\n<td>HinnYr<\/td>\n<td>13:43<\/td>\n<td>1:20<\/td>\n<td>10<\/td>\n<\/tr>\n<tr>\n<td>6<\/td>\n<td>Pyry Heinil\u00e4<\/td>\n<td>Rastikarhut<\/td>\n<td>13:48<\/td>\n<td>1:25<\/td>\n<td>9<\/td>\n<\/tr>\n<tr>\n<td>7<\/td>\n<td>Timo Lehtinen<\/td>\n<td>RaTU<\/td>\n<td>13:55<\/td>\n<td>1:31<\/td>\n<td>8<\/td>\n<\/tr>\n<tr>\n<td>8<\/td>\n<td>Jorma Virtanen<\/td>\n<td>KoKV<\/td>\n<td>13:58<\/td>\n<td>1:35<\/td>\n<td>7<\/td>\n<\/tr>\n<tr>\n<td>9<\/td>\n<td>Joonas Hohkuri<\/td>\n<td>Rastikarhut<\/td>\n<td>13:58<\/td>\n<td>1:35<\/td>\n<td>6<\/td>\n<\/tr>\n<tr>\n<td>10<\/td>\n<td>Stella M\u00e4\u00e4tt\u00e4nen<\/td>\n<td>rastikarhut<\/td>\n<td>14:03<\/td>\n<td>1:40<\/td>\n<td>5<\/td>\n<\/tr>\n<tr>\n<td>11<\/td>\n<td>Jami Kallioniemi<\/td>\n<td>Rasti-Lukko<\/td>\n<td>14:21<\/td>\n<td>1:58<\/td>\n<td>4<\/td>\n<\/tr>\n<tr>\n<td>12<\/td>\n<td>Anna Kauppi<\/td>\n<td>Rasti-Lukko <\/td>\n<td>14:32<\/td>\n<td>2:09<\/td>\n<td>3<\/td>\n<\/tr>\n<tr>\n<td>13<\/td>\n<td>Arttu Kivioja<\/td>\n<td>Rastikarhut <\/td>\n<td>14:37<\/td>\n<td>2:14<\/td>\n<td>2<\/td>\n<\/tr>\n<tr>\n<td>14<\/td>\n<td>Marika Heinikangas<\/td>\n<td>RaLu<\/td>\n<td>14:39<\/td>\n<td>2:16<\/td>\n<td>1<\/td>\n<\/tr>\n<tr>\n<td>15<\/td>\n<td>Ville Hohkuri<\/td>\n<td>Rastikarhut<\/td>\n<td>14:57<\/td>\n<td>2:33<\/td>\n<td>0<\/td>\n<\/tr>\n<tr>\n<td>16<\/td>\n<td>Joona Nolvi<\/td>\n<td>RasKa<\/td>\n<td>15:08<\/td>\n<td>2:45<\/td>\n<td>0<\/td>\n<\/tr>\n<tr>\n<td>17<\/td>\n<td>Riku Koivusalo<\/td>\n<td>Rastikarhut <\/td>\n<td>15:09<\/td>\n<td>2:46<\/td>\n<td>0<\/td>\n<\/tr>\n<tr>\n<td>18<\/td>\n<td>Ralf Eklund<\/td>\n<td>RaLu<\/td>\n<td>15:23<\/td>\n<td>3:00<\/td>\n<td>0<\/td>\n<\/tr>\n<tr>\n<td>19<\/td>\n<td>Emil Pertola<\/td>\n<td>Rasti-Lukko<\/td>\n<td>15:24<\/td>\n<td>3:00<\/td>\n<td>0<\/td>\n<\/tr>\n<tr>\n<td>20<\/td>\n<td>Mikael Kauppi<\/td>\n<td>Rasti-Lukko<\/td>\n<td>15:24<\/td>\n<td>3:00<\/td>\n<td>0<\/td>\n<\/tr>\n<tr>\n<td>21<\/td>\n<td>Timo Lehtovirta<\/td>\n<td>Rastikarhut<\/td>\n<td>15:32<\/td>\n<td>3:08<\/td>\n<td>0<\/td>\n<\/tr>\n<tr>\n<td>22<\/td>\n<td>Pia Luovula<\/td>\n<td>Suosmeren salpa<\/td>\n<td>15:32<\/td>\n<td>3:09<\/td>\n<td>0<\/td>\n<\/tr>\n<tr>\n<td>23<\/td>\n<td>Markku Nurminen<\/td>\n<td>SuosmSa<\/td>\n<td>15:50<\/td>\n<td>3:26<\/td>\n<td>0<\/td>\n<\/tr>\n<tr>\n<td>24<\/td>\n<td>Ville Nummela<\/td>\n<td>RasKa<\/td>\n<td>15:50<\/td>\n<td>3:27<\/td>\n<td>0<\/td>\n<\/tr>\n<tr>\n<td>25<\/td>\n<td>Eevert Hakanen<\/td>\n<td>Ra-Lu<\/td>\n<td>15:54<\/td>\n<td>3:30<\/td>\n<td>0<\/td>\n<\/tr>\n<tr>\n<td>26<\/td>\n<td>Sinikka Oksa<\/td>\n<td>Rastikarhut<\/td>\n<td>16:10<\/td>\n<td>3:47<\/td>\n<td>0<\/td>\n<\/tr>\n<tr>\n<td>27<\/td>\n<td>Ari Varjonen<\/td>\n<td>RaLu<\/td>\n<td>16:11<\/td>\n<td>3:47<\/td>\n<td>0<\/td>\n<\/tr>\n<tr>\n<td>28<\/td>\n<td>Pinja Heinil\u00e4<\/td>\n<td>Rastikarhut<\/td>\n<td>16:20<\/td>\n<td>3:57<\/td>\n<td>0<\/td>\n<\/tr>\n<tr>\n<td>29<\/td>\n<td>Vesa-Ville V\u00e4\u00e4n\u00e4nen<\/td>\n<td>Oulun Tarmo<\/td>\n<td>16:27<\/td>\n<td>4:03<\/td>\n<td>0<\/td>\n<\/tr>\n<tr>\n<td>30<\/td>\n<td>Otto Kivioja<\/td>\n<td>Rastikarhut<\/td>\n<td>16:30<\/td>\n<td>4:06<\/td>\n<td>0<\/td>\n<\/tr>\n<tr>\n<td>31<\/td>\n<td>Vesa J\u00e4rvinen<\/td>\n<td>Eku<\/td>\n<td>16:34<\/td>\n<td>4:10<\/td>\n<td>0<\/td>\n<\/tr>\n<tr>\n<td>32<\/td>\n<td>Vesa Lanne<\/td>\n<td>Hiisi<\/td>\n<td>16:58<\/td>\n<td>4:35<\/td>\n<td>0<\/td>\n<\/tr>\n<tr>\n<td>33<\/td>\n<td>Siiri Kujansuu<\/td>\n<td>Rastikarhut<\/td>\n<td>17:20<\/td>\n<td>4:57<\/td>\n<td>0<\/td>\n<\/tr>\n<tr>\n<td>34<\/td>\n<td>Kalle Virtanen<\/td>\n<td>RaLu<\/td>\n<td>17:21<\/td>\n<td>4:58<\/td>\n<td>0<\/td>\n<\/tr>\n<tr>\n<td>35<\/td>\n<td>Tomi Collander<\/td>\n<td>Suosmeren Salpa<\/td>\n<td>17:30<\/td>\n<td>5:07<\/td>\n<td>0<\/td>\n<\/tr>\n<tr>\n<td>36<\/td>\n<td>Katariina Kivioja<\/td>\n<td>Rastikarhut<\/td>\n<td>17:36<\/td>\n<td>5:13<\/td>\n<td>0<\/td>\n<\/tr>\n<tr>\n<td>37<\/td>\n<td>Reijo Hirvel\u00e4<\/td>\n<td>SuosmSalpa<\/td>\n<td>17:43<\/td>\n<td>5:19<\/td>\n<td>0<\/td>\n<\/tr>\n<tr>\n<td>38<\/td>\n<td>Akseli Alanen<\/td>\n<td>Lauttakyl\u00e4n luja<\/td>\n<td>17:54<\/td>\n<td>5:31<\/td>\n<td>0<\/td>\n<\/tr>\n<tr>\n<td>39<\/td>\n<td>Maria Tiusanen<\/td>\n<td>Ulvilan Ura <\/td>\n<td>18:24<\/td>\n<td>6:00<\/td>\n<td>0<\/td>\n<\/tr>\n<tr>\n<td>40<\/td>\n<td>Aarne Hakanen<\/td>\n<td>Rasti-Lukko<\/td>\n<td>18:31<\/td>\n<td>6:07<\/td>\n<td>0<\/td>\n<\/tr>\n<tr>\n<td>41<\/td>\n<td>Saara Tiusanen<\/td>\n<td>Ulvilan Ura <\/td>\n<td>19:31<\/td>\n<td>7:08<\/td>\n<td>0<\/td>\n<\/tr>\n<tr>\n<td>42<\/td>\n<td>Elisabeth Koskialho<\/td>\n<td>Euve<\/td>\n<td>19:33<\/td>\n<td>7:10<\/td>\n<td>0<\/td>\n<\/tr>\n<tr>\n<td>43<\/td>\n<td>Esa Viitanen<\/td>\n<td><\/td>\n<td>20:55<\/td>\n<td>8:32<\/td>\n<td>0<\/td>\n<\/tr>\n<tr>\n<td>44<\/td>\n<td>Oskar Given<\/td>\n<td>RaLu<\/td>\n<td>21:53<\/td>\n<td>9:29<\/td>\n<td>0<\/td>\n<\/tr>\n<tr>\n<td>45<\/td>\n<td>Lenni Niemi<\/td>\n<td>Rastikarhut<\/td>\n<td>22:06<\/td>\n<td>9:43<\/td>\n<td>0<\/td>\n<\/tr>\n<tr>\n<td>46<\/td>\n<td>Petri J\u00e4rvinen<\/td>\n<td>Eku<\/td>\n<td>22:18<\/td>\n<td>9:54<\/td>\n<td>0<\/td>\n<\/tr>\n<tr>\n<td>47<\/td>\n<td>Erik Soe<\/td>\n<td>ValSu<\/td>\n<td>24:50<\/td>\n<td>12:27<\/td>\n<td>0<\/td>\n<\/tr>\n<tr>\n<td>48<\/td>\n<td>Tuomas Set\u00e4l\u00e4<\/td>\n<td>kk-v<\/td>\n<td>25:38<\/td>\n<td>13:15<\/td>\n<td>0<\/td>\n<\/tr>\n<tr>\n<td>49<\/td>\n<td>Pentti M\u00e4ki<\/td>\n<td>Rastikarhut<\/td>\n<td>25:58<\/td>\n<td>13:35<\/td>\n<td>0<\/td>\n<\/tr>\n<tr>\n<td>50<\/td>\n<td>Jouko Koskialho<\/td>\n<td>EuVe<\/td>\n<td>32:26<\/td>\n<td>20:02<\/td>\n<td>0<\/td>\n<\/tr>\n<tr>\n<td>51<\/td>\n<td>Raul Soe<\/td>\n<td>ValSu<\/td>\n<td>33:10<\/td>\n<td>20:47<\/td>\n<td>0<\/td>\n<\/tr>\n<tr>\n<td>52<\/td>\n<td>Jamie Given<\/td>\n<td>RaLu<\/td>\n<td>33:31<\/td>\n<td>21:08<\/td>\n<td>0<\/td>\n<\/tr>\n<tr>\n<td>53<\/td>\n<td>Elise Soe<\/td>\n<td>ValSu<\/td>\n<td>37:55<\/td>\n<td>25:32<\/td>\n<td>0<\/td>\n<\/tr>\n<\/table>\n\n\n<\/div>\n\t\t\t\t\t\t<\/div>\n\t\t\t\t<\/div>\n\t\t\t\t\t<\/div>\n\t\t\t\t<\/div>\n\t\t\t\t<\/div>\n\t\t","protected":false},"excerpt":{"rendered":"","protected":false},"author":1,"featured_media":0,"parent":0,"menu_order":0,"comment_status":"closed","ping_status":"closed","template":"","meta":{"site-sidebar-layout":"no-sidebar","site-content-layout":"page-builder","ast-site-content-layout":"full-width-container","site-content-style":"default","site-sidebar-style":"default","ast-global-header-display":"","ast-banner-title-visibility":"","ast-main-header-display":"","ast-hfb-above-header-display":"","ast-hfb-below-header-display":"","ast-hfb-mobile-header-display":"","site-post-title":"","ast-breadcrumbs-content":"","ast-featured-img":"disabled","footer-sml-layout":"","ast-disable-related-posts":"","theme-transparent-header-meta":"","adv-header-id-meta":"","stick-header-meta":"","header-above-stick-meta":"","header-main-stick-meta":"","header-below-stick-meta":"","astra-migrate-meta-layouts":"set","ast-page-background-enabled":"default","ast-page-background-meta":{"desktop":{"background-color":"var(--ast-global-color-4)","background-image":"","background-repeat":"repeat","background-position":"center center","background-size":"auto","background-attachment":"scroll","background-type":"","background-media":"","overlay-type":"","overlay-color":"","overlay-opacity":"","overlay-gradient":""},"tablet":{"background-color":"","background-image":"","background-repeat":"repeat","background-position":"center center","background-size":"auto","background-attachment":"scroll","background-type":"","background-media":"","overlay-type":"","overlay-color":"","overlay-opacity":"","overlay-gradient":""},"mobile":{"background-color":"","background-image":"","background-repeat":"repeat","background-position":"center center","background-size":"auto","background-attachment":"scroll","background-type":"","background-media":"","overlay-type":"","overlay-color":"","overlay-opacity":"","overlay-gradient":""}},"ast-content-background-meta":{"desktop":{"background-color":"var(--ast-global-color-5)","background-image":"","background-repeat":"repeat","background-position":"center center","background-size":"auto","background-attachment":"scroll","background-type":"","background-media":"","overlay-type":"","overlay-color":"","overlay-opacity":"","overlay-gradient":""},"tablet":{"background-color":"var(--ast-global-color-5)","background-image":"","background-repeat":"repeat","background-position":"center center","background-size":"auto","background-attachment":"scroll","background-type":"","background-media":"","overlay-type":"","overlay-color":"","overlay-opacity":"","overlay-gradient":""},"mobile":{"background-color":"var(--ast-global-color-5)","background-image":"","background-repeat":"repeat","background-position":"center center","background-size":"auto","background-attachment":"scroll","background-type":"","background-media":"","overlay-type":"","overlay-color":"","overlay-opacity":"","overlay-gradient":""}},"footnotes":""},"class_list":["post-2379","page","type-page","status-publish","hentry"],"_links":{"self":[{"href":"https:\/\/www.satakunnansuunnistus.fi\/uusi\/wp-json\/wp\/v2\/pages\/2379","targetHints":{"allow":["GET"]}}],"collection":[{"href":"https:\/\/www.satakunnansuunnistus.fi\/uusi\/wp-json\/wp\/v2\/pages"}],"about":[{"href":"https:\/\/www.satakunnansuunnistus.fi\/uusi\/wp-json\/wp\/v2\/types\/page"}],"author":[{"embeddable":true,"href":"https:\/\/www.satakunnansuunnistus.fi\/uusi\/wp-json\/wp\/v2\/users\/1"}],"replies":[{"embeddable":true,"href":"https:\/\/www.satakunnansuunnistus.fi\/uusi\/wp-json\/wp\/v2\/comments?post=2379"}],"version-history":[{"count":10,"href":"https:\/\/www.satakunnansuunnistus.fi\/uusi\/wp-json\/wp\/v2\/pages\/2379\/revisions"}],"predecessor-version":[{"id":2398,"href":"https:\/\/www.satakunnansuunnistus.fi\/uusi\/wp-json\/wp\/v2\/pages\/2379\/revisions\/2398"}],"wp:attachment":[{"href":"https:\/\/www.satakunnansuunnistus.fi\/uusi\/wp-json\/wp\/v2\/media?parent=2379"}],"curies":[{"name":"wp","href":"https:\/\/api.w.org\/{rel}","templated":true}]}}