{"id":2306,"date":"2026-02-17T09:16:25","date_gmt":"2026-02-17T09:16:25","guid":{"rendered":"https:\/\/www.satakunnansuunnistus.fi\/uusi\/?page_id=2306"},"modified":"2026-02-17T09:16:25","modified_gmt":"2026-02-17T09:16:25","slug":"wsc26-kiukainen-kisasivut","status":"publish","type":"page","link":"https:\/\/www.satakunnansuunnistus.fi\/uusi\/wsc26-kiukainen-kisasivut\/","title":{"rendered":"WSC26 &#8211; Kiukainen (kisasivut)"},"content":{"rendered":"\n<p>Satakunnan Winter Sprint Cupin nelj\u00e4s osakilpailu suunnistetaan Paneliassa. Maasto koostuu kerrostalo- ja rivitaloalueesta, liikerakennuksista sek\u00e4 muutamista omakotitalotonteista. Lis\u00e4haastetta on pyritty luomaan muutamalla keinotekoisella aidalla, jolla on saatu esimerkiksi katu poikki (merkitty spraymaalilla maastoon ja violetilla ylityskiellon merkill\u00e4 karttaan). Tarjolla on sopivan vauhdikasta suunnistusta. Maastoon p\u00e4\u00e4see 11.00-12.00 v\u00e4lisen\u00e4 aikana.<\/p>\n\n\n\n<p><strong>Kilpailukeskuksen osoite: M\u00e4kil\u00e4ntie 1, Eura<\/strong><\/p>\n\n\n\n<p><strong>Kartta<\/strong><br>Kartta on p\u00e4ivitetty 2026. Kartan mittakaava 1:4 000 ja k\u00e4yr\u00e4v\u00e4li 2 metri\u00e4.<\/p>\n\n\n\n<p><strong>Maksut<\/strong><br>Ennakkoilmoittautuminen internetiss\u00e4 kaksi (2) p\u00e4iv\u00e4\u00e4 ennen <strong>7 \u20ac<\/strong><br>Paikan p\u00e4\u00e4ll\u00e4 ilmoittautuminen <strong>9 \u20ac <\/strong>(ei karttavarausta)<br>Alle 21-vuotiaat suunnistavat ilmaiseksi <strong>0 \u20ac<\/strong><\/p>\n\n\n\n<p>Maksaminen tapahtuu kilpailukeskuksessa k\u00e4teisell\u00e4, varaathan mukaan mieluusti tasarahan.<\/p>\n\n\n\n<p><strong>Ilmoittautuminen<\/strong><br>Ilmoittautuminen osakilpailuun onnistuu alla olevan ilmoittautumislomakkeen avulla.<br>Ennakkoon ilmoittautuminen tulee suorittaa viimeist\u00e4\u00e4n perjantaina&nbsp;23.59 menness\u00e4.<br>J\u00e4lki-ilmoittautumisesta perit\u00e4\u00e4n kahden (2) euron lis\u00e4maksu, my\u00f6s nuorilta.<\/p>\n\n\n\n<p>Ilmoittautuminen onnistuu my\u00f6s paikan p\u00e4\u00e4ll\u00e4 hintaan 9 \u20ac, mutta kartan voi varmistaa vain ilmoittautumalla etuk\u00e4teen!<\/p>\n\n\n\n<p><a href=\"https:\/\/navisport.com\/events\/95d1300a-a6fc-4d08-894c-d7a9305b8415\/registration\">Ilmoittautuminen<\/a><\/p>\n\n\n\n<p><strong>Rata<\/strong><br>Rata tarjoaa vauhtia ja haasteita niin reitinvalinnassa kuin rastinotossa. Kartalla on sprinttikartalle tyypillisi\u00e4 kiellettyj\u00e4 alueita ja my\u00f6s valvontaa eli erityist\u00e4 huomiota tulee kiinnitt\u00e4\u00e4 kiellettyjen alueiden hallintaan. Kielletyt kohteet kannattaakin jokaisen muistutella mieleen ja kunnioittaa niit\u00e4.<\/p>\n\n\n\n<p><strong>On erityisen t\u00e4rke\u00e4\u00e4, ett\u00e4 matalienkaan istutusten l\u00e4pi ei oikaista.<\/strong><\/p>\n\n\n\n<p>Maasto sis\u00e4lt\u00e4\u00e4 julkisten rakennusten vaihtelevia pihoja, nurmipintaisia puistoalueita ja omakotitaloaluetta. Suunnistajan reitille osuu kovapintaisia v\u00e4yli\u00e4 (asfaltti, laatoitus, sora), nurmikkoa ja niitty\u00e4.<\/p>\n\n\n\n<p><strong>KIELLETYT KOHTEET:<\/strong><\/p>\n\n\n\n<figure class=\"wp-block-image\"><img decoding=\"async\" src=\"https:\/\/www.satakunnansuunnistus.fi\/wp-content\/uploads\/2023\/01\/kielletyt-kohteet-245x300.jpg\" alt=\"\" class=\"wp-image-4181\"\/><\/figure>\n\n\n\n<p>Maastossa on Winter Sprint Cupissakin valvontaa, mutta mieti ennemminkin sit\u00e4, ett\u00e4:<br>1) T\u00e4llaisessa kuntosuunnistuskisassa harjoitellaan \u201doikeisiin\u201d kilpailuihin, joten kiellettyjen alueiden<br>suhteen on j\u00e4rkev\u00e4\u00e4 toimia varsinaisten rankikilpailuiden tapaan, jotta tulee rutiini oikeisiin ratkaisuihin.<br>2) J\u00e4rjest\u00e4j\u00e4t ovat sopineet alueiden k\u00e4yt\u00f6st\u00e4 niiden omistajien ja haltijoiden kanssa. Kulkemalla kielletyill\u00e4 alueilla voit aiheuttaa j\u00e4rjest\u00e4jille vaikeuksia lupien saantiin tulevissa tapahtumissa.<\/p>\n\n\n\n<p><strong>Leimaus<\/strong><br>Tapahtumassa on k\u00e4yt\u00f6ss\u00e4 EMIT-leimausj\u00e4rjestelm\u00e4, joten jokainen muistaa sitten ottaa oman emittins\u00e4 mukaan, sill\u00e4 j\u00e4rjest\u00e4jill\u00e4 on leimauskortteja rajallisesti.<\/p>\n\n\n\n<p><strong>Rastim\u00e4\u00e4ritteet<\/strong><br>Rastim\u00e4\u00e4ritteet on painettu karttaan.<\/p>\n\n\n\n<p><strong>L\u00e4ht\u00f6 ja maali<br><\/strong>Kartan saa l\u00e4ht\u00f6hetkell\u00e4 l\u00e4ht\u00f6paikalta. L\u00e4ht\u00f6 ja maali sijaitsee ilmoittautumispisteen l\u00e4heisyydess\u00e4.<\/p>\n\n\n\n<p>Suunnistamaan voi l\u00e4hte\u00e4 klo 11.00-12.00 v\u00e4lisen\u00e4 aikana. Maali pidet\u00e4\u00e4n avoinna viimeiseen maaliintulijaan saakka.<\/p>\n\n\n\n<p><strong>Pukeutuminen, pesu ja WC-tilat<\/strong><br>Panelian kirjastolta l\u00f6ytyy WC-tilat.<\/p>\n\n\n\n<p><strong>Pys\u00e4k\u00f6inti<\/strong><br>Pys\u00e4k\u00f6inti kilpailukeskukseen v\u00e4litt\u00f6m\u00e4ss\u00e4 l\u00e4heisyydess\u00e4.<\/p>\n\n\n\n<p><strong>Tulokset<\/strong><br>Julkaistaan Satakunnan Suunnistuksen sivuilla.<\/p>\n\n\n\n<p><strong>Huomautus suunnistajille!!<\/strong><br>Alueella on yleisi\u00e4 katuja, joilla on tapahtuman aikana normaalia autoliikennett\u00e4. Vilkasliikenteisimm\u00e4t v\u00e4yl\u00e4t on merkitty kielletyn alueen merkill\u00e4, ja ne saa ylitt\u00e4\u00e4 vain karttaan merkityist\u00e4 ylityspaikoista, joissa on suojatiet. Muita liikennev\u00e4yli\u00e4 saa k\u00e4ytt\u00e4\u00e4 kulkureittin\u00e4. Kaikissa tilanteissa noudata varovaisuutta, liikennes\u00e4\u00e4nt\u00f6j\u00e4 ja sprintin lajis\u00e4\u00e4nt\u00f6j\u00e4. J\u00e4rjest\u00e4j\u00e4 suosittelee keltaisen huomioliivin k\u00e4ytt\u00f6\u00e4. Suunnistaja on itse vastuussa omasta turvallisuudestaan.<\/p>\n\n\n\n<p><\/p>\n","protected":false},"excerpt":{"rendered":"<p>Satakunnan Winter Sprint Cupin nelj\u00e4s osakilpailu suunnistetaan Paneliassa. Maasto koostuu kerrostalo- ja rivitaloalueesta, liikerakennuksista sek\u00e4 muutamista omakotitalotonteista. Lis\u00e4haastetta on pyritty luomaan muutamalla keinotekoisella aidalla, jolla on saatu esimerkiksi katu poikki (merkitty spraymaalilla maastoon ja violetilla ylityskiellon merkill\u00e4 karttaan). Tarjolla on sopivan vauhdikasta suunnistusta. Maastoon p\u00e4\u00e4see 11.00-12.00 v\u00e4lisen\u00e4 aikana. Kilpailukeskuksen osoite: M\u00e4kil\u00e4ntie 1, Eura KarttaKartta on [&hellip;]<\/p>\n","protected":false},"author":1,"featured_media":0,"parent":0,"menu_order":0,"comment_status":"closed","ping_status":"closed","template":"","meta":{"site-sidebar-layout":"default","site-content-layout":"","ast-site-content-layout":"default","site-content-style":"default","site-sidebar-style":"default","ast-global-header-display":"","ast-banner-title-visibility":"","ast-main-header-display":"","ast-hfb-above-header-display":"","ast-hfb-below-header-display":"","ast-hfb-mobile-header-display":"","site-post-title":"","ast-breadcrumbs-content":"","ast-featured-img":"","footer-sml-layout":"","ast-disable-related-posts":"","theme-transparent-header-meta":"","adv-header-id-meta":"","stick-header-meta":"","header-above-stick-meta":"","header-main-stick-meta":"","header-below-stick-meta":"","astra-migrate-meta-layouts":"set","ast-page-background-enabled":"default","ast-page-background-meta":{"desktop":{"background-color":"var(--ast-global-color-4)","background-image":"","background-repeat":"repeat","background-position":"center center","background-size":"auto","background-attachment":"scroll","background-type":"","background-media":"","overlay-type":"","overlay-color":"","overlay-opacity":"","overlay-gradient":""},"tablet":{"background-color":"","background-image":"","background-repeat":"repeat","background-position":"center center","background-size":"auto","background-attachment":"scroll","background-type":"","background-media":"","overlay-type":"","overlay-color":"","overlay-opacity":"","overlay-gradient":""},"mobile":{"background-color":"","background-image":"","background-repeat":"repeat","background-position":"center center","background-size":"auto","background-attachment":"scroll","background-type":"","background-media":"","overlay-type":"","overlay-color":"","overlay-opacity":"","overlay-gradient":""}},"ast-content-background-meta":{"desktop":{"background-color":"var(--ast-global-color-5)","background-image":"","background-repeat":"repeat","background-position":"center center","background-size":"auto","background-attachment":"scroll","background-type":"","background-media":"","overlay-type":"","overlay-color":"","overlay-opacity":"","overlay-gradient":""},"tablet":{"background-color":"var(--ast-global-color-5)","background-image":"","background-repeat":"repeat","background-position":"center center","background-size":"auto","background-attachment":"scroll","background-type":"","background-media":"","overlay-type":"","overlay-color":"","overlay-opacity":"","overlay-gradient":""},"mobile":{"background-color":"var(--ast-global-color-5)","background-image":"","background-repeat":"repeat","background-position":"center center","background-size":"auto","background-attachment":"scroll","background-type":"","background-media":"","overlay-type":"","overlay-color":"","overlay-opacity":"","overlay-gradient":""}},"footnotes":""},"class_list":["post-2306","page","type-page","status-publish","hentry"],"_links":{"self":[{"href":"https:\/\/www.satakunnansuunnistus.fi\/uusi\/wp-json\/wp\/v2\/pages\/2306","targetHints":{"allow":["GET"]}}],"collection":[{"href":"https:\/\/www.satakunnansuunnistus.fi\/uusi\/wp-json\/wp\/v2\/pages"}],"about":[{"href":"https:\/\/www.satakunnansuunnistus.fi\/uusi\/wp-json\/wp\/v2\/types\/page"}],"author":[{"embeddable":true,"href":"https:\/\/www.satakunnansuunnistus.fi\/uusi\/wp-json\/wp\/v2\/users\/1"}],"replies":[{"embeddable":true,"href":"https:\/\/www.satakunnansuunnistus.fi\/uusi\/wp-json\/wp\/v2\/comments?post=2306"}],"version-history":[{"count":1,"href":"https:\/\/www.satakunnansuunnistus.fi\/uusi\/wp-json\/wp\/v2\/pages\/2306\/revisions"}],"predecessor-version":[{"id":2307,"href":"https:\/\/www.satakunnansuunnistus.fi\/uusi\/wp-json\/wp\/v2\/pages\/2306\/revisions\/2307"}],"wp:attachment":[{"href":"https:\/\/www.satakunnansuunnistus.fi\/uusi\/wp-json\/wp\/v2\/media?parent=2306"}],"curies":[{"name":"wp","href":"https:\/\/api.w.org\/{rel}","templated":true}]}}