{"id":2301,"date":"2026-02-17T09:08:17","date_gmt":"2026-02-17T09:08:17","guid":{"rendered":"https:\/\/www.satakunnansuunnistus.fi\/uusi\/?page_id=2301"},"modified":"2026-03-01T08:50:01","modified_gmt":"2026-03-01T08:50:01","slug":"wsc26-osakilpailu-4","status":"publish","type":"page","link":"https:\/\/www.satakunnansuunnistus.fi\/uusi\/wsc26-osakilpailu-4\/","title":{"rendered":"WSC26 &#8211; Osakilpailu 4"},"content":{"rendered":"\t\t<div data-elementor-type=\"wp-page\" data-elementor-id=\"2301\" class=\"elementor elementor-2301\">\n\t\t\t\t<div class=\"elementor-element elementor-element-4193b77 e-flex e-con-boxed e-con e-parent\" data-id=\"4193b77\" data-element_type=\"container\" data-e-type=\"container\">\n\t\t\t\t\t<div class=\"e-con-inner\">\n\t\t\t\t<div class=\"elementor-element elementor-element-7fda0de elementor-widget elementor-widget-shortcode\" data-id=\"7fda0de\" data-element_type=\"widget\" data-e-type=\"widget\" data-widget_type=\"shortcode.default\">\n\t\t\t\t<div class=\"elementor-widget-container\">\n\t\t\t\t\t\t\t<div class=\"elementor-shortcode\">\n<table class=\"wsc-table\" style=\"border-collapse:collapse;width:100%\">\n<tr>\n<th>#<\/th><th>Nimi<\/th><th>Seura<\/th><th>Uusi aika<\/th><th>Ero<\/th><th>P<\/th>\n<\/tr>\n\n<tr>\n<td>1<\/td>\n<td>Jenni Oksa<\/td>\n<td>Rastikarhut<\/td>\n<td>14:25<\/td>\n<td>0:00<\/td>\n<td>16<\/td>\n<\/tr>\n<tr>\n<td>2<\/td>\n<td>P\u00e4ivi Autio<\/td>\n<td>YlKi<\/td>\n<td>14:59<\/td>\n<td>0:34<\/td>\n<td>14<\/td>\n<\/tr>\n<tr>\n<td>3<\/td>\n<td>Ville-Veikko Nurminen<\/td>\n<td>SuosmSa<\/td>\n<td>15:10<\/td>\n<td>0:46<\/td>\n<td>12<\/td>\n<\/tr>\n<tr>\n<td>4<\/td>\n<td>Timo Koivisto<\/td>\n<td>KoKV<\/td>\n<td>15:50<\/td>\n<td>1:25<\/td>\n<td>11<\/td>\n<\/tr>\n<tr>\n<td>5<\/td>\n<td>Suvi Simons\u00e9n<\/td>\n<td>Paimion Rasti<\/td>\n<td>16:05<\/td>\n<td>1:40<\/td>\n<td>10<\/td>\n<\/tr>\n<tr>\n<td>6<\/td>\n<td>Jorma Virtanen<\/td>\n<td>KoKV<\/td>\n<td>17:01<\/td>\n<td>2:36<\/td>\n<td>9<\/td>\n<\/tr>\n<tr>\n<td>7<\/td>\n<td>Stella M\u00e4\u00e4tt\u00e4nen<\/td>\n<td>Raska<\/td>\n<td>17:23<\/td>\n<td>2:58<\/td>\n<td>8<\/td>\n<\/tr>\n<tr>\n<td>8<\/td>\n<td>Marika Heinikangas<\/td>\n<td>RaLu<\/td>\n<td>17:25<\/td>\n<td>3:00<\/td>\n<td>7<\/td>\n<\/tr>\n<tr>\n<td>9<\/td>\n<td>Pinja Heinil\u00e4<\/td>\n<td>Rastikarhut<\/td>\n<td>17:51<\/td>\n<td>3:26<\/td>\n<td>6<\/td>\n<\/tr>\n<tr>\n<td>10<\/td>\n<td>Riku Koivusalo<\/td>\n<td>Rastikarhut <\/td>\n<td>18:17<\/td>\n<td>3:52<\/td>\n<td>5<\/td>\n<\/tr>\n<tr>\n<td>11<\/td>\n<td>Otto Kivioja<\/td>\n<td>RasKa <\/td>\n<td>18:41<\/td>\n<td>4:16<\/td>\n<td>4<\/td>\n<\/tr>\n<tr>\n<td>12<\/td>\n<td>Perttu Heinil\u00e4<\/td>\n<td>Rastikarhut<\/td>\n<td>18:55<\/td>\n<td>4:31<\/td>\n<td>3<\/td>\n<\/tr>\n<tr>\n<td>13<\/td>\n<td>Katariina Kivioja<\/td>\n<td>RasKa <\/td>\n<td>18:59<\/td>\n<td>4:34<\/td>\n<td>2<\/td>\n<\/tr>\n<tr>\n<td>14<\/td>\n<td>Tomi Collander<\/td>\n<td>Suosmeren Salpa<\/td>\n<td>19:51<\/td>\n<td>5:27<\/td>\n<td>1<\/td>\n<\/tr>\n<tr>\n<td>15<\/td>\n<td>Jukka Keskitalo<\/td>\n<td>Punku<\/td>\n<td>20:14<\/td>\n<td>5:49<\/td>\n<td>0<\/td>\n<\/tr>\n<tr>\n<td>16<\/td>\n<td>Pia Luovula<\/td>\n<td>Suosmeren salpa<\/td>\n<td>20:15<\/td>\n<td>5:50<\/td>\n<td>0<\/td>\n<\/tr>\n<tr>\n<td>17<\/td>\n<td>Ari Varjonen<\/td>\n<td>RaLu<\/td>\n<td>20:26<\/td>\n<td>6:01<\/td>\n<td>0<\/td>\n<\/tr>\n<tr>\n<td>18<\/td>\n<td>Aila Nurminen<\/td>\n<td>Hiisirasti<\/td>\n<td>20:31<\/td>\n<td>6:06<\/td>\n<td>0<\/td>\n<\/tr>\n<tr>\n<td>19<\/td>\n<td>Sanna Koivusalo<\/td>\n<td>Rastikarhut <\/td>\n<td>21:16<\/td>\n<td>6:51<\/td>\n<td>0<\/td>\n<\/tr>\n<tr>\n<td>20<\/td>\n<td>Reijo Hirvel\u00e4<\/td>\n<td>SuosmSalpa<\/td>\n<td>21:19<\/td>\n<td>6:54<\/td>\n<td>0<\/td>\n<\/tr>\n<tr>\n<td>21<\/td>\n<td>Akseli Alanen<\/td>\n<td>Lauttakyl\u00e4n luja<\/td>\n<td>21:54<\/td>\n<td>7:29<\/td>\n<td>0<\/td>\n<\/tr>\n<tr>\n<td>22<\/td>\n<td>Riikka Tuuppa<\/td>\n<td>EKU<\/td>\n<td>22:47<\/td>\n<td>8:22<\/td>\n<td>0<\/td>\n<\/tr>\n<tr>\n<td>23<\/td>\n<td>Vesa J\u00e4rvinen<\/td>\n<td>EKU<\/td>\n<td>22:55<\/td>\n<td>8:30<\/td>\n<td>0<\/td>\n<\/tr>\n<tr>\n<td>24<\/td>\n<td>Lenni Niemi<\/td>\n<td>Rastikarhut<\/td>\n<td>24:25<\/td>\n<td>10:00<\/td>\n<td>0<\/td>\n<\/tr>\n<tr>\n<td>25<\/td>\n<td>Markku Nurminen<\/td>\n<td>SuosmSa<\/td>\n<td>25:24<\/td>\n<td>10:59<\/td>\n<td>0<\/td>\n<\/tr>\n<tr>\n<td>26<\/td>\n<td>Touko Heinil\u00e4<\/td>\n<td>Rastikarhut<\/td>\n<td>25:46<\/td>\n<td>11:21<\/td>\n<td>0<\/td>\n<\/tr>\n<tr>\n<td>27<\/td>\n<td>Jamie Given<\/td>\n<td>RaLu<\/td>\n<td>26:22<\/td>\n<td>11:57<\/td>\n<td>0<\/td>\n<\/tr>\n<tr>\n<td>28<\/td>\n<td>Petri J\u00e4rvinen<\/td>\n<td>EKU<\/td>\n<td>26:39<\/td>\n<td>12:14<\/td>\n<td>0<\/td>\n<\/tr>\n<tr>\n<td>29<\/td>\n<td>Peetu Koivusalo<\/td>\n<td>RasKa<\/td>\n<td>29:20<\/td>\n<td>14:55<\/td>\n<td>0<\/td>\n<\/tr>\n<tr>\n<td>30<\/td>\n<td>Anna Lassila<\/td>\n<td>RasKa<\/td>\n<td>30:13<\/td>\n<td>15:48<\/td>\n<td>0<\/td>\n<\/tr>\n<tr>\n<td>31<\/td>\n<td>Tuomas Set\u00e4l\u00e4<\/td>\n<td>Kk-v<\/td>\n<td>31:47<\/td>\n<td>17:22<\/td>\n<td>0<\/td>\n<\/tr>\n<tr>\n<td>32<\/td>\n<td>Erik Soe<\/td>\n<td>ValSu<\/td>\n<td>32:44<\/td>\n<td>18:19<\/td>\n<td>0<\/td>\n<\/tr>\n<tr>\n<td>33<\/td>\n<td>Hannu Nurminen<\/td>\n<td>Hiisi<\/td>\n<td>33:03<\/td>\n<td>18:38<\/td>\n<td>0<\/td>\n<\/tr>\n<tr>\n<td>34<\/td>\n<td>Elisabeth Koskialho<\/td>\n<td>EuVe<\/td>\n<td>35:49<\/td>\n<td>21:24<\/td>\n<td>0<\/td>\n<\/tr>\n<tr>\n<td>35<\/td>\n<td>Raul Soe<\/td>\n<td>ValSu<\/td>\n<td>36:00<\/td>\n<td>21:35<\/td>\n<td>0<\/td>\n<\/tr>\n<tr>\n<td>36<\/td>\n<td>Elise Soe<\/td>\n<td>ValSu<\/td>\n<td>37:38<\/td>\n<td>23:13<\/td>\n<td>0<\/td>\n<\/tr>\n<tr>\n<td>37<\/td>\n<td>Jouko Koskialho<\/td>\n<td>EuVe<\/td>\n<td>40:17<\/td>\n<td>25:52<\/td>\n<td>0<\/td>\n<\/tr>\n<tr>\n<td>38<\/td>\n<td>Oskari Keskitalo<\/td>\n<td>Lluja<\/td>\n<td>51:25<\/td>\n<td>37:00<\/td>\n<td>0<\/td>\n<\/tr>\n<tr>\n<td>39<\/td>\n<td>Arttu Lilja<\/td>\n<td>KiU<\/td>\n<td>59:37<\/td>\n<td>45:12<\/td>\n<td>0<\/td>\n<\/tr>\n<tr>\n<td>40<\/td>\n<td>Oona Salonen<\/td>\n<td>KiU<\/td>\n<td>1:09:11<\/td>\n<td>54:46<\/td>\n<td>0<\/td>\n<\/tr>\n<tr>\n<td>41<\/td>\n<td>Virpi Suominen<\/td>\n<td>KiU<\/td>\n<td>1:09:12<\/td>\n<td>54:47<\/td>\n<td>0<\/td>\n<\/tr>\n<tr>\n<td>42<\/td>\n<td>Dinara Godawenna<\/td>\n<td>KiU<\/td>\n<td>1:24:20<\/td>\n<td>1:09:55<\/td>\n<td>0<\/td>\n<\/tr>\n<tr>\n<td>43<\/td>\n<td>Tuija Suominen<\/td>\n<td>KiU<\/td>\n<td>1:24:35<\/td>\n<td>1:10:10<\/td>\n<td>0<\/td>\n<\/tr>\n<tr>\n<td>44<\/td>\n<td>Viljo Suominen<\/td>\n<td>KiU<\/td>\n<td>1:25:17<\/td>\n<td>1:10:52<\/td>\n<td>0<\/td>\n<\/tr>\n<tr>\n<td>45<\/td>\n<td>Veera Suominen<\/td>\n<td>KiU<\/td>\n<td>1:28:54<\/td>\n<td>1:14:29<\/td>\n<td>0<\/td>\n<\/tr>\n<\/table>\n\n\n<\/div>\n\t\t\t\t\t\t<\/div>\n\t\t\t\t<\/div>\n\t\t\t\t\t<\/div>\n\t\t\t\t<\/div>\n\t\t\t\t<\/div>\n\t\t","protected":false},"excerpt":{"rendered":"","protected":false},"author":1,"featured_media":0,"parent":0,"menu_order":0,"comment_status":"closed","ping_status":"closed","template":"","meta":{"site-sidebar-layout":"no-sidebar","site-content-layout":"page-builder","ast-site-content-layout":"full-width-container","site-content-style":"default","site-sidebar-style":"default","ast-global-header-display":"","ast-banner-title-visibility":"","ast-main-header-display":"","ast-hfb-above-header-display":"","ast-hfb-below-header-display":"","ast-hfb-mobile-header-display":"","site-post-title":"","ast-breadcrumbs-content":"","ast-featured-img":"disabled","footer-sml-layout":"","ast-disable-related-posts":"","theme-transparent-header-meta":"","adv-header-id-meta":"","stick-header-meta":"","header-above-stick-meta":"","header-main-stick-meta":"","header-below-stick-meta":"","astra-migrate-meta-layouts":"set","ast-page-background-enabled":"default","ast-page-background-meta":{"desktop":{"background-color":"var(--ast-global-color-4)","background-image":"","background-repeat":"repeat","background-position":"center center","background-size":"auto","background-attachment":"scroll","background-type":"","background-media":"","overlay-type":"","overlay-color":"","overlay-opacity":"","overlay-gradient":""},"tablet":{"background-color":"","background-image":"","background-repeat":"repeat","background-position":"center center","background-size":"auto","background-attachment":"scroll","background-type":"","background-media":"","overlay-type":"","overlay-color":"","overlay-opacity":"","overlay-gradient":""},"mobile":{"background-color":"","background-image":"","background-repeat":"repeat","background-position":"center center","background-size":"auto","background-attachment":"scroll","background-type":"","background-media":"","overlay-type":"","overlay-color":"","overlay-opacity":"","overlay-gradient":""}},"ast-content-background-meta":{"desktop":{"background-color":"var(--ast-global-color-5)","background-image":"","background-repeat":"repeat","background-position":"center center","background-size":"auto","background-attachment":"scroll","background-type":"","background-media":"","overlay-type":"","overlay-color":"","overlay-opacity":"","overlay-gradient":""},"tablet":{"background-color":"var(--ast-global-color-5)","background-image":"","background-repeat":"repeat","background-position":"center center","background-size":"auto","background-attachment":"scroll","background-type":"","background-media":"","overlay-type":"","overlay-color":"","overlay-opacity":"","overlay-gradient":""},"mobile":{"background-color":"var(--ast-global-color-5)","background-image":"","background-repeat":"repeat","background-position":"center center","background-size":"auto","background-attachment":"scroll","background-type":"","background-media":"","overlay-type":"","overlay-color":"","overlay-opacity":"","overlay-gradient":""}},"footnotes":""},"class_list":["post-2301","page","type-page","status-publish","hentry"],"_links":{"self":[{"href":"https:\/\/www.satakunnansuunnistus.fi\/uusi\/wp-json\/wp\/v2\/pages\/2301","targetHints":{"allow":["GET"]}}],"collection":[{"href":"https:\/\/www.satakunnansuunnistus.fi\/uusi\/wp-json\/wp\/v2\/pages"}],"about":[{"href":"https:\/\/www.satakunnansuunnistus.fi\/uusi\/wp-json\/wp\/v2\/types\/page"}],"author":[{"embeddable":true,"href":"https:\/\/www.satakunnansuunnistus.fi\/uusi\/wp-json\/wp\/v2\/users\/1"}],"replies":[{"embeddable":true,"href":"https:\/\/www.satakunnansuunnistus.fi\/uusi\/wp-json\/wp\/v2\/comments?post=2301"}],"version-history":[{"count":7,"href":"https:\/\/www.satakunnansuunnistus.fi\/uusi\/wp-json\/wp\/v2\/pages\/2301\/revisions"}],"predecessor-version":[{"id":2386,"href":"https:\/\/www.satakunnansuunnistus.fi\/uusi\/wp-json\/wp\/v2\/pages\/2301\/revisions\/2386"}],"wp:attachment":[{"href":"https:\/\/www.satakunnansuunnistus.fi\/uusi\/wp-json\/wp\/v2\/media?parent=2301"}],"curies":[{"name":"wp","href":"https:\/\/api.w.org\/{rel}","templated":true}]}}