{"id":2090,"date":"2026-01-02T13:20:33","date_gmt":"2026-01-02T13:20:33","guid":{"rendered":"https:\/\/www.satakunnansuunnistus.fi\/uusi\/?page_id=2090"},"modified":"2026-01-02T13:26:47","modified_gmt":"2026-01-02T13:26:47","slug":"q-cup-yleiset-ohjeet","status":"publish","type":"page","link":"https:\/\/www.satakunnansuunnistus.fi\/uusi\/q-cup-yleiset-ohjeet\/","title":{"rendered":"Q-cup &#8211; Yleiset ohjeet"},"content":{"rendered":"\t\t<div data-elementor-type=\"wp-page\" data-elementor-id=\"2090\" class=\"elementor elementor-2090\">\n\t\t\t\t<div class=\"elementor-element elementor-element-87bf7c0 e-flex e-con-boxed e-con e-parent\" data-id=\"87bf7c0\" data-element_type=\"container\" data-e-type=\"container\">\n\t\t\t\t\t<div class=\"e-con-inner\">\n\t\t\t\t<div class=\"elementor-element elementor-element-973fb30 elementor-widget elementor-widget-heading\" data-id=\"973fb30\" data-element_type=\"widget\" data-e-type=\"widget\" data-widget_type=\"heading.default\">\n\t\t\t\t<div class=\"elementor-widget-container\">\n\t\t\t\t\t<h2 class=\"elementor-heading-title elementor-size-default\">Q-cup - Yleiset ohjeet<\/h2>\t\t\t\t<\/div>\n\t\t\t\t<\/div>\n\t\t\t\t\t<\/div>\n\t\t\t\t<\/div>\n\t\t<div class=\"elementor-element elementor-element-0252d1d e-flex e-con-boxed e-con e-parent\" data-id=\"0252d1d\" data-element_type=\"container\" data-e-type=\"container\">\n\t\t\t\t\t<div class=\"e-con-inner\">\n\t\t\t\t<div class=\"elementor-element elementor-element-5365cc5 elementor-widget elementor-widget-text-editor\" data-id=\"5365cc5\" data-element_type=\"widget\" data-e-type=\"widget\" data-widget_type=\"text-editor.default\">\n\t\t\t\t<div class=\"elementor-widget-container\">\n\t\t\t\t\t\t\t\t\t<p>Q-cupin tarkoituksena on tarjota syys- ja talvikaudella kaikille y\u00f6suunnistusharjoituksista pit\u00e4ville y\u00f6harjoituksia vaihtelevissa maastoissa.<\/p>\t\t\t\t\t\t\t\t<\/div>\n\t\t\t\t<\/div>\n\t\t\t\t\t<\/div>\n\t\t\t\t<\/div>\n\t\t<div class=\"elementor-element elementor-element-0d792e9 e-flex e-con-boxed e-con e-parent\" data-id=\"0d792e9\" data-element_type=\"container\" data-e-type=\"container\">\n\t\t\t\t\t<div class=\"e-con-inner\">\n\t\t\t\t<div class=\"elementor-element elementor-element-d06b9f9 elementor-widget elementor-widget-text-editor\" data-id=\"d06b9f9\" data-element_type=\"widget\" data-e-type=\"widget\" data-widget_type=\"text-editor.default\">\n\t\t\t\t<div class=\"elementor-widget-container\">\n\t\t\t\t\t\t\t\t\t<p><big>Maksut<\/big><br>Ennakkoilmoittautuminen internetiss\u00e4 kaksi (2) p\u00e4iv\u00e4\u00e4 ennen&nbsp;<b>7\u20ac<\/b><br>Paikan p\u00e4\u00e4ll\u00e4 ilmoittautuminen&nbsp;<b>9\u20ac&nbsp;<\/b>(ei karttavarausta)<br>Alle 21-vuotiaat y\u00f6suunnistavat ilmaiseksi&nbsp;<b>0\u20ac<\/b><\/p>\n<p>Maksaminen tapahtuu kilpailukeskuksessa k\u00e4teisell\u00e4, varaathan mukaan mieluusti tasarahan.<\/p>\n<p>Maksuilla pyrit\u00e4\u00e4n kattamaan tulostus- ja j\u00e4rjestelykulut.<\/p><p><br><\/p>\n<p><big>Ilmoittautuminen<\/big><br>Ilmoittautuminen osakilpailuun onnistuu ilmoittautumislomakkeen avulla, alla.<br>Ennakkoon ilmoittautuminen tulee suorittaa viimeist\u00e4\u00e4n keskiviikkona&nbsp;24.00 menness\u00e4.<\/p>\n<p>Ilmoittatuminen onnistuu my\u00f6s paikanp\u00e4\u00e4ll\u00e4 hintaan 9\u20ac, mutta kartan voi varmistaa vain ilmoittautumalla etuk\u00e4teen!<\/p><p><br><\/p>\n<p><big>Radat<\/big><br>Ratoja on kolme, Alfasudet (n. 6km), Harmaahukat (n. 4km) ja Sudenpennut (n. 3km). Alfasusien rata on tarkoitettu \u201cp\u00e4\u00e4sarjaksi\u201d, jonka voitto on kunnia ja kokonaiskilpailun voittoa saakin hehkuttaa huhtikuuhun saakka. Harmaahukkien rata puolestaan on sekin vaativa, mutta pituudesta on hieman tingitty, jotta vauhtia tulisi pidetty\u00e4 my\u00f6s radan loppuosassa. Sudenpentujen rata on tarkoitettu y\u00f6suunnistuksesta kiinnostuneille, joilla viel\u00e4 on v\u00e4h\u00e4n kokemusta itse y\u00f6suunnistuksesta, rastien tulisi olla poluilla tai l\u00e4hell\u00e4 polkuja tai muuta johdattelevaa kohdetta (ojat, kuviorajat). Rasteilla voi rastilippujen lis\u00e4ksi olla my\u00f6s heijastimet.<\/p><p><br><\/p>\n<p><big>Hajonnat<\/big><br>Hajonnat vaihtelevat osakilpailuittain, mutta hajontatyyppein\u00e4 k\u00e4ytet\u00e4\u00e4n muun muassa perhosia, salmiakkia ja v\u00e4ltt\u00e4m\u00e4tt\u00e4 kaikki eiv\u00e4t suunnista&nbsp;edes samoja v\u00e4lej\u00e4. Joka tapauksessa on hajonnoista pyritty saamaan tasapuoliset.<\/p><p><br><\/p>\n<p><big>Leimaus<\/big><br>Tapahtumassa on k\u00e4yt\u00f6ss\u00e4 EMIT-leimausj\u00e4rjestelm\u00e4, joten jokainen muistaa sitten ottaa oman emittins\u00e4 mukaan, sill\u00e4 j\u00e4rjest\u00e4jilt\u00e4 ei montaa ylim\u00e4\u00e4r\u00e4ist\u00e4 l\u00f6ydy.<\/p><p><br><\/p>\n<p><big>L\u00e4ht\u00f6 ja maali<\/big><br>L\u00e4ht\u00f6 ja maali sijaitsevat kilpailukeskuksen l\u00e4heisyydess\u00e4. L\u00e4hd\u00f6t ovat j\u00e4rjest\u00e4jien ohjeiden mukaisesti, useimmiten yhteisl\u00e4hd\u00f6ll\u00e4 klo 18.<\/p><p><br><\/p>\n<p><big>Pys\u00e4k\u00f6inti<\/big><br>Pys\u00e4k\u00f6inti sijaitsee tapahtumapaikan l\u00e4heisyydess\u00e4.<\/p><p><br><\/p>\n<p><big>Tulokset<\/big><br>Online-tulokset l\u00f6ytyv\u00e4t kisan aikana Q-cup -sivuilta. Lopulliset tulokset julkaistaan osakilpailun j\u00e4lkeen Satakunnan Suunnistuksen internetsivuilla cup-pisteineen.<\/p><p><br><\/p>\n<p><big>Yhteystiedot<\/big><br>Kaikesta Q-cupiin liittyv\u00e4st\u00e4 voi ottaa yhteytt\u00e4 Kimmo Mieskoskeen, 045-6766 891.<\/p>\t\t\t\t\t\t\t\t<\/div>\n\t\t\t\t<\/div>\n\t\t\t\t\t<\/div>\n\t\t\t\t<\/div>\n\t\t\t\t<\/div>\n\t\t","protected":false},"excerpt":{"rendered":"<p>Q-cup &#8211; Yleiset ohjeet Q-cupin tarkoituksena on tarjota syys- ja talvikaudella kaikille y\u00f6suunnistusharjoituksista pit\u00e4ville y\u00f6harjoituksia vaihtelevissa maastoissa. MaksutEnnakkoilmoittautuminen internetiss\u00e4 kaksi (2) p\u00e4iv\u00e4\u00e4 ennen&nbsp;7\u20acPaikan p\u00e4\u00e4ll\u00e4 ilmoittautuminen&nbsp;9\u20ac&nbsp;(ei karttavarausta)Alle 21-vuotiaat y\u00f6suunnistavat ilmaiseksi&nbsp;0\u20ac Maksaminen tapahtuu kilpailukeskuksessa k\u00e4teisell\u00e4, varaathan mukaan mieluusti tasarahan. Maksuilla pyrit\u00e4\u00e4n kattamaan tulostus- ja j\u00e4rjestelykulut. IlmoittautuminenIlmoittautuminen osakilpailuun onnistuu ilmoittautumislomakkeen avulla, alla.Ennakkoon ilmoittautuminen tulee suorittaa viimeist\u00e4\u00e4n keskiviikkona&nbsp;24.00 menness\u00e4. [&hellip;]<\/p>\n","protected":false},"author":1,"featured_media":0,"parent":0,"menu_order":0,"comment_status":"closed","ping_status":"closed","template":"","meta":{"site-sidebar-layout":"no-sidebar","site-content-layout":"page-builder","ast-site-content-layout":"full-width-container","site-content-style":"default","site-sidebar-style":"default","ast-global-header-display":"","ast-banner-title-visibility":"","ast-main-header-display":"","ast-hfb-above-header-display":"","ast-hfb-below-header-display":"","ast-hfb-mobile-header-display":"","site-post-title":"disabled","ast-breadcrumbs-content":"","ast-featured-img":"disabled","footer-sml-layout":"","ast-disable-related-posts":"","theme-transparent-header-meta":"","adv-header-id-meta":"","stick-header-meta":"","header-above-stick-meta":"","header-main-stick-meta":"","header-below-stick-meta":"","astra-migrate-meta-layouts":"set","ast-page-background-enabled":"default","ast-page-background-meta":{"desktop":{"background-color":"var(--ast-global-color-4)","background-image":"","background-repeat":"repeat","background-position":"center center","background-size":"auto","background-attachment":"scroll","background-type":"","background-media":"","overlay-type":"","overlay-color":"","overlay-opacity":"","overlay-gradient":""},"tablet":{"background-color":"","background-image":"","background-repeat":"repeat","background-position":"center center","background-size":"auto","background-attachment":"scroll","background-type":"","background-media":"","overlay-type":"","overlay-color":"","overlay-opacity":"","overlay-gradient":""},"mobile":{"background-color":"","background-image":"","background-repeat":"repeat","background-position":"center center","background-size":"auto","background-attachment":"scroll","background-type":"","background-media":"","overlay-type":"","overlay-color":"","overlay-opacity":"","overlay-gradient":""}},"ast-content-background-meta":{"desktop":{"background-color":"var(--ast-global-color-5)","background-image":"","background-repeat":"repeat","background-position":"center center","background-size":"auto","background-attachment":"scroll","background-type":"","background-media":"","overlay-type":"","overlay-color":"","overlay-opacity":"","overlay-gradient":""},"tablet":{"background-color":"var(--ast-global-color-5)","background-image":"","background-repeat":"repeat","background-position":"center center","background-size":"auto","background-attachment":"scroll","background-type":"","background-media":"","overlay-type":"","overlay-color":"","overlay-opacity":"","overlay-gradient":""},"mobile":{"background-color":"var(--ast-global-color-5)","background-image":"","background-repeat":"repeat","background-position":"center center","background-size":"auto","background-attachment":"scroll","background-type":"","background-media":"","overlay-type":"","overlay-color":"","overlay-opacity":"","overlay-gradient":""}},"footnotes":""},"class_list":["post-2090","page","type-page","status-publish","hentry"],"_links":{"self":[{"href":"https:\/\/www.satakunnansuunnistus.fi\/uusi\/wp-json\/wp\/v2\/pages\/2090","targetHints":{"allow":["GET"]}}],"collection":[{"href":"https:\/\/www.satakunnansuunnistus.fi\/uusi\/wp-json\/wp\/v2\/pages"}],"about":[{"href":"https:\/\/www.satakunnansuunnistus.fi\/uusi\/wp-json\/wp\/v2\/types\/page"}],"author":[{"embeddable":true,"href":"https:\/\/www.satakunnansuunnistus.fi\/uusi\/wp-json\/wp\/v2\/users\/1"}],"replies":[{"embeddable":true,"href":"https:\/\/www.satakunnansuunnistus.fi\/uusi\/wp-json\/wp\/v2\/comments?post=2090"}],"version-history":[{"count":4,"href":"https:\/\/www.satakunnansuunnistus.fi\/uusi\/wp-json\/wp\/v2\/pages\/2090\/revisions"}],"predecessor-version":[{"id":2094,"href":"https:\/\/www.satakunnansuunnistus.fi\/uusi\/wp-json\/wp\/v2\/pages\/2090\/revisions\/2094"}],"wp:attachment":[{"href":"https:\/\/www.satakunnansuunnistus.fi\/uusi\/wp-json\/wp\/v2\/media?parent=2090"}],"curies":[{"name":"wp","href":"https:\/\/api.w.org\/{rel}","templated":true}]}}