{"id":1957,"date":"2025-12-07T10:35:09","date_gmt":"2025-12-07T10:35:09","guid":{"rendered":"https:\/\/www.satakunnansuunnistus.fi\/uusi\/?page_id=1957"},"modified":"2026-01-11T15:10:27","modified_gmt":"2026-01-11T15:10:27","slug":"wsc26-cuptulokset-1","status":"publish","type":"page","link":"https:\/\/www.satakunnansuunnistus.fi\/uusi\/wsc26-cuptulokset-1\/","title":{"rendered":"WSC26 &#8211; Cuptulokset 1"},"content":{"rendered":"\t\t<div data-elementor-type=\"wp-page\" data-elementor-id=\"1957\" class=\"elementor elementor-1957\">\n\t\t\t\t<div class=\"elementor-element elementor-element-12ee3e6 e-flex e-con-boxed e-con e-parent\" data-id=\"12ee3e6\" data-element_type=\"container\" data-e-type=\"container\">\n\t\t\t\t\t<div class=\"e-con-inner\">\n\t\t\t\t<div class=\"elementor-element elementor-element-cbe0a8f elementor-widget elementor-widget-shortcode\" data-id=\"cbe0a8f\" data-element_type=\"widget\" data-e-type=\"widget\" data-widget_type=\"shortcode.default\">\n\t\t\t\t<div class=\"elementor-widget-container\">\n\t\t\t\t\t\t\t<div class=\"elementor-shortcode\">\n<table class=\"wsc-table\" style=\"border-collapse:collapse;width:100%\">\n<tr>\n<th>#<\/th><th>Nimi<\/th><th>Seura<\/th><th>Uusi aika<\/th><th>Ero<\/th><th>P<\/th>\n<\/tr>\n\n<tr>\n<td>1<\/td>\n<td>Jenni Oksa<\/td>\n<td>Rastikarhut<\/td>\n<td>13:34<\/td>\n<td>0:00<\/td>\n<td>16<\/td>\n<\/tr>\n<tr>\n<td>2<\/td>\n<td>Pyry Heinil\u00e4<\/td>\n<td>Rastikarhut<\/td>\n<td>13:56<\/td>\n<td>0:22<\/td>\n<td>14<\/td>\n<\/tr>\n<tr>\n<td>3<\/td>\n<td>Ville-Veikko Nurminen<\/td>\n<td>SuosmSa<\/td>\n<td>14:00<\/td>\n<td>0:26<\/td>\n<td>12<\/td>\n<\/tr>\n<tr>\n<td>4<\/td>\n<td>Henrik V\u00e4is\u00e4nen<\/td>\n<td>MSParma<\/td>\n<td>14:11<\/td>\n<td>0:37<\/td>\n<td>11<\/td>\n<\/tr>\n<tr>\n<td>5<\/td>\n<td>Toni-Antti Viitasaari<\/td>\n<td>LapVi<\/td>\n<td>14:20<\/td>\n<td>0:46<\/td>\n<td>10<\/td>\n<\/tr>\n<tr>\n<td>6<\/td>\n<td>Elsa Talonen<\/td>\n<td>IkNV<\/td>\n<td>14:27<\/td>\n<td>0:53<\/td>\n<td>9<\/td>\n<\/tr>\n<tr>\n<td>7<\/td>\n<td>Timo Koivisto<\/td>\n<td>KoKV<\/td>\n<td>14:34<\/td>\n<td>1:00<\/td>\n<td>8<\/td>\n<\/tr>\n<tr>\n<td>8<\/td>\n<td>Jukka Pohjonen<\/td>\n<td>IkNV<\/td>\n<td>14:38<\/td>\n<td>1:04<\/td>\n<td>7<\/td>\n<\/tr>\n<tr>\n<td>9<\/td>\n<td>Eliel K\u00e4rkk\u00e4inen<\/td>\n<td>IkNV<\/td>\n<td>14:54<\/td>\n<td>1:19<\/td>\n<td>6<\/td>\n<\/tr>\n<tr>\n<td>10<\/td>\n<td>Jami Kallioniemi<\/td>\n<td>Rasti-Lukko<\/td>\n<td>15:02<\/td>\n<td>1:28<\/td>\n<td>5<\/td>\n<\/tr>\n<tr>\n<td>11<\/td>\n<td>Meeri Niemenmaa<\/td>\n<td>IkNV<\/td>\n<td>15:18<\/td>\n<td>1:43<\/td>\n<td>4<\/td>\n<\/tr>\n<tr>\n<td>12<\/td>\n<td>Linus K\u00e4rkk\u00e4inen<\/td>\n<td>IkNV<\/td>\n<td>15:19<\/td>\n<td>1:45<\/td>\n<td>3<\/td>\n<\/tr>\n<tr>\n<td>13<\/td>\n<td>Ville Hohkuri<\/td>\n<td>Rastikarhut<\/td>\n<td>15:31<\/td>\n<td>1:57<\/td>\n<td>2<\/td>\n<\/tr>\n<tr>\n<td>14<\/td>\n<td>Jorma Virtanen<\/td>\n<td>KoKV<\/td>\n<td>15:34<\/td>\n<td>2:00<\/td>\n<td>1<\/td>\n<\/tr>\n<tr>\n<td>15<\/td>\n<td>Aarni K\u00e4rkk\u00e4inen<\/td>\n<td>IkNV<\/td>\n<td>15:44<\/td>\n<td>2:10<\/td>\n<td>0<\/td>\n<\/tr>\n<tr>\n<td>16<\/td>\n<td>Ralf Eklund<\/td>\n<td>RaLu<\/td>\n<td>15:53<\/td>\n<td>2:18<\/td>\n<td>0<\/td>\n<\/tr>\n<tr>\n<td>17<\/td>\n<td>Elsa Myllym\u00e4ki<\/td>\n<td>IkNV<\/td>\n<td>16:25<\/td>\n<td>2:50<\/td>\n<td>0<\/td>\n<\/tr>\n<tr>\n<td>18<\/td>\n<td>Justus Kallioniemi<\/td>\n<td>Rasti-Lukko<\/td>\n<td>16:40<\/td>\n<td>3:06<\/td>\n<td>0<\/td>\n<\/tr>\n<tr>\n<td>19<\/td>\n<td>Pia Luovula<\/td>\n<td>Suosmeren Salpa<\/td>\n<td>16:45<\/td>\n<td>3:10<\/td>\n<td>0<\/td>\n<\/tr>\n<tr>\n<td>20<\/td>\n<td>Timo Lehtinen<\/td>\n<td><\/td>\n<td>16:49<\/td>\n<td>3:14<\/td>\n<td>0<\/td>\n<\/tr>\n<tr>\n<td>21<\/td>\n<td>Sinikka Oksa<\/td>\n<td>Rastikarhut<\/td>\n<td>16:57<\/td>\n<td>3:23<\/td>\n<td>0<\/td>\n<\/tr>\n<tr>\n<td>22<\/td>\n<td>Eero Tiusanen<\/td>\n<td>Ulvilan Ura <\/td>\n<td>16:58<\/td>\n<td>3:23<\/td>\n<td>0<\/td>\n<\/tr>\n<tr>\n<td>23<\/td>\n<td>Pinja Heinil\u00e4<\/td>\n<td>Rastikarhut<\/td>\n<td>17:08<\/td>\n<td>3:33<\/td>\n<td>0<\/td>\n<\/tr>\n<tr>\n<td>24<\/td>\n<td>Perttu Heinil\u00e4<\/td>\n<td>Rastikarhut<\/td>\n<td>17:15<\/td>\n<td>3:41<\/td>\n<td>0<\/td>\n<\/tr>\n<tr>\n<td>25<\/td>\n<td>Reetta Niemenmaa<\/td>\n<td>IkNV<\/td>\n<td>17:17<\/td>\n<td>3:43<\/td>\n<td>0<\/td>\n<\/tr>\n<tr>\n<td>26<\/td>\n<td>Stella M\u00e4\u00e4tt\u00e4nen<\/td>\n<td>RasKa<\/td>\n<td>17:19<\/td>\n<td>3:45<\/td>\n<td>0<\/td>\n<\/tr>\n<tr>\n<td>27<\/td>\n<td>Riku Koivusalo<\/td>\n<td>Rastikarhut <\/td>\n<td>17:21<\/td>\n<td>3:47<\/td>\n<td>0<\/td>\n<\/tr>\n<tr>\n<td>28<\/td>\n<td>Ari Varjonen<\/td>\n<td>RaLu<\/td>\n<td>17:27<\/td>\n<td>3:53<\/td>\n<td>0<\/td>\n<\/tr>\n<tr>\n<td>29<\/td>\n<td>Ville Nummela<\/td>\n<td>RasKa<\/td>\n<td>17:30<\/td>\n<td>3:56<\/td>\n<td>0<\/td>\n<\/tr>\n<tr>\n<td>30<\/td>\n<td>Anna Tamminen<\/td>\n<td>KyRa<\/td>\n<td>17:32<\/td>\n<td>3:58<\/td>\n<td>0<\/td>\n<\/tr>\n<tr>\n<td>31<\/td>\n<td>Severi Kujansuu<\/td>\n<td>KanSu<\/td>\n<td>17:36<\/td>\n<td>4:02<\/td>\n<td>0<\/td>\n<\/tr>\n<tr>\n<td>32<\/td>\n<td>Niilo Koota<\/td>\n<td>KyRa<\/td>\n<td>18:09<\/td>\n<td>4:34<\/td>\n<td>0<\/td>\n<\/tr>\n<tr>\n<td>33<\/td>\n<td>Patrik Lahdenranta<\/td>\n<td>KanSu<\/td>\n<td>18:28<\/td>\n<td>4:54<\/td>\n<td>0<\/td>\n<\/tr>\n<tr>\n<td>34<\/td>\n<td>Jyrki Kaunism\u00e4ki<\/td>\n<td>Rasti-Lukko<\/td>\n<td>18:34<\/td>\n<td>5:00<\/td>\n<td>0<\/td>\n<\/tr>\n<tr>\n<td>35<\/td>\n<td>Lenni Niemi<\/td>\n<td>RasKa<\/td>\n<td>18:58<\/td>\n<td>5:24<\/td>\n<td>0<\/td>\n<\/tr>\n<tr>\n<td>36<\/td>\n<td>Maria Tiusanen<\/td>\n<td>Ulvilan Ura <\/td>\n<td>19:05<\/td>\n<td>5:31<\/td>\n<td>0<\/td>\n<\/tr>\n<tr>\n<td>37<\/td>\n<td>Miikka Kotta<\/td>\n<td>KanSu<\/td>\n<td>19:06<\/td>\n<td>5:32<\/td>\n<td>0<\/td>\n<\/tr>\n<tr>\n<td>38<\/td>\n<td>Markku Nurminen<\/td>\n<td>SuosmSa<\/td>\n<td>19:07<\/td>\n<td>5:33<\/td>\n<td>0<\/td>\n<\/tr>\n<tr>\n<td>39<\/td>\n<td>Reijo Hirvel\u00e4<\/td>\n<td>SuosmSalpa<\/td>\n<td>19:26<\/td>\n<td>5:51<\/td>\n<td>0<\/td>\n<\/tr>\n<tr>\n<td>40<\/td>\n<td>Emma Tarri<\/td>\n<td>KyRa<\/td>\n<td>19:32<\/td>\n<td>5:57<\/td>\n<td>0<\/td>\n<\/tr>\n<tr>\n<td>41<\/td>\n<td>Sanna Koivusalo<\/td>\n<td><\/td>\n<td>19:33<\/td>\n<td>5:58<\/td>\n<td>0<\/td>\n<\/tr>\n<tr>\n<td>42<\/td>\n<td>Aino Koota<\/td>\n<td>Kyr\u00f6s-Rasti<\/td>\n<td>19:33<\/td>\n<td>5:58<\/td>\n<td>0<\/td>\n<\/tr>\n<tr>\n<td>43<\/td>\n<td>Nella Heikkil\u00e4<\/td>\n<td>Rastikarhut<\/td>\n<td>20:23<\/td>\n<td>6:49<\/td>\n<td>0<\/td>\n<\/tr>\n<tr>\n<td>44<\/td>\n<td>Touko Heinil\u00e4<\/td>\n<td>Rastikarhut<\/td>\n<td>21:02<\/td>\n<td>7:28<\/td>\n<td>0<\/td>\n<\/tr>\n<tr>\n<td>45<\/td>\n<td>Aino Salomaa<\/td>\n<td>KanSu<\/td>\n<td>21:12<\/td>\n<td>7:38<\/td>\n<td>0<\/td>\n<\/tr>\n<tr>\n<td>46<\/td>\n<td>Leevi Kuusisto<\/td>\n<td>KanSu<\/td>\n<td>24:13<\/td>\n<td>10:39<\/td>\n<td>0<\/td>\n<\/tr>\n<tr>\n<td>47<\/td>\n<td>Lotta K\u00f6ntti<\/td>\n<td>IkNV<\/td>\n<td>24:57<\/td>\n<td>11:23<\/td>\n<td>0<\/td>\n<\/tr>\n<tr>\n<td>48<\/td>\n<td>Elisabeth Koskialho<\/td>\n<td>EuVe<\/td>\n<td>25:43<\/td>\n<td>12:09<\/td>\n<td>0<\/td>\n<\/tr>\n<tr>\n<td>49<\/td>\n<td>Artturi V\u00e4is\u00e4nen<\/td>\n<td>MSParma<\/td>\n<td>26:18<\/td>\n<td>12:43<\/td>\n<td>0<\/td>\n<\/tr>\n<tr>\n<td>50<\/td>\n<td>Aaro Ala-Jaskara<\/td>\n<td>Kyr\u00f6s-Rasti<\/td>\n<td>27:00<\/td>\n<td>13:26<\/td>\n<td>0<\/td>\n<\/tr>\n<tr>\n<td>51<\/td>\n<td>Tuomas Set\u00e4l\u00e4<\/td>\n<td>KoKV<\/td>\n<td>27:45<\/td>\n<td>14:10<\/td>\n<td>0<\/td>\n<\/tr>\n<tr>\n<td>52<\/td>\n<td>Pentti M\u00e4ki<\/td>\n<td>Rastikarhut<\/td>\n<td>27:46<\/td>\n<td>14:12<\/td>\n<td>0<\/td>\n<\/tr>\n<tr>\n<td>53<\/td>\n<td>Peetu Koivusalo<\/td>\n<td><\/td>\n<td>27:49<\/td>\n<td>14:15<\/td>\n<td>0<\/td>\n<\/tr>\n<tr>\n<td>54<\/td>\n<td>Akseli Alanen<\/td>\n<td>Lauttakyl\u00e4n Luja<\/td>\n<td>28:04<\/td>\n<td>14:30<\/td>\n<td>0<\/td>\n<\/tr>\n<tr>\n<td>55<\/td>\n<td>Esa Laine<\/td>\n<td>KauPo<\/td>\n<td>31:26<\/td>\n<td>17:51<\/td>\n<td>0<\/td>\n<\/tr>\n<tr>\n<td>56<\/td>\n<td>Venni Koivusalo<\/td>\n<td>RasKa<\/td>\n<td>31:41<\/td>\n<td>18:07<\/td>\n<td>0<\/td>\n<\/tr>\n<tr>\n<td>57<\/td>\n<td>Aino Hohkuri<\/td>\n<td>Rastikarhut<\/td>\n<td>32:02<\/td>\n<td>18:27<\/td>\n<td>0<\/td>\n<\/tr>\n<tr>\n<td>58<\/td>\n<td>Elise Soe<\/td>\n<td>ValSu<\/td>\n<td>32:10<\/td>\n<td>18:35<\/td>\n<td>0<\/td>\n<\/tr>\n<tr>\n<td>59<\/td>\n<td>Erik Soe<\/td>\n<td>Valsu<\/td>\n<td>32:30<\/td>\n<td>18:55<\/td>\n<td>0<\/td>\n<\/tr>\n<tr>\n<td>60<\/td>\n<td>Jouko Koskialho<\/td>\n<td>EuVe<\/td>\n<td>33:34<\/td>\n<td>20:00<\/td>\n<td>0<\/td>\n<\/tr>\n<tr>\n<td>61<\/td>\n<td>Raul Soe<\/td>\n<td>ValSu<\/td>\n<td>36:33<\/td>\n<td>22:59<\/td>\n<td>0<\/td>\n<\/tr>\n<tr>\n<td>62<\/td>\n<td>Tiitus V\u00e4is\u00e4nen<\/td>\n<td>MSParma<\/td>\n<td>43:53<\/td>\n<td>30:18<\/td>\n<td>0<\/td>\n<\/tr>\n<\/table>\n\n\n<\/div>\n\t\t\t\t\t\t<\/div>\n\t\t\t\t<\/div>\n\t\t\t\t\t<\/div>\n\t\t\t\t<\/div>\n\t\t\t\t<\/div>\n\t\t","protected":false},"excerpt":{"rendered":"","protected":false},"author":1,"featured_media":0,"parent":0,"menu_order":0,"comment_status":"closed","ping_status":"closed","template":"","meta":{"site-sidebar-layout":"no-sidebar","site-content-layout":"page-builder","ast-site-content-layout":"full-width-container","site-content-style":"default","site-sidebar-style":"default","ast-global-header-display":"","ast-banner-title-visibility":"","ast-main-header-display":"","ast-hfb-above-header-display":"","ast-hfb-below-header-display":"","ast-hfb-mobile-header-display":"","site-post-title":"","ast-breadcrumbs-content":"","ast-featured-img":"disabled","footer-sml-layout":"","ast-disable-related-posts":"","theme-transparent-header-meta":"","adv-header-id-meta":"","stick-header-meta":"","header-above-stick-meta":"","header-main-stick-meta":"","header-below-stick-meta":"","astra-migrate-meta-layouts":"set","ast-page-background-enabled":"default","ast-page-background-meta":{"desktop":{"background-color":"var(--ast-global-color-4)","background-image":"","background-repeat":"repeat","background-position":"center center","background-size":"auto","background-attachment":"scroll","background-type":"","background-media":"","overlay-type":"","overlay-color":"","overlay-opacity":"","overlay-gradient":""},"tablet":{"background-color":"","background-image":"","background-repeat":"repeat","background-position":"center center","background-size":"auto","background-attachment":"scroll","background-type":"","background-media":"","overlay-type":"","overlay-color":"","overlay-opacity":"","overlay-gradient":""},"mobile":{"background-color":"","background-image":"","background-repeat":"repeat","background-position":"center center","background-size":"auto","background-attachment":"scroll","background-type":"","background-media":"","overlay-type":"","overlay-color":"","overlay-opacity":"","overlay-gradient":""}},"ast-content-background-meta":{"desktop":{"background-color":"var(--ast-global-color-5)","background-image":"","background-repeat":"repeat","background-position":"center center","background-size":"auto","background-attachment":"scroll","background-type":"","background-media":"","overlay-type":"","overlay-color":"","overlay-opacity":"","overlay-gradient":""},"tablet":{"background-color":"var(--ast-global-color-5)","background-image":"","background-repeat":"repeat","background-position":"center center","background-size":"auto","background-attachment":"scroll","background-type":"","background-media":"","overlay-type":"","overlay-color":"","overlay-opacity":"","overlay-gradient":""},"mobile":{"background-color":"var(--ast-global-color-5)","background-image":"","background-repeat":"repeat","background-position":"center center","background-size":"auto","background-attachment":"scroll","background-type":"","background-media":"","overlay-type":"","overlay-color":"","overlay-opacity":"","overlay-gradient":""}},"footnotes":""},"class_list":["post-1957","page","type-page","status-publish","hentry"],"_links":{"self":[{"href":"https:\/\/www.satakunnansuunnistus.fi\/uusi\/wp-json\/wp\/v2\/pages\/1957","targetHints":{"allow":["GET"]}}],"collection":[{"href":"https:\/\/www.satakunnansuunnistus.fi\/uusi\/wp-json\/wp\/v2\/pages"}],"about":[{"href":"https:\/\/www.satakunnansuunnistus.fi\/uusi\/wp-json\/wp\/v2\/types\/page"}],"author":[{"embeddable":true,"href":"https:\/\/www.satakunnansuunnistus.fi\/uusi\/wp-json\/wp\/v2\/users\/1"}],"replies":[{"embeddable":true,"href":"https:\/\/www.satakunnansuunnistus.fi\/uusi\/wp-json\/wp\/v2\/comments?post=1957"}],"version-history":[{"count":40,"href":"https:\/\/www.satakunnansuunnistus.fi\/uusi\/wp-json\/wp\/v2\/pages\/1957\/revisions"}],"predecessor-version":[{"id":2224,"href":"https:\/\/www.satakunnansuunnistus.fi\/uusi\/wp-json\/wp\/v2\/pages\/1957\/revisions\/2224"}],"wp:attachment":[{"href":"https:\/\/www.satakunnansuunnistus.fi\/uusi\/wp-json\/wp\/v2\/media?parent=1957"}],"curies":[{"name":"wp","href":"https:\/\/api.w.org\/{rel}","templated":true}]}}