{"id":1939,"date":"2025-12-06T19:37:58","date_gmt":"2025-12-06T19:37:58","guid":{"rendered":"https:\/\/www.satakunnansuunnistus.fi\/uusi\/?page_id=1939"},"modified":"2026-01-02T15:16:41","modified_gmt":"2026-01-02T15:16:41","slug":"seurat","status":"publish","type":"page","link":"https:\/\/www.satakunnansuunnistus.fi\/uusi\/seurat\/","title":{"rendered":"Seurat"},"content":{"rendered":"\n<figure class=\"wp-block-table\"><table class=\"has-fixed-layout\"><tbody><tr><td>Seura<\/td><td>Lyhenne<\/td><td>Paikkakunta<\/td><td>IRMA<\/td><\/tr><tr><td><a href=\"http:\/\/www.eurajoenveikot.fi\/\">Eurajoen Veikot<\/a><\/td><td>EuVe<\/td><td>Eurajoki<\/td><td><a href=\"https:\/\/irma.suunnistusliitto.fi:8443\/irma\/public\/club\/viewClub?id=28\">IRMA<\/a><\/td><\/tr><tr><td><a href=\"http:\/\/eku.sporttisaitti.com\/\">Eura-Kauttuan Urheilijat<\/a><\/td><td>EKU<\/td><td>Eura<\/td><td><a href=\"https:\/\/irma.suunnistusliitto.fi:8443\/irma\/public\/club\/viewClub?id=22\">IRMA<\/a><\/td><\/tr><tr><td><a href=\"http:\/\/www.hiisirasti.fi\/\">Hiisirasti<\/a><\/td><td>Hiisi<\/td><td><\/td><td><a href=\"https:\/\/irma.suunnistusliitto.fi:8443\/irma\/public\/club\/viewClub?id=47\">IRMA<\/a><\/td><\/tr><tr><td>Hinnerjoen Yritys<\/td><td>HinnYr<\/td><td>Hinnerjoki<\/td><td><a href=\"https:\/\/irma.suunnistusliitto.fi:8443\/irma\/public\/club\/viewClub?id=50\">IRMA<\/a><\/td><\/tr><tr><td><a href=\"http:\/\/www.honkajoenseudunurheilijat.fi\/\">Honkajoen Seudun Urheilijat<\/a><\/td><td>HSU<\/td><td>Honkajoki<\/td><td><a href=\"https:\/\/irma.suunnistusliitto.fi:8443\/irma\/public\/club\/viewClub?id=57\">IRMA<\/a><\/td><\/tr><tr><td><a href=\"http:\/\/www.kansu.fi\/\">Kankaanp\u00e4\u00e4n Suunnistajat<\/a><\/td><td>KanSu<\/td><td>Kankaanp\u00e4\u00e4<\/td><td><a href=\"https:\/\/irma.suunnistusliitto.fi:8443\/irma\/public\/club\/viewClub?id=92\">IRMA<\/a><\/td><\/tr><tr><td>Kauvatsan Ponteva<\/td><td>KauPo<\/td><td>Kauvatsa<\/td><td><a href=\"https:\/\/irma.suunnistusliitto.fi:8443\/irma\/public\/club\/viewClub?id=100\">IRMA<\/a><\/td><\/tr><tr><td><a href=\"http:\/\/kiuku.sporttisaitti.com\">Kiukaisten Urheilijat<\/a><\/td><td>KiU<\/td><td>Kiukainen<\/td><td><a href=\"https:\/\/irma.suunnistusliitto.fi:8443\/irma\/public\/club\/viewClub?id=115\">IRMA<\/a><\/td><\/tr><tr><td><a href=\"http:\/\/kodisjoenkaiku.wordpress.com\">Kodisjoen Kaiku<\/a><\/td><td>KodisjKa<\/td><td>Kodisjoki<\/td><td><a href=\"https:\/\/irma.suunnistusliitto.fi:8443\/irma\/public\/club\/viewClub?id=119\">IRMA<\/a><\/td><\/tr><tr><td><a href=\"https:\/\/www.kk-v.fi\/suunnistus\/\">Kokem\u00e4en Kova-V\u00e4ki Suunnistus<\/a><\/td><td>KoKV<\/td><td>Kokem\u00e4ki<\/td><td><a href=\"https:\/\/irma.suunnistusliitto.fi:8443\/irma\/public\/club\/viewClub?id=122\">IRMA<\/a><\/td><\/tr><tr><td><a href=\"http:\/\/www.koylionlallit.fi\/index.php\">K\u00f6yli\u00f6n Lallit<\/a><\/td><td>K\u00f6La<\/td><td>K\u00f6yli\u00f6<\/td><td><a href=\"https:\/\/irma.suunnistusliitto.fi:8443\/irma\/public\/club\/viewClub?id=148\">IRMA<\/a><\/td><\/tr><tr><td><a href=\"https:\/\/www.lauttakylanluja.fi\/suunnistus\">Lauttakyl\u00e4n Luja<\/a><\/td><td>LLuja<\/td><td>Huittinen<\/td><td><a href=\"https:\/\/irma.suunnistusliitto.fi:8443\/irma\/public\/club\/viewClub?id=154\">IRMA<\/a><\/td><\/tr><tr><td><a href=\"http:\/\/www.lansi-lavianloiske.net\/\">L\u00e4nsi-Lavian Loiske<\/a><\/td><td>L-LL<\/td><td>Lavia<\/td><td><a href=\"https:\/\/irma.suunnistusliitto.fi:8443\/irma\/public\/club\/viewClub?id=171\">IRMA<\/a><\/td><\/tr><tr><td>Musta Mango Oy<\/td><td>Mango<\/td><td><\/td><td><a href=\"https:\/\/irma.suunnistusliitto.fi\/public\/club\/list\/viewClub\/972473\">IRMA<\/a><\/td><\/tr><tr><td><a href=\"http:\/\/www.nakkilanwisa.fi\/\">Nakkilan Wisa<\/a><\/td><td>NaWi<\/td><td>Nakkila<\/td><td><a href=\"https:\/\/irma.suunnistusliitto.fi:8443\/irma\/public\/club\/viewClub?id=199\">IRMA<\/a><\/td><\/tr><tr><td><a href=\"http:\/\/www.punkalaitumenkunto.fi\/\">Punkalaitumen Kunto<\/a><\/td><td>PunKu<\/td><td>Punkalaidun<\/td><td><a href=\"https:\/\/irma.suunnistusliitto.fi:8443\/irma\/public\/club\/viewClub?id=240\">IRMA<\/a><\/td><\/tr><tr><td><a href=\"http:\/\/www.rastikarhut.fi\/\">Rastikarhut<\/a><\/td><td>RasKa<\/td><td>Pori<\/td><td><a href=\"https:\/\/irma.suunnistusliitto.fi:8443\/irma\/public\/club\/viewClub?id=259\">IRMA<\/a><\/td><\/tr><tr><td><a href=\"http:\/\/www.rastilukko.fi\/\">Rasti-Lukko<\/a><\/td><td>RaLu<\/td><td>Rauma<\/td><td><a href=\"https:\/\/irma.suunnistusliitto.fi:8443\/irma\/public\/club\/viewClub?id=251\">IRMA<\/a><\/td><\/tr><tr><td><a href=\"http:\/\/www.raumantu.fi\/index.php?id=3\">Rauman Ty\u00f6v\u00e4en Urheilijat<\/a><\/td><td>RaTU<\/td><td>Rauma<\/td><td><a href=\"https:\/\/irma.suunnistusliitto.fi:8443\/irma\/public\/club\/viewClub?id=265\">IRMA<\/a><\/td><\/tr><tr><td><a href=\"https:\/\/siikaistensisu.fi\/\">Siikaisten Sisu<\/a><\/td><td>SiikSi<\/td><td>Siikainen<\/td><td><a href=\"https:\/\/irma.suunnistusliitto.fi:8443\/irma\/public\/club\/viewClub?id=286\">IRMA<\/a><\/td><\/tr><tr><td><a href=\"https:\/\/www.storminteras.fi\">Stormin Ter\u00e4s<\/a><\/td><td>StormTe<\/td><td>Sastamala<\/td><td><a href=\"https:\/\/irma.suunnistusliitto.fi:8443\/irma\/public\/club\/viewClub?id=294\">IRMA<\/a><\/td><\/tr><tr><td><a href=\"http:\/\/koti.mbnet.fi\/~suosmsa\">Suosmeren Salpa<\/a><\/td><td>SuosmSa<\/td><td>Ulvila<\/td><td><a href=\"https:\/\/irma.suunnistusliitto.fi:8443\/irma\/public\/club\/viewClub?id=300\">IRMA<\/a><\/td><\/tr><tr><td><a href=\"https:\/\/www.suunta-sepot.fi\/\">Suunta-Sepot<\/a><\/td><td>SuSe<\/td><td>Sastamala<\/td><td><a href=\"https:\/\/irma.suunnistusliitto.fi:8443\/irma\/public\/club\/viewClub?id=302\">IRMA<\/a><\/td><\/tr><tr><td><a href=\"http:\/\/www.ulvilanura.fi\/\">Ulvilan Ura<\/a><\/td><td>UlvUra<\/td><td>Ulvila<\/td><td><a href=\"https:\/\/irma.suunnistusliitto.fi:8443\/irma\/public\/club\/viewClub?id=326\">IRMA<\/a><\/td><\/tr><tr><td><a href=\"http:\/\/www.vallansuunta.net\/\">Vallan Suunta<\/a><\/td><td>ValSu<\/td><td>Harjavalta<\/td><td><a href=\"https:\/\/irma.suunnistusliitto.fi:8443\/irma\/public\/club\/viewClub?id=333\">IRMA<\/a><\/td><\/tr><\/tbody><\/table><\/figure>\n","protected":false},"excerpt":{"rendered":"<p>Seura Lyhenne Paikkakunta IRMA Eurajoen Veikot EuVe Eurajoki IRMA Eura-Kauttuan Urheilijat EKU Eura IRMA Hiisirasti Hiisi IRMA Hinnerjoen Yritys HinnYr Hinnerjoki IRMA Honkajoen Seudun Urheilijat HSU Honkajoki IRMA Kankaanp\u00e4\u00e4n Suunnistajat KanSu Kankaanp\u00e4\u00e4 IRMA Kauvatsan Ponteva KauPo Kauvatsa IRMA Kiukaisten Urheilijat KiU Kiukainen IRMA Kodisjoen Kaiku KodisjKa Kodisjoki IRMA Kokem\u00e4en Kova-V\u00e4ki Suunnistus KoKV Kokem\u00e4ki IRMA K\u00f6yli\u00f6n [&hellip;]<\/p>\n","protected":false},"author":1,"featured_media":0,"parent":0,"menu_order":0,"comment_status":"closed","ping_status":"closed","template":"","meta":{"site-sidebar-layout":"default","site-content-layout":"","ast-site-content-layout":"default","site-content-style":"default","site-sidebar-style":"default","ast-global-header-display":"","ast-banner-title-visibility":"","ast-main-header-display":"","ast-hfb-above-header-display":"","ast-hfb-below-header-display":"","ast-hfb-mobile-header-display":"","site-post-title":"","ast-breadcrumbs-content":"","ast-featured-img":"","footer-sml-layout":"","ast-disable-related-posts":"","theme-transparent-header-meta":"","adv-header-id-meta":"","stick-header-meta":"","header-above-stick-meta":"","header-main-stick-meta":"","header-below-stick-meta":"","astra-migrate-meta-layouts":"set","ast-page-background-enabled":"default","ast-page-background-meta":{"desktop":{"background-color":"var(--ast-global-color-4)","background-image":"","background-repeat":"repeat","background-position":"center center","background-size":"auto","background-attachment":"scroll","background-type":"","background-media":"","overlay-type":"","overlay-color":"","overlay-opacity":"","overlay-gradient":""},"tablet":{"background-color":"","background-image":"","background-repeat":"repeat","background-position":"center center","background-size":"auto","background-attachment":"scroll","background-type":"","background-media":"","overlay-type":"","overlay-color":"","overlay-opacity":"","overlay-gradient":""},"mobile":{"background-color":"","background-image":"","background-repeat":"repeat","background-position":"center center","background-size":"auto","background-attachment":"scroll","background-type":"","background-media":"","overlay-type":"","overlay-color":"","overlay-opacity":"","overlay-gradient":""}},"ast-content-background-meta":{"desktop":{"background-color":"var(--ast-global-color-5)","background-image":"","background-repeat":"repeat","background-position":"center center","background-size":"auto","background-attachment":"scroll","background-type":"","background-media":"","overlay-type":"","overlay-color":"","overlay-opacity":"","overlay-gradient":""},"tablet":{"background-color":"var(--ast-global-color-5)","background-image":"","background-repeat":"repeat","background-position":"center center","background-size":"auto","background-attachment":"scroll","background-type":"","background-media":"","overlay-type":"","overlay-color":"","overlay-opacity":"","overlay-gradient":""},"mobile":{"background-color":"var(--ast-global-color-5)","background-image":"","background-repeat":"repeat","background-position":"center center","background-size":"auto","background-attachment":"scroll","background-type":"","background-media":"","overlay-type":"","overlay-color":"","overlay-opacity":"","overlay-gradient":""}},"footnotes":""},"class_list":["post-1939","page","type-page","status-publish","hentry"],"_links":{"self":[{"href":"https:\/\/www.satakunnansuunnistus.fi\/uusi\/wp-json\/wp\/v2\/pages\/1939","targetHints":{"allow":["GET"]}}],"collection":[{"href":"https:\/\/www.satakunnansuunnistus.fi\/uusi\/wp-json\/wp\/v2\/pages"}],"about":[{"href":"https:\/\/www.satakunnansuunnistus.fi\/uusi\/wp-json\/wp\/v2\/types\/page"}],"author":[{"embeddable":true,"href":"https:\/\/www.satakunnansuunnistus.fi\/uusi\/wp-json\/wp\/v2\/users\/1"}],"replies":[{"embeddable":true,"href":"https:\/\/www.satakunnansuunnistus.fi\/uusi\/wp-json\/wp\/v2\/comments?post=1939"}],"version-history":[{"count":3,"href":"https:\/\/www.satakunnansuunnistus.fi\/uusi\/wp-json\/wp\/v2\/pages\/1939\/revisions"}],"predecessor-version":[{"id":2145,"href":"https:\/\/www.satakunnansuunnistus.fi\/uusi\/wp-json\/wp\/v2\/pages\/1939\/revisions\/2145"}],"wp:attachment":[{"href":"https:\/\/www.satakunnansuunnistus.fi\/uusi\/wp-json\/wp\/v2\/media?parent=1939"}],"curies":[{"name":"wp","href":"https:\/\/api.w.org\/{rel}","templated":true}]}}