{"id":1933,"date":"2025-12-06T19:32:52","date_gmt":"2025-12-06T19:32:52","guid":{"rendered":"https:\/\/www.satakunnansuunnistus.fi\/uusi\/?page_id=1933"},"modified":"2025-12-06T19:36:43","modified_gmt":"2025-12-06T19:36:43","slug":"kartat","status":"publish","type":"page","link":"https:\/\/www.satakunnansuunnistus.fi\/uusi\/kartat\/","title":{"rendered":"Kartat"},"content":{"rendered":"\t\t<div data-elementor-type=\"wp-page\" data-elementor-id=\"1933\" class=\"elementor elementor-1933\">\n\t\t\t\t<div class=\"elementor-element elementor-element-76146a5 e-flex e-con-boxed e-con e-parent\" data-id=\"76146a5\" data-element_type=\"container\" data-e-type=\"container\">\n\t\t\t\t\t<div class=\"e-con-inner\">\n\t\t\t\t<div class=\"elementor-element elementor-element-3dec4f1 elementor-widget elementor-widget-heading\" data-id=\"3dec4f1\" data-element_type=\"widget\" data-e-type=\"widget\" data-widget_type=\"heading.default\">\n\t\t\t\t<div class=\"elementor-widget-container\">\n\t\t\t\t\t<h2 class=\"elementor-heading-title elementor-size-default\">Kartat<\/h2>\t\t\t\t<\/div>\n\t\t\t\t<\/div>\n\t\t\t\t\t<\/div>\n\t\t\t\t<\/div>\n\t\t<div class=\"elementor-element elementor-element-8858070 e-flex e-con-boxed e-con e-parent\" data-id=\"8858070\" data-element_type=\"container\" data-e-type=\"container\">\n\t\t\t\t\t<div class=\"e-con-inner\">\n\t\t\t\t<div class=\"elementor-element elementor-element-32ab57f elementor-widget elementor-widget-text-editor\" data-id=\"32ab57f\" data-element_type=\"widget\" data-e-type=\"widget\" data-widget_type=\"text-editor.default\">\n\t\t\t\t<div class=\"elementor-widget-container\">\n\t\t\t\t\t\t\t\t\t<h2>Suunnistuskarttojen rekister\u00f6inti<\/h2><p><strong>Seurojen tulee raportoida<\/strong> kaikki valmistamansa suunnistus- ja opetuskartat sek\u00e4 sprintti-, hiihto-, py\u00f6r\u00e4- ja tarkkuussuunnistuskartat. Koulujen ym. pihakarttoja ei raportoida.<\/p><p>Raportointi tehd\u00e4\u00e4n SSL:n karttarekisteriin, joka on osoitteessa <a href=\"http:\/\/www.karttarekisteri.fi\/\" target=\"_blank\" rel=\"noopener noreferrer\">www.karttarekisteri.fi<\/a>.<\/p><h3>Karttanumero<\/h3><p>Alueen karttavastaava k\u00e4sittelee paikallisen alueen kartoitusvaraukset ja antaa karttanumerot. Karttanumero tarvitaan kartan rekister\u00f6intiin.<\/p><p>Satakunnan alueen karttavastaavan yhteystiedot:<\/p><p>Ville-Veikko Nurminen<br \/>nurminevv(\u00e4t)gmail.com<\/p><h3>Lis\u00e4tietoa suunnistuskartoista<\/h3><p><a href=\"http:\/\/www.karttarekisteri.fi\/\">Karttarekisteri<\/a><br \/><a href=\"https:\/\/www.suunnistusliitto.fi\/kartta\/\">SSL, Kartta<\/a><\/p><hr \/><h3>Tarkkuussuunnistuskartan teko Purple Penill\u00e4<\/h3><p><strong>Kysymys:<\/strong><br \/>En ole ennen tarkkuussuunnistusratoja tehnyt, mutta nyt kiinnostaisi tehd\u00e4 seuran nuorille harjoitus.\u00a0 Miten kartta kannattaisi teknisesti toteuttaa? Tavallisissa suunnistusradoissa olen k\u00e4ytt\u00e4nyt Purple Peni\u00e4.<\/p><p><strong>Vastaus:<br \/><\/strong>Ohje l\u00f6ytyy t\u00e4\u00e4lt\u00e4 &#8211; <a href=\"https:\/\/www.satakunnansuunnistus.fi\/wp-content\/uploads\/2022\/06\/Tarkkuussuunnistuskartta-Purple-Penilla.pdf\">Helppo, nopea ja simppeli tapa tehd\u00e4 tarkkuuussuunnistusrata Purple Penill\u00e4<\/a>.<\/p><p><strong>Ohjeen linkit:<\/strong><br \/><a href=\"https:\/\/www.trailo.fi\/keskustelu\/\">\u00a0&#8211; tarkkuuussuunnistajien keskustelupalsta<\/a><br \/><a href=\"https:\/\/www.google.com\/search?q=purple+pen+ohje\">\u00a0&#8211; Googlella l\u00f6yt\u00e4\u00e4 paljon Purple Penin perusk\u00e4ytt\u00f6ohjeita<\/a><\/p>\t\t\t\t\t\t\t\t<\/div>\n\t\t\t\t<\/div>\n\t\t\t\t\t<\/div>\n\t\t\t\t<\/div>\n\t\t\t\t<\/div>\n\t\t","protected":false},"excerpt":{"rendered":"<p>Kartat Suunnistuskarttojen rekister\u00f6inti Seurojen tulee raportoida kaikki valmistamansa suunnistus- ja opetuskartat sek\u00e4 sprintti-, hiihto-, py\u00f6r\u00e4- ja tarkkuussuunnistuskartat. Koulujen ym. pihakarttoja ei raportoida. Raportointi tehd\u00e4\u00e4n SSL:n karttarekisteriin, joka on osoitteessa www.karttarekisteri.fi. Karttanumero Alueen karttavastaava k\u00e4sittelee paikallisen alueen kartoitusvaraukset ja antaa karttanumerot. Karttanumero tarvitaan kartan rekister\u00f6intiin. Satakunnan alueen karttavastaavan yhteystiedot: Ville-Veikko Nurminennurminevv(\u00e4t)gmail.com Lis\u00e4tietoa suunnistuskartoista KarttarekisteriSSL, Kartta Tarkkuussuunnistuskartan [&hellip;]<\/p>\n","protected":false},"author":1,"featured_media":0,"parent":0,"menu_order":0,"comment_status":"closed","ping_status":"closed","template":"","meta":{"site-sidebar-layout":"no-sidebar","site-content-layout":"page-builder","ast-site-content-layout":"full-width-container","site-content-style":"default","site-sidebar-style":"default","ast-global-header-display":"","ast-banner-title-visibility":"","ast-main-header-display":"","ast-hfb-above-header-display":"","ast-hfb-below-header-display":"","ast-hfb-mobile-header-display":"","site-post-title":"disabled","ast-breadcrumbs-content":"","ast-featured-img":"disabled","footer-sml-layout":"","ast-disable-related-posts":"","theme-transparent-header-meta":"","adv-header-id-meta":"","stick-header-meta":"","header-above-stick-meta":"","header-main-stick-meta":"","header-below-stick-meta":"","astra-migrate-meta-layouts":"set","ast-page-background-enabled":"default","ast-page-background-meta":{"desktop":{"background-color":"var(--ast-global-color-4)","background-image":"","background-repeat":"repeat","background-position":"center center","background-size":"auto","background-attachment":"scroll","background-type":"","background-media":"","overlay-type":"","overlay-color":"","overlay-opacity":"","overlay-gradient":""},"tablet":{"background-color":"","background-image":"","background-repeat":"repeat","background-position":"center center","background-size":"auto","background-attachment":"scroll","background-type":"","background-media":"","overlay-type":"","overlay-color":"","overlay-opacity":"","overlay-gradient":""},"mobile":{"background-color":"","background-image":"","background-repeat":"repeat","background-position":"center center","background-size":"auto","background-attachment":"scroll","background-type":"","background-media":"","overlay-type":"","overlay-color":"","overlay-opacity":"","overlay-gradient":""}},"ast-content-background-meta":{"desktop":{"background-color":"var(--ast-global-color-5)","background-image":"","background-repeat":"repeat","background-position":"center center","background-size":"auto","background-attachment":"scroll","background-type":"","background-media":"","overlay-type":"","overlay-color":"","overlay-opacity":"","overlay-gradient":""},"tablet":{"background-color":"var(--ast-global-color-5)","background-image":"","background-repeat":"repeat","background-position":"center center","background-size":"auto","background-attachment":"scroll","background-type":"","background-media":"","overlay-type":"","overlay-color":"","overlay-opacity":"","overlay-gradient":""},"mobile":{"background-color":"var(--ast-global-color-5)","background-image":"","background-repeat":"repeat","background-position":"center center","background-size":"auto","background-attachment":"scroll","background-type":"","background-media":"","overlay-type":"","overlay-color":"","overlay-opacity":"","overlay-gradient":""}},"footnotes":""},"class_list":["post-1933","page","type-page","status-publish","hentry"],"_links":{"self":[{"href":"https:\/\/www.satakunnansuunnistus.fi\/uusi\/wp-json\/wp\/v2\/pages\/1933","targetHints":{"allow":["GET"]}}],"collection":[{"href":"https:\/\/www.satakunnansuunnistus.fi\/uusi\/wp-json\/wp\/v2\/pages"}],"about":[{"href":"https:\/\/www.satakunnansuunnistus.fi\/uusi\/wp-json\/wp\/v2\/types\/page"}],"author":[{"embeddable":true,"href":"https:\/\/www.satakunnansuunnistus.fi\/uusi\/wp-json\/wp\/v2\/users\/1"}],"replies":[{"embeddable":true,"href":"https:\/\/www.satakunnansuunnistus.fi\/uusi\/wp-json\/wp\/v2\/comments?post=1933"}],"version-history":[{"count":4,"href":"https:\/\/www.satakunnansuunnistus.fi\/uusi\/wp-json\/wp\/v2\/pages\/1933\/revisions"}],"predecessor-version":[{"id":1938,"href":"https:\/\/www.satakunnansuunnistus.fi\/uusi\/wp-json\/wp\/v2\/pages\/1933\/revisions\/1938"}],"wp:attachment":[{"href":"https:\/\/www.satakunnansuunnistus.fi\/uusi\/wp-json\/wp\/v2\/media?parent=1933"}],"curies":[{"name":"wp","href":"https:\/\/api.w.org\/{rel}","templated":true}]}}