{"id":1908,"date":"2025-12-06T18:54:06","date_gmt":"2025-12-06T18:54:06","guid":{"rendered":"https:\/\/www.satakunnansuunnistus.fi\/uusi\/?page_id=1908"},"modified":"2026-03-17T11:55:14","modified_gmt":"2026-03-17T11:55:14","slug":"wsc","status":"publish","type":"page","link":"https:\/\/www.satakunnansuunnistus.fi\/uusi\/wsc\/","title":{"rendered":"WSC"},"content":{"rendered":"\t\t<div data-elementor-type=\"wp-page\" data-elementor-id=\"1908\" class=\"elementor elementor-1908\">\n\t\t\t\t<div class=\"elementor-element elementor-element-7d13e71 e-flex e-con-boxed e-con e-parent\" data-id=\"7d13e71\" data-element_type=\"container\" data-e-type=\"container\">\n\t\t\t\t\t<div class=\"e-con-inner\">\n\t\t\t\t<div class=\"elementor-element elementor-element-82cc052 elementor-widget elementor-widget-heading\" data-id=\"82cc052\" data-element_type=\"widget\" data-e-type=\"widget\" data-widget_type=\"heading.default\">\n\t\t\t\t<div class=\"elementor-widget-container\">\n\t\t\t\t\t<h2 class=\"elementor-heading-title elementor-size-default\">WSC 2026<\/h2>\t\t\t\t<\/div>\n\t\t\t\t<\/div>\n\t\t\t\t\t<\/div>\n\t\t\t\t<\/div>\n\t\t<div class=\"elementor-element elementor-element-080e4c1 e-flex e-con-boxed e-con e-parent\" data-id=\"080e4c1\" data-element_type=\"container\" data-e-type=\"container\">\n\t\t\t\t\t<div class=\"e-con-inner\">\n\t\t\t\t<div class=\"elementor-element elementor-element-8ec8c5a elementor-widget elementor-widget-text-editor\" data-id=\"8ec8c5a\" data-element_type=\"widget\" data-e-type=\"widget\" data-widget_type=\"text-editor.default\">\n\t\t\t\t<div class=\"elementor-widget-container\">\n\t\t\t\t\t\t\t\t\t<p>Talvikaudella on yleens\u00e4 lunta (ainakin ennen oli) ja hyv\u00e4n suunnistusharjoituksen tekeminen vaikeampaa, sill\u00e4 korkeusk\u00e4yri\u00e4 ei n\u00e4e, mutta edelt\u00e4vien suunnistajien jalan j\u00e4ljet kyll\u00e4kin. Siksi Satakunnassa on j\u00e4rjestetty useita vuosia sprinttisuunnistussarja WSC.<\/p><p>Winter Sprint Cupissa p\u00e4\u00e4see kokeilemaan sprinttisuunnistustaitoja huippuja vastaan, sill\u00e4 ratoja on vain yksi.<\/p><p>WSC:n osakilpailuissa on k\u00e4yt\u00f6ss\u00e4 samana vuonna p\u00e4ivitetty kartta ja ONLINE-tulokset. L\u00e4hd\u00f6t sunnuntaisin klo 11-12 v\u00e4lisen\u00e4 aikana.<\/p><p>WSC:ss\u00e4 lasketaan hyvitykset loppuajasta, jotta vertailu eri-ik\u00e4isten ja sukupuolten v\u00e4lill\u00e4 olisi reilumpaa. Viisi parasta sijoitusta hyvitysten j\u00e4lkeen huomioidaan ja cupin loputtua voittaja kruunaa kotiinsa Majesteetti-kiertopalkinnon.<\/p>\t\t\t\t\t\t\t\t<\/div>\n\t\t\t\t<\/div>\n\t\t\t\t\t<\/div>\n\t\t\t\t<\/div>\n\t\t<div class=\"elementor-element elementor-element-183f557 e-grid e-con-boxed e-con e-parent\" data-id=\"183f557\" data-element_type=\"container\" data-e-type=\"container\">\n\t\t\t\t\t<div class=\"e-con-inner\">\n\t\t\t\t<div class=\"elementor-element elementor-element-0d675b0 elementor-align-center elementor-widget elementor-widget-button\" data-id=\"0d675b0\" data-element_type=\"widget\" data-e-type=\"widget\" data-widget_type=\"button.default\">\n\t\t\t\t<div class=\"elementor-widget-container\">\n\t\t\t\t\t\t\t\t\t<div class=\"elementor-button-wrapper\">\n\t\t\t\t\t<a class=\"elementor-button elementor-button-link elementor-size-sm\" href=\"https:\/\/www.satakunnansuunnistus.fi\/uusi\/wsc-yleiset-ohjeet\/\">\n\t\t\t\t\t\t<span class=\"elementor-button-content-wrapper\">\n\t\t\t\t\t\t\t\t\t<span class=\"elementor-button-text\">WSC-s\u00e4\u00e4nn\u00f6t<\/span>\n\t\t\t\t\t<\/span>\n\t\t\t\t\t<\/a>\n\t\t\t\t<\/div>\n\t\t\t\t\t\t\t\t<\/div>\n\t\t\t\t<\/div>\n\t\t\t\t<div class=\"elementor-element elementor-element-b3aaae7 elementor-align-center elementor-widget elementor-widget-button\" data-id=\"b3aaae7\" data-element_type=\"widget\" data-e-type=\"widget\" data-widget_type=\"button.default\">\n\t\t\t\t<div class=\"elementor-widget-container\">\n\t\t\t\t\t\t\t\t\t<div class=\"elementor-button-wrapper\">\n\t\t\t\t\t<a class=\"elementor-button elementor-button-link elementor-size-sm\" href=\"https:\/\/www.satakunnansuunnistus.fi\/uusi\/wsc-pistetaulukko\/\">\n\t\t\t\t\t\t<span class=\"elementor-button-content-wrapper\">\n\t\t\t\t\t\t\t\t\t<span class=\"elementor-button-text\">WSC-pistetaulukko<\/span>\n\t\t\t\t\t<\/span>\n\t\t\t\t\t<\/a>\n\t\t\t\t<\/div>\n\t\t\t\t\t\t\t\t<\/div>\n\t\t\t\t<\/div>\n\t\t\t\t\t<\/div>\n\t\t\t\t<\/div>\n\t\t<div class=\"elementor-element elementor-element-2941cba e-flex e-con-boxed e-con e-parent\" data-id=\"2941cba\" data-element_type=\"container\" data-e-type=\"container\">\n\t\t\t\t\t<div class=\"e-con-inner\">\n\t\t\t\t<div class=\"elementor-element elementor-element-1fa6156 elementor-widget elementor-widget-heading\" data-id=\"1fa6156\" data-element_type=\"widget\" data-e-type=\"widget\" data-widget_type=\"heading.default\">\n\t\t\t\t<div class=\"elementor-widget-container\">\n\t\t\t\t\t<h3 class=\"elementor-heading-title elementor-size-default\">WSC-tapahtumat 2026<\/h3>\t\t\t\t<\/div>\n\t\t\t\t<\/div>\n\t\t\t\t\t<\/div>\n\t\t\t\t<\/div>\n\t\t<div class=\"elementor-element elementor-element-fcff167 e-flex e-con-boxed e-con e-parent\" data-id=\"fcff167\" data-element_type=\"container\" data-e-type=\"container\">\n\t\t\t\t\t<div class=\"e-con-inner\">\n\t\t\t\t<div class=\"elementor-element elementor-element-79e644b elementor-widget elementor-widget-text-editor\" data-id=\"79e644b\" data-element_type=\"widget\" data-e-type=\"widget\" data-widget_type=\"text-editor.default\">\n\t\t\t\t<div class=\"elementor-widget-container\">\n\t\t\t\t\t\t\t\t\t<p><strong>11.1.2026 \u2014 Osakilpailu 1, Kankaanp\u00e4\u00e4<\/strong><\/p><p>\u00a0<a href=\"https:\/\/navisport.com\/events\/2458a888-7bb5-451d-9b28-e9e956227392\">Tulokset<\/a> \u2014 <a href=\"https:\/\/www.satakunnansuunnistus.fi\/uusi\/wsc26-cuptulokset-1\/\">\u00a0Cup-tulokset <\/a>\u2014 <a href=\"https:\/\/www.kansu.fi\/kilpailut\/kilpailut-2026\/winter-sprint-cup-su-11-1-2026\/\">\u00a0Kisasivut <\/a>\u2014 \u00a0<a href=\"https:\/\/www.livelox.com\/Events\/Show\/177360\/Satakunnan-Winter-Sprint-Cup-2026\">Livelox<\/a>\u00a0<\/p><p><strong>25.1.2026 \u2014 Osakilpailu 2, Rauma<\/strong><\/p><p>\u00a0<a href=\"https:\/\/navisport.com\/events\/c07da243-0034-4646-8d9d-3f0a4071479a\">Tulokset<\/a>\u00a0 \u2014\u00a0 <a href=\"https:\/\/www.satakunnansuunnistus.fi\/uusi\/wsc26-osakilpailu-2\/\">Cup-tulokset<\/a>\u00a0<span style=\"font-size: 1rem;\">\u00a0\u2014<\/span><span style=\"font-style: inherit; font-weight: inherit;\">\u00a0\u00a0<\/span><a style=\"font-style: inherit; font-weight: inherit; background-color: #ffffff;\" href=\"https:\/\/www.rastilukko.fi\/suunnistus\/kilpailut\/wsc-2-25-1-2026\/\">Kisasivut<\/a><span style=\"font-style: inherit; font-weight: inherit;\"> \u2014 \u00a0<\/span><a style=\"font-style: inherit; font-weight: inherit; background-color: #ffffff;\" href=\"https:\/\/www.livelox.com\/Events\/Show\/177396\/WSC-2-Rauma\">Livelox<\/a><span style=\"font-style: inherit; font-weight: inherit;\">\u00a0<\/span><\/p><p><strong>8.2.2026 \u2014 WSC-osakilpailu 3, Harjavalta<\/strong><\/p><p>\u00a0<a href=\"https:\/\/navisport.com\/events\/6e8fead5-5a4c-4d05-9ac2-119605e52588\/results\/45527db3-d0cc-4f32-ac73-c9ff8e30a499\">Tulokset<\/a>\u00a0 \u2014\u00a0 <a href=\"https:\/\/www.satakunnansuunnistus.fi\/uusi\/wsc26-osakilpailu-3\/\">Cup-tulokset<\/a>\u00a0<span style=\"font-size: 1rem;\">\u00a0\u2014<\/span> <a href=\"https:\/\/www.vallansuunta.net\/\">Kisasivut<\/a> \u2014 \u00a0<a href=\"https:\/\/www.livelox.com\/Events\/Show\/178522\/WSC26-Osakilpailu-3-Harjavalta\">Livelox<\/a>\u00a0<\/p><p><strong>22.2.2026 \u2014 WSC-osakilpailu 4, Kiukainen<\/strong><\/p><p>\u00a0<a href=\"https:\/\/navisport.com\/events\/95d1300a-a6fc-4d08-894c-d7a9305b8415\">Tulokset<\/a>\u00a0 \u2014\u00a0 <a href=\"https:\/\/www.satakunnansuunnistus.fi\/uusi\/wsc26-osakilpailu-4\/\">Cup-tulokset<\/a>\u00a0 \u2014 \u00a0<a href=\"https:\/\/www.satakunnansuunnistus.fi\/uusi\/wsc26-kiukainen-kisasivut\/\">Kisasivut<\/a> \u2014 \u00a0<a href=\"https:\/\/www.livelox.com\/Events\/Show\/180229\/Satakunnan-WSC-4-2026-Panelia\">Livelox<\/a>\u00a0<\/p><p><strong>1.3.2026 \u2014 WSC-osakilpailu 5, Eurajoki<\/strong><\/p><p>\u00a0<a href=\"https:\/\/navisport.com\/events\/e8366fd4-5819-40d6-8017-b8bd09163d16\">Tulokset<\/a>\u00a0 \u2014\u00a0\u00a0<a href=\"https:\/\/www.satakunnansuunnistus.fi\/uusi\/wsc26-osakilpailu-5\/\">Cup-tulokset<\/a>\u00a0 \u2014 \u00a0<a href=\"https:\/\/www.satakunnansuunnistus.fi\/uusi\/wsc26-eurajoki-kisasivut\/\">Kisasivut<\/a> \u2014 \u00a0<a href=\"https:\/\/www.livelox.com\/Events\/Show\/180688\/Satakunnan-WSC-5-2026-Eurajoki\">Livelox<\/a>\u00a0<\/p><p><strong>8.3.2026 \u2014 WSC-osakilpailu 6, Lappi TL<\/strong><\/p><p>\u00a0<a href=\"https:\/\/navisport.com\/events\/82aa017a-27d4-4f00-8b3a-e3c3953f8ba8\">Tulokset<\/a>\u00a0 \u2014\u00a0\u00a0<a href=\"https:\/\/www.satakunnansuunnistus.fi\/uusi\/wsc26-osakilpailu-6\/\">Cup-tulokset<\/a>\u00a0 \u2014\u00a0<a href=\"https:\/\/www.satakunnansuunnistus.fi\/uusi\/wsc26-lappi-kisasivut\/\">Kisasivut<\/a>\u00a0\u2014 \u00a0<a href=\"https:\/\/www.livelox.com\/Events\/Show\/181255\/Satakunnan-WSC-6-2026-Lappi-TL\">Livelox<\/a>\u00a0<\/p><p><strong>15.3.2026 \u2014 WSC-osakilpailu 7, Pori<\/strong><\/p><p>\u00a0<a href=\"https:\/\/navisport.com\/events\/3cae3b9f-d242-4376-92ea-7925e776201c\">Tulokset<\/a>\u00a0 \u2014\u00a0\u00a0<a href=\"https:\/\/www.satakunnansuunnistus.fi\/uusi\/wsc26-osakilpailu-7\/\">Cup-tulokset<\/a>\u00a0 \u2014\u00a0<a href=\"https:\/\/www.rastikarhut.fi\/seura\/tiedostot\/WinterSprintCup2026Pori.pdf\">Kisasivut<\/a>\u00a0\u2014 \u00a0<a href=\"https:\/\/www.livelox.com\/Events\/Show\/181833\/Satakunnan-Winter-Sprint-Cup-7-2026-15-3-2026-Pori\">Livelox<\/a>\u00a0<\/p>\t\t\t\t\t\t\t\t<\/div>\n\t\t\t\t<\/div>\n\t\t\t\t\t<\/div>\n\t\t\t\t<\/div>\n\t\t<div class=\"elementor-element elementor-element-9ce3f92 e-flex e-con-boxed e-con e-parent\" data-id=\"9ce3f92\" data-element_type=\"container\" data-e-type=\"container\">\n\t\t\t\t\t<div class=\"e-con-inner\">\n\t\t\t\t<div class=\"elementor-element elementor-element-7ac73b1 elementor-widget elementor-widget-heading\" data-id=\"7ac73b1\" data-element_type=\"widget\" data-e-type=\"widget\" data-widget_type=\"heading.default\">\n\t\t\t\t<div class=\"elementor-widget-container\">\n\t\t\t\t\t<h3 class=\"elementor-heading-title elementor-size-default\">Aikaisemmat WSC-tapahtumat<\/h3>\t\t\t\t<\/div>\n\t\t\t\t<\/div>\n\t\t\t\t\t<\/div>\n\t\t\t\t<\/div>\n\t\t<div class=\"elementor-element elementor-element-baae5ca e-flex e-con-boxed e-con e-parent\" data-id=\"baae5ca\" data-element_type=\"container\" data-e-type=\"container\">\n\t\t\t\t\t<div class=\"e-con-inner\">\n\t\t\t\t<div class=\"elementor-element elementor-element-8f6375d elementor-align-center elementor-widget elementor-widget-button\" data-id=\"8f6375d\" data-element_type=\"widget\" data-e-type=\"widget\" data-widget_type=\"button.default\">\n\t\t\t\t<div class=\"elementor-widget-container\">\n\t\t\t\t\t\t\t\t\t<div class=\"elementor-button-wrapper\">\n\t\t\t\t\t<a class=\"elementor-button elementor-button-link elementor-size-sm\" href=\"#\">\n\t\t\t\t\t\t<span class=\"elementor-button-content-wrapper\">\n\t\t\t\t\t\t\t\t\t<span class=\"elementor-button-text\">2013-2025<\/span>\n\t\t\t\t\t<\/span>\n\t\t\t\t\t<\/a>\n\t\t\t\t<\/div>\n\t\t\t\t\t\t\t\t<\/div>\n\t\t\t\t<\/div>\n\t\t\t\t\t<\/div>\n\t\t\t\t<\/div>\n\t\t\t\t<\/div>\n\t\t","protected":false},"excerpt":{"rendered":"<p>WSC 2026 Talvikaudella on yleens\u00e4 lunta (ainakin ennen oli) ja hyv\u00e4n suunnistusharjoituksen tekeminen vaikeampaa, sill\u00e4 korkeusk\u00e4yri\u00e4 ei n\u00e4e, mutta edelt\u00e4vien suunnistajien jalan j\u00e4ljet kyll\u00e4kin. Siksi Satakunnassa on j\u00e4rjestetty useita vuosia sprinttisuunnistussarja WSC. Winter Sprint Cupissa p\u00e4\u00e4see kokeilemaan sprinttisuunnistustaitoja huippuja vastaan, sill\u00e4 ratoja on vain yksi. WSC:n osakilpailuissa on k\u00e4yt\u00f6ss\u00e4 samana vuonna p\u00e4ivitetty kartta ja ONLINE-tulokset. [&hellip;]<\/p>\n","protected":false},"author":1,"featured_media":0,"parent":0,"menu_order":0,"comment_status":"closed","ping_status":"closed","template":"","meta":{"site-sidebar-layout":"no-sidebar","site-content-layout":"page-builder","ast-site-content-layout":"full-width-container","site-content-style":"default","site-sidebar-style":"default","ast-global-header-display":"","ast-banner-title-visibility":"","ast-main-header-display":"","ast-hfb-above-header-display":"","ast-hfb-below-header-display":"","ast-hfb-mobile-header-display":"","site-post-title":"disabled","ast-breadcrumbs-content":"","ast-featured-img":"disabled","footer-sml-layout":"","ast-disable-related-posts":"","theme-transparent-header-meta":"","adv-header-id-meta":"","stick-header-meta":"","header-above-stick-meta":"","header-main-stick-meta":"","header-below-stick-meta":"","astra-migrate-meta-layouts":"set","ast-page-background-enabled":"default","ast-page-background-meta":{"desktop":{"background-color":"var(--ast-global-color-4)","background-image":"","background-repeat":"repeat","background-position":"center center","background-size":"auto","background-attachment":"scroll","background-type":"","background-media":"","overlay-type":"","overlay-color":"","overlay-opacity":"","overlay-gradient":""},"tablet":{"background-color":"","background-image":"","background-repeat":"repeat","background-position":"center center","background-size":"auto","background-attachment":"scroll","background-type":"","background-media":"","overlay-type":"","overlay-color":"","overlay-opacity":"","overlay-gradient":""},"mobile":{"background-color":"","background-image":"","background-repeat":"repeat","background-position":"center center","background-size":"auto","background-attachment":"scroll","background-type":"","background-media":"","overlay-type":"","overlay-color":"","overlay-opacity":"","overlay-gradient":""}},"ast-content-background-meta":{"desktop":{"background-color":"var(--ast-global-color-5)","background-image":"","background-repeat":"repeat","background-position":"center center","background-size":"auto","background-attachment":"scroll","background-type":"","background-media":"","overlay-type":"","overlay-color":"","overlay-opacity":"","overlay-gradient":""},"tablet":{"background-color":"var(--ast-global-color-5)","background-image":"","background-repeat":"repeat","background-position":"center center","background-size":"auto","background-attachment":"scroll","background-type":"","background-media":"","overlay-type":"","overlay-color":"","overlay-opacity":"","overlay-gradient":""},"mobile":{"background-color":"var(--ast-global-color-5)","background-image":"","background-repeat":"repeat","background-position":"center center","background-size":"auto","background-attachment":"scroll","background-type":"","background-media":"","overlay-type":"","overlay-color":"","overlay-opacity":"","overlay-gradient":""}},"footnotes":""},"class_list":["post-1908","page","type-page","status-publish","hentry"],"_links":{"self":[{"href":"https:\/\/www.satakunnansuunnistus.fi\/uusi\/wp-json\/wp\/v2\/pages\/1908","targetHints":{"allow":["GET"]}}],"collection":[{"href":"https:\/\/www.satakunnansuunnistus.fi\/uusi\/wp-json\/wp\/v2\/pages"}],"about":[{"href":"https:\/\/www.satakunnansuunnistus.fi\/uusi\/wp-json\/wp\/v2\/types\/page"}],"author":[{"embeddable":true,"href":"https:\/\/www.satakunnansuunnistus.fi\/uusi\/wp-json\/wp\/v2\/users\/1"}],"replies":[{"embeddable":true,"href":"https:\/\/www.satakunnansuunnistus.fi\/uusi\/wp-json\/wp\/v2\/comments?post=1908"}],"version-history":[{"count":73,"href":"https:\/\/www.satakunnansuunnistus.fi\/uusi\/wp-json\/wp\/v2\/pages\/1908\/revisions"}],"predecessor-version":[{"id":2471,"href":"https:\/\/www.satakunnansuunnistus.fi\/uusi\/wp-json\/wp\/v2\/pages\/1908\/revisions\/2471"}],"wp:attachment":[{"href":"https:\/\/www.satakunnansuunnistus.fi\/uusi\/wp-json\/wp\/v2\/media?parent=1908"}],"curies":[{"name":"wp","href":"https:\/\/api.w.org\/{rel}","templated":true}]}}