{"id":1894,"date":"2025-12-06T18:18:41","date_gmt":"2025-12-06T18:18:41","guid":{"rendered":"https:\/\/www.satakunnansuunnistus.fi\/uusi\/?page_id=1894"},"modified":"2026-04-18T04:40:31","modified_gmt":"2026-04-18T04:40:31","slug":"oravacup","status":"publish","type":"page","link":"https:\/\/www.satakunnansuunnistus.fi\/uusi\/oravacup\/","title":{"rendered":"Oravacup"},"content":{"rendered":"\t\t<div data-elementor-type=\"wp-page\" data-elementor-id=\"1894\" class=\"elementor elementor-1894\">\n\t\t\t\t<div class=\"elementor-element elementor-element-ed91377 e-flex e-con-boxed e-con e-parent\" data-id=\"ed91377\" data-element_type=\"container\" data-e-type=\"container\">\n\t\t\t\t\t<div class=\"e-con-inner\">\n\t\t\t\t<div class=\"elementor-element elementor-element-4565e5b elementor-widget elementor-widget-heading\" data-id=\"4565e5b\" data-element_type=\"widget\" data-e-type=\"widget\" data-widget_type=\"heading.default\">\n\t\t\t\t<div class=\"elementor-widget-container\">\n\t\t\t\t\t<h2 class=\"elementor-heading-title elementor-size-default\">Oravacup 2026<\/h2>\t\t\t\t<\/div>\n\t\t\t\t<\/div>\n\t\t\t\t\t<\/div>\n\t\t\t\t<\/div>\n\t\t<div class=\"elementor-element elementor-element-89474c6 e-flex e-con-boxed e-con e-parent\" data-id=\"89474c6\" data-element_type=\"container\" data-e-type=\"container\">\n\t\t\t\t\t<div class=\"e-con-inner\">\n\t\t\t\t<div class=\"elementor-element elementor-element-9c6429d elementor-widget elementor-widget-text-editor\" data-id=\"9c6429d\" data-element_type=\"widget\" data-e-type=\"widget\" data-widget_type=\"text-editor.default\">\n\t\t\t\t<div class=\"elementor-widget-container\">\n\t\t\t\t\t\t\t\t\t<p>Satakunnassa on jo useita vuosia j\u00e4rjestetty lapsille ja nuorille Oravacup.<\/p><p>Oravacupissa p\u00e4\u00e4see tutustumaan suunnistuskavereihin ymp\u00e4ri Satakuntaa. Maasto on valittu ja radat suunniteltu lapsia ja nuoria ajatellen.<\/p><p>Oravacupin osakilpailuissa on k\u00e4yt\u00f6ss\u00e4 samana vuonna p\u00e4ivitetty kartta ja ONLINE-tulokset. Joissain tapahtumissa on k\u00e4yt\u00f6ss\u00e4 vapaat l\u00e4ht\u00f6ajat ja joissain tapahtumissa l\u00e4hdet\u00e4\u00e4n l\u00e4ht\u00f6aikojen perusteella.<\/p><p>Oravacupiin osallistuaksesi et tarvitse Suunnistusliiton lisenssi\u00e4, joten riitt\u00e4\u00e4, kun ilmoittaudut tapahtumaan ajoissa, parisarjoihin voi ilmoittautua my\u00f6s paikan p\u00e4\u00e4ll\u00e4.<\/p><p>Oravacup-suorituksista saa osallistumismerkinn\u00e4n ja v\u00e4hint\u00e4\u00e4n 5 tapahtumaan osallistuneet, saavat Oravacup-osallistumismitalin!<\/p>\t\t\t\t\t\t\t\t<\/div>\n\t\t\t\t<\/div>\n\t\t<div class=\"elementor-element elementor-element-45cd7f3 e-grid e-con-full e-con e-child\" data-id=\"45cd7f3\" data-element_type=\"container\" data-e-type=\"container\">\n\t\t\t\t<div class=\"elementor-element elementor-element-b58776d elementor-align-center elementor-widget elementor-widget-button\" data-id=\"b58776d\" data-element_type=\"widget\" data-e-type=\"widget\" data-widget_type=\"button.default\">\n\t\t\t\t<div class=\"elementor-widget-container\">\n\t\t\t\t\t\t\t\t\t<div class=\"elementor-button-wrapper\">\n\t\t\t\t\t<a class=\"elementor-button elementor-button-link elementor-size-sm\" href=\"https:\/\/www.satakunnansuunnistus.fi\/?page_id=149\">\n\t\t\t\t\t\t<span class=\"elementor-button-content-wrapper\">\n\t\t\t\t\t\t\t\t\t<span class=\"elementor-button-text\">Oravacup-s\u00e4\u00e4nn\u00f6t 2025<\/span>\n\t\t\t\t\t<\/span>\n\t\t\t\t\t<\/a>\n\t\t\t\t<\/div>\n\t\t\t\t\t\t\t\t<\/div>\n\t\t\t\t<\/div>\n\t\t\t\t<div class=\"elementor-element elementor-element-0577ddf elementor-align-center elementor-widget elementor-widget-button\" data-id=\"0577ddf\" data-element_type=\"widget\" data-e-type=\"widget\" data-widget_type=\"button.default\">\n\t\t\t\t<div class=\"elementor-widget-container\">\n\t\t\t\t\t\t\t\t\t<div class=\"elementor-button-wrapper\">\n\t\t\t\t\t<a class=\"elementor-button elementor-button-link elementor-size-sm\" href=\"https:\/\/www.satakunnansuunnistus.fi\/uusi\/oravacup-pistetaulukko\/\">\n\t\t\t\t\t\t<span class=\"elementor-button-content-wrapper\">\n\t\t\t\t\t\t\t\t\t<span class=\"elementor-button-text\">Oravacup-pistetaulukko<\/span>\n\t\t\t\t\t<\/span>\n\t\t\t\t\t<\/a>\n\t\t\t\t<\/div>\n\t\t\t\t\t\t\t\t<\/div>\n\t\t\t\t<\/div>\n\t\t\t\t<\/div>\n\t\t\t\t\t<\/div>\n\t\t\t\t<\/div>\n\t\t<div class=\"elementor-element elementor-element-a7756e0 e-flex e-con-boxed e-con e-parent\" data-id=\"a7756e0\" data-element_type=\"container\" data-e-type=\"container\">\n\t\t\t\t\t<div class=\"e-con-inner\">\n\t\t\t\t<div class=\"elementor-element elementor-element-2996f61 elementor-widget elementor-widget-heading\" data-id=\"2996f61\" data-element_type=\"widget\" data-e-type=\"widget\" data-widget_type=\"heading.default\">\n\t\t\t\t<div class=\"elementor-widget-container\">\n\t\t\t\t\t<h3 class=\"elementor-heading-title elementor-size-default\">Oravacup-tapahtumat 2026<\/h3>\t\t\t\t<\/div>\n\t\t\t\t<\/div>\n\t\t\t\t\t<\/div>\n\t\t\t\t<\/div>\n\t\t<div class=\"elementor-element elementor-element-4689ac3 e-flex e-con-boxed e-con e-parent\" data-id=\"4689ac3\" data-element_type=\"container\" data-e-type=\"container\">\n\t\t\t\t\t<div class=\"e-con-inner\">\n\t\t\t\t<div class=\"elementor-element elementor-element-4b9b4df elementor-widget elementor-widget-text-editor\" data-id=\"4b9b4df\" data-element_type=\"widget\" data-e-type=\"widget\" data-widget_type=\"text-editor.default\">\n\t\t\t\t<div class=\"elementor-widget-container\">\n\t\t\t\t\t\t\t\t\t<p>Haku Oravacup -tapahtumiin vuodelle 2026 avataan 1.1.2026 ja se p\u00e4\u00e4ttyy 1.2.2026.<\/p><p>Tapahtumiin haetaan laittamalla viesti\u00e4 Kimmo Mieskoskelle, 045-676 6891.<\/p><p><strong>18.4.2026 &#8212; Oravacupin leirip\u00e4iv\u00e4, Harjavalta<\/strong><\/p><p>\u00a0<a href=\"https:\/\/navisport.com\/events\/f32413ab-3172-444c-b685-dd62c1ed0a6c\">Tulokset<\/a> &#8212; \u00a0Kisasivut &#8212; \u00a0<a href=\"https:\/\/www.satakunnansuunnistus.fi\/uusi\/lasten-ja-nuorten-leiripaiva-18-4-2026\/\">Leirikutsu ja ilmoittautuminen<\/a>\u00a0<\/p><p><strong>6.5.2026 &#8212; Osakilpailu 1, Pori<\/strong><\/p><p>\u00a0Ilmoittaudu\u00a0 &#8212; Tulokset &#8212; \u00a0<a href=\"https:\/\/www.rastikarhut.fi\/seura\/controller\/runko.php?kisaweb&amp;kisaID=1940&amp;kisannimi=Oravacup&amp;vuosi=2026\">Kisasivut<\/a> &#8212; \u00a0Livelox\u00a0<\/p><p><strong>13.5.2026 &#8212; Osakilpailu 2, Ulvila<\/strong><\/p><p>\u00a0Ilmoittaudu\u00a0 &#8212; Tulokset &#8212; \u00a0Kisasivut &#8212; \u00a0Livelox\u00a0<\/p><p><strong>20.5.2026 &#8212; Osakilpailu 3, Harjavalta<\/strong><\/p><p>\u00a0Ilmoittaudu\u00a0 &#8212; Tulokset &#8212; \u00a0Kisasivut &#8212;\u00a0 Livelox\u00a0<\/p><p><strong>17.6.2026 &#8212; Osakilpailu 4, Kankaanp\u00e4\u00e4<\/strong><\/p><p>\u00a0Ilmoittaudu\u00a0 &#8212; Tulokset &#8212; \u00a0Kisasivut &#8212; \u00a0Livelox\u00a0<\/p><p><strong>12.8.2026 &#8212; Osakilpailu 5, Sastamala<\/strong><\/p><p>\u00a0Ilmoittaudu\u00a0 &#8212; Tulokset &#8212; \u00a0Kisasivut &#8212; \u00a0Livelox\u00a0<\/p><p><strong>19.8.2026 &#8212; Osakilpailu 6, Kiukainen<\/strong><\/p><p>\u00a0Ilmoittaudu\u00a0 &#8212; Tulokset &#8212; \u00a0Kisasivut &#8212; \u00a0Livelox\u00a0<\/p><p><strong>26.8.2026 &#8212; Osakilpailu 7, Huittinen<\/strong><\/p><p>\u00a0Ilmoittaudu\u00a0 &#8212; Tulokset &#8212; \u00a0Kisasivut &#8212; \u00a0Livelox\u00a0<\/p><p><strong>2.9.2026 &#8212; Osakilpailu 8, Rauma<\/strong><\/p><p>\u00a0Ilmoittaudu\u00a0 &#8212; Tulokset &#8212; \u00a0Kisasivut &#8212; \u00a0Livelox\u00a0<\/p>\t\t\t\t\t\t\t\t<\/div>\n\t\t\t\t<\/div>\n\t\t\t\t\t<\/div>\n\t\t\t\t<\/div>\n\t\t<div class=\"elementor-element elementor-element-5edc300 e-flex e-con-boxed e-con e-parent\" data-id=\"5edc300\" data-element_type=\"container\" data-e-type=\"container\">\n\t\t\t\t\t<div class=\"e-con-inner\">\n\t\t\t\t<div class=\"elementor-element elementor-element-beec390 elementor-widget elementor-widget-heading\" data-id=\"beec390\" data-element_type=\"widget\" data-e-type=\"widget\" data-widget_type=\"heading.default\">\n\t\t\t\t<div class=\"elementor-widget-container\">\n\t\t\t\t\t<h3 class=\"elementor-heading-title elementor-size-default\">Aikaisemmat Oravacup-tapahtumat<\/h3>\t\t\t\t<\/div>\n\t\t\t\t<\/div>\n\t\t\t\t\t<\/div>\n\t\t\t\t<\/div>\n\t\t<div class=\"elementor-element elementor-element-d7b54a1 e-grid e-con-full e-con e-parent\" data-id=\"d7b54a1\" data-element_type=\"container\" data-e-type=\"container\">\n\t\t\t\t<div class=\"elementor-element elementor-element-e2808a8 elementor-align-center elementor-widget elementor-widget-button\" data-id=\"e2808a8\" data-element_type=\"widget\" data-e-type=\"widget\" data-widget_type=\"button.default\">\n\t\t\t\t<div class=\"elementor-widget-container\">\n\t\t\t\t\t\t\t\t\t<div class=\"elementor-button-wrapper\">\n\t\t\t\t\t<a class=\"elementor-button elementor-button-link elementor-size-sm\" href=\"https:\/\/www.satakunnansuunnistus.fi\/?page_id=145\">\n\t\t\t\t\t\t<span class=\"elementor-button-content-wrapper\">\n\t\t\t\t\t\t\t\t\t<span class=\"elementor-button-text\">2025<\/span>\n\t\t\t\t\t<\/span>\n\t\t\t\t\t<\/a>\n\t\t\t\t<\/div>\n\t\t\t\t\t\t\t\t<\/div>\n\t\t\t\t<\/div>\n\t\t\t\t<div class=\"elementor-element elementor-element-d6d34a1 elementor-align-center elementor-widget elementor-widget-button\" data-id=\"d6d34a1\" data-element_type=\"widget\" data-e-type=\"widget\" data-widget_type=\"button.default\">\n\t\t\t\t<div class=\"elementor-widget-container\">\n\t\t\t\t\t\t\t\t\t<div class=\"elementor-button-wrapper\">\n\t\t\t\t\t<a class=\"elementor-button elementor-button-link elementor-size-sm\" href=\"https:\/\/www.satakunnansuunnistus.fi\/?page_id=4943\">\n\t\t\t\t\t\t<span class=\"elementor-button-content-wrapper\">\n\t\t\t\t\t\t\t\t\t<span class=\"elementor-button-text\">2024<\/span>\n\t\t\t\t\t<\/span>\n\t\t\t\t\t<\/a>\n\t\t\t\t<\/div>\n\t\t\t\t\t\t\t\t<\/div>\n\t\t\t\t<\/div>\n\t\t\t\t<div class=\"elementor-element elementor-element-de23863 elementor-align-center elementor-widget elementor-widget-button\" data-id=\"de23863\" data-element_type=\"widget\" data-e-type=\"widget\" data-widget_type=\"button.default\">\n\t\t\t\t<div class=\"elementor-widget-container\">\n\t\t\t\t\t\t\t\t\t<div class=\"elementor-button-wrapper\">\n\t\t\t\t\t<a class=\"elementor-button elementor-button-link elementor-size-sm\" href=\"https:\/\/www.satakunnansuunnistus.fi\/?page_id=4550\">\n\t\t\t\t\t\t<span class=\"elementor-button-content-wrapper\">\n\t\t\t\t\t\t\t\t\t<span class=\"elementor-button-text\">2023<\/span>\n\t\t\t\t\t<\/span>\n\t\t\t\t\t<\/a>\n\t\t\t\t<\/div>\n\t\t\t\t\t\t\t\t<\/div>\n\t\t\t\t<\/div>\n\t\t\t\t<div class=\"elementor-element elementor-element-f164cbf elementor-align-center elementor-widget elementor-widget-button\" data-id=\"f164cbf\" data-element_type=\"widget\" data-e-type=\"widget\" data-widget_type=\"button.default\">\n\t\t\t\t<div class=\"elementor-widget-container\">\n\t\t\t\t\t\t\t\t\t<div class=\"elementor-button-wrapper\">\n\t\t\t\t\t<a class=\"elementor-button elementor-button-link elementor-size-sm\" href=\"https:\/\/www.satakunnansuunnistus.fi\/?page_id=4196\">\n\t\t\t\t\t\t<span class=\"elementor-button-content-wrapper\">\n\t\t\t\t\t\t\t\t\t<span class=\"elementor-button-text\">2022<\/span>\n\t\t\t\t\t<\/span>\n\t\t\t\t\t<\/a>\n\t\t\t\t<\/div>\n\t\t\t\t\t\t\t\t<\/div>\n\t\t\t\t<\/div>\n\t\t\t\t<div class=\"elementor-element elementor-element-93a7d5d elementor-align-center elementor-widget elementor-widget-button\" data-id=\"93a7d5d\" data-element_type=\"widget\" data-e-type=\"widget\" data-widget_type=\"button.default\">\n\t\t\t\t<div class=\"elementor-widget-container\">\n\t\t\t\t\t\t\t\t\t<div class=\"elementor-button-wrapper\">\n\t\t\t\t\t<a class=\"elementor-button elementor-button-link elementor-size-sm\" href=\"https:\/\/www.satakunnansuunnistus.fi\/?page_id=3924\">\n\t\t\t\t\t\t<span class=\"elementor-button-content-wrapper\">\n\t\t\t\t\t\t\t\t\t<span class=\"elementor-button-text\">2021<\/span>\n\t\t\t\t\t<\/span>\n\t\t\t\t\t<\/a>\n\t\t\t\t<\/div>\n\t\t\t\t\t\t\t\t<\/div>\n\t\t\t\t<\/div>\n\t\t\t\t<div class=\"elementor-element elementor-element-3b1b404 elementor-align-center elementor-widget elementor-widget-button\" data-id=\"3b1b404\" data-element_type=\"widget\" data-e-type=\"widget\" data-widget_type=\"button.default\">\n\t\t\t\t<div class=\"elementor-widget-container\">\n\t\t\t\t\t\t\t\t\t<div class=\"elementor-button-wrapper\">\n\t\t\t\t\t<a class=\"elementor-button elementor-button-link elementor-size-sm\" href=\"https:\/\/www.satakunnansuunnistus.fi\/?page_id=3662\">\n\t\t\t\t\t\t<span class=\"elementor-button-content-wrapper\">\n\t\t\t\t\t\t\t\t\t<span class=\"elementor-button-text\">2020<\/span>\n\t\t\t\t\t<\/span>\n\t\t\t\t\t<\/a>\n\t\t\t\t<\/div>\n\t\t\t\t\t\t\t\t<\/div>\n\t\t\t\t<\/div>\n\t\t\t\t<div class=\"elementor-element elementor-element-0a945f8 elementor-align-center elementor-widget elementor-widget-button\" data-id=\"0a945f8\" data-element_type=\"widget\" data-e-type=\"widget\" data-widget_type=\"button.default\">\n\t\t\t\t<div class=\"elementor-widget-container\">\n\t\t\t\t\t\t\t\t\t<div class=\"elementor-button-wrapper\">\n\t\t\t\t\t<a class=\"elementor-button elementor-button-link elementor-size-sm\" href=\"https:\/\/www.satakunnansuunnistus.fi\/?page_id=3396\">\n\t\t\t\t\t\t<span class=\"elementor-button-content-wrapper\">\n\t\t\t\t\t\t\t\t\t<span class=\"elementor-button-text\">2019<\/span>\n\t\t\t\t\t<\/span>\n\t\t\t\t\t<\/a>\n\t\t\t\t<\/div>\n\t\t\t\t\t\t\t\t<\/div>\n\t\t\t\t<\/div>\n\t\t\t\t<div class=\"elementor-element elementor-element-7ab1cd9 elementor-align-center elementor-widget elementor-widget-button\" data-id=\"7ab1cd9\" data-element_type=\"widget\" data-e-type=\"widget\" data-widget_type=\"button.default\">\n\t\t\t\t<div class=\"elementor-widget-container\">\n\t\t\t\t\t\t\t\t\t<div class=\"elementor-button-wrapper\">\n\t\t\t\t\t<a class=\"elementor-button elementor-button-link elementor-size-sm\" href=\"https:\/\/www.satakunnansuunnistus.fi\/?page_id=3087\">\n\t\t\t\t\t\t<span class=\"elementor-button-content-wrapper\">\n\t\t\t\t\t\t\t\t\t<span class=\"elementor-button-text\">2018<\/span>\n\t\t\t\t\t<\/span>\n\t\t\t\t\t<\/a>\n\t\t\t\t<\/div>\n\t\t\t\t\t\t\t\t<\/div>\n\t\t\t\t<\/div>\n\t\t\t\t<div class=\"elementor-element elementor-element-16dba77 elementor-align-center elementor-widget elementor-widget-button\" data-id=\"16dba77\" data-element_type=\"widget\" data-e-type=\"widget\" data-widget_type=\"button.default\">\n\t\t\t\t<div class=\"elementor-widget-container\">\n\t\t\t\t\t\t\t\t\t<div class=\"elementor-button-wrapper\">\n\t\t\t\t\t<a class=\"elementor-button elementor-button-link elementor-size-sm\" href=\"https:\/\/www.satakunnansuunnistus.fi\/?page_id=2626\">\n\t\t\t\t\t\t<span class=\"elementor-button-content-wrapper\">\n\t\t\t\t\t\t\t\t\t<span class=\"elementor-button-text\">2017<\/span>\n\t\t\t\t\t<\/span>\n\t\t\t\t\t<\/a>\n\t\t\t\t<\/div>\n\t\t\t\t\t\t\t\t<\/div>\n\t\t\t\t<\/div>\n\t\t\t\t<div class=\"elementor-element elementor-element-82ce96d elementor-align-center elementor-widget elementor-widget-button\" data-id=\"82ce96d\" data-element_type=\"widget\" data-e-type=\"widget\" data-widget_type=\"button.default\">\n\t\t\t\t<div class=\"elementor-widget-container\">\n\t\t\t\t\t\t\t\t\t<div class=\"elementor-button-wrapper\">\n\t\t\t\t\t<a class=\"elementor-button elementor-button-link elementor-size-sm\" href=\"https:\/\/www.satakunnansuunnistus.fi\/?page_id=2029\">\n\t\t\t\t\t\t<span class=\"elementor-button-content-wrapper\">\n\t\t\t\t\t\t\t\t\t<span class=\"elementor-button-text\">2016<\/span>\n\t\t\t\t\t<\/span>\n\t\t\t\t\t<\/a>\n\t\t\t\t<\/div>\n\t\t\t\t\t\t\t\t<\/div>\n\t\t\t\t<\/div>\n\t\t\t\t<div class=\"elementor-element elementor-element-8174e11 elementor-align-center elementor-widget elementor-widget-button\" data-id=\"8174e11\" data-element_type=\"widget\" data-e-type=\"widget\" data-widget_type=\"button.default\">\n\t\t\t\t<div class=\"elementor-widget-container\">\n\t\t\t\t\t\t\t\t\t<div class=\"elementor-button-wrapper\">\n\t\t\t\t\t<a class=\"elementor-button elementor-button-link elementor-size-sm\" href=\"https:\/\/www.satakunnansuunnistus.fi\/?page_id=1623\">\n\t\t\t\t\t\t<span class=\"elementor-button-content-wrapper\">\n\t\t\t\t\t\t\t\t\t<span class=\"elementor-button-text\">2015<\/span>\n\t\t\t\t\t<\/span>\n\t\t\t\t\t<\/a>\n\t\t\t\t<\/div>\n\t\t\t\t\t\t\t\t<\/div>\n\t\t\t\t<\/div>\n\t\t\t\t<div class=\"elementor-element elementor-element-3cad5a8 elementor-align-center elementor-widget elementor-widget-button\" data-id=\"3cad5a8\" data-element_type=\"widget\" data-e-type=\"widget\" data-widget_type=\"button.default\">\n\t\t\t\t<div class=\"elementor-widget-container\">\n\t\t\t\t\t\t\t\t\t<div class=\"elementor-button-wrapper\">\n\t\t\t\t\t<a class=\"elementor-button elementor-button-link elementor-size-sm\" href=\"https:\/\/www.satakunnansuunnistus.fi\/?page_id=995\">\n\t\t\t\t\t\t<span class=\"elementor-button-content-wrapper\">\n\t\t\t\t\t\t\t\t\t<span class=\"elementor-button-text\">2014<\/span>\n\t\t\t\t\t<\/span>\n\t\t\t\t\t<\/a>\n\t\t\t\t<\/div>\n\t\t\t\t\t\t\t\t<\/div>\n\t\t\t\t<\/div>\n\t\t\t\t<\/div>\n\t\t\t\t<\/div>\n\t\t","protected":false},"excerpt":{"rendered":"<p>Oravacup 2026 Satakunnassa on jo useita vuosia j\u00e4rjestetty lapsille ja nuorille Oravacup. Oravacupissa p\u00e4\u00e4see tutustumaan suunnistuskavereihin ymp\u00e4ri Satakuntaa. Maasto on valittu ja radat suunniteltu lapsia ja nuoria ajatellen. Oravacupin osakilpailuissa on k\u00e4yt\u00f6ss\u00e4 samana vuonna p\u00e4ivitetty kartta ja ONLINE-tulokset. Joissain tapahtumissa on k\u00e4yt\u00f6ss\u00e4 vapaat l\u00e4ht\u00f6ajat ja joissain tapahtumissa l\u00e4hdet\u00e4\u00e4n l\u00e4ht\u00f6aikojen perusteella. Oravacupiin osallistuaksesi et tarvitse Suunnistusliiton [&hellip;]<\/p>\n","protected":false},"author":1,"featured_media":0,"parent":0,"menu_order":0,"comment_status":"closed","ping_status":"closed","template":"","meta":{"site-sidebar-layout":"no-sidebar","site-content-layout":"page-builder","ast-site-content-layout":"full-width-container","site-content-style":"default","site-sidebar-style":"default","ast-global-header-display":"","ast-banner-title-visibility":"","ast-main-header-display":"","ast-hfb-above-header-display":"","ast-hfb-below-header-display":"","ast-hfb-mobile-header-display":"","site-post-title":"disabled","ast-breadcrumbs-content":"","ast-featured-img":"disabled","footer-sml-layout":"","ast-disable-related-posts":"","theme-transparent-header-meta":"","adv-header-id-meta":"","stick-header-meta":"","header-above-stick-meta":"","header-main-stick-meta":"","header-below-stick-meta":"","astra-migrate-meta-layouts":"set","ast-page-background-enabled":"default","ast-page-background-meta":{"desktop":{"background-color":"var(--ast-global-color-4)","background-image":"","background-repeat":"repeat","background-position":"center center","background-size":"auto","background-attachment":"scroll","background-type":"","background-media":"","overlay-type":"","overlay-color":"","overlay-opacity":"","overlay-gradient":""},"tablet":{"background-color":"","background-image":"","background-repeat":"repeat","background-position":"center center","background-size":"auto","background-attachment":"scroll","background-type":"","background-media":"","overlay-type":"","overlay-color":"","overlay-opacity":"","overlay-gradient":""},"mobile":{"background-color":"","background-image":"","background-repeat":"repeat","background-position":"center center","background-size":"auto","background-attachment":"scroll","background-type":"","background-media":"","overlay-type":"","overlay-color":"","overlay-opacity":"","overlay-gradient":""}},"ast-content-background-meta":{"desktop":{"background-color":"var(--ast-global-color-5)","background-image":"","background-repeat":"repeat","background-position":"center center","background-size":"auto","background-attachment":"scroll","background-type":"","background-media":"","overlay-type":"","overlay-color":"","overlay-opacity":"","overlay-gradient":""},"tablet":{"background-color":"var(--ast-global-color-5)","background-image":"","background-repeat":"repeat","background-position":"center center","background-size":"auto","background-attachment":"scroll","background-type":"","background-media":"","overlay-type":"","overlay-color":"","overlay-opacity":"","overlay-gradient":""},"mobile":{"background-color":"var(--ast-global-color-5)","background-image":"","background-repeat":"repeat","background-position":"center center","background-size":"auto","background-attachment":"scroll","background-type":"","background-media":"","overlay-type":"","overlay-color":"","overlay-opacity":"","overlay-gradient":""}},"footnotes":""},"class_list":["post-1894","page","type-page","status-publish","hentry"],"_links":{"self":[{"href":"https:\/\/www.satakunnansuunnistus.fi\/uusi\/wp-json\/wp\/v2\/pages\/1894","targetHints":{"allow":["GET"]}}],"collection":[{"href":"https:\/\/www.satakunnansuunnistus.fi\/uusi\/wp-json\/wp\/v2\/pages"}],"about":[{"href":"https:\/\/www.satakunnansuunnistus.fi\/uusi\/wp-json\/wp\/v2\/types\/page"}],"author":[{"embeddable":true,"href":"https:\/\/www.satakunnansuunnistus.fi\/uusi\/wp-json\/wp\/v2\/users\/1"}],"replies":[{"embeddable":true,"href":"https:\/\/www.satakunnansuunnistus.fi\/uusi\/wp-json\/wp\/v2\/comments?post=1894"}],"version-history":[{"count":37,"href":"https:\/\/www.satakunnansuunnistus.fi\/uusi\/wp-json\/wp\/v2\/pages\/1894\/revisions"}],"predecessor-version":[{"id":2543,"href":"https:\/\/www.satakunnansuunnistus.fi\/uusi\/wp-json\/wp\/v2\/pages\/1894\/revisions\/2543"}],"wp:attachment":[{"href":"https:\/\/www.satakunnansuunnistus.fi\/uusi\/wp-json\/wp\/v2\/media?parent=1894"}],"curies":[{"name":"wp","href":"https:\/\/api.w.org\/{rel}","templated":true}]}}