{"id":1880,"date":"2025-12-06T18:12:00","date_gmt":"2025-12-06T18:12:00","guid":{"rendered":"https:\/\/www.satakunnansuunnistus.fi\/uusi\/?page_id=1880"},"modified":"2026-03-17T12:03:19","modified_gmt":"2026-03-17T12:03:19","slug":"aluecup","status":"publish","type":"page","link":"https:\/\/www.satakunnansuunnistus.fi\/uusi\/aluecup\/","title":{"rendered":"Aluecup"},"content":{"rendered":"\t\t<div data-elementor-type=\"wp-page\" data-elementor-id=\"1880\" class=\"elementor elementor-1880\">\n\t\t\t\t<div class=\"elementor-element elementor-element-74dba98 e-flex e-con-boxed e-con e-parent\" data-id=\"74dba98\" data-element_type=\"container\" data-e-type=\"container\">\n\t\t\t\t\t<div class=\"e-con-inner\">\n\t\t\t\t<div class=\"elementor-element elementor-element-119b279 elementor-widget elementor-widget-heading\" data-id=\"119b279\" data-element_type=\"widget\" data-e-type=\"widget\" data-widget_type=\"heading.default\">\n\t\t\t\t<div class=\"elementor-widget-container\">\n\t\t\t\t\t<h2 class=\"elementor-heading-title elementor-size-default\">Aluecup 2026<\/h2>\t\t\t\t<\/div>\n\t\t\t\t<\/div>\n\t\t\t\t\t<\/div>\n\t\t\t\t<\/div>\n\t\t<div class=\"elementor-element elementor-element-61272d8 e-flex e-con-boxed e-con e-parent\" data-id=\"61272d8\" data-element_type=\"container\" data-e-type=\"container\">\n\t\t\t\t\t<div class=\"e-con-inner\">\n\t\t\t\t<div class=\"elementor-element elementor-element-ca4c4e2 elementor-widget elementor-widget-text-editor\" data-id=\"ca4c4e2\" data-element_type=\"widget\" data-e-type=\"widget\" data-widget_type=\"text-editor.default\">\n\t\t\t\t<div class=\"elementor-widget-container\">\n\t\t\t\t\t\t\t\t\t<p>Vuonna 2026 Satakunnan Suunnistus j\u00e4rjest\u00e4\u00e4 yhdess\u00e4 alueen seurojen kanssa Aluecupin.<\/p><p>Aluecup koostuu Suunnistava Satakunnan alueella\u00a0 j\u00e4rjetett\u00e4vist\u00e4 kilpailuista, AM-kilpailuista sek\u00e4 kansallisista kilpailuista. Sen lis\u00e4ksi muutamia Kartalla!-teemaharjoituksia kuuluu Aluecupiin. Tule tutustumaan, miten suunnistuskilpailut eroavat Kartalla! -tapahtumista.<\/p><p>Aluecupin osakilpailuissa on k\u00e4yt\u00f6ss\u00e4 samana vuonna p\u00e4ivitetty kartta, ONLINE-tulokset, rastim\u00e4\u00e4ritteet, ennakkoilmoittautuminen ja v\u00e4hint\u00e4\u00e4n minuutin l\u00e4ht\u00f6v\u00e4li. Joissain tapahtumissa on k\u00e4yt\u00f6ss\u00e4 my\u00f6s ennalta m\u00e4\u00e4ritetyt l\u00e4ht\u00f6ajat.<\/p><p>Aluecupiin osallistuaksesi et tarvitse Suunnistusliiton lisenssi\u00e4, joten riitt\u00e4\u00e4, kun ilmoittaudut tapahtumaan ajoissa.<\/p><p>Aluecup-suorituksista saa osallistumismerkinn\u00e4n ja v\u00e4hint\u00e4\u00e4n 10 tapahtumaan osallistuneet, saavat vuoden 2026 Aluecup-ker\u00e4ilymerkin:\u00a0<strong>sinitiaisen<\/strong><\/p><p>\u00a0<\/p><p>Katso my\u00f6s muut alueen kilpailutapahtumat: Nuorille suunnattu Oravacup, sek\u00e4 y\u00f6suunnistuksen Q-cup ja talvisprinttisuunnistuksen WSC.<\/p>\t\t\t\t\t\t\t\t<\/div>\n\t\t\t\t<\/div>\n\t\t\t\t\t<\/div>\n\t\t\t\t<\/div>\n\t\t<div class=\"elementor-element elementor-element-2505c70 e-grid e-con-boxed e-con e-parent\" data-id=\"2505c70\" data-element_type=\"container\" data-e-type=\"container\">\n\t\t\t\t\t<div class=\"e-con-inner\">\n\t\t\t\t<div class=\"elementor-element elementor-element-2623dc9 elementor-align-center elementor-widget elementor-widget-button\" data-id=\"2623dc9\" data-element_type=\"widget\" data-e-type=\"widget\" data-widget_type=\"button.default\">\n\t\t\t\t<div class=\"elementor-widget-container\">\n\t\t\t\t\t\t\t\t\t<div class=\"elementor-button-wrapper\">\n\t\t\t\t\t<a class=\"elementor-button elementor-button-link elementor-size-sm\" href=\"https:\/\/www.satakunnansuunnistus.fi\/uusi\/oravacup\/\">\n\t\t\t\t\t\t<span class=\"elementor-button-content-wrapper\">\n\t\t\t\t\t\t\t\t\t<span class=\"elementor-button-text\">Oravacup<\/span>\n\t\t\t\t\t<\/span>\n\t\t\t\t\t<\/a>\n\t\t\t\t<\/div>\n\t\t\t\t\t\t\t\t<\/div>\n\t\t\t\t<\/div>\n\t\t\t\t<div class=\"elementor-element elementor-element-33134e2 elementor-align-center elementor-widget elementor-widget-button\" data-id=\"33134e2\" data-element_type=\"widget\" data-e-type=\"widget\" data-widget_type=\"button.default\">\n\t\t\t\t<div class=\"elementor-widget-container\">\n\t\t\t\t\t\t\t\t\t<div class=\"elementor-button-wrapper\">\n\t\t\t\t\t<a class=\"elementor-button elementor-button-link elementor-size-sm\" href=\"https:\/\/www.satakunnansuunnistus.fi\/uusi\/q-cup\/\">\n\t\t\t\t\t\t<span class=\"elementor-button-content-wrapper\">\n\t\t\t\t\t\t\t\t\t<span class=\"elementor-button-text\">Q-cup<\/span>\n\t\t\t\t\t<\/span>\n\t\t\t\t\t<\/a>\n\t\t\t\t<\/div>\n\t\t\t\t\t\t\t\t<\/div>\n\t\t\t\t<\/div>\n\t\t\t\t<div class=\"elementor-element elementor-element-669ff77 elementor-align-center elementor-widget elementor-widget-button\" data-id=\"669ff77\" data-element_type=\"widget\" data-e-type=\"widget\" data-widget_type=\"button.default\">\n\t\t\t\t<div class=\"elementor-widget-container\">\n\t\t\t\t\t\t\t\t\t<div class=\"elementor-button-wrapper\">\n\t\t\t\t\t<a class=\"elementor-button elementor-button-link elementor-size-sm\" href=\"https:\/\/www.satakunnansuunnistus.fi\/uusi\/wsc\/\">\n\t\t\t\t\t\t<span class=\"elementor-button-content-wrapper\">\n\t\t\t\t\t\t\t\t\t<span class=\"elementor-button-text\">WSC<\/span>\n\t\t\t\t\t<\/span>\n\t\t\t\t\t<\/a>\n\t\t\t\t<\/div>\n\t\t\t\t\t\t\t\t<\/div>\n\t\t\t\t<\/div>\n\t\t\t\t\t<\/div>\n\t\t\t\t<\/div>\n\t\t<div class=\"elementor-element elementor-element-a80cec9 e-flex e-con-boxed e-con e-parent\" data-id=\"a80cec9\" data-element_type=\"container\" data-e-type=\"container\">\n\t\t\t\t\t<div class=\"e-con-inner\">\n\t\t\t\t<div class=\"elementor-element elementor-element-f88ea4b elementor-widget elementor-widget-heading\" data-id=\"f88ea4b\" data-element_type=\"widget\" data-e-type=\"widget\" data-widget_type=\"heading.default\">\n\t\t\t\t<div class=\"elementor-widget-container\">\n\t\t\t\t\t<h3 class=\"elementor-heading-title elementor-size-default\">Aluecup-tapahtumat<\/h3>\t\t\t\t<\/div>\n\t\t\t\t<\/div>\n\t\t\t\t\t<\/div>\n\t\t\t\t<\/div>\n\t\t<div class=\"elementor-element elementor-element-57f599a e-flex e-con-boxed e-con e-parent\" data-id=\"57f599a\" data-element_type=\"container\" data-e-type=\"container\">\n\t\t\t\t\t<div class=\"e-con-inner\">\n\t\t\t\t<div class=\"elementor-element elementor-element-0d508d3 elementor-align-center elementor-widget elementor-widget-button\" data-id=\"0d508d3\" data-element_type=\"widget\" data-e-type=\"widget\" data-widget_type=\"button.default\">\n\t\t\t\t<div class=\"elementor-widget-container\">\n\t\t\t\t\t\t\t\t\t<div class=\"elementor-button-wrapper\">\n\t\t\t\t\t<a class=\"elementor-button elementor-button-link elementor-size-sm\" href=\"#\">\n\t\t\t\t\t\t<span class=\"elementor-button-content-wrapper\">\n\t\t\t\t\t\t\t\t\t<span class=\"elementor-button-text\">Aluecup-osallistumiset<\/span>\n\t\t\t\t\t<\/span>\n\t\t\t\t\t<\/a>\n\t\t\t\t<\/div>\n\t\t\t\t\t\t\t\t<\/div>\n\t\t\t\t<\/div>\n\t\t\t\t\t<\/div>\n\t\t\t\t<\/div>\n\t\t<div class=\"elementor-element elementor-element-d0ad455 e-flex e-con-boxed e-con e-parent\" data-id=\"d0ad455\" data-element_type=\"container\" data-e-type=\"container\">\n\t\t\t\t\t<div class=\"e-con-inner\">\n\t\t\t\t<div class=\"elementor-element elementor-element-929a3d2 elementor-widget elementor-widget-text-editor\" data-id=\"929a3d2\" data-element_type=\"widget\" data-e-type=\"widget\" data-widget_type=\"text-editor.default\">\n\t\t\t\t<div class=\"elementor-widget-container\">\n\t\t\t\t\t\t\t\t\t<p><strong>1.5.2026 &#8212; AM-sprintti, Merikarvia<\/strong><\/p><p>\u00a0Ilmoittaudu\u00a0 &#8212; \u00a0Tulokset\u00a0 &#8212; \u00a0Kisasivut &#8212; \u00a0Livelox\u00a0<\/p><p><strong>16.5.2026 &#8212; Karhurastit, Pori<\/strong><\/p><p>\u00a0Ilmoittaudu\u00a0 &#8212; \u00a0Tulokset\u00a0 &#8212; \u00a0Kisasivut &#8212; \u00a0Livelox\u00a0<\/p><p><strong>23.5.2026 &#8212; Tupla py\u00f6r\u00e4suunnistus sprint ja AM-py\u00f6r\u00e4suunnistus, Pori \/ Ulvila<\/strong><\/p><p>\u00a0Ilmoittaudu\u00a0 &#8212; \u00a0Tulokset\u00a0 &#8212; \u00a0Kisasivut &#8212; \u00a0Livelox\u00a0<\/p><p><strong>24.6.2026 &#8212; Suunta-Seppojen Iltapika, Sastamala<\/strong><\/p><p>\u00a0Ilmoittaudu\u00a0 &#8212; \u00a0Tulokset\u00a0 &#8212; \u00a0Kisasivut &#8212; \u00a0Livelox\u00a0<\/p><p><strong>18.7.2026 &#8212; Kes\u00e4laitumen Rastit, Huittinen \/ Punkalaidun<\/strong><\/p><p>\u00a0Ilmoittaudu\u00a0 &#8212; \u00a0Tulokset\u00a0 &#8212; \u00a0Kisasivut &#8212; \u00a0Livelox\u00a0<\/p><p><strong>15.8.2026 &#8212; AM-pitk\u00e4, Harjavalta<\/strong><\/p><p>\u00a0Ilmoittaudu\u00a0 &#8212; \u00a0Tulokset\u00a0 &#8212; \u00a0Kisasivut &#8212; \u00a0Livelox\u00a0<\/p><p><strong>16.8.2026 &#8212; AM-viesti, Harjavalta<\/strong><\/p><p>\u00a0Ilmoittaudu\u00a0 &#8212; \u00a0Tulokset\u00a0 &#8212; \u00a0Kisasivut &#8212; \u00a0Livelox\u00a0<\/p><p><strong>19.9.2026 &#8212; SM-keskimatkan esikisa ja AM-keskimatka, Kankaanp\u00e4\u00e4<\/strong><\/p><p>\u00a0Ilmoittaudu\u00a0 &#8212; \u00a0Tulokset\u00a0 &#8212; \u00a0Kisasivut &#8212; \u00a0Livelox\u00a0<\/p><p><strong>23.9.2026 &#8212; AM-y\u00f6, Yl\u00e4ne<\/strong><\/p><p>\u00a0Ilmoittaudu\u00a0 &#8212; \u00a0Tulokset\u00a0 &#8212; \u00a0Kisasivut &#8212; \u00a0Livelox\u00a0<\/p>\t\t\t\t\t\t\t\t<\/div>\n\t\t\t\t<\/div>\n\t\t\t\t\t<\/div>\n\t\t\t\t<\/div>\n\t\t<div class=\"elementor-element elementor-element-723f533 e-flex e-con-boxed e-con e-parent\" data-id=\"723f533\" data-element_type=\"container\" data-e-type=\"container\">\n\t\t\t\t\t<div class=\"e-con-inner\">\n\t\t\t\t<div class=\"elementor-element elementor-element-a3421c7 elementor-widget elementor-widget-heading\" data-id=\"a3421c7\" data-element_type=\"widget\" data-e-type=\"widget\" data-widget_type=\"heading.default\">\n\t\t\t\t<div class=\"elementor-widget-container\">\n\t\t\t\t\t<h3 class=\"elementor-heading-title elementor-size-default\">Muut kilpailutapahtumat<\/h3>\t\t\t\t<\/div>\n\t\t\t\t<\/div>\n\t\t\t\t\t<\/div>\n\t\t\t\t<\/div>\n\t\t<div class=\"elementor-element elementor-element-d7ee290 e-flex e-con-boxed e-con e-parent\" data-id=\"d7ee290\" data-element_type=\"container\" data-e-type=\"container\">\n\t\t\t\t\t<div class=\"e-con-inner\">\n\t\t\t\t<div class=\"elementor-element elementor-element-6cf318c elementor-widget elementor-widget-text-editor\" data-id=\"6cf318c\" data-element_type=\"widget\" data-e-type=\"widget\" data-widget_type=\"text-editor.default\">\n\t\t\t\t<div class=\"elementor-widget-container\">\n\t\t\t\t\t\t\t\t\t<p><strong>24.1.2026 \u2014 KindO-sis\u00e4suunnistukset, Rauma<\/strong><\/p><p>\u00a0<a href=\"https:\/\/navisport.com\/events\/f35b17fa-e08b-4a00-bb3c-919fb81be79f\">Tulokset<\/a>\u00a0 \u2014 \u00a0<a href=\"https:\/\/kindo.fi\/\">Kisasivut<\/a><\/p>\t\t\t\t\t\t\t\t<\/div>\n\t\t\t\t<\/div>\n\t\t\t\t\t<\/div>\n\t\t\t\t<\/div>\n\t\t<div class=\"elementor-element elementor-element-0a299e5 e-flex e-con-boxed e-con e-parent\" data-id=\"0a299e5\" data-element_type=\"container\" data-e-type=\"container\">\n\t\t\t\t\t<div class=\"e-con-inner\">\n\t\t\t\t<div class=\"elementor-element elementor-element-1a1407c elementor-align-center elementor-widget elementor-widget-button\" data-id=\"1a1407c\" data-element_type=\"widget\" data-e-type=\"widget\" data-widget_type=\"button.default\">\n\t\t\t\t<div class=\"elementor-widget-container\">\n\t\t\t\t\t\t\t\t\t<div class=\"elementor-button-wrapper\">\n\t\t\t\t\t<a class=\"elementor-button elementor-button-link elementor-size-sm\" href=\"https:\/\/www.satakunnansuunnistus.fi\/?page_id=55\">\n\t\t\t\t\t\t<span class=\"elementor-button-content-wrapper\">\n\t\t\t\t\t\t\t\t\t<span class=\"elementor-button-text\">Aikaisemmat AM-kilpailut<\/span>\n\t\t\t\t\t<\/span>\n\t\t\t\t\t<\/a>\n\t\t\t\t<\/div>\n\t\t\t\t\t\t\t\t<\/div>\n\t\t\t\t<\/div>\n\t\t\t\t\t<\/div>\n\t\t\t\t<\/div>\n\t\t\t\t<\/div>\n\t\t","protected":false},"excerpt":{"rendered":"<p>Aluecup 2026 Vuonna 2026 Satakunnan Suunnistus j\u00e4rjest\u00e4\u00e4 yhdess\u00e4 alueen seurojen kanssa Aluecupin. Aluecup koostuu Suunnistava Satakunnan alueella\u00a0 j\u00e4rjetett\u00e4vist\u00e4 kilpailuista, AM-kilpailuista sek\u00e4 kansallisista kilpailuista. Sen lis\u00e4ksi muutamia Kartalla!-teemaharjoituksia kuuluu Aluecupiin. Tule tutustumaan, miten suunnistuskilpailut eroavat Kartalla! -tapahtumista. Aluecupin osakilpailuissa on k\u00e4yt\u00f6ss\u00e4 samana vuonna p\u00e4ivitetty kartta, ONLINE-tulokset, rastim\u00e4\u00e4ritteet, ennakkoilmoittautuminen ja v\u00e4hint\u00e4\u00e4n minuutin l\u00e4ht\u00f6v\u00e4li. Joissain tapahtumissa on k\u00e4yt\u00f6ss\u00e4 [&hellip;]<\/p>\n","protected":false},"author":1,"featured_media":0,"parent":0,"menu_order":0,"comment_status":"closed","ping_status":"closed","template":"","meta":{"site-sidebar-layout":"no-sidebar","site-content-layout":"page-builder","ast-site-content-layout":"full-width-container","site-content-style":"default","site-sidebar-style":"default","ast-global-header-display":"","ast-banner-title-visibility":"","ast-main-header-display":"","ast-hfb-above-header-display":"","ast-hfb-below-header-display":"","ast-hfb-mobile-header-display":"","site-post-title":"disabled","ast-breadcrumbs-content":"","ast-featured-img":"disabled","footer-sml-layout":"","ast-disable-related-posts":"","theme-transparent-header-meta":"","adv-header-id-meta":"","stick-header-meta":"","header-above-stick-meta":"","header-main-stick-meta":"","header-below-stick-meta":"","astra-migrate-meta-layouts":"set","ast-page-background-enabled":"default","ast-page-background-meta":{"desktop":{"background-color":"var(--ast-global-color-4)","background-image":"","background-repeat":"repeat","background-position":"center center","background-size":"auto","background-attachment":"scroll","background-type":"","background-media":"","overlay-type":"","overlay-color":"","overlay-opacity":"","overlay-gradient":""},"tablet":{"background-color":"","background-image":"","background-repeat":"repeat","background-position":"center center","background-size":"auto","background-attachment":"scroll","background-type":"","background-media":"","overlay-type":"","overlay-color":"","overlay-opacity":"","overlay-gradient":""},"mobile":{"background-color":"","background-image":"","background-repeat":"repeat","background-position":"center center","background-size":"auto","background-attachment":"scroll","background-type":"","background-media":"","overlay-type":"","overlay-color":"","overlay-opacity":"","overlay-gradient":""}},"ast-content-background-meta":{"desktop":{"background-color":"var(--ast-global-color-5)","background-image":"","background-repeat":"repeat","background-position":"center center","background-size":"auto","background-attachment":"scroll","background-type":"","background-media":"","overlay-type":"","overlay-color":"","overlay-opacity":"","overlay-gradient":""},"tablet":{"background-color":"var(--ast-global-color-5)","background-image":"","background-repeat":"repeat","background-position":"center center","background-size":"auto","background-attachment":"scroll","background-type":"","background-media":"","overlay-type":"","overlay-color":"","overlay-opacity":"","overlay-gradient":""},"mobile":{"background-color":"var(--ast-global-color-5)","background-image":"","background-repeat":"repeat","background-position":"center center","background-size":"auto","background-attachment":"scroll","background-type":"","background-media":"","overlay-type":"","overlay-color":"","overlay-opacity":"","overlay-gradient":""}},"footnotes":""},"class_list":["post-1880","page","type-page","status-publish","hentry"],"_links":{"self":[{"href":"https:\/\/www.satakunnansuunnistus.fi\/uusi\/wp-json\/wp\/v2\/pages\/1880","targetHints":{"allow":["GET"]}}],"collection":[{"href":"https:\/\/www.satakunnansuunnistus.fi\/uusi\/wp-json\/wp\/v2\/pages"}],"about":[{"href":"https:\/\/www.satakunnansuunnistus.fi\/uusi\/wp-json\/wp\/v2\/types\/page"}],"author":[{"embeddable":true,"href":"https:\/\/www.satakunnansuunnistus.fi\/uusi\/wp-json\/wp\/v2\/users\/1"}],"replies":[{"embeddable":true,"href":"https:\/\/www.satakunnansuunnistus.fi\/uusi\/wp-json\/wp\/v2\/comments?post=1880"}],"version-history":[{"count":37,"href":"https:\/\/www.satakunnansuunnistus.fi\/uusi\/wp-json\/wp\/v2\/pages\/1880\/revisions"}],"predecessor-version":[{"id":2476,"href":"https:\/\/www.satakunnansuunnistus.fi\/uusi\/wp-json\/wp\/v2\/pages\/1880\/revisions\/2476"}],"wp:attachment":[{"href":"https:\/\/www.satakunnansuunnistus.fi\/uusi\/wp-json\/wp\/v2\/media?parent=1880"}],"curies":[{"name":"wp","href":"https:\/\/api.w.org\/{rel}","templated":true}]}}