{"id":1448,"date":"2025-12-05T22:24:37","date_gmt":"2025-12-05T22:24:37","guid":{"rendered":"https:\/\/www.satakunnansuunnistus.fi\/uusi\/home\/"},"modified":"2026-03-27T20:37:40","modified_gmt":"2026-03-27T20:37:40","slug":"home","status":"publish","type":"page","link":"https:\/\/www.satakunnansuunnistus.fi\/uusi\/","title":{"rendered":"Etusivu"},"content":{"rendered":"\t\t<div data-elementor-type=\"wp-page\" data-elementor-id=\"1448\" class=\"elementor elementor-1448\">\n\t\t\t\t<div class=\"elementor-element elementor-element-9783628 e-flex e-con-boxed e-con e-parent\" data-id=\"9783628\" data-element_type=\"container\" data-e-type=\"container\" data-settings=\"{&quot;background_background&quot;:&quot;classic&quot;}\">\n\t\t\t\t\t<div class=\"e-con-inner\">\n\t\t<div class=\"elementor-element elementor-element-05ba369 e-con-full e-flex e-con e-child\" data-id=\"05ba369\" data-element_type=\"container\" data-e-type=\"container\">\n\t\t\t\t<div class=\"elementor-element elementor-element-5117318 elementor-widget elementor-widget-spacer\" data-id=\"5117318\" data-element_type=\"widget\" data-e-type=\"widget\" data-widget_type=\"spacer.default\">\n\t\t\t\t<div class=\"elementor-widget-container\">\n\t\t\t\t\t\t\t<div class=\"elementor-spacer\">\n\t\t\t<div class=\"elementor-spacer-inner\"><\/div>\n\t\t<\/div>\n\t\t\t\t\t\t<\/div>\n\t\t\t\t<\/div>\n\t\t<div class=\"elementor-element elementor-element-d6520cf e-grid e-con-full e-con e-child\" data-id=\"d6520cf\" data-element_type=\"container\" data-e-type=\"container\">\n\t\t\t\t<div class=\"elementor-element elementor-element-af1efcb elementor-align-center elementor-widget elementor-widget-button\" data-id=\"af1efcb\" data-element_type=\"widget\" data-e-type=\"widget\" data-widget_type=\"button.default\">\n\t\t\t\t<div class=\"elementor-widget-container\">\n\t\t\t\t\t\t\t\t\t<div class=\"elementor-button-wrapper\">\n\t\t\t\t\t<a class=\"elementor-button elementor-button-link elementor-size-sm\" href=\"https:\/\/www.satakunnansuunnistus.fi\/uusi\/aluecup\/\">\n\t\t\t\t\t\t<span class=\"elementor-button-content-wrapper\">\n\t\t\t\t\t\t\t\t\t<span class=\"elementor-button-text\">Kilpailut<\/span>\n\t\t\t\t\t<\/span>\n\t\t\t\t\t<\/a>\n\t\t\t\t<\/div>\n\t\t\t\t\t\t\t\t<\/div>\n\t\t\t\t<\/div>\n\t\t\t\t<div class=\"elementor-element elementor-element-a100c9e elementor-align-center elementor-widget elementor-widget-button\" data-id=\"a100c9e\" data-element_type=\"widget\" data-e-type=\"widget\" data-widget_type=\"button.default\">\n\t\t\t\t<div class=\"elementor-widget-container\">\n\t\t\t\t\t\t\t\t\t<div class=\"elementor-button-wrapper\">\n\t\t\t\t\t<a class=\"elementor-button elementor-button-link elementor-size-sm\" href=\"https:\/\/www.satakunnansuunnistus.fi\/uusi\/kartalla-tapahtumat\/\">\n\t\t\t\t\t\t<span class=\"elementor-button-content-wrapper\">\n\t\t\t\t\t\t\t\t\t<span class=\"elementor-button-text\">Kartalla!<\/span>\n\t\t\t\t\t<\/span>\n\t\t\t\t\t<\/a>\n\t\t\t\t<\/div>\n\t\t\t\t\t\t\t\t<\/div>\n\t\t\t\t<\/div>\n\t\t\t\t<\/div>\n\t\t\t\t<\/div>\n\t\t\t\t\t<\/div>\n\t\t\t\t<\/div>\n\t\t<div class=\"elementor-element elementor-element-e05caf8 e-flex e-con-boxed e-con e-parent\" data-id=\"e05caf8\" data-element_type=\"container\" data-e-type=\"container\">\n\t\t\t\t\t<div class=\"e-con-inner\">\n\t\t<div class=\"elementor-element elementor-element-686a9be e-grid e-con-full e-con e-child\" data-id=\"686a9be\" data-element_type=\"container\" data-e-type=\"container\">\n\t\t\t\t<div class=\"elementor-element elementor-element-3ab8eca elementor-align-center elementor-widget elementor-widget-button\" data-id=\"3ab8eca\" data-element_type=\"widget\" data-e-type=\"widget\" data-widget_type=\"button.default\">\n\t\t\t\t<div class=\"elementor-widget-container\">\n\t\t\t\t\t\t\t\t\t<div class=\"elementor-button-wrapper\">\n\t\t\t\t\t<a class=\"elementor-button elementor-button-link elementor-size-sm\" href=\"https:\/\/www.satakunnansuunnistus.fi\/uusi\/oravacup\/\">\n\t\t\t\t\t\t<span class=\"elementor-button-content-wrapper\">\n\t\t\t\t\t\t\t\t\t<span class=\"elementor-button-text\">Oravacup<\/span>\n\t\t\t\t\t<\/span>\n\t\t\t\t\t<\/a>\n\t\t\t\t<\/div>\n\t\t\t\t\t\t\t\t<\/div>\n\t\t\t\t<\/div>\n\t\t\t\t<div class=\"elementor-element elementor-element-d3f4360 elementor-align-center elementor-widget elementor-widget-button\" data-id=\"d3f4360\" data-element_type=\"widget\" data-e-type=\"widget\" data-widget_type=\"button.default\">\n\t\t\t\t<div class=\"elementor-widget-container\">\n\t\t\t\t\t\t\t\t\t<div class=\"elementor-button-wrapper\">\n\t\t\t\t\t<a class=\"elementor-button elementor-button-link elementor-size-sm\" href=\"https:\/\/www.satakunnansuunnistus.fi\/uusi\/wsc\/\">\n\t\t\t\t\t\t<span class=\"elementor-button-content-wrapper\">\n\t\t\t\t\t\t\t\t\t<span class=\"elementor-button-text\">WSC<\/span>\n\t\t\t\t\t<\/span>\n\t\t\t\t\t<\/a>\n\t\t\t\t<\/div>\n\t\t\t\t\t\t\t\t<\/div>\n\t\t\t\t<\/div>\n\t\t\t\t<\/div>\n\t\t\t\t\t<\/div>\n\t\t\t\t<\/div>\n\t\t<div class=\"elementor-element elementor-element-50dfc39 e-flex e-con-boxed e-con e-parent\" data-id=\"50dfc39\" data-element_type=\"container\" data-e-type=\"container\">\n\t\t\t\t\t<div class=\"e-con-inner\">\n\t\t\t\t<div class=\"elementor-element elementor-element-9791cc1 elementor-widget elementor-widget-text-editor\" data-id=\"9791cc1\" data-element_type=\"widget\" data-e-type=\"widget\" data-widget_type=\"text-editor.default\">\n\t\t\t\t<div class=\"elementor-widget-container\">\n\t\t\t\t\t\t\t\t\t<p>Tulevat kilpailut:<\/p><p><strong>18.4.2026 \u2014 Oravacupin leirip\u00e4iv\u00e4, Harjavalta<\/strong><\/p><p>\u00a0Tulokset \u2014 \u00a0Kisasivut \u2014 \u00a0<a href=\"https:\/\/www.satakunnansuunnistus.fi\/uusi\/lasten-ja-nuorten-leiripaiva-18-4-2026\/\">Leirikutsu ja ilmoittautuminen<\/a>\u00a0<\/p><p><strong>1.5.2026 \u2014 AM-sprintti, Merikarvia<\/strong><\/p><p>\u00a0Ilmoittaudu\u00a0 \u2014 Tulokset \u2014 \u00a0Kisasivut \u2014 \u00a0Livelox<\/p><p><strong>6.5.2026 \u2014 Osakilpailu 1, Pori<\/strong><\/p><p>\u00a0Ilmoittaudu\u00a0 \u2014 Tulokset \u2014 \u00a0Kisasivut \u2014 \u00a0Livelox<\/p>\t\t\t\t\t\t\t\t<\/div>\n\t\t\t\t<\/div>\n\t\t\t\t<div class=\"elementor-element elementor-element-01c94ed elementor-widget elementor-widget-shortcode\" data-id=\"01c94ed\" data-element_type=\"widget\" data-e-type=\"widget\" data-widget_type=\"shortcode.default\">\n\t\t\t\t<div class=\"elementor-widget-container\">\n\t\t\t\t\t\t\t<div class=\"elementor-shortcode\">    <style>\n        .etusivu-artikkeli {\n            background: #ffffff;\n            padding: 25px;\n            margin: 35px 0;\n            border-radius: 8px;\n            border: 1px solid #e4e4e4;\n            box-shadow: 0 3px 8px rgba(0,0,0,0.05);\n        }\n        .etusivu-artikkeli h2 {\n            margin-top: 0;\n        }\n        .etusivu-artikkeli hr {\n            margin-top: 25px;\n            opacity: 0.15;\n        }\n        .etusivu-pagination ul {\n            display: flex;\n            gap: 10px;\n            list-style: none;\n            padding: 0;\n        }\n        .etusivu-pagination li a,\n        .etusivu-pagination li span {\n            padding: 8px 12px;\n            border: 1px solid #ccc;\n            border-radius: 4px;\n            text-decoration: none;\n        }\n        .etusivu-pagination li span.current {\n            background: #444;\n            color: #fff;\n            border-color: #444;\n        }\n    <\/style>\n    <div class=\"etusivu-artikkelit\"><article class=\"etusivu-artikkeli\"><h2>Suunnistusliiton toimitusjohtaja tulossa vuosikokoukseen<\/h2><div class=\"content\">\n<p>Tiistaina 31.3. klo 18 j\u00e4rjestet\u00e4\u00e4n Satakunnan Suunnistuksen vuosikokous Ulvilan Olohuoneella (Friitalantie 18).<\/p>\n\n\n\n<p>Vuosikokouksessa keskustellaan erityisesti tulevasta kuntosuunnistusmaksusta 8%, jota Satakunta on vastustanut.<\/p>\n\n\n\n<p><a href=\"https:\/\/www.suunnistusliitto.fi\/2026\/03\/suunnistusliiton-seuraparlamentti-piti-kevatkokouksen-lauantaina-28-3-2026-tampereella-isoimpana-paatoksena-linjaus-kuntosuunnistusmaksuista\/\">Liiton tiedote kuntosuunnistusmaksusta<\/a><\/p>\n\n\n\n<p>Paikalle keskustelemaan ja esittelem\u00e4\u00e4n on tulossa my\u00f6s Suunnistusliiton toimitusjohtaja Mika Ilom\u00e4ki.<\/p>\n\n\n\n<p><\/p>\n<\/div><\/article><article class=\"etusivu-artikkeli\"><h2>Kartalla-tapahtumat k\u00e4ynnistyv\u00e4t<\/h2><div class=\"content\">\n<p>Satakunnassa otetaan k\u00e4ytt\u00f6\u00f6n uusi kuntorastien seurantapalvelu: Kartalla<\/p>\n\n\n\n<p>Palveluun on jo sy\u00f6tetty suuri m\u00e4\u00e4r\u00e4 alueen suunnistustapahtumia, mutta paljon on viel\u00e4 sy\u00f6tt\u00e4m\u00e4tt\u00e4. Tapahtumat sy\u00f6tet\u00e4\u00e4n sit\u00e4 mukaa, kun niit\u00e4 kirjataan seurojen sivuille sijaintilinkkeineen.<\/p>\n\n\n\n<p>Alkuvaiheessa on varmasti viel\u00e4 paljon korjailtavaa, jotta kaikki ominaisuudet saadaan kuntoon ja automatisoitua, joten palautetta (ja uusia ideoita) palvelusta otetaan vastaan ensimm\u00e4isten viikkojen j\u00e4lkeen. Tavoitteena on, ett\u00e4 palvelusta olisi iloa sek\u00e4 kuntosuunnistajalle ett\u00e4 seuroille.<\/p>\n\n\n\n<p>K\u00e4y katsomassa Kartalla-tapahtumat vaikka t\u00e4\u00e4lt\u00e4: <a href=\"https:\/\/www.satakunnansuunnistus.fi\/uusi\/kartalla-tapahtumat\/\">Linkki<\/a><\/p>\n<\/div><\/article><article class=\"etusivu-artikkeli\"><h2>SATAKUNNAN SUUNNISTUS RY:N VUOSIKOKOUS 2026<\/h2><div class=\"content\">\n<p><br>Paikka: Ulvilan Olohuone, Friitalantie 18, Ulvila,<br>Aika: 31.03.2026 klo 18.00<br>Kokoonkutsuja: Satakunnan Suunnistus ry:n hallitus, puheenjohtaja Pekka Niemensivu<br>Kutsutut: Satakunnan Suunnistus ry:n j\u00e4senseurat<\/p>\n\n\n\n<ol class=\"wp-block-list\">\n<li>KOKOUKSEN AVAUS<\/li>\n\n\n\n<li>PALKITSEMISET<\/li>\n\n\n\n<li>KOKOUKSEN TOIMIHENKIL\u00d6IDEN VALINTA<br>&#8211; puheenjohtaja<br>&#8211; sihteeri<br>&#8211; kaksi p\u00f6yt\u00e4kirjan tarkastajaa<br>&#8211; kaksi \u00e4\u00e4nten laskijaa<\/li>\n\n\n\n<li>TODETAAN<br>&#8211; l\u00e4sn\u00e4 olevat j\u00e4senet (j\u00e4senyhdistykset)<br>&#8211; j\u00e4senten \u00e4\u00e4nim\u00e4\u00e4r\u00e4t<\/li>\n\n\n\n<li>KOKOUKSEN LAILLISUUS JA P\u00c4\u00c4T\u00d6SVALTAISUUS<\/li>\n\n\n\n<li>ESITYSLISTAN HYV\u00c4KSYMINEN<\/li>\n\n\n\n<li>TOIMINTAKERTOMUS 2025<\/li>\n\n\n\n<li>TILINP\u00c4\u00c4T\u00d6S 2025 JA TILINTARKASTAJAN LAUSUNTO<\/li>\n\n\n\n<li>TILINP\u00c4\u00c4T\u00d6KSEN VAHVISTAMINEN, TILI- JA VASTUUVAPAUDESTA P\u00c4\u00c4TT\u00c4MINEN<\/li>\n\n\n\n<li>LIITTYMIS- JA J\u00c4SENMAKSUT VUODELLE 2026<\/li>\n\n\n\n<li>TOIMINTASUUNNITELMA VUODELLE 2026<\/li>\n\n\n\n<li>TALOUSARVIOESITYS VUODELLE 2026<\/li>\n\n\n\n<li>HALLITUKSEN J\u00c4SENTEN VALINTA EROVUOROISISTEN TILALLE<br>Kokoonpano puheenjohtaja ja 8 \u2013 10 j\u00e4sent\u00e4 Erovuorossa ovat Jari Lappalainen, Ville-Veikko Nurminen, Seppo Sipil\u00e4 ja Timo Koivisto. Toiselle kaudelle ovat jatkamassa hallituksen puheenjohtaja Pekka Niemensivu ja j\u00e4senet Jari Holmberg, Kimmo Mieskoski, Outi Priia ja Marko Toivo.<\/li>\n\n\n\n<li>TOIMINNANTARKASTAJAN (1) JA H\u00c4NEN VARAHENKIL\u00d6NS\u00c4 (1) VALINTA<\/li>\n\n\n\n<li>YHDISTYKSEN KOOLLEKUTSUMISTAPA<\/li>\n\n\n\n<li>HALLITUKSEN TAI J\u00c4SENYHDISTYSTEN (S\u00c4\u00c4NT\u00d6JEN 7 \u00a7 6. MOM) ESITT\u00c4M\u00c4T ASIAT<\/li>\n\n\n\n<li>MUUT ASIAT<\/li>\n\n\n\n<li>YLEISKESKUSTELU SEUROJEN ESITYSTEN \/ MIELIPITEIDEN PERUSTEELLA<\/li>\n\n\n\n<li>KOKOUKSEN P\u00c4\u00c4TT\u00c4MINEN<br><br>KOKOUKSEN J\u00c4LKEEN PIDET\u00c4\u00c4N KESKUSTELU KAUDEN KUNTOSUUNNISTUKSISTA, PAIKALLA MY\u00d6S SUUNNISTUSLIITON TOIMITUSJOHTAJA MIKA ILOM\u00c4KI<br>Hallitus<\/li>\n<\/ol>\n<\/div><\/article><article class=\"etusivu-artikkeli\"><h2>Lasten ja nuorten leirip\u00e4iv\u00e4 18.4.2026<\/h2><div class=\"content\">\n<figure class=\"wp-block-image size-large\"><img fetchpriority=\"high\" fetchpriority=\"high\" decoding=\"async\" width=\"473\" height=\"1024\" src=\"https:\/\/www.satakunnansuunnistus.fi\/uusi\/wp-content\/uploads\/2026\/02\/Leiripaiva-180426-473x1024.jpeg\" alt=\"\" class=\"wp-image-2369\" srcset=\"https:\/\/www.satakunnansuunnistus.fi\/uusi\/wp-content\/uploads\/2026\/02\/Leiripaiva-180426-473x1024.jpeg 473w, https:\/\/www.satakunnansuunnistus.fi\/uusi\/wp-content\/uploads\/2026\/02\/Leiripaiva-180426-139x300.jpeg 139w, https:\/\/www.satakunnansuunnistus.fi\/uusi\/wp-content\/uploads\/2026\/02\/Leiripaiva-180426-709x1536.jpeg 709w, https:\/\/www.satakunnansuunnistus.fi\/uusi\/wp-content\/uploads\/2026\/02\/Leiripaiva-180426.jpeg 739w\" sizes=\"(max-width: 473px) 100vw, 473px\" \/><\/figure>\n<\/div><\/article><article class=\"etusivu-artikkeli\"><h2>Eurajoen WSC &#8211; tuplatreenimahdollisuus<\/h2><div class=\"content\">\n<p>Harjoitus 1:<br>Satakunnan Winter Sprint Cupin viides osakilpailu suunnistetaan Eurajoella. Maasto koostuu kerrostalo- ja rivitaloalueesta, liikerakennuksista sek\u00e4 muutamista omakotitalotonteista. Tarjolla on sopivan vauhdikasta suunnistusta. Maastoon p\u00e4\u00e4see 11.00-12.00 v\u00e4lisen\u00e4 aikana. Maksu aikuisilta 7 euroa<\/p>\n\n\n\n<p>Harjoitus 2:<br>Lis\u00e4ksi on mahdollista suunnistaa toinen harjoitus Eurajoella, mets\u00e4ss\u00e4 (2.5 km \/ 5.0 km). Maksu aikuisilta 6 euroa. L\u00e4ht\u00f6paikka Eurajoen Veikkojen maja (Piiponpolku 1, Eurajoki).&nbsp;<\/p>\n\n\n\n<p><a href=\"https:\/\/navisport.com\/events\/e8366fd4-5819-40d6-8017-b8bd09163d16\/registration\">Molempien harjoitusten ilmoittautuminen<\/a><br><a href=\"https:\/\/www.livelox.com\/Events\/Show\/180688\/Satakunnan-WSC-5-2026-Eurajoki\">Livelox &#8211; WSC<\/a><br><a href=\"https:\/\/www.livelox.com\/Events\/Show\/180690\/Satakunnan-taitoharjoitus-Lauhtuvuori\">Livelox &#8211; Taitoharjoitus<\/a><\/p>\n<\/div><\/article><\/div><div class=\"etusivu-pagination\"><ul class='page-numbers'>\n\t<li><span aria-current=\"page\" class=\"page-numbers current\">1<\/span><\/li>\n\t<li><a class=\"page-numbers\" href=\"https:\/\/www.satakunnansuunnistus.fi\/uusi\/wp-json\/wp\/v2\/pages\/1448\/page\/2\/\">2<\/a><\/li>\n\t<li><a class=\"next page-numbers\" href=\"https:\/\/www.satakunnansuunnistus.fi\/uusi\/wp-json\/wp\/v2\/pages\/1448\/page\/2\/\">Next &raquo;<\/a><\/li>\n<\/ul>\n<\/div><\/div>\n\t\t\t\t\t\t<\/div>\n\t\t\t\t<\/div>\n\t\t\t\t\t<\/div>\n\t\t\t\t<\/div>\n\t\t<div class=\"elementor-element elementor-element-79c45e3 e-flex e-con-boxed e-con e-parent\" data-id=\"79c45e3\" data-element_type=\"container\" data-e-type=\"container\">\n\t\t\t\t\t<div class=\"e-con-inner\">\n\t\t<div class=\"elementor-element elementor-element-e5856a5 e-con-full e-flex e-con e-child\" data-id=\"e5856a5\" data-element_type=\"container\" data-e-type=\"container\">\n\t\t\t\t<div class=\"elementor-element elementor-element-b51a198 elementor-widget elementor-widget-hfe-infocard\" data-id=\"b51a198\" data-element_type=\"widget\" data-e-type=\"widget\" data-widget_type=\"hfe-infocard.default\">\n\t\t\t\t<div class=\"elementor-widget-container\">\n\t\t\t\t\t\n\t\t<div class=\"hfe-infocard\">\n\t\t\t\t\t\t\t\t\t<div class=\"hfe-infocard-title-wrap\">\n\t\t\t\t<h2 class=\"hfe-infocard-title elementor-inline-editing\" data-elementor-setting-key=\"infocard_title\" data-elementor-inline-editing-toolbar=\"basic\" >Satakunnan suunnistus ry<\/h2>\t\t\t<\/div>\n\t\t\t\t\t\t<div class=\"hfe-infocard-text-wrap\">\n\t\t\t\t<div class=\"hfe-infocard-text elementor-inline-editing\" data-elementor-setting-key=\"infocard_description\" data-elementor-inline-editing-toolbar=\"advanced\">\n\t\t\t\t\tSatakunnan Suunnistus ry:n tarkoituksena on edist\u00e4\u00e4 suunnistustoimintaa Satakunnassa ja lis\u00e4t\u00e4 alueen seurojen v\u00e4list\u00e4 yhteisty\u00f6t\u00e4.\t\t\t\t<\/div>\n\t\t\t\t\t\t\t<\/div>\n\t\t<\/div>\n\n\t\t\t\t\t\t<\/div>\n\t\t\t\t<\/div>\n\t\t\t\t<\/div>\n\t\t<div class=\"elementor-element elementor-element-52da0ea e-con-full e-flex e-con e-child\" data-id=\"52da0ea\" data-element_type=\"container\" data-e-type=\"container\">\n\t\t\t\t<div class=\"elementor-element elementor-element-5ee262f elementor-widget elementor-widget-image\" data-id=\"5ee262f\" data-element_type=\"widget\" data-e-type=\"widget\" data-widget_type=\"image.default\">\n\t\t\t\t<div class=\"elementor-widget-container\">\n\t\t\t\t\t\t\t\t\t\t\t\t\t\t\t<img decoding=\"async\" width=\"975\" height=\"431\" src=\"https:\/\/www.satakunnansuunnistus.fi\/uusi\/wp-content\/uploads\/2025\/12\/Jarila-karttapala.png\" class=\"attachment-large size-large wp-image-1814\" alt=\"\" srcset=\"https:\/\/www.satakunnansuunnistus.fi\/uusi\/wp-content\/uploads\/2025\/12\/Jarila-karttapala.png 975w, https:\/\/www.satakunnansuunnistus.fi\/uusi\/wp-content\/uploads\/2025\/12\/Jarila-karttapala-300x133.png 300w, https:\/\/www.satakunnansuunnistus.fi\/uusi\/wp-content\/uploads\/2025\/12\/Jarila-karttapala-768x339.png 768w\" sizes=\"(max-width: 975px) 100vw, 975px\" \/>\t\t\t\t\t\t\t\t\t\t\t\t\t\t\t<\/div>\n\t\t\t\t<\/div>\n\t\t\t\t<\/div>\n\t\t\t\t\t<\/div>\n\t\t\t\t<\/div>\n\t\t\t\t<\/div>\n\t\t","protected":false},"excerpt":{"rendered":"<p>Kilpailut Kartalla! Oravacup WSC Tulevat kilpailut: 18.4.2026 \u2014 Oravacupin leirip\u00e4iv\u00e4, Harjavalta \u00a0Tulokset \u2014 \u00a0Kisasivut \u2014 \u00a0Leirikutsu ja ilmoittautuminen\u00a0 1.5.2026 \u2014 AM-sprintti, Merikarvia \u00a0Ilmoittaudu\u00a0 \u2014 Tulokset \u2014 \u00a0Kisasivut \u2014 \u00a0Livelox 6.5.2026 \u2014 Osakilpailu 1, Pori \u00a0Ilmoittaudu\u00a0 \u2014 Tulokset \u2014 \u00a0Kisasivut \u2014 \u00a0Livelox Satakunnan suunnistus ry Satakunnan Suunnistus ry:n tarkoituksena on edist\u00e4\u00e4 suunnistustoimintaa Satakunnassa ja lis\u00e4t\u00e4 alueen [&hellip;]<\/p>\n","protected":false},"author":1,"featured_media":0,"parent":0,"menu_order":0,"comment_status":"closed","ping_status":"closed","template":"","meta":{"site-sidebar-layout":"no-sidebar","site-content-layout":"page-builder","ast-site-content-layout":"full-width-container","site-content-style":"unboxed","site-sidebar-style":"unboxed","ast-global-header-display":"","ast-banner-title-visibility":"","ast-main-header-display":"","ast-hfb-above-header-display":"","ast-hfb-below-header-display":"","ast-hfb-mobile-header-display":"","site-post-title":"disabled","ast-breadcrumbs-content":"","ast-featured-img":"disabled","footer-sml-layout":"","ast-disable-related-posts":"","theme-transparent-header-meta":"enabled","adv-header-id-meta":"","stick-header-meta":"","header-above-stick-meta":"","header-main-stick-meta":"","header-below-stick-meta":"","astra-migrate-meta-layouts":"set","ast-page-background-enabled":"default","ast-page-background-meta":{"desktop":{"background-color":"var(--ast-global-color-4)","background-image":"","background-repeat":"repeat","background-position":"center center","background-size":"auto","background-attachment":"scroll","background-type":"","background-media":"","overlay-type":"","overlay-color":"","overlay-opacity":"","overlay-gradient":""},"tablet":{"background-color":"","background-image":"","background-repeat":"repeat","background-position":"center center","background-size":"auto","background-attachment":"scroll","background-type":"","background-media":"","overlay-type":"","overlay-color":"","overlay-opacity":"","overlay-gradient":""},"mobile":{"background-color":"","background-image":"","background-repeat":"repeat","background-position":"center center","background-size":"auto","background-attachment":"scroll","background-type":"","background-media":"","overlay-type":"","overlay-color":"","overlay-opacity":"","overlay-gradient":""}},"ast-content-background-meta":{"desktop":{"background-color":"var(--ast-global-color-5)","background-image":"","background-repeat":"repeat","background-position":"center center","background-size":"auto","background-attachment":"scroll","background-type":"","background-media":"","overlay-type":"","overlay-color":"","overlay-opacity":"","overlay-gradient":""},"tablet":{"background-color":"var(--ast-global-color-5)","background-image":"","background-repeat":"repeat","background-position":"center center","background-size":"auto","background-attachment":"scroll","background-type":"","background-media":"","overlay-type":"","overlay-color":"","overlay-opacity":"","overlay-gradient":""},"mobile":{"background-color":"var(--ast-global-color-5)","background-image":"","background-repeat":"repeat","background-position":"center center","background-size":"auto","background-attachment":"scroll","background-type":"","background-media":"","overlay-type":"","overlay-color":"","overlay-opacity":"","overlay-gradient":""}},"footnotes":""},"class_list":["post-1448","page","type-page","status-publish","hentry"],"_links":{"self":[{"href":"https:\/\/www.satakunnansuunnistus.fi\/uusi\/wp-json\/wp\/v2\/pages\/1448","targetHints":{"allow":["GET"]}}],"collection":[{"href":"https:\/\/www.satakunnansuunnistus.fi\/uusi\/wp-json\/wp\/v2\/pages"}],"about":[{"href":"https:\/\/www.satakunnansuunnistus.fi\/uusi\/wp-json\/wp\/v2\/types\/page"}],"author":[{"embeddable":true,"href":"https:\/\/www.satakunnansuunnistus.fi\/uusi\/wp-json\/wp\/v2\/users\/1"}],"replies":[{"embeddable":true,"href":"https:\/\/www.satakunnansuunnistus.fi\/uusi\/wp-json\/wp\/v2\/comments?post=1448"}],"version-history":[{"count":133,"href":"https:\/\/www.satakunnansuunnistus.fi\/uusi\/wp-json\/wp\/v2\/pages\/1448\/revisions"}],"predecessor-version":[{"id":2489,"href":"https:\/\/www.satakunnansuunnistus.fi\/uusi\/wp-json\/wp\/v2\/pages\/1448\/revisions\/2489"}],"wp:attachment":[{"href":"https:\/\/www.satakunnansuunnistus.fi\/uusi\/wp-json\/wp\/v2\/media?parent=1448"}],"curies":[{"name":"wp","href":"https:\/\/api.w.org\/{rel}","templated":true}]}}