{"id":746,"date":"2015-02-09T08:27:27","date_gmt":"2015-02-09T06:27:27","guid":{"rendered":"http:\/\/www.satakunnansuunnistus.fi\/?page_id=746"},"modified":"2016-10-18T19:38:52","modified_gmt":"2016-10-18T16:38:52","slug":"am-kilpailut-2015","status":"publish","type":"page","link":"https:\/\/www.satakunnansuunnistus.fi\/?page_id=746","title":{"rendered":"AM-kilpailut 2015"},"content":{"rendered":"<table border=\"1\" width=\"360\" cellspacing=\"0\" cellpadding=\"0\">\n<tbody>\n<tr>\n<td>Laji<\/td>\n<td>P\u00e4iv\u00e4<\/td>\n<td>J\u00e4rjest\u00e4j\u00e4<\/td>\n<\/tr>\n<tr>\n<td><big>HS-keski<\/big><\/td>\n<td>&#8211;<\/td>\n<td>&#8211;<\/td>\n<\/tr>\n<tr>\n<td><big>HS-pitk\u00e4<\/big><\/td>\n<td>&#8211;<\/td>\n<td>&#8211;<\/td>\n<\/tr>\n<tr>\n<td><big>HS-parisprintti<\/big><\/td>\n<td>&#8211;<\/td>\n<td>&#8211;<\/td>\n<\/tr>\n<tr>\n<td><big>Tarkkuus<\/big><\/td>\n<td>2.8.2015<\/td>\n<td>KKV<\/td>\n<\/tr>\n<tr>\n<td><big>Py\u00f6r\u00e4suunnistus<\/big><\/td>\n<td>11.7.2015<\/td>\n<td>SuosmSa<\/td>\n<\/tr>\n<tr>\n<td><big>Keskimatka<\/big><\/td>\n<td>9.6.2015<\/td>\n<td>UlvUra<\/td>\n<\/tr>\n<tr>\n<td><big>Sprintti<\/big><\/td>\n<td><\/td>\n<td><\/td>\n<\/tr>\n<tr>\n<td><big>Pitk\u00e4<\/big><\/td>\n<td>15.8.2015<\/td>\n<td>KiukU<\/td>\n<\/tr>\n<tr>\n<td><big>Viesti<\/big><\/td>\n<td>16.8.2015<\/td>\n<td>V-S<\/td>\n<\/tr>\n<tr>\n<td><big>Erikoispitk\u00e4<\/big><\/td>\n<td>3.10.2015<\/td>\n<td>J\u00e4min Suunnistusmaraton<\/td>\n<\/tr>\n<tr>\n<td><big>Partio<\/big><\/td>\n<td><\/td>\n<td><\/td>\n<\/tr>\n<tr>\n<td><big>Seura-cup<\/big><\/td>\n<td>11.8.2015<\/td>\n<td>RaLu<\/td>\n<\/tr>\n<tr>\n<td><big>AOV<\/big><\/td>\n<td>11.8.2015<\/td>\n<td>RaLu<\/td>\n<\/tr>\n<tr>\n<td><big>AOK<\/big><\/td>\n<td><\/td>\n<td><\/td>\n<\/tr>\n<tr>\n<td><big>Y\u00f6<\/big><\/td>\n<td><\/td>\n<td>Yl\u00e4ne<\/td>\n<\/tr>\n<tr>\n<td><big>KLL Satakunta<\/big><\/td>\n<td>12.5.2015<\/td>\n<td>RaLu<\/td>\n<\/tr>\n<\/tbody>\n<\/table>\n<p><a href=\"http:\/\/www.satakunnansuunnistus.fi\/?page_id=750\">AM-kilpailut 2014<\/a><a title=\"AM-kilpailut 2013\" href=\"http:\/\/www.satakunnansuunnistus.fi\/vanha\/amkilpailut2013.html\"><br \/>\nAikaisempien vuosien AM-kilpailut<\/a><\/p>\n","protected":false},"excerpt":{"rendered":"<p>Laji P\u00e4iv\u00e4 J\u00e4rjest\u00e4j\u00e4 HS-keski &#8211; &#8211; HS-pitk\u00e4 &#8211; &#8211; HS-parisprintti &#8211; &#8211; Tarkkuus 2.8.2015 KKV Py\u00f6r\u00e4suunnistus 11.7.2015 SuosmSa Keskimatka 9.6.2015 UlvUra Sprintti Pitk\u00e4 15.8.2015 KiukU Viesti 16.8.2015 V-S Erikoispitk\u00e4 3.10.2015 J\u00e4min Suunnistusmaraton Partio Seura-cup 11.8.2015 RaLu AOV 11.8.2015 RaLu AOK Y\u00f6 Yl\u00e4ne KLL Satakunta 12.5.2015 RaLu AM-kilpailut 2014 Aikaisempien vuosien [&hellip;]<\/p>\n","protected":false},"author":3,"featured_media":0,"parent":0,"menu_order":0,"comment_status":"closed","ping_status":"open","template":"","meta":{"footnotes":""},"class_list":["post-746","page","type-page","status-publish","hentry"],"_links":{"self":[{"href":"https:\/\/www.satakunnansuunnistus.fi\/index.php?rest_route=\/wp\/v2\/pages\/746","targetHints":{"allow":["GET"]}}],"collection":[{"href":"https:\/\/www.satakunnansuunnistus.fi\/index.php?rest_route=\/wp\/v2\/pages"}],"about":[{"href":"https:\/\/www.satakunnansuunnistus.fi\/index.php?rest_route=\/wp\/v2\/types\/page"}],"author":[{"embeddable":true,"href":"https:\/\/www.satakunnansuunnistus.fi\/index.php?rest_route=\/wp\/v2\/users\/3"}],"replies":[{"embeddable":true,"href":"https:\/\/www.satakunnansuunnistus.fi\/index.php?rest_route=%2Fwp%2Fv2%2Fcomments&post=746"}],"version-history":[{"count":5,"href":"https:\/\/www.satakunnansuunnistus.fi\/index.php?rest_route=\/wp\/v2\/pages\/746\/revisions"}],"predecessor-version":[{"id":1867,"href":"https:\/\/www.satakunnansuunnistus.fi\/index.php?rest_route=\/wp\/v2\/pages\/746\/revisions\/1867"}],"wp:attachment":[{"href":"https:\/\/www.satakunnansuunnistus.fi\/index.php?rest_route=%2Fwp%2Fv2%2Fmedia&parent=746"}],"curies":[{"name":"wp","href":"https:\/\/api.w.org\/{rel}","templated":true}]}}