{"id":55,"date":"2014-02-09T20:02:26","date_gmt":"2014-02-09T18:02:26","guid":{"rendered":"http:\/\/www.satakunnansuunnistus.fi\/?page_id=55"},"modified":"2025-09-18T12:05:35","modified_gmt":"2025-09-18T09:05:35","slug":"am-kisat","status":"publish","type":"page","link":"https:\/\/www.satakunnansuunnistus.fi\/?page_id=55","title":{"rendered":"AM-kilpailut"},"content":{"rendered":"<p style=\"text-align: left;\"><strong>AM-kilpailut 2025<\/strong><\/p>\n<ul>\n<li><a href=\"https:\/\/mustamango.fi\/events\/kalliokeskimatka-ja-satakunnan-am-keski\/\">Keskimatka<\/a>: su 4.5.2025 (Musta Mango ja Rauman Ty\u00f6v\u00e4en Urheilijat)<\/li>\n<li><a href=\"https:\/\/www.hiisirasti.fi\/\">Pitk\u00e4<\/a>: su 11.5.2025 (Kiukaisten Urheilijat)<\/li>\n<li><a href=\"https:\/\/www.vallansuunta.net\/\">Viesti<\/a>: ti 10.6.2025 (Vallan Suunta)<\/li>\n<li><a href=\"https:\/\/www.vallansuunta.net\/\">AOV<\/a>: ti 10.6.2025 (Vallan Suunta)<\/li>\n<li><a href=\"https:\/\/www.kansu.fi\/kilpailut\/kilpailut-2025\/satakunnan-am-sprintti-ke-3-9\/\">Sprintti<\/a>: ke 3.9.2025 (Kankaanp\u00e4\u00e4n Suunnistajat)<\/li>\n<li><a href=\"https:\/\/www.lauttakylanluja.fi\/suunnistus\/jaosto\/6136\/satakunnan-avoin-am-yo-1292025\">Y\u00f6<\/a>: pe 12.9.2025 (Kokem\u00e4en Kova-V\u00e4ki ja Lauttakyl\u00e4n Luja)<\/li>\n<li><a href=\"https:\/\/www.kansu.fi\/kilpailut\/kilpailut-2025\/kansallinen-pyorasuunnistuskilpailu-su-14-9-2025\/\">Py\u00f6r\u00e4suunnistus<\/a>: su 14.9.2025 (Kankaanp\u00e4\u00e4n Suunnistajat)<\/li>\n<li><a href=\"https:\/\/suunnistusmaraton.fi\/\">Erikoispitk\u00e4<\/a>: su 26.10.2025 J\u00e4mi Suunnistusmaraton<\/li>\n<li>KLL:<\/li>\n<li>Hiihtosuunnistus:<\/li>\n<li>Tarkkuussuunnistus:<\/li>\n<\/ul>\n<p>Halukkaiden j\u00e4rjest\u00e4jien toivotaan ottavan yhteytt\u00e4 kilpailuohjaaja <a href=\"http:\/\/www.satakunnansuunnistus.fi\/?page_id=32\">Marko Toivoon<\/a>.<\/p>\n<p><a href=\"https:\/\/www.satakunnansuunnistus.fi\/?page_id=3528\">AM-j\u00e4rjestelyohjeet<\/a><\/p>\n<p><a href=\"https:\/\/www.satakunnansuunnistus.fi\/?page_id=4810\">AM-kilpailut 2024<\/a><br \/>\n<a href=\"https:\/\/www.satakunnansuunnistus.fi\/?page_id=4559\">AM-kilpailut 2023<\/a><br \/>\n<a href=\"https:\/\/www.satakunnansuunnistus.fi\/?page_id=4204\">AM-kilpailut 2022<\/a><br \/>\n<a href=\"https:\/\/www.satakunnansuunnistus.fi\/?page_id=3799\">AM-kilpailut 2021<\/a><br \/>\n<a href=\"https:\/\/www.satakunnansuunnistus.fi\/?page_id=3656\">AM-kilpailut 2020<\/a><a href=\"https:\/\/www.satakunnansuunnistus.fi\/?page_id=3381\"><br \/>\nAM-kilpailut 2019<\/a><br \/>\n<a href=\"https:\/\/www.satakunnansuunnistus.fi\/?page_id=3142\">AM-kilpailut 2018<\/a><br \/>\n<a href=\"http:\/\/www.satakunnansuunnistus.fi\/?page_id=2657\" target=\"_blank\" rel=\"noopener noreferrer\">AM-kilpailut 2017<\/a><br \/>\n<a href=\"http:\/\/www.satakunnansuunnistus.fi\/?page_id=1868\" target=\"_blank\" rel=\"noopener noreferrer\">AM-kilpailut 2016<\/a><br \/>\n<a href=\"http:\/\/www.satakunnansuunnistus.fi\/?page_id=746\" target=\"_blank\" rel=\"noopener noreferrer\">AM-kilpailut 2015<\/a><br \/>\n<a href=\"http:\/\/www.satakunnansuunnistus.fi\/?page_id=750\" target=\"_blank\" rel=\"noopener noreferrer\">AM-kilpailut 2014<\/a><br \/>\n<a title=\"AM-kilpailut 2013\" href=\"http:\/\/www.satakunnansuunnistus.fi\/vanha\/amkilpailut2013.html\">2013 ja aikaisempien vuosien AM-kilpailut<\/a><\/p>\n","protected":false},"excerpt":{"rendered":"<p>AM-kilpailut 2025 Keskimatka: su 4.5.2025 (Musta Mango ja Rauman Ty\u00f6v\u00e4en Urheilijat) Pitk\u00e4: su 11.5.2025 (Kiukaisten Urheilijat) Viesti: ti 10.6.2025 (Vallan Suunta) AOV: ti 10.6.2025 (Vallan Suunta) Sprintti: ke 3.9.2025 (Kankaanp\u00e4\u00e4n Suunnistajat) Y\u00f6: pe 12.9.2025 (Kokem\u00e4en Kova-V\u00e4ki ja Lauttakyl\u00e4n Luja) Py\u00f6r\u00e4suunnistus: su 14.9.2025 (Kankaanp\u00e4\u00e4n Suunnistajat) Erikoispitk\u00e4: su 26.10.2025 J\u00e4mi Suunnistusmaraton KLL: [&hellip;]<\/p>\n","protected":false},"author":1,"featured_media":0,"parent":0,"menu_order":0,"comment_status":"closed","ping_status":"closed","template":"","meta":{"footnotes":""},"class_list":["post-55","page","type-page","status-publish","hentry"],"_links":{"self":[{"href":"https:\/\/www.satakunnansuunnistus.fi\/index.php?rest_route=\/wp\/v2\/pages\/55","targetHints":{"allow":["GET"]}}],"collection":[{"href":"https:\/\/www.satakunnansuunnistus.fi\/index.php?rest_route=\/wp\/v2\/pages"}],"about":[{"href":"https:\/\/www.satakunnansuunnistus.fi\/index.php?rest_route=\/wp\/v2\/types\/page"}],"author":[{"embeddable":true,"href":"https:\/\/www.satakunnansuunnistus.fi\/index.php?rest_route=\/wp\/v2\/users\/1"}],"replies":[{"embeddable":true,"href":"https:\/\/www.satakunnansuunnistus.fi\/index.php?rest_route=%2Fwp%2Fv2%2Fcomments&post=55"}],"version-history":[{"count":113,"href":"https:\/\/www.satakunnansuunnistus.fi\/index.php?rest_route=\/wp\/v2\/pages\/55\/revisions"}],"predecessor-version":[{"id":5100,"href":"https:\/\/www.satakunnansuunnistus.fi\/index.php?rest_route=\/wp\/v2\/pages\/55\/revisions\/5100"}],"wp:attachment":[{"href":"https:\/\/www.satakunnansuunnistus.fi\/index.php?rest_route=%2Fwp%2Fv2%2Fmedia&parent=55"}],"curies":[{"name":"wp","href":"https:\/\/api.w.org\/{rel}","templated":true}]}}