{"id":50,"date":"2014-02-07T19:32:27","date_gmt":"2014-02-07T17:32:27","guid":{"rendered":"http:\/\/www.satakunnansuunnistus.fi\/?page_id=50"},"modified":"2025-03-25T19:41:21","modified_gmt":"2025-03-25T17:41:21","slug":"seurat","status":"publish","type":"page","link":"https:\/\/www.satakunnansuunnistus.fi\/?page_id=50","title":{"rendered":"Seurat"},"content":{"rendered":"<table border=\"0\" cellspacing=\"2\" cellpadding=\"2\">\n<tbody>\n<tr>\n<td><big>Seura<\/big><\/td>\n<td><big>Lyhenne<\/big><\/td>\n<td><big>Paikkakunta<\/big><\/td>\n<td>IRMA<\/td>\n<\/tr>\n<tr>\n<td><big><a href=\"http:\/\/www.eurajoenveikot.fi\/\">Eurajoen Veikot<\/a><\/big><\/td>\n<td><big>EuVe<\/big><\/td>\n<td><big>Eurajoki<\/big><\/td>\n<td><a href=\"https:\/\/irma.suunnistusliitto.fi:8443\/irma\/public\/club\/viewClub?id=28\">IRMA<\/a><\/td>\n<\/tr>\n<tr>\n<td><a href=\"http:\/\/eku.sporttisaitti.com\/\"><big>Eura-Kauttuan Urheilijat<\/big><\/a><\/td>\n<td><big>EKU<\/big><\/td>\n<td><big>Eura<\/big><\/td>\n<td><a href=\"https:\/\/irma.suunnistusliitto.fi:8443\/irma\/public\/club\/viewClub?id=22\">IRMA<\/a><\/td>\n<\/tr>\n<tr>\n<td><big><a href=\"http:\/\/www.hiisirasti.fi\/\">Hiisirasti<\/a><\/big><\/td>\n<td><big>Hiisi<\/big><\/td>\n<td><\/td>\n<td><a href=\"https:\/\/irma.suunnistusliitto.fi:8443\/irma\/public\/club\/viewClub?id=47\">IRMA<\/a><\/td>\n<\/tr>\n<tr>\n<td><big>Hinnerjoen Yritys<\/big><\/td>\n<td><big>HinnYr<\/big><\/td>\n<td><big>Hinnerjoki<\/big><\/td>\n<td><a href=\"https:\/\/irma.suunnistusliitto.fi:8443\/irma\/public\/club\/viewClub?id=50\">IRMA<\/a><\/td>\n<\/tr>\n<tr>\n<td><big><a href=\"http:\/\/www.honkajoenseudunurheilijat.fi\/\">Honkajoen Seudun Urheilijat<\/a><\/big><\/td>\n<td><big>HSU<\/big><\/td>\n<td><big>Honkajoki<\/big><\/td>\n<td><a href=\"https:\/\/irma.suunnistusliitto.fi:8443\/irma\/public\/club\/viewClub?id=57\">IRMA<\/a><\/td>\n<\/tr>\n<tr>\n<td><big><a href=\"http:\/\/www.kansu.fi\/\">Kankaanp\u00e4\u00e4n Suunnistajat<\/a><\/big><\/td>\n<td><big>KanSu<\/big><\/td>\n<td><big>Kankaanp\u00e4\u00e4<\/big><\/td>\n<td><a href=\"https:\/\/irma.suunnistusliitto.fi:8443\/irma\/public\/club\/viewClub?id=92\">IRMA<\/a><\/td>\n<\/tr>\n<tr>\n<td><big>Kauvatsan Ponteva<\/big><\/td>\n<td><big>KauPo<\/big><\/td>\n<td><big>Kauvatsa<\/big><\/td>\n<td><a href=\"https:\/\/irma.suunnistusliitto.fi:8443\/irma\/public\/club\/viewClub?id=100\">IRMA<\/a><\/td>\n<\/tr>\n<tr>\n<td><big><a href=\"http:\/\/kiuku.sporttisaitti.com\">Kiukaisten Urheilijat<\/a><\/big><\/td>\n<td><big>KiU<\/big><\/td>\n<td><big>Kiukainen<\/big><\/td>\n<td><a href=\"https:\/\/irma.suunnistusliitto.fi:8443\/irma\/public\/club\/viewClub?id=115\">IRMA<\/a><\/td>\n<\/tr>\n<tr>\n<td><big><a href=\"http:\/\/kodisjoenkaiku.wordpress.com\">Kodisjoen Kaiku<\/a><\/big><\/td>\n<td><big>KodisjKa<\/big><\/td>\n<td><big>Kodisjoki<\/big><\/td>\n<td><a href=\"https:\/\/irma.suunnistusliitto.fi:8443\/irma\/public\/club\/viewClub?id=119\">IRMA<\/a><\/td>\n<\/tr>\n<tr>\n<td><big><a href=\"https:\/\/www.kk-v.fi\/suunnistus\/\">Kokem\u00e4en Kova-V\u00e4ki Suunnistus<\/a><\/big><\/td>\n<td><big>KoKV<\/big><\/td>\n<td><big>Kokem\u00e4ki<\/big><\/td>\n<td><a href=\"https:\/\/irma.suunnistusliitto.fi:8443\/irma\/public\/club\/viewClub?id=122\">IRMA<\/a><\/td>\n<\/tr>\n<tr>\n<td><big><a href=\"http:\/\/www.koylionlallit.fi\/index.php\">K\u00f6yli\u00f6n Lallit<\/a><\/big><\/td>\n<td><big>K\u00f6La<\/big><\/td>\n<td><big>K\u00f6yli\u00f6<\/big><\/td>\n<td><a href=\"https:\/\/irma.suunnistusliitto.fi:8443\/irma\/public\/club\/viewClub?id=148\">IRMA<\/a><\/td>\n<\/tr>\n<tr>\n<td><big><a href=\"https:\/\/www.lauttakylanluja.fi\/suunnistus\">Lauttakyl\u00e4n Luja<\/a><\/big><\/td>\n<td><big>LLuja<\/big><\/td>\n<td><big>Huittinen<\/big><\/td>\n<td><a href=\"https:\/\/irma.suunnistusliitto.fi:8443\/irma\/public\/club\/viewClub?id=154\">IRMA<\/a><\/td>\n<\/tr>\n<tr>\n<td><big><a href=\"http:\/\/www.lansi-lavianloiske.net\/\">L\u00e4nsi-Lavian Loiske<\/a><\/big><\/td>\n<td><big>L-LL<\/big><\/td>\n<td><big>Lavia<\/big><\/td>\n<td><a href=\"https:\/\/irma.suunnistusliitto.fi:8443\/irma\/public\/club\/viewClub?id=171\">IRMA<\/a><\/td>\n<\/tr>\n<tr>\n<td><big><a href=\"http:\/\/www.nakkilanwisa.fi\/\">Nakkilan Wisa<\/a><\/big><\/td>\n<td><big>NaWi<\/big><\/td>\n<td><big>Nakkila<\/big><\/td>\n<td><a href=\"https:\/\/irma.suunnistusliitto.fi:8443\/irma\/public\/club\/viewClub?id=199\">IRMA<\/a><\/td>\n<\/tr>\n<tr>\n<td><big><a href=\"http:\/\/www.punkalaitumenkunto.fi\/\">Punkalaitumen Kunto<\/a><\/big><\/td>\n<td><big>PunKu<\/big><\/td>\n<td><big>Punkalaidun<\/big><\/td>\n<td><a href=\"https:\/\/irma.suunnistusliitto.fi:8443\/irma\/public\/club\/viewClub?id=240\">IRMA<\/a><\/td>\n<\/tr>\n<tr>\n<td><big><a href=\"http:\/\/www.rastikarhut.fi\/\">Rastikarhut<\/a><\/big><\/td>\n<td><big>RasKa<\/big><\/td>\n<td><big>Pori<\/big><\/td>\n<td><a href=\"https:\/\/irma.suunnistusliitto.fi:8443\/irma\/public\/club\/viewClub?id=259\">IRMA<\/a><\/td>\n<\/tr>\n<tr>\n<td><big><a href=\"http:\/\/www.rastilukko.fi\/\">Rasti-Lukko<\/a><\/big><\/td>\n<td><big>RaLu<\/big><\/td>\n<td><big>Rauma<\/big><\/td>\n<td><a href=\"https:\/\/irma.suunnistusliitto.fi:8443\/irma\/public\/club\/viewClub?id=251\">IRMA<\/a><\/td>\n<\/tr>\n<tr>\n<td><big><a href=\"http:\/\/www.raumantu.fi\/index.php?id=3\">Rauman Ty\u00f6v\u00e4en Urheilijat<\/a><\/big><\/td>\n<td><big>RaTU<\/big><\/td>\n<td><big>Rauma<\/big><\/td>\n<td><a href=\"https:\/\/irma.suunnistusliitto.fi:8443\/irma\/public\/club\/viewClub?id=265\">IRMA<\/a><\/td>\n<\/tr>\n<tr>\n<td><a href=\"https:\/\/siikaistensisu.fi\/\"><big>Siikaisten Sisu<\/big><\/a><\/td>\n<td><big>SiikSi<\/big><\/td>\n<td><big>Siikainen<\/big><\/td>\n<td><a href=\"https:\/\/irma.suunnistusliitto.fi:8443\/irma\/public\/club\/viewClub?id=286\">IRMA<\/a><\/td>\n<\/tr>\n<tr>\n<td><big><a href=\"https:\/\/www.storminteras.fi\">Stormin Ter\u00e4s<\/a><\/big><\/td>\n<td><big>StormTe<\/big><\/td>\n<td><big>Sastamala<\/big><\/td>\n<td><a href=\"https:\/\/irma.suunnistusliitto.fi:8443\/irma\/public\/club\/viewClub?id=294\">IRMA<\/a><\/td>\n<\/tr>\n<tr>\n<td><big><a href=\"http:\/\/koti.mbnet.fi\/~suosmsa\">Suosmeren Salpa<\/a><\/big><\/td>\n<td><big>SuosmSa<\/big><\/td>\n<td><big>Ulvila<\/big><\/td>\n<td><a href=\"https:\/\/irma.suunnistusliitto.fi:8443\/irma\/public\/club\/viewClub?id=300\">IRMA<\/a><\/td>\n<\/tr>\n<tr>\n<td><big><a href=\"https:\/\/www.suunta-sepot.fi\/\">Suunta-Sepot<\/a><\/big><\/td>\n<td><big>SuSe<\/big><\/td>\n<td><big>Sastamala<\/big><\/td>\n<td><a href=\"https:\/\/irma.suunnistusliitto.fi:8443\/irma\/public\/club\/viewClub?id=302\">IRMA<\/a><\/td>\n<\/tr>\n<tr>\n<td><big><a href=\"http:\/\/www.ulvilanura.fi\/\">Ulvilan Ura<\/a><\/big><\/td>\n<td><big>UlvUra<\/big><\/td>\n<td><big>Ulvila<\/big><\/td>\n<td><a href=\"https:\/\/irma.suunnistusliitto.fi:8443\/irma\/public\/club\/viewClub?id=326\">IRMA<\/a><\/td>\n<\/tr>\n<tr>\n<td><big><a href=\"http:\/\/www.vallansuunta.net\/\">Vallan Suunta<\/a><\/big><\/td>\n<td><big>ValSu<\/big><\/td>\n<td><big>Harjavalta<\/big><\/td>\n<td><a href=\"https:\/\/irma.suunnistusliitto.fi:8443\/irma\/public\/club\/viewClub?id=333\">IRMA<\/a><\/td>\n<\/tr>\n<\/tbody>\n<\/table>\n","protected":false},"excerpt":{"rendered":"<p>Seura Lyhenne Paikkakunta IRMA Eurajoen Veikot EuVe Eurajoki IRMA Eura-Kauttuan Urheilijat EKU Eura IRMA Hiisirasti Hiisi IRMA Hinnerjoen Yritys HinnYr Hinnerjoki IRMA Honkajoen Seudun Urheilijat HSU Honkajoki IRMA Kankaanp\u00e4\u00e4n Suunnistajat KanSu Kankaanp\u00e4\u00e4 IRMA Kauvatsan Ponteva KauPo Kauvatsa IRMA Kiukaisten Urheilijat KiU Kiukainen IRMA Kodisjoen Kaiku KodisjKa Kodisjoki IRMA Kokem\u00e4en Kova-V\u00e4ki [&hellip;]<\/p>\n","protected":false},"author":1,"featured_media":0,"parent":0,"menu_order":0,"comment_status":"closed","ping_status":"closed","template":"","meta":{"footnotes":""},"class_list":["post-50","page","type-page","status-publish","hentry"],"_links":{"self":[{"href":"https:\/\/www.satakunnansuunnistus.fi\/index.php?rest_route=\/wp\/v2\/pages\/50","targetHints":{"allow":["GET"]}}],"collection":[{"href":"https:\/\/www.satakunnansuunnistus.fi\/index.php?rest_route=\/wp\/v2\/pages"}],"about":[{"href":"https:\/\/www.satakunnansuunnistus.fi\/index.php?rest_route=\/wp\/v2\/types\/page"}],"author":[{"embeddable":true,"href":"https:\/\/www.satakunnansuunnistus.fi\/index.php?rest_route=\/wp\/v2\/users\/1"}],"replies":[{"embeddable":true,"href":"https:\/\/www.satakunnansuunnistus.fi\/index.php?rest_route=%2Fwp%2Fv2%2Fcomments&post=50"}],"version-history":[{"count":16,"href":"https:\/\/www.satakunnansuunnistus.fi\/index.php?rest_route=\/wp\/v2\/pages\/50\/revisions"}],"predecessor-version":[{"id":5031,"href":"https:\/\/www.satakunnansuunnistus.fi\/index.php?rest_route=\/wp\/v2\/pages\/50\/revisions\/5031"}],"wp:attachment":[{"href":"https:\/\/www.satakunnansuunnistus.fi\/index.php?rest_route=%2Fwp%2Fv2%2Fmedia&parent=50"}],"curies":[{"name":"wp","href":"https:\/\/api.w.org\/{rel}","templated":true}]}}