{"id":4943,"date":"2025-01-27T19:44:18","date_gmt":"2025-01-27T17:44:18","guid":{"rendered":"https:\/\/www.satakunnansuunnistus.fi\/?page_id=4943"},"modified":"2025-01-27T19:44:18","modified_gmt":"2025-01-27T17:44:18","slug":"oravacup-2024","status":"publish","type":"page","link":"https:\/\/www.satakunnansuunnistus.fi\/?page_id=4943","title":{"rendered":"Oravacup 2024"},"content":{"rendered":"\r\n\r\n<strong>SATAKUNNAN ALUEEN <\/strong><strong>ORAVATAPAHTUMAT 2024<\/strong>\r\n\r\n<strong>ORAVA-CUP 2024<\/strong>\r\n\r\n<big><a href=\"http:\/\/www.satakunnansuunnistus.fi\/oravacup\/ilmo\/\">Oravacupin ilmoittautumisj\u00e4rjestelm\u00e4<\/a><\/big><big><\/big>\r\n<h3><strong><a href=\"https:\/\/www.satakunnansuunnistus.fi\/Orava-cupin%20pistetaulukko%202024.htm\">Oravacupin lopputilanne 2024<\/a><\/strong><\/h3>\r\n<a href=\"https:\/\/www.satakunnansuunnistus.fi\/?page_id=149\">Oravacup-s\u00e4\u00e4nn\u00f6t 2024<\/a>\r\n<table style=\"height: 248px;\" border=\"1\" width=\"463\" cellspacing=\"1\" cellpadding=\"2\">\r\n<tbody>\r\n<tr>\r\n<td>Orava-cup<\/td>\r\n<td>Aika<\/td>\r\n<td>J\u00e4rjest\u00e4j\u00e4<\/td>\r\n<td>HUOM!<\/td>\r\n<td>\u00a0Kilpailusivut<\/td>\r\n<\/tr>\r\n<tr>\r\n<td>Pori<\/td>\r\n<td>7.5<\/td>\r\n<td>Mango<\/td>\r\n<td>sprintti, tiistai<\/td>\r\n<td><a href=\"https:\/\/mustamango.fi\/events\/satakunnan-am-sprintti-ja-oravacup-1-2024\/\">Linkki<\/a><\/td>\r\n<\/tr>\r\n<tr>\r\n<td>Punkalaidun<\/td>\r\n<td>15.5.<\/td>\r\n<td>PunKu<\/td>\r\n<td><\/td>\r\n<td><a href=\"https:\/\/www.punkalaitumenkunto.fi\/suunnistus\/oravacup-15-5-2024\/\">Linkki<\/a><\/td>\r\n<\/tr>\r\n<tr>\r\n<td>Pori<\/td>\r\n<td>29.5.<\/td>\r\n<td>RasKa<\/td>\r\n<td><\/td>\r\n<td><a href=\"https:\/\/www.rastikarhut.fi\/seura\/controller\/runko.php?kisaweb&amp;kisaID=1887&amp;vuosi=2024\">Linkki<\/a><\/td>\r\n<\/tr>\r\n<tr>\r\n<td>Kankaanp\u00e4\u00e4<\/td>\r\n<td>19.6.<\/td>\r\n<td>KanSu<\/td>\r\n<td><\/td>\r\n<td><a href=\"https:\/\/www.kansu.fi\/kilpailut\/kilpailut-2024\/orava-cup-ke-19-6-2024\/\">Linkki<\/a><\/td>\r\n<\/tr>\r\n<tr>\r\n<td>Rauma<\/td>\r\n<td>21.8.<\/td>\r\n<td>RaLu<\/td>\r\n<td><\/td>\r\n<td><a href=\"https:\/\/www.rastilukko.fi\/suunnistus\/kilpailut\/oravacup-21-8-2024\/\">Linkki<\/a><\/td>\r\n<\/tr>\r\n<tr>\r\n<td>Kiukainen<\/td>\r\n<td>28.8.<\/td>\r\n<td>KiU<\/td>\r\n<td><\/td>\r\n<td><a href=\"https:\/\/www.hiisirasti.fi\/?p=2418\">Linkki<\/a><\/td>\r\n<\/tr>\r\n<tr>\r\n<td>K\u00f6yli\u00f6<\/td>\r\n<td>11.9.<\/td>\r\n<td>K\u00f6La<\/td>\r\n<td><\/td>\r\n<td><a href=\"https:\/\/www.hiisirasti.fi\/?p=2416\">Linkki<\/a><\/td>\r\n<\/tr>\r\n<\/tbody>\r\n<\/table>\r\n<a href=\"https:\/\/www.satakunnansuunnistus.fi\/Orava-cupin%20pistetaulukko%202023.htm\" target=\"_blank\" rel=\"noopener\">Oravacupin lopputilanne 2023<\/a>\r\n\r\n<a href=\"https:\/\/www.satakunnansuunnistus.fi\/?page_id=4550\">Oravacup tulokset ja tapahtumat 2023<\/a>\r\n<a href=\"https:\/\/www.satakunnansuunnistus.fi\/?page_id=4196\">Oravacup tulokset ja tapahtumat 2022<\/a>\r\n<a href=\"https:\/\/www.satakunnansuunnistus.fi\/?page_id=3924\" target=\"_blank\" rel=\"noopener noreferrer\">Oravacup tulokset ja tapahtumat 2021<\/a>\r\n<a href=\"https:\/\/www.satakunnansuunnistus.fi\/?page_id=3662\" target=\"_blank\" rel=\"noopener noreferrer\">Oravacup tulokset ja tapahtumat 2020<\/a>\r\n<a href=\"https:\/\/www.satakunnansuunnistus.fi\/?page_id=3396\" target=\"_blank\" rel=\"noopener noreferrer\">Oravacup tulokset ja tapahtumat 2019<\/a>\r\n<a href=\"https:\/\/www.satakunnansuunnistus.fi\/?page_id=3087\">Oravacup tulokset ja tapahtumat 2018<\/a>\r\n<a href=\"http:\/\/www.satakunnansuunnistus.fi\/?page_id=2626\">Oravacup tulokset ja tapahtumat 2017<\/a>\r\n<a href=\"http:\/\/www.satakunnansuunnistus.fi\/?page_id=2029\">Oravacup tulokset ja tapahtumat 2016<\/a><a href=\"http:\/\/www.satakunnansuunnistus.fi\/?page_id=995\">\r\n<\/a><a href=\"http:\/\/www.satakunnansuunnistus.fi\/?page_id=1623\">Oravacup tulokset ja tapahtumat 2015<\/a>\r\n<a href=\"https:\/\/www.satakunnansuunnistus.fi\/?page_id=995\">Oravacup tulokset ja tapahtumat 2014<\/a>\r\n<a href=\"http:\/\/www.satakunnansuunnistus.fi\/vanha\/oravat.html\">Oravacup tulokset ja tapahtumat 2013<\/a><a href=\"http:\/\/www.satakunnansuunnistus.fi\/?page_id=995\">\r\n<\/a>\r\n\r\n<a href=\"https:\/\/www.satakunnansuunnistus.fi\/?page_id=3412\" target=\"_blank\" rel=\"noopener noreferrer\"><strong>Katso my\u00f6s muut Satakunnan nuorisosuunnistuksen tapahtumat ja leirit<\/strong><\/a>","protected":false},"excerpt":{"rendered":"<p>SATAKUNNAN ALUEEN ORAVATAPAHTUMAT 2024 ORAVA-CUP 2024 Oravacupin ilmoittautumisj\u00e4rjestelm\u00e4 Oravacupin lopputilanne 2024 Oravacup-s\u00e4\u00e4nn\u00f6t 2024 Orava-cup Aika J\u00e4rjest\u00e4j\u00e4 HUOM! \u00a0Kilpailusivut Pori 7.5 Mango sprintti, tiistai Linkki Punkalaidun 15.5. PunKu Linkki Pori 29.5. RasKa Linkki Kankaanp\u00e4\u00e4 19.6. KanSu Linkki Rauma 21.8. RaLu Linkki Kiukainen 28.8. KiU Linkki K\u00f6yli\u00f6 11.9. K\u00f6La Linkki Oravacupin lopputilanne [&hellip;]<\/p>\n","protected":false},"author":3,"featured_media":0,"parent":0,"menu_order":0,"comment_status":"closed","ping_status":"closed","template":"","meta":{"footnotes":""},"class_list":["post-4943","page","type-page","status-publish","hentry"],"_links":{"self":[{"href":"https:\/\/www.satakunnansuunnistus.fi\/index.php?rest_route=\/wp\/v2\/pages\/4943","targetHints":{"allow":["GET"]}}],"collection":[{"href":"https:\/\/www.satakunnansuunnistus.fi\/index.php?rest_route=\/wp\/v2\/pages"}],"about":[{"href":"https:\/\/www.satakunnansuunnistus.fi\/index.php?rest_route=\/wp\/v2\/types\/page"}],"author":[{"embeddable":true,"href":"https:\/\/www.satakunnansuunnistus.fi\/index.php?rest_route=\/wp\/v2\/users\/3"}],"replies":[{"embeddable":true,"href":"https:\/\/www.satakunnansuunnistus.fi\/index.php?rest_route=%2Fwp%2Fv2%2Fcomments&post=4943"}],"version-history":[{"count":1,"href":"https:\/\/www.satakunnansuunnistus.fi\/index.php?rest_route=\/wp\/v2\/pages\/4943\/revisions"}],"predecessor-version":[{"id":4944,"href":"https:\/\/www.satakunnansuunnistus.fi\/index.php?rest_route=\/wp\/v2\/pages\/4943\/revisions\/4944"}],"wp:attachment":[{"href":"https:\/\/www.satakunnansuunnistus.fi\/index.php?rest_route=%2Fwp%2Fv2%2Fmedia&parent=4943"}],"curies":[{"name":"wp","href":"https:\/\/api.w.org\/{rel}","templated":true}]}}