{"id":4810,"date":"2024-11-02T10:29:23","date_gmt":"2024-11-02T08:29:23","guid":{"rendered":"https:\/\/www.satakunnansuunnistus.fi\/?page_id=4810"},"modified":"2024-11-02T10:29:23","modified_gmt":"2024-11-02T08:29:23","slug":"am-kilpailut-2024","status":"publish","type":"page","link":"https:\/\/www.satakunnansuunnistus.fi\/?page_id=4810","title":{"rendered":"AM-kilpailut 2024"},"content":{"rendered":"<p style=\"text-align: left;\"><strong>AM-kilpailut 2024<\/strong><\/p>\n<ul>\n<li><a href=\"https:\/\/mustamango.fi\/events\/satakunnan-am-sprintti-ja-oravacup-1-2024\/\">Sprintti: 7.5.2024<\/a> (Musta Mango Oy)<\/li>\n<li><a href=\"https:\/\/www.punkalaitumenkunto.fi\/suunnistus\/kesalaitumen-rastit-6-7-2024\/\">Keskimatka: 6.7.2024<\/a> (Punkalaitumen Kunto)<\/li>\n<li><a href=\"https:\/\/mustamango.fi\/events\/hedelmainen-kangaskeskari-ja-satakunnan-am-pyorasuunnistus-2\/\">Py\u00f6r\u00e4suunnistus: 11.8.2024<\/a> (Musta Mango Oy \/ Kokem\u00e4en Kova-V\u00e4ki)<\/li>\n<li><a href=\"https:\/\/www.rastikarhut.fi\/seura\/controller\/runko.php?kisaweb&amp;kisaID=1889&amp;kisannimi=AOV-%20ja%20AM-viesti&amp;vuosi=2024\">Viesti: 13.8.2024<\/a> (Rastikarhut \/ Kokem\u00e4en Kova-V\u00e4ki)<\/li>\n<li><a href=\"https:\/\/www.rastikarhut.fi\/seura\/controller\/runko.php?kisaweb&amp;kisaID=1889&amp;kisannimi=AOV-%20ja%20AM-viesti&amp;vuosi=2024\">AOV: 13.8.2024<\/a> (Rastikarhut \/ Kokem\u00e4en Kova-V\u00e4ki)<\/li>\n<li><a href=\"https:\/\/www.kansu.fi\/kilpailut\/kilpailut-2024\/kankaanpaa-rastit-su-8-9-2024\/\">Pitk\u00e4: 8.9.2024<\/a> (Kankaanp\u00e4\u00e4n Suunnistajat)<\/li>\n<li><a href=\"https:\/\/www.hiisirasti.fi\/?p=2416\">Y\u00f6: 11.9.2024<\/a> (Hiisirasti)<\/li>\n<li><a href=\"https:\/\/suunnistusmaraton.fi\/\">Erikoispitk\u00e4: 27.10.2024<\/a> (Ikaalisten Nouseva-Voima)<\/li>\n<li>KLL:<\/li>\n<li>Hiihtosuunnistus:<\/li>\n<li>Tarkkuussuunnistus:<\/li>\n<\/ul>\n<p>Halukkaiden j\u00e4rjest\u00e4jien toivotaan ottavan yhteytt\u00e4 kilpailuohjaaja <a href=\"http:\/\/www.satakunnansuunnistus.fi\/?page_id=32\">Marko Toivoon<\/a>.<\/p>\n<p><a href=\"https:\/\/www.satakunnansuunnistus.fi\/?page_id=3528\">AM-j\u00e4rjestelyohjeet<\/a><\/p>\n<p><a href=\"https:\/\/www.satakunnansuunnistus.fi\/?page_id=4559\">AM-kilpailut 2023<\/a><br \/>\n<a href=\"https:\/\/www.satakunnansuunnistus.fi\/?page_id=4204\">AM-kilpailut 2022<\/a><br \/>\n<a href=\"https:\/\/www.satakunnansuunnistus.fi\/?page_id=3799\">AM-kilpailut 2021<\/a><br \/>\n<a href=\"https:\/\/www.satakunnansuunnistus.fi\/?page_id=3656\">AM-kilpailut 2020<\/a><a href=\"https:\/\/www.satakunnansuunnistus.fi\/?page_id=3381\"><br \/>\nAM-kilpailut 2019<\/a><br \/>\n<a href=\"https:\/\/www.satakunnansuunnistus.fi\/?page_id=3142\">AM-kilpailut 2018<\/a><br \/>\n<a href=\"http:\/\/www.satakunnansuunnistus.fi\/?page_id=2657\" target=\"_blank\" rel=\"noopener noreferrer\">AM-kilpailut 2017<\/a><br \/>\n<a href=\"http:\/\/www.satakunnansuunnistus.fi\/?page_id=1868\" target=\"_blank\" rel=\"noopener noreferrer\">AM-kilpailut 2016<\/a><br \/>\n<a href=\"http:\/\/www.satakunnansuunnistus.fi\/?page_id=746\" target=\"_blank\" rel=\"noopener noreferrer\">AM-kilpailut 2015<\/a><br \/>\n<a href=\"http:\/\/www.satakunnansuunnistus.fi\/?page_id=750\" target=\"_blank\" rel=\"noopener noreferrer\">AM-kilpailut 2014<\/a><br \/>\n<a title=\"AM-kilpailut 2013\" href=\"http:\/\/www.satakunnansuunnistus.fi\/vanha\/amkilpailut2013.html\">2013 ja aikaisempien vuosien AM-kilpailut<\/a><\/p>\n","protected":false},"excerpt":{"rendered":"<p>AM-kilpailut 2024 Sprintti: 7.5.2024 (Musta Mango Oy) Keskimatka: 6.7.2024 (Punkalaitumen Kunto) Py\u00f6r\u00e4suunnistus: 11.8.2024 (Musta Mango Oy \/ Kokem\u00e4en Kova-V\u00e4ki) Viesti: 13.8.2024 (Rastikarhut \/ Kokem\u00e4en Kova-V\u00e4ki) AOV: 13.8.2024 (Rastikarhut \/ Kokem\u00e4en Kova-V\u00e4ki) Pitk\u00e4: 8.9.2024 (Kankaanp\u00e4\u00e4n Suunnistajat) Y\u00f6: 11.9.2024 (Hiisirasti) Erikoispitk\u00e4: 27.10.2024 (Ikaalisten Nouseva-Voima) KLL: Hiihtosuunnistus: Tarkkuussuunnistus: Halukkaiden j\u00e4rjest\u00e4jien toivotaan ottavan yhteytt\u00e4 [&hellip;]<\/p>\n","protected":false},"author":3,"featured_media":0,"parent":0,"menu_order":0,"comment_status":"closed","ping_status":"closed","template":"","meta":{"footnotes":""},"class_list":["post-4810","page","type-page","status-publish","hentry"],"_links":{"self":[{"href":"https:\/\/www.satakunnansuunnistus.fi\/index.php?rest_route=\/wp\/v2\/pages\/4810","targetHints":{"allow":["GET"]}}],"collection":[{"href":"https:\/\/www.satakunnansuunnistus.fi\/index.php?rest_route=\/wp\/v2\/pages"}],"about":[{"href":"https:\/\/www.satakunnansuunnistus.fi\/index.php?rest_route=\/wp\/v2\/types\/page"}],"author":[{"embeddable":true,"href":"https:\/\/www.satakunnansuunnistus.fi\/index.php?rest_route=\/wp\/v2\/users\/3"}],"replies":[{"embeddable":true,"href":"https:\/\/www.satakunnansuunnistus.fi\/index.php?rest_route=%2Fwp%2Fv2%2Fcomments&post=4810"}],"version-history":[{"count":1,"href":"https:\/\/www.satakunnansuunnistus.fi\/index.php?rest_route=\/wp\/v2\/pages\/4810\/revisions"}],"predecessor-version":[{"id":4811,"href":"https:\/\/www.satakunnansuunnistus.fi\/index.php?rest_route=\/wp\/v2\/pages\/4810\/revisions\/4811"}],"wp:attachment":[{"href":"https:\/\/www.satakunnansuunnistus.fi\/index.php?rest_route=%2Fwp%2Fv2%2Fmedia&parent=4810"}],"curies":[{"name":"wp","href":"https:\/\/api.w.org\/{rel}","templated":true}]}}