{"id":4559,"date":"2024-01-05T17:13:46","date_gmt":"2024-01-05T15:13:46","guid":{"rendered":"https:\/\/www.satakunnansuunnistus.fi\/?page_id=4559"},"modified":"2024-01-05T17:13:46","modified_gmt":"2024-01-05T15:13:46","slug":"am-kilpailut-2023","status":"publish","type":"page","link":"https:\/\/www.satakunnansuunnistus.fi\/?page_id=4559","title":{"rendered":"AM-kilpailut 2023"},"content":{"rendered":"<p style=\"text-align: left;\"><strong>AM-kilpailut 2023<\/strong><\/p>\n<ul>\n<li><a href=\"http:\/\/www.hiisirasti.fi\/\">Keskimatka: 7.5.2023 (Kiukaisten Urheilijat)<\/a><\/li>\n<li><a href=\"https:\/\/www.rastikarhut.fi\/seura\/controller\/runko.php?kisaweb&amp;kisaID=869&amp;kisannimi=Satakunnan%20KLL&amp;vuosi=2023\">KLL: 11.5.2023 (Rastikarhut)<\/a><\/li>\n<li><a href=\"https:\/\/www.lhr.fi\/am-pitka-ja-viesti-2023-hame-satakunta-varsinais-suomi\">Pitk\u00e4: 12.8.2023 (Lounais-H\u00e4meen Rasti)<\/a><\/li>\n<li><a href=\"https:\/\/www.lhr.fi\/am-pitka-ja-viesti-2023-hame-satakunta-varsinais-suomi\">Viesti: 13.8.2023 (Lounais-H\u00e4meen Rasti)<\/a><\/li>\n<li><a href=\"https:\/\/mustamango.fi\/events\/hedelmainen-kangaskeskari-ja-satakunnan-am-pyorasuunnistus\/\">Py\u00f6r\u00e4suunnistus: 27.8.2023 (Musta Mango Oy \/ Kokem\u00e4en Kova-V\u00e4ki)<\/a><\/li>\n<li><a href=\"https:\/\/www.rastikarhut.fi\/seura\/controller\/runko.php?kisaweb&amp;kisaID=873&amp;vuosi=2023\">AOV: 5.9.2023 (Rastikarhut)<\/a><\/li>\n<li><a href=\"https:\/\/www.kansu.fi\/kilpailut\/kilpailut-2023\/satakunnan-am-sprintti-ke-6-9-2023\/\">Sprintti: 6.9.2023 (Honkajoen Seudun Urheilijat)<\/a><\/li>\n<li><a href=\"https:\/\/www.satakunnansuunnistus.fi\/?event=am-yo\">Y\u00f6: 15.9.2023 (Suosmeren Salpa)<\/a><\/li>\n<li><a href=\"https:\/\/suunnistusmaraton.fi\/\">Erikoispitk\u00e4: 22.10.2023 (Ikaalisten Nouseva Voima)<\/a><\/li>\n<li>Hiihtosuunnistus:<\/li>\n<li>Tarkkuussuunnistus:<\/li>\n<\/ul>\n<p>Halukkaiden j\u00e4rjest\u00e4jien toivotaan ottavan yhteytt\u00e4 kilpailuohjaaja <a href=\"http:\/\/www.satakunnansuunnistus.fi\/?page_id=32\">Seppo Sipil\u00e4\u00e4n<\/a>.<\/p>\n<p><a href=\"https:\/\/www.satakunnansuunnistus.fi\/?page_id=3528\">AM-j\u00e4rjestelyohjeet<\/a><\/p>\n<p><a href=\"https:\/\/www.satakunnansuunnistus.fi\/?page_id=4204\">AM-kilpailut 2022<\/a><br \/>\n<a href=\"https:\/\/www.satakunnansuunnistus.fi\/?page_id=3799\">AM-kilpailut 2021<\/a><br \/>\n<a href=\"https:\/\/www.satakunnansuunnistus.fi\/?page_id=3656\">AM-kilpailut 2020<\/a><a href=\"https:\/\/www.satakunnansuunnistus.fi\/?page_id=3381\"><br \/>\nAM-kilpailut 2019<\/a><br \/>\n<a href=\"https:\/\/www.satakunnansuunnistus.fi\/?page_id=3142\">AM-kilpailut 2018<\/a><br \/>\n<a href=\"http:\/\/www.satakunnansuunnistus.fi\/?page_id=2657\" target=\"_blank\" rel=\"noopener noreferrer\">AM-kilpailut 2017<\/a><br \/>\n<a href=\"http:\/\/www.satakunnansuunnistus.fi\/?page_id=1868\" target=\"_blank\" rel=\"noopener noreferrer\">AM-kilpailut 2016<\/a><br \/>\n<a href=\"http:\/\/www.satakunnansuunnistus.fi\/?page_id=746\" target=\"_blank\" rel=\"noopener noreferrer\">AM-kilpailut 2015<\/a><br \/>\n<a href=\"http:\/\/www.satakunnansuunnistus.fi\/?page_id=750\" target=\"_blank\" rel=\"noopener noreferrer\">AM-kilpailut 2014<\/a><br \/>\n<a title=\"AM-kilpailut 2013\" href=\"http:\/\/www.satakunnansuunnistus.fi\/vanha\/amkilpailut2013.html\">2013 ja aikaisempien vuosien AM-kilpailut<\/a><\/p>\n","protected":false},"excerpt":{"rendered":"<p>AM-kilpailut 2023 Keskimatka: 7.5.2023 (Kiukaisten Urheilijat) KLL: 11.5.2023 (Rastikarhut) Pitk\u00e4: 12.8.2023 (Lounais-H\u00e4meen Rasti) Viesti: 13.8.2023 (Lounais-H\u00e4meen Rasti) Py\u00f6r\u00e4suunnistus: 27.8.2023 (Musta Mango Oy \/ Kokem\u00e4en Kova-V\u00e4ki) AOV: 5.9.2023 (Rastikarhut) Sprintti: 6.9.2023 (Honkajoen Seudun Urheilijat) Y\u00f6: 15.9.2023 (Suosmeren Salpa) Erikoispitk\u00e4: 22.10.2023 (Ikaalisten Nouseva Voima) Hiihtosuunnistus: Tarkkuussuunnistus: Halukkaiden j\u00e4rjest\u00e4jien toivotaan ottavan yhteytt\u00e4 kilpailuohjaaja [&hellip;]<\/p>\n","protected":false},"author":3,"featured_media":0,"parent":0,"menu_order":0,"comment_status":"closed","ping_status":"closed","template":"","meta":{"footnotes":""},"class_list":["post-4559","page","type-page","status-publish","hentry"],"_links":{"self":[{"href":"https:\/\/www.satakunnansuunnistus.fi\/index.php?rest_route=\/wp\/v2\/pages\/4559","targetHints":{"allow":["GET"]}}],"collection":[{"href":"https:\/\/www.satakunnansuunnistus.fi\/index.php?rest_route=\/wp\/v2\/pages"}],"about":[{"href":"https:\/\/www.satakunnansuunnistus.fi\/index.php?rest_route=\/wp\/v2\/types\/page"}],"author":[{"embeddable":true,"href":"https:\/\/www.satakunnansuunnistus.fi\/index.php?rest_route=\/wp\/v2\/users\/3"}],"replies":[{"embeddable":true,"href":"https:\/\/www.satakunnansuunnistus.fi\/index.php?rest_route=%2Fwp%2Fv2%2Fcomments&post=4559"}],"version-history":[{"count":1,"href":"https:\/\/www.satakunnansuunnistus.fi\/index.php?rest_route=\/wp\/v2\/pages\/4559\/revisions"}],"predecessor-version":[{"id":4560,"href":"https:\/\/www.satakunnansuunnistus.fi\/index.php?rest_route=\/wp\/v2\/pages\/4559\/revisions\/4560"}],"wp:attachment":[{"href":"https:\/\/www.satakunnansuunnistus.fi\/index.php?rest_route=%2Fwp%2Fv2%2Fmedia&parent=4559"}],"curies":[{"name":"wp","href":"https:\/\/api.w.org\/{rel}","templated":true}]}}