{"id":44,"date":"2014-02-07T19:29:53","date_gmt":"2014-02-07T17:29:53","guid":{"rendered":"http:\/\/www.satakunnansuunnistus.fi\/?page_id=44"},"modified":"2023-06-16T16:56:37","modified_gmt":"2023-06-16T13:56:37","slug":"kartat","status":"publish","type":"page","link":"https:\/\/www.satakunnansuunnistus.fi\/?page_id=44","title":{"rendered":"Kartat"},"content":{"rendered":"<h1>Suunnistuskarttojen rekister\u00f6inti<\/h1>\n<p><strong>Seurojen tulee raportoida<\/strong> kaikki valmistamansa suunnistus- ja opetuskartat sek\u00e4 sprintti-, hiihto-, py\u00f6r\u00e4- ja tarkkuussuunnistuskartat. Koulujen ym. pihakarttoja ei raportoida.<\/p>\n<p>Raportointi tehd\u00e4\u00e4n SSL:n karttarekisteriin, joka on osoitteessa <a href=\"http:\/\/www.karttarekisteri.fi\/\" target=\"_blank\" rel=\"noopener noreferrer\">www.karttarekisteri.fi<\/a>.<\/p>\n<h2>Karttanumero<\/h2>\n<p>Alueen karttavastaava k\u00e4sittelee paikallisen alueen kartoitusvaraukset ja antaa karttanumerot. Karttanumero tarvitaan kartan rekister\u00f6intiin.<\/p>\n<p>Satakunnan alueen karttavastaavan yhteystiedot:<\/p>\n<p>Ari Uotila<br \/>\no4o-52449o9<br \/>\nari.uotilaari(\u00e4t)gmail.com<\/p>\n<h2>Lis\u00e4tietoa suunnistuskartoista<\/h2>\n<p><a href=\"http:\/\/www.karttarekisteri.fi\/\">Karttarekisteri<\/a><br \/>\n<a href=\"https:\/\/www.suunnistusliitto.fi\/kartta\/\">SSL, Kartta<\/a><\/p>\n<hr \/>\n<h2>Tarkkuussuunnistuskartan teko Purple Penill\u00e4<\/h2>\n<p><strong>Kysymys:<\/strong><br \/>\nEn ole ennen tarkkuussuunnistusratoja tehnyt, mutta nyt kiinnostaisi tehd\u00e4 seuran nuorille harjoitus.\u00a0 Miten kartta kannattaisi teknisesti toteuttaa? Tavallisissa suunnistusradoissa olen k\u00e4ytt\u00e4nyt Purple Peni\u00e4.<\/p>\n<p><strong>Vastaus:<br \/>\n<\/strong>Ohje l\u00f6ytyy t\u00e4\u00e4lt\u00e4 &#8211; <a href=\"https:\/\/www.satakunnansuunnistus.fi\/wp-content\/uploads\/2022\/06\/Tarkkuussuunnistuskartta-Purple-Penilla.pdf\">Helppo, nopea ja simppeli tapa tehd\u00e4 tarkkuuussuunnistusrata Purple Penill\u00e4<\/a>.<\/p>\n<p><strong>Ohjeen linkit:<\/strong><br \/>\n<a href=\"https:\/\/www.trailo.fi\/keskustelu\/\">\u00a0&#8211; tarkkuuussuunnistajien keskustelupalsta<\/a><br \/>\n<a href=\"https:\/\/www.google.com\/search?q=purple+pen+ohje\">\u00a0&#8211; Googlella l\u00f6yt\u00e4\u00e4 paljon Purple Penin perusk\u00e4ytt\u00f6ohjeita<\/a><\/p>\n","protected":false},"excerpt":{"rendered":"<p>Suunnistuskarttojen rekister\u00f6inti Seurojen tulee raportoida kaikki valmistamansa suunnistus- ja opetuskartat sek\u00e4 sprintti-, hiihto-, py\u00f6r\u00e4- ja tarkkuussuunnistuskartat. Koulujen ym. pihakarttoja ei raportoida. Raportointi tehd\u00e4\u00e4n SSL:n karttarekisteriin, joka on osoitteessa www.karttarekisteri.fi. Karttanumero Alueen karttavastaava k\u00e4sittelee paikallisen alueen kartoitusvaraukset ja antaa karttanumerot. Karttanumero tarvitaan kartan rekister\u00f6intiin. Satakunnan alueen karttavastaavan yhteystiedot: Ari Uotila o4o-52449o9 [&hellip;]<\/p>\n","protected":false},"author":1,"featured_media":0,"parent":0,"menu_order":0,"comment_status":"closed","ping_status":"closed","template":"","meta":{"footnotes":""},"class_list":["post-44","page","type-page","status-publish","hentry"],"_links":{"self":[{"href":"https:\/\/www.satakunnansuunnistus.fi\/index.php?rest_route=\/wp\/v2\/pages\/44","targetHints":{"allow":["GET"]}}],"collection":[{"href":"https:\/\/www.satakunnansuunnistus.fi\/index.php?rest_route=\/wp\/v2\/pages"}],"about":[{"href":"https:\/\/www.satakunnansuunnistus.fi\/index.php?rest_route=\/wp\/v2\/types\/page"}],"author":[{"embeddable":true,"href":"https:\/\/www.satakunnansuunnistus.fi\/index.php?rest_route=\/wp\/v2\/users\/1"}],"replies":[{"embeddable":true,"href":"https:\/\/www.satakunnansuunnistus.fi\/index.php?rest_route=%2Fwp%2Fv2%2Fcomments&post=44"}],"version-history":[{"count":13,"href":"https:\/\/www.satakunnansuunnistus.fi\/index.php?rest_route=\/wp\/v2\/pages\/44\/revisions"}],"predecessor-version":[{"id":4317,"href":"https:\/\/www.satakunnansuunnistus.fi\/index.php?rest_route=\/wp\/v2\/pages\/44\/revisions\/4317"}],"wp:attachment":[{"href":"https:\/\/www.satakunnansuunnistus.fi\/index.php?rest_route=%2Fwp%2Fv2%2Fmedia&parent=44"}],"curies":[{"name":"wp","href":"https:\/\/api.w.org\/{rel}","templated":true}]}}