{"id":4329,"date":"2023-07-31T22:47:34","date_gmt":"2023-07-31T19:47:34","guid":{"rendered":"https:\/\/www.satakunnansuunnistus.fi\/?page_id=4329"},"modified":"2023-07-31T22:49:28","modified_gmt":"2023-07-31T19:49:28","slug":"oravacup-kutsu-2023-kola","status":"publish","type":"page","link":"https:\/\/www.satakunnansuunnistus.fi\/?page_id=4329","title":{"rendered":"Oravacup-kutsu 2023, K\u00f6La"},"content":{"rendered":"<h2>Satakunnan Oravacup 6. osakilpailu S\u00e4kyl\u00e4n hiekkarannalla 16.8.2023 klo 17.00 alkaen<\/h2>\n<h2><\/h2>\n<p>&nbsp;<\/p>\n<h2>KILPAILUKUTSU<\/h2>\n<h4>Oravacupin s\u00e4\u00e4nn\u00f6t<\/h4>\n<p><a href=\"https:\/\/www.satakunnansuunnistus.fi\/?page_id=145\">http:\/\/www.satakunnansuunnistus.fi\/?page_id=145<\/a><\/p>\n<h4>Sarjat<\/h4>\n<p>H8RR, H9RR, H10RR, H11TR, H12, H13, H14 ja H16<br \/>\nD8RR, D9RR, D10RR, D11TR, D12, D13, D14 ja D16<br \/>\nRR1, RR2, TR, S1, S2 ja S3 (parisuunnistajille)<br \/>\nKUNTO<\/p>\n<h4>Ilmoittautuminen<\/h4>\n<p>Sunnuntai 13.8. klo 23 menness\u00e4 <a href=\"https:\/\/www.satakunnansuunnistus.fi\/oravacup\/ilmo\/\">Oravacupin ilmoittautumisj\u00e4rjestelm\u00e4\u00e4n<\/a>.<\/p>\n<p>J\u00e4lki-ilmoittautuminen maanantaina 14.8 klo 21 menness\u00e4 osoitteeseen kimmo.mieskoski@gmail.com Ilmoittautumisessa tarvitaan seuraavat tiedot: Sarja, Lisenssinumero, Nimi (sukunimi etunimi), Seuralyhenne, Emit-kortin numero. Jos ei ole lisenssi\u00e4 tai emit-korttia, merkitse nolla (0).<\/p>\n<p>Esimerkki:\u00a0<i>H9RR,12345,Suunnistaja Seppo,NaWi,45678<\/i><\/p>\n<p>Nelj\u00e4n euron lis\u00e4maksu j\u00e4lki-ilmoittautumisesta perit\u00e4\u00e4n kilpailukeskuksen infossa.<\/p>\n<p><b>Parisuunnistukseen voi ilmoittautua my\u00f6s kilpailupaikalla infossa klo 17.30\u00a0menness\u00e4<\/b>. Hinta 4 euroa\/pari. Info on auki kilpailukeskuksessa klo 16.45\u00a0alkaen.<\/p>\n<h4>Opastus<\/h4>\n<p>Kilpailukeskus sijaitsee S\u00e4kyl\u00e4n hiekkarannalla, Pyh\u00e4j\u00e4rven rannalla S\u00e4kyl\u00e4ss\u00e4.<\/p>\n<p>Osoite: Rantatie 1048, 27820 S\u00e4kyl\u00e4<\/p>\n<h4>Pys\u00e4k\u00f6inti<\/h4>\n<p>Paikoitus kilpailukeskuksen l\u00e4heisyydess\u00e4. Parkkipaikkojen t\u00e4yttyess\u00e4 k\u00e4ytet\u00e4\u00e4n tienvarsipys\u00e4k\u00f6inti\u00e4. Kimppakyyti\u00e4 suositellaan.<\/p>\n<h4>L\u00e4ht\u00f6<\/h4>\n<p>L\u00e4ht\u00f6 sijaitsee kilpailukeskuksesta n. 500m p\u00e4\u00e4ss\u00e4. K\u00e4yt\u00f6ss\u00e4 on ns. vapaat l\u00e4ht\u00f6ajat. L\u00e4ht\u00f6 on avoinna klo 17-18.30. Kilpailija tai pari tulee l\u00e4ht\u00f6paikalle parhaaksi katsomallaan hetkell\u00e4. L\u00e4hd\u00f6ss\u00e4 toimitaan kilpailuohjeen mukaisesti. Perusperiaate kuitenkin sama kuin normaalistikin, eli opastusta annetaan RR-sarjalaisille, karttaa saa katsoa ennen l\u00e4ht\u00f6\u00e4 ja samalle radalle ei l\u00e4hde kilpailijoita samaan aikaan vaan minimiss\u00e4\u00e4n noin minuutin v\u00e4lein.<\/p>\n<h4>Maali<\/h4>\n<p>Maali sijaitsee 50 metrin p\u00e4\u00e4ss\u00e4 kilpailukeskuksesta, toisella puolella Rantatiet\u00e4.<\/p>\n<h4>Leimaus, vuokra-emit<\/h4>\n<p>Emit-leimaus. Emit-numerot ilmoittautumisen yhteydess\u00e4 tai varaus vuokrakortista. Emit-kortin vuokra on 3 \u20ac, nouto ja maksu kilpailukeskuksen infosta.<\/p>\n<p>Info on auki kilpailukeskuksessa klo 16.45\u00a0alkaen.<\/p>\n<h4>Kartta<\/h4>\n<p>Tulostekartta muovikotelossa, mittakaava 1:7500 , k\u00e4yr\u00e4v\u00e4li 2,5 metri\u00e4. Uusi kartta 8\/2023. Rastim\u00e4\u00e4ritteet kartassa (ei irtorastim\u00e4\u00e4ritteit\u00e4). Kartan koko A4-A5.<\/p>\n<h4>WC ja pesu<\/h4>\n<p>Pukeutuminen ja varustevaihto on ulkotiloissa. Kilpailukeskuksesta l\u00f6ytyy yksi WC. Mahdollisuus uimiseen kilpailukeskuksessa, omalla vastuulla.<\/p>\n<h4>Toimihenkil\u00f6t<\/h4>\n<p>Kilpailunjohtaja<\/p>\n<p>Ratamestari Kimmo Mieskoski<\/p>\n<p>Tiedottaja Kimmo Mieskoski, 045-6766891<\/p>\n<h4>Palkinnot<\/h4>\n<p>Kaikki osallistujat saavat maaliin tullessaan pienen palkinnon.<\/p>\n<h4>Muuta<\/h4>\n<p>Mahdollisuus my\u00f6s kuntosuunnistukseen, kuntosuunnistukseen ilmoittaudutaan paikan p\u00e4\u00e4ll\u00e4 infossa, kuntosuunnistuksen hinta 5\u20ac, alle 21-vuotiailta ilmainen.<\/p>\n<h4>TERVETULOA S\u00c4KYL\u00c4\u00c4N!<\/h4>\n<h4>K\u00f6yli\u00f6n Lallit<\/h4>\n","protected":false},"excerpt":{"rendered":"<p>Satakunnan Oravacup 6. osakilpailu S\u00e4kyl\u00e4n hiekkarannalla 16.8.2023 klo 17.00 alkaen &nbsp; KILPAILUKUTSU Oravacupin s\u00e4\u00e4nn\u00f6t http:\/\/www.satakunnansuunnistus.fi\/?page_id=145 Sarjat H8RR, H9RR, H10RR, H11TR, H12, H13, H14 ja H16 D8RR, D9RR, D10RR, D11TR, D12, D13, D14 ja D16 RR1, RR2, TR, S1, S2 ja S3 (parisuunnistajille) KUNTO Ilmoittautuminen Sunnuntai 13.8. klo 23 menness\u00e4 Oravacupin [&hellip;]<\/p>\n","protected":false},"author":3,"featured_media":0,"parent":0,"menu_order":0,"comment_status":"closed","ping_status":"closed","template":"","meta":{"footnotes":""},"class_list":["post-4329","page","type-page","status-publish","hentry"],"_links":{"self":[{"href":"https:\/\/www.satakunnansuunnistus.fi\/index.php?rest_route=\/wp\/v2\/pages\/4329","targetHints":{"allow":["GET"]}}],"collection":[{"href":"https:\/\/www.satakunnansuunnistus.fi\/index.php?rest_route=\/wp\/v2\/pages"}],"about":[{"href":"https:\/\/www.satakunnansuunnistus.fi\/index.php?rest_route=\/wp\/v2\/types\/page"}],"author":[{"embeddable":true,"href":"https:\/\/www.satakunnansuunnistus.fi\/index.php?rest_route=\/wp\/v2\/users\/3"}],"replies":[{"embeddable":true,"href":"https:\/\/www.satakunnansuunnistus.fi\/index.php?rest_route=%2Fwp%2Fv2%2Fcomments&post=4329"}],"version-history":[{"count":3,"href":"https:\/\/www.satakunnansuunnistus.fi\/index.php?rest_route=\/wp\/v2\/pages\/4329\/revisions"}],"predecessor-version":[{"id":4332,"href":"https:\/\/www.satakunnansuunnistus.fi\/index.php?rest_route=\/wp\/v2\/pages\/4329\/revisions\/4332"}],"wp:attachment":[{"href":"https:\/\/www.satakunnansuunnistus.fi\/index.php?rest_route=%2Fwp%2Fv2%2Fmedia&parent=4329"}],"curies":[{"name":"wp","href":"https:\/\/api.w.org\/{rel}","templated":true}]}}