{"id":4219,"date":"2023-02-01T09:08:59","date_gmt":"2023-02-01T07:08:59","guid":{"rendered":"https:\/\/www.satakunnansuunnistus.fi\/?page_id=4219"},"modified":"2023-02-01T09:08:59","modified_gmt":"2023-02-01T07:08:59","slug":"leimaus-leiri-kutsu","status":"publish","type":"page","link":"https:\/\/www.satakunnansuunnistus.fi\/?page_id=4219","title":{"rendered":"Leimaus-leiri -kutsu"},"content":{"rendered":"<p><span style=\"font-weight: 400;\">Hei!<\/span><\/p>\n<p><span style=\"font-weight: 400;\">On taas se aika vuodesta, kun suoritetaan ilmoittautuminen tulevan kes\u00e4n Leimaus-leirille. Leimaus 2023 leiri j\u00e4rjestet\u00e4\u00e4n Tampereella 5.-8.6.2023. Satakunnan suunnistus l\u00e4htee j\u00e4lleen leirille yhten\u00e4 porukkana. Mahdollisesti (?) leirille j\u00e4rjestet\u00e4\u00e4n my\u00f6s yhteinen bussikuljetus (jos l\u00e4htij\u00f6it\u00e4 on riitt\u00e4v\u00e4sti ja aikataulut saadaan sopimaan). Leiri on tarkoitettu 8-18 -vuotiaille suunnistajille, mutta kokemus on osoittanut, ett\u00e4 alle 11-vuotiaat leiril\u00e4iset tarvitsevat paikalle oman huoltajan. Siis ensi kes\u00e4n\u00e4 11-sarjassa suunnistavat ja sit\u00e4 vanhemmat voivat l\u00e4hte\u00e4 leirille ilman omaa huoltajaa, nuoremmat huoltajan kanssa. Leirin hinta on 170\u20ac + majoitus (140-182\u20ac, hinta selvi\u00e4\u00e4 my\u00f6hemmin).\u00a0 Tarkempia tietoja leirist\u00e4 l\u00f6ytyy <\/span><a href=\"https:\/\/www.leimausleiri.fi\/\"><span style=\"font-weight: 400;\">https:\/\/www.leimausleiri.fi\/<\/span><\/a><span style=\"font-weight: 400;\"> .<\/span><\/p>\n<p><span style=\"font-weight: 400;\">Ilmoittautumisj\u00e4rjestelm\u00e4 on j\u00e4lleen kerran muuttunut. Jokainen leiril\u00e4inen ilmoittautuu itse SuomiSportin kautta ja lunastaa itselleen leiripassin.\u00a0 Leirille ilmoittautuminen on auki <\/span><span style=\"font-weight: 400;\">9.1.-12.2.2023<br \/>\n<\/span><a href=\"https:\/\/www.leimausleiri.fi\/ilmoittaudu\/\"><span style=\"font-weight: 400;\">https:\/\/www.leimausleiri.fi\/leimaus-leirin-2023-ilmoittautuminen\/<\/span><\/a><\/p>\n<p><span style=\"font-weight: 400;\">Ilmoittauduttaessa on t\u00e4rke\u00e4\u00e4, ett\u00e4 kirjoittaa seuran nimeksi Satakunnan suunnistus<\/span><\/p>\n<p><span style=\"font-weight: 400;\">T\u00e4ll\u00f6in saamme koko Satakunnan porukalle paremmin yhteisen majoituksen. Majoitus varataan vasta, kun ilmoittautumiset on ensin hoidettu.\u00a0<\/span><\/p>\n<p><span style=\"font-weight: 400;\">Samalla kun ilmoittaudut Leimausleirille, infoa asiasta my\u00f6s oman seuran ohjaajaa. T\u00e4ll\u00f6in tiedet\u00e4\u00e4n, montako Satakunnan suunnistuksen suunnistajaa on l\u00e4hd\u00f6ss\u00e4 matkaan.\u00a0\u00a0<\/span><\/p>\n<p><span style=\"font-weight: 400;\">Aikaisempien vuosien tapaan leirill\u00e4 on tarjolla laadukkaita suunnistusharjoituksia, monipuolista oheisohjelmaa ja aktiivista sosiaalista toimintaa muiden suunnistajien seurassa. Kaikki siis joukolla mukaan!\u00a0<\/span><\/p>\n<p><span style=\"font-weight: 400;\">Jos leirist\u00e4 ilmenee mit\u00e4 tahansa kysytt\u00e4v\u00e4\u00e4, niin ole rohkeasti yhteydess\u00e4!<br \/>\n<\/span><span style=\"font-weight: 400;\">terv. Satakunnan suunnistuksen ohjaajien puolesta<\/span><\/p>\n<p><span style=\"font-weight: 400;\">P\u00e4ivi Kujansuu<br \/>\n<\/span><span style=\"font-weight: 400;\">kujansuut (a) gmail.com<\/span><br \/>\n0505812892<\/p>\n<p>&nbsp;<\/p>\n","protected":false},"excerpt":{"rendered":"<p>Hei! On taas se aika vuodesta, kun suoritetaan ilmoittautuminen tulevan kes\u00e4n Leimaus-leirille. Leimaus 2023 leiri j\u00e4rjestet\u00e4\u00e4n Tampereella 5.-8.6.2023. Satakunnan suunnistus l\u00e4htee j\u00e4lleen leirille yhten\u00e4 porukkana. Mahdollisesti (?) leirille j\u00e4rjestet\u00e4\u00e4n my\u00f6s yhteinen bussikuljetus (jos l\u00e4htij\u00f6it\u00e4 on riitt\u00e4v\u00e4sti ja aikataulut saadaan sopimaan). Leiri on tarkoitettu 8-18 -vuotiaille suunnistajille, mutta kokemus on osoittanut, [&hellip;]<\/p>\n","protected":false},"author":3,"featured_media":0,"parent":0,"menu_order":0,"comment_status":"closed","ping_status":"closed","template":"","meta":{"footnotes":""},"class_list":["post-4219","page","type-page","status-publish","hentry"],"_links":{"self":[{"href":"https:\/\/www.satakunnansuunnistus.fi\/index.php?rest_route=\/wp\/v2\/pages\/4219","targetHints":{"allow":["GET"]}}],"collection":[{"href":"https:\/\/www.satakunnansuunnistus.fi\/index.php?rest_route=\/wp\/v2\/pages"}],"about":[{"href":"https:\/\/www.satakunnansuunnistus.fi\/index.php?rest_route=\/wp\/v2\/types\/page"}],"author":[{"embeddable":true,"href":"https:\/\/www.satakunnansuunnistus.fi\/index.php?rest_route=\/wp\/v2\/users\/3"}],"replies":[{"embeddable":true,"href":"https:\/\/www.satakunnansuunnistus.fi\/index.php?rest_route=%2Fwp%2Fv2%2Fcomments&post=4219"}],"version-history":[{"count":1,"href":"https:\/\/www.satakunnansuunnistus.fi\/index.php?rest_route=\/wp\/v2\/pages\/4219\/revisions"}],"predecessor-version":[{"id":4220,"href":"https:\/\/www.satakunnansuunnistus.fi\/index.php?rest_route=\/wp\/v2\/pages\/4219\/revisions\/4220"}],"wp:attachment":[{"href":"https:\/\/www.satakunnansuunnistus.fi\/index.php?rest_route=%2Fwp%2Fv2%2Fmedia&parent=4219"}],"curies":[{"name":"wp","href":"https:\/\/api.w.org\/{rel}","templated":true}]}}