{"id":3799,"date":"2021-10-22T13:48:56","date_gmt":"2021-10-22T10:48:56","guid":{"rendered":"https:\/\/www.satakunnansuunnistus.fi\/?page_id=3799"},"modified":"2021-10-22T13:48:56","modified_gmt":"2021-10-22T10:48:56","slug":"am-kilpailut-2021","status":"publish","type":"page","link":"https:\/\/www.satakunnansuunnistus.fi\/?page_id=3799","title":{"rendered":"AM-kilpailut 2021"},"content":{"rendered":"<p><strong>AM-kilpailut 2021<\/strong><\/p>\n<ul>\n<li><a href=\"https:\/\/www.satakunnansuunnistus.fi\/?p=3686\">Keskimatka: 19.5.2021 (L\u00e4nsi-Lavian Loiske)<\/a><\/li>\n<li><a href=\"https:\/\/www.jankko.fi\/suunnistus\/am-kisat-pitka-ja-viesti-majanojalla\/\">Pitk\u00e4: 14.8.2021 (Loimaan Jankko)<\/a><\/li>\n<li><a href=\"https:\/\/www.jankko.fi\/suunnistus\/am-kisat-pitka-ja-viesti-majanojalla\/\">Viesti: 15.8.2021 (Loimaan Jankko)<\/a><\/li>\n<li><a href=\"https:\/\/www.rastikarhut.fi\/seura\/controller\/runko.php?kisaweb&amp;kisaID=785&amp;kisannimi=AOV&amp;vuosi=2021\">AOV: 17.8.2021 (Rastikarhut)<\/a><\/li>\n<li><a href=\"https:\/\/www.kansu.fi\/kilpailut\/kilpailut-2021\/satakunnan-am-sprintti-2-9-2021\/\">Sprintti: 2.9.2021 (Kankaanp\u00e4\u00e4n Suunnistajat)<\/a><\/li>\n<li><a href=\"https:\/\/ms-52.net\/lukkarin-yo\/\">Y\u00f6: 16.9.2021 (MS Parma)<\/a><\/li>\n<li><a href=\"https:\/\/iknv.fi\/jami-suunnistusmaraton\/suunnistusmaraton-2021\/\">Erikoispitk\u00e4: 24.10.2021 (Ikaalisten Nouseva Voima)<\/a><\/li>\n<li>AOK:<\/li>\n<li>Py\u00f6r\u00e4suunnistus:<\/li>\n<li>Tarkkuussuunnistus:<\/li>\n<\/ul>\n<p>Avoimet tapahtumat vuonna 2021: AOK, Py\u00f6r\u00e4, Tarkkuus<\/p>\n<p>Halukkaiden j\u00e4rjest\u00e4jien toivotaan ottavan yhteytt\u00e4 kilpailuohjaaja <a href=\"http:\/\/www.satakunnansuunnistus.fi\/?page_id=32\">Seppo Sipil\u00e4\u00e4n<\/a> 25.3.2021 menness\u00e4.<\/p>\n<p><a href=\"https:\/\/www.satakunnansuunnistus.fi\/?page_id=3528\">AM-j\u00e4rjestelyohjeet<\/a><\/p>\n<p><a href=\"https:\/\/www.satakunnansuunnistus.fi\/?page_id=3656\">AM-kilpailut 2020<\/a><a href=\"https:\/\/www.satakunnansuunnistus.fi\/?page_id=3381\"><br \/>\nAM-kilpailut 2019<\/a><br \/>\n<a href=\"https:\/\/www.satakunnansuunnistus.fi\/?page_id=3142\">AM-kilpailut 2018<\/a><br \/>\n<a href=\"http:\/\/www.satakunnansuunnistus.fi\/?page_id=2657\" target=\"_blank\" rel=\"noopener noreferrer\">AM-kilpailut 2017<\/a><br \/>\n<a href=\"http:\/\/www.satakunnansuunnistus.fi\/?page_id=1868\" target=\"_blank\" rel=\"noopener noreferrer\">AM-kilpailut 2016<\/a><br \/>\n<a href=\"http:\/\/www.satakunnansuunnistus.fi\/?page_id=746\" target=\"_blank\" rel=\"noopener noreferrer\">AM-kilpailut 2015<\/a><br \/>\n<a href=\"http:\/\/www.satakunnansuunnistus.fi\/?page_id=750\" target=\"_blank\" rel=\"noopener noreferrer\">AM-kilpailut 2014<\/a><br \/>\n<a title=\"AM-kilpailut 2013\" href=\"http:\/\/www.satakunnansuunnistus.fi\/vanha\/amkilpailut2013.html\">2013 ja aikaisempien vuosien AM-kilpailut<\/a><\/p>\n","protected":false},"excerpt":{"rendered":"<p>AM-kilpailut 2021 Keskimatka: 19.5.2021 (L\u00e4nsi-Lavian Loiske) Pitk\u00e4: 14.8.2021 (Loimaan Jankko) Viesti: 15.8.2021 (Loimaan Jankko) AOV: 17.8.2021 (Rastikarhut) Sprintti: 2.9.2021 (Kankaanp\u00e4\u00e4n Suunnistajat) Y\u00f6: 16.9.2021 (MS Parma) Erikoispitk\u00e4: 24.10.2021 (Ikaalisten Nouseva Voima) AOK: Py\u00f6r\u00e4suunnistus: Tarkkuussuunnistus: Avoimet tapahtumat vuonna 2021: AOK, Py\u00f6r\u00e4, Tarkkuus Halukkaiden j\u00e4rjest\u00e4jien toivotaan ottavan yhteytt\u00e4 kilpailuohjaaja Seppo Sipil\u00e4\u00e4n 25.3.2021 menness\u00e4. [&hellip;]<\/p>\n","protected":false},"author":3,"featured_media":0,"parent":0,"menu_order":0,"comment_status":"closed","ping_status":"closed","template":"","meta":{"footnotes":""},"class_list":["post-3799","page","type-page","status-publish","hentry"],"_links":{"self":[{"href":"https:\/\/www.satakunnansuunnistus.fi\/index.php?rest_route=\/wp\/v2\/pages\/3799","targetHints":{"allow":["GET"]}}],"collection":[{"href":"https:\/\/www.satakunnansuunnistus.fi\/index.php?rest_route=\/wp\/v2\/pages"}],"about":[{"href":"https:\/\/www.satakunnansuunnistus.fi\/index.php?rest_route=\/wp\/v2\/types\/page"}],"author":[{"embeddable":true,"href":"https:\/\/www.satakunnansuunnistus.fi\/index.php?rest_route=\/wp\/v2\/users\/3"}],"replies":[{"embeddable":true,"href":"https:\/\/www.satakunnansuunnistus.fi\/index.php?rest_route=%2Fwp%2Fv2%2Fcomments&post=3799"}],"version-history":[{"count":1,"href":"https:\/\/www.satakunnansuunnistus.fi\/index.php?rest_route=\/wp\/v2\/pages\/3799\/revisions"}],"predecessor-version":[{"id":3800,"href":"https:\/\/www.satakunnansuunnistus.fi\/index.php?rest_route=\/wp\/v2\/pages\/3799\/revisions\/3800"}],"wp:attachment":[{"href":"https:\/\/www.satakunnansuunnistus.fi\/index.php?rest_route=%2Fwp%2Fv2%2Fmedia&parent=3799"}],"curies":[{"name":"wp","href":"https:\/\/api.w.org\/{rel}","templated":true}]}}