{"id":3665,"date":"2021-01-27T19:35:16","date_gmt":"2021-01-27T17:35:16","guid":{"rendered":"https:\/\/www.satakunnansuunnistus.fi\/?page_id=3665"},"modified":"2021-01-27T19:35:16","modified_gmt":"2021-01-27T17:35:16","slug":"saannot","status":"publish","type":"page","link":"https:\/\/www.satakunnansuunnistus.fi\/?page_id=3665","title":{"rendered":"S\u00e4\u00e4nn\u00f6t"},"content":{"rendered":"<p>Voimassaolevat s\u00e4\u00e4nn\u00f6t: 18.01.2021<\/p>\n<p>YHDISTYKSEN NIMI, KOTIPAIKKA ja TARKOITUS<br \/>\n1 \u00a7<br \/>\nYhdistyksen nimi on Satakunnan Suunnistus ry. Yhdistyksen kotipaikka on Porin kaupunki.<\/p>\n<p>2\u00a7<br \/>\nYhdistyksen tarkoituksena on kehitt\u00e4\u00e4, johtaa, valvoa ja ohjata suunnistustoimintaa sek\u00e4 edist\u00e4\u00e4 suunnistuksen toimintamahdollisuuksia toiminta-alueellaan, joka muodostuu sen j\u00e4senten toiminta-alueesta, l\u00e4hinn\u00e4 Satakunnasta.<\/p>\n<p>3 \u00a7<br \/>\nYhdistys toteuttaa tarkoitustaan<br \/>\n-olemalla j\u00e4senseurojensa yhteisty\u00f6elin ja toimimalla niiden aktivoijana, avustajana ja ohjaajana;<br \/>\n-kehitt\u00e4m\u00e4ll\u00e4 ja toteuttamalla toiminta-alueellaan suunnistuksen koulutus-, valmennus-, kilpailu-, nuoriso- ja harrastesuunnistustoimintaa sek\u00e4 karttaty\u00f6t\u00e4 Suomen Suunnistusliiton ohjeiden mukaisesti;<br \/>\n-olemalla yhteisty\u00f6ss\u00e4 valtakunnallisten ja alueellisten urheilu- ja liikuntaj\u00e4rjest\u00f6jen ja sidosryhmien kanssa;<br \/>\n-kehitt\u00e4m\u00e4ll\u00e4 ja toteuttamalla suunnistuksen tiedotustoimintaa; ja<br \/>\n-liittym\u00e4ll\u00e4 j\u00e4seneksi toiminnan kannalta merkityksellisiin yhteis\u00f6ihin ja organisaatioihin.<br \/>\nYhdistys hankkii varoja toimintaansa j\u00e4senilt\u00e4 peritt\u00e4vill\u00e4 j\u00e4senmaksuilla, ottamalla vastaan avustuksia, lahjoituksia ja testamentteja, harjoittamalla julkaisutoimintaa sek\u00e4 j\u00e4rjest\u00e4m\u00e4ll\u00e4 ker\u00e4yksi\u00e4 ja arpajaisia.<\/p>\n<p>YHDISTYKSEN J\u00c4SENET JA J\u00c4SENMAKSU<br \/>\n4 \u00a7<br \/>\nYhdistyksen varsinaiseksi j\u00e4seneksi voidaan hyv\u00e4ksy\u00e4 suunnistusta harrastava ja suunnistustoimintaa edist\u00e4v\u00e4 yhdistysrekisteriin merkitty urheiluseura tai muu rekister\u00f6ity yhdistys tai oikeuskelpoinen yhteis\u00f6. J\u00e4senet hyv\u00e4ksyy hallitus.<br \/>\nHenkil\u00f6, joka on toiminnallaan erityisess\u00e4 m\u00e4\u00e4rin edist\u00e4nyt yhdistyksen tarkoitusperien toteuttamista, voidaan yhdistyksen kokouksen p\u00e4\u00e4t\u00f6ksell\u00e4 kutsua kunniapuheenjohtajaksi tai kunniaj\u00e4seneksi.<br \/>\nJ\u00e4sen voi erota yhdistyksest\u00e4 tekem\u00e4ll\u00e4 siit\u00e4 kirjallisen ilmoituksen hallitukselle tai sen puheenjohtajalle tai ilmoituksen yhdistyksen kokouksen p\u00f6yt\u00e4kirjaan merkitt\u00e4v\u00e4ksi. Eroaminen tulee voimaan sen vuoden lopussa, jonka aikana ilmoitus on tehty.<\/p>\n<p>5 \u00a7<br \/>\nJ\u00e4sen, joka ei noudata n\u00e4it\u00e4 s\u00e4\u00e4nt\u00f6j\u00e4 tai yhdistyksen p\u00e4\u00e4t\u00f6ksi\u00e4 tai muulla tavoin aiheuttaa yhdistykselle huomattavaa vahinkoa, voidaan yhdistyksen kokouksen p\u00e4\u00e4t\u00f6ksell\u00e4 erottaa joko m\u00e4\u00e4r\u00e4ajaksi tai kokonaan. Erottamisp\u00e4\u00e4t\u00f6s tulee voimaan heti ja sen tulleen asianomaisen tietoon viisi (5) p\u00e4iv\u00e4\u00e4 sen j\u00e4lkeen kun p\u00e4\u00e4t\u00f6s on l\u00e4hetetty sille kirjatussa kirjeess\u00e4. P\u00e4\u00e4t\u00f6ksest\u00e4 voi valittaa urheilun oikeusturvalautakunnalle sen mukaan kun siit\u00e4 on erikseen m\u00e4\u00e4r\u00e4tty.<\/p>\n<p>6 \u00a7<br \/>\nVarsinaisilta j\u00e4senilt\u00e4 peritt\u00e4v\u00e4n liittymismaksun ja vuotuisen j\u00e4senmaksun suuruudesta p\u00e4\u00e4tt\u00e4\u00e4 yhdistyksen syyskokous.<\/p>\n<p>YHDISTYKSEN KOKOUS<br \/>\n7 \u00a7<br \/>\nP\u00e4\u00e4t\u00e4nt\u00e4valtaa k\u00e4ytt\u00e4\u00e4 hallituksen kutsusta kokoontuva yhdistyksen kokous.<br \/>\nYhdistyksen varsinainen kokous on kaksi kertaa vuodessa, kev\u00e4tkokous helmi-maaliskuussa ja syyskokous loka-marraskuussa.<br \/>\nKev\u00e4tkokouksessa<br \/>\n-valitaan kokoukselle tarvittavat toimihenkil\u00f6t;<br \/>\n-valitaan kaksi p\u00f6yt\u00e4kirjantarkastajaa;<br \/>\n-todetaan edustettuina olevat yhdistyksen j\u00e4senet, niiden \u00e4\u00e4nim\u00e4\u00e4r\u00e4t ja kokouksen laillisuus<br \/>\n-esitet\u00e4\u00e4n yhdistyksen toimintakertomus, tilinp\u00e4\u00e4t\u00f6s ja toiminnantarkastajan lausunto sek\u00e4 p\u00e4\u00e4tet\u00e4\u00e4n tilinp\u00e4\u00e4t\u00f6ksen vahvistamisesta<br \/>\n-p\u00e4\u00e4tet\u00e4\u00e4n vastuuvapauden my\u00f6nt\u00e4misest\u00e4 yhdistyksen hallitukselle ja muille tilivelvollisille<br \/>\n-k\u00e4sitell\u00e4\u00e4n muut yhdistyksen hallituksen ja j\u00e4senten esitt\u00e4m\u00e4t asiat.<br \/>\nSyyskokouksessa<br \/>\n-valitaan kokoukselle tarvittavat toimihenkil\u00f6t<br \/>\n-valitaan kaksi p\u00f6yt\u00e4kirjantarkastajaa<br \/>\n-todetaan edustettuina olevat yhdistyksen j\u00e4senet, niiden \u00e4\u00e4nim\u00e4\u00e4r\u00e4t ja kokouksen laillisuus<br \/>\n-valitaan erovuoroisten tilalle hallituksen puheenjohtaja ja j\u00e4senet<br \/>\n-valitaan yksi toiminnantarkastaja ja h\u00e4nelle varahenkil\u00f6<br \/>\n-p\u00e4\u00e4tet\u00e4\u00e4n yhdistyksen kokousten koollekutsumistavasta<br \/>\n-k\u00e4sitell\u00e4\u00e4n muut hallituksen ja j\u00e4senten esitt\u00e4m\u00e4t asiat.<br \/>\nAsiat, jotka yhdistyksen j\u00e4sen haluaa yhdistyksen varsinaisessa kokouksessa k\u00e4sitelt\u00e4v\u00e4ksi, tulee j\u00e4tt\u00e4\u00e4 kirjallisesti hallitukselle etuk\u00e4teen, kev\u00e4tkokouksen asiat tammikuun 15. p\u00e4iv\u00e4\u00e4n ja syyskokouksen asiat syyskuun 15. p\u00e4iv\u00e4\u00e4n menness\u00e4. Yhdistyksen varsinaisen ja ylim\u00e4\u00e4r\u00e4isen kokouksen kutsu esityslistoineen on l\u00e4hetett\u00e4v\u00e4 j\u00e4senille tai kokouksesta on ilmoitettava Suomen Suunnistusliiton j\u00e4rjest\u00f6lehdess\u00e4 syyskokouksen esitt\u00e4m\u00e4ll\u00e4 tavalla v\u00e4hint\u00e4\u00e4n kaksi (2) viikkoa ennen kokousta.<\/p>\n<p>8 \u00a7<br \/>\nYhdistyksen ylim\u00e4\u00e4r\u00e4inen kokous pidet\u00e4\u00e4n, milloin hallitus pit\u00e4\u00e4 sit\u00e4 tarpeellisena tai yksi kymmenesosa (1\/10) \u00e4\u00e4nioikeutetuista j\u00e4senist\u00e4 sit\u00e4 kirjallisesti vaatii m\u00e4\u00e4r\u00e4tyn asian k\u00e4sittelemiseksi. Kokous on t\u00e4ll\u00f6in kutsuttava koolle kahden (2) kuukauden kuluessa vaatimuk-sen esitt\u00e4misest\u00e4.<\/p>\n<p>9 \u00a7<br \/>\nJ\u00e4sen voi l\u00e4hett\u00e4\u00e4 kokoukseen yhden nimetyn edustajan, joka k\u00e4ytt\u00e4\u00e4 j\u00e4senen \u00e4\u00e4nioikeutta. Sama henkil\u00f6 voi edustaa vain yht\u00e4 j\u00e4sent\u00e4. Vain j\u00e4senmaksunsa m\u00e4\u00e4r\u00e4aikaan menness\u00e4 maksaneilla j\u00e4senill\u00e4 on \u00e4\u00e4nioikeus. Jokaisella luokitetulla j\u00e4senell\u00e4 on \u00e4\u00e4ni\u00e4 suunnistuksen seuraluokittelun perusteella seuraavasti: valio 5, I lk 4, II lk 3 ja III lk 2 \u00e4\u00e4nt\u00e4. Kaikilla muilla varsinaisilla j\u00e4senill\u00e4 on yksi \u00e4\u00e4ni.<br \/>\nJ\u00e4senet voivat l\u00e4hett\u00e4\u00e4 kokoukseen my\u00f6s lis\u00e4edustajia, joilla on kokouksessa puhevalta.<br \/>\nKunniapuheenjohtajilla ja kunniaj\u00e4senill\u00e4 on yhdistyksen kokouksissa puhevalta.<\/p>\n<p>10 \u00a7<br \/>\nP\u00e4\u00e4t\u00f6kseksi tulee mielipide, joka on saanut eniten \u00e4\u00e4ni\u00e4. Vaaleissa tulevat valituiksi eniten \u00e4\u00e4ni\u00e4 saaneet. \u00c4\u00e4nten menness\u00e4 tasan ratkaisee puheenjohtajan kanta, paitsi vaalissa ja suljetussa \u00e4\u00e4nestyksess\u00e4 arpa.<\/p>\n<p>HALLITUS<br \/>\n11 \u00a7<br \/>\nYhdistyksen toimeenpanevana elimen\u00e4 on hallitus, johon syyskokous valitsee puheenjohtajan ja 8-10 j\u00e4sent\u00e4. Hallitus valitsee keskuudestaan varapuheenjohtajan ja sihteerin. Kullakin hallituksen j\u00e4senell\u00e4 on oma syyskokouksen vahvistama toimintasektorinsa. Hallituksen puheenjohtajan ja j\u00e4senten toimikausi on kaksi vuotta. Ensimm\u00e4isen toimintavuoden j\u00e4lkeen puolet hallituksen j\u00e4senist\u00e4 on erovuorossa. Erovuorossa olevat valitaan arvalla. Hallitus kokoontuu puheenjohtajan tai varapuheenjohtajan kutsusta. Hallitus on p\u00e4\u00e4t\u00f6svaltainen, kun puheenjohtaja tai varapuheenjohtaja ja yhteens\u00e4 puolet j\u00e4senist\u00e4 on paikalla. P\u00e4\u00e4t\u00f6kseksi hallituksen kokouksissa tulee mielipide, joka on saanut eniten \u00e4\u00e4ni\u00e4. Vaalissa tulevat valituiksi eniten \u00e4\u00e4ni\u00e4 saaneet. \u00c4\u00e4nten menness\u00e4 tasan ratkaisee puheenjohtajan kanta, paitsi vaalissa ja suljetussa \u00e4\u00e4nestyksess\u00e4 arpa. Hallituksen teht\u00e4v\u00e4n\u00e4 on<br \/>\n-kutsua koolle yhdistyksen kokoukset ja valmistella niiss\u00e4 k\u00e4sitelt\u00e4v\u00e4t asiat;<br \/>\n-hyv\u00e4ksy\u00e4 j\u00e4senet ja pit\u00e4\u00e4 niist\u00e4 luetteloa<br \/>\n-hoitaa yhdistyksen taloutta<br \/>\n-nimitt\u00e4\u00e4 ja erottaa yhdistyksen toimihenkil\u00f6t<br \/>\n-johtaa yhdistyksen toimintaa<br \/>\n-asettaa tarpeelliset toimikunnat ja asiantuntijaelimet sek\u00e4 p\u00e4\u00e4tt\u00e4\u00e4 niiden toimivallasta ja teht\u00e4vist\u00e4<br \/>\n-valita yhdistyksen edustajat yhdistyksen ulkopuolisiin teht\u00e4viin<br \/>\n-laatia toiminta- ja taloussuunnitelmat sek\u00e4 toiminta- ja talouskertomukset;<br \/>\n-my\u00f6nt\u00e4\u00e4 ja esitt\u00e4\u00e4 tunnustuksia<br \/>\n-seurata ja edist\u00e4\u00e4 suunnistuksen kehityst\u00e4 toiminta-alueella<br \/>\n-p\u00e4\u00e4tt\u00e4\u00e4 yhdistyksen omaisuuden myymisest\u00e4, ostamisesta, vaihtamisesta tai kiinnitt\u00e4misest\u00e4<br \/>\n-p\u00e4\u00e4tt\u00e4\u00e4 yhdistyksen liittymisest\u00e4 muihin yhdistyksiin ja yhteis\u00f6ihin<br \/>\n-p\u00e4\u00e4tt\u00e4\u00e4 muista yhdistyksen toimintaa liittyvist\u00e4 asioista, joista p\u00e4\u00e4tt\u00e4minen ei kuulu yhdistyksen kokoukselle<\/p>\n<p>TILI- JA TOIMINTAVUOSI<br \/>\n12 \u00a7<br \/>\nYhdistyksen tili- ja toimintakausi on kalenterivuosi.<\/p>\n<p>YHDISTYKSEN NIMEN KIRJOITTAMINEN<br \/>\n13 \u00a7<br \/>\nYhdistyksen nimen kirjoittavat puheenjohtaja ja varapuheenjohtaja, kumpikin yksin.<\/p>\n<p>YHDISTYKSEN S\u00c4\u00c4NT\u00d6JEN MUUTTAMINEN JA YHDISTYKSEN PURKAMINEN<br \/>\n14 \u00a7<br \/>\nP\u00e4\u00e4t\u00f6s s\u00e4\u00e4nt\u00f6jen muuttamista on teht\u00e4v\u00e4 yhdistyksen kokouksessa kolmenelj\u00e4sosalla (3\/4) annetuista \u00e4\u00e4nist\u00e4. Yhdistyksen purkautuessa se omaisuus on k\u00e4ytett\u00e4v\u00e4 j\u00e4lkimm\u00e4isen purkamisesta p\u00e4\u00e4tt\u00e4neen kokouksen m\u00e4\u00e4r\u00e4\u00e4m\u00e4ll\u00e4 tavalla suunnistuksen edist\u00e4miseksi yhdistyksen toiminta-alueella.<\/p>\n<p>15 \u00a7<br \/>\nSilt\u00e4 osin kun n\u00e4iss\u00e4 s\u00e4\u00e4nn\u00f6iss\u00e4 ei ole m\u00e4\u00e4r\u00e4yksi\u00e4, noudatetaan yhdistyslains\u00e4\u00e4d\u00e4nt\u00f6\u00e4.<\/p>\n","protected":false},"excerpt":{"rendered":"<p>Voimassaolevat s\u00e4\u00e4nn\u00f6t: 18.01.2021 YHDISTYKSEN NIMI, KOTIPAIKKA ja TARKOITUS 1 \u00a7 Yhdistyksen nimi on Satakunnan Suunnistus ry. Yhdistyksen kotipaikka on Porin kaupunki. 2\u00a7 Yhdistyksen tarkoituksena on kehitt\u00e4\u00e4, johtaa, valvoa ja ohjata suunnistustoimintaa sek\u00e4 edist\u00e4\u00e4 suunnistuksen toimintamahdollisuuksia toiminta-alueellaan, joka muodostuu sen j\u00e4senten toiminta-alueesta, l\u00e4hinn\u00e4 Satakunnasta. 3 \u00a7 Yhdistys toteuttaa tarkoitustaan -olemalla j\u00e4senseurojensa [&hellip;]<\/p>\n","protected":false},"author":3,"featured_media":0,"parent":0,"menu_order":0,"comment_status":"closed","ping_status":"closed","template":"","meta":{"footnotes":""},"class_list":["post-3665","page","type-page","status-publish","hentry"],"_links":{"self":[{"href":"https:\/\/www.satakunnansuunnistus.fi\/index.php?rest_route=\/wp\/v2\/pages\/3665","targetHints":{"allow":["GET"]}}],"collection":[{"href":"https:\/\/www.satakunnansuunnistus.fi\/index.php?rest_route=\/wp\/v2\/pages"}],"about":[{"href":"https:\/\/www.satakunnansuunnistus.fi\/index.php?rest_route=\/wp\/v2\/types\/page"}],"author":[{"embeddable":true,"href":"https:\/\/www.satakunnansuunnistus.fi\/index.php?rest_route=\/wp\/v2\/users\/3"}],"replies":[{"embeddable":true,"href":"https:\/\/www.satakunnansuunnistus.fi\/index.php?rest_route=%2Fwp%2Fv2%2Fcomments&post=3665"}],"version-history":[{"count":1,"href":"https:\/\/www.satakunnansuunnistus.fi\/index.php?rest_route=\/wp\/v2\/pages\/3665\/revisions"}],"predecessor-version":[{"id":3666,"href":"https:\/\/www.satakunnansuunnistus.fi\/index.php?rest_route=\/wp\/v2\/pages\/3665\/revisions\/3666"}],"wp:attachment":[{"href":"https:\/\/www.satakunnansuunnistus.fi\/index.php?rest_route=%2Fwp%2Fv2%2Fmedia&parent=3665"}],"curies":[{"name":"wp","href":"https:\/\/api.w.org\/{rel}","templated":true}]}}