{"id":3656,"date":"2021-01-27T18:57:56","date_gmt":"2021-01-27T16:57:56","guid":{"rendered":"https:\/\/www.satakunnansuunnistus.fi\/?page_id=3656"},"modified":"2021-01-27T18:57:56","modified_gmt":"2021-01-27T16:57:56","slug":"am-kilpailut-2020","status":"publish","type":"page","link":"https:\/\/www.satakunnansuunnistus.fi\/?page_id=3656","title":{"rendered":"AM-kilpailut 2020"},"content":{"rendered":"<p><strong>AM-kilpailut 2020<\/strong><\/p>\n<ul>\n<li><a href=\"http:\/\/www.iknv.fi\/tapahtumat\/jamipyorasuunnistus\">Py\u00f6r\u00e4suunnistus: 27.6.2020 (Ikaalisten Nouseva Voima)<\/a><\/li>\n<li><a href=\"http:\/\/www.suunta-sepot.fi\/sivu.tmpl?sivu_id=2924\">Tarkkuussuunnistus: 8.8.2020 (Suunta-Sepot)<\/a><\/li>\n<li><a href=\"https:\/\/www.rastikarhut.fi\/seura\/controller\/runko.php?Aluemestaruuskilpailu&amp;kisa&amp;kisaID=740\">AOV: 11.8.2020 (Rastikarhut)<\/a><\/li>\n<li><a href=\"https:\/\/www.lallit.fi\/suunnistus-uutiset\/suunnistuksen-am-pitka-ja-viesti-22-23-8-2020\/\">Pitk\u00e4: 22.8.2020 (Hiisirasti)<\/a><\/li>\n<li><a href=\"https:\/\/www.lallit.fi\/suunnistus-uutiset\/suunnistuksen-am-pitka-ja-viesti-22-23-8-2020\/\">Viesti: 23.8.2020 (Hiisirasti)<\/a><\/li>\n<li><a href=\"https:\/\/www.rastilukko.fi\/suunnistus\/kilpailut\/am-yo-4-9-2020\/\">Y\u00f6: 4.9.2020 (Rasti-Lukko)<\/a><\/li>\n<li><a href=\"https:\/\/www.eurajoenveikot.fi\/suunnistus\/muut-kilpailut\/am-sprintti-15-9-2020\/\">Sprintti: 15.9.2020 (Eurajoen Veikot)<\/a><\/li>\n<li>Erikoispitk\u00e4: 25.10.2020 (Ikaalisten Nouseva Voima)<\/li>\n<li>Keskimatka:<\/li>\n<li>AOK:<\/li>\n<\/ul>\n<p>Halukkaiden j\u00e4rjest\u00e4jien toivotaan ottavan yhteytt\u00e4 kilpailuohjaaja <a href=\"http:\/\/www.satakunnansuunnistus.fi\/?page_id=32\">Seppo Sipil\u00e4\u00e4n<\/a>.<\/p>\n<p><a href=\"https:\/\/www.satakunnansuunnistus.fi\/?page_id=3528\">AM-j\u00e4rjestelyohjeet<\/a><\/p>\n<p><a href=\"https:\/\/www.satakunnansuunnistus.fi\/?page_id=3381\"><br \/>\nAM-kilpailut 2019<\/a><br \/>\n<a href=\"https:\/\/www.satakunnansuunnistus.fi\/?page_id=3142\">AM-kilpailut 2018<\/a><br \/>\n<a href=\"http:\/\/www.satakunnansuunnistus.fi\/?page_id=2657\" target=\"_blank\" rel=\"noopener noreferrer\">AM-kilpailut 2017<\/a><br \/>\n<a href=\"http:\/\/www.satakunnansuunnistus.fi\/?page_id=1868\" target=\"_blank\" rel=\"noopener noreferrer\">AM-kilpailut 2016<\/a><br \/>\n<a href=\"http:\/\/www.satakunnansuunnistus.fi\/?page_id=746\" target=\"_blank\" rel=\"noopener noreferrer\">AM-kilpailut 2015<\/a><br \/>\n<a href=\"http:\/\/www.satakunnansuunnistus.fi\/?page_id=750\" target=\"_blank\" rel=\"noopener noreferrer\">AM-kilpailut 2014<\/a><br \/>\n<a title=\"AM-kilpailut 2013\" href=\"http:\/\/www.satakunnansuunnistus.fi\/vanha\/amkilpailut2013.html\">2013 ja aikaisempien vuosien AM-kilpailut<\/a><\/p>\n","protected":false},"excerpt":{"rendered":"<p>AM-kilpailut 2020 Py\u00f6r\u00e4suunnistus: 27.6.2020 (Ikaalisten Nouseva Voima) Tarkkuussuunnistus: 8.8.2020 (Suunta-Sepot) AOV: 11.8.2020 (Rastikarhut) Pitk\u00e4: 22.8.2020 (Hiisirasti) Viesti: 23.8.2020 (Hiisirasti) Y\u00f6: 4.9.2020 (Rasti-Lukko) Sprintti: 15.9.2020 (Eurajoen Veikot) Erikoispitk\u00e4: 25.10.2020 (Ikaalisten Nouseva Voima) Keskimatka: AOK: Halukkaiden j\u00e4rjest\u00e4jien toivotaan ottavan yhteytt\u00e4 kilpailuohjaaja Seppo Sipil\u00e4\u00e4n. AM-j\u00e4rjestelyohjeet AM-kilpailut 2019 AM-kilpailut 2018 AM-kilpailut 2017 AM-kilpailut 2016 [&hellip;]<\/p>\n","protected":false},"author":3,"featured_media":0,"parent":0,"menu_order":0,"comment_status":"closed","ping_status":"closed","template":"","meta":{"footnotes":""},"class_list":["post-3656","page","type-page","status-publish","hentry"],"_links":{"self":[{"href":"https:\/\/www.satakunnansuunnistus.fi\/index.php?rest_route=\/wp\/v2\/pages\/3656","targetHints":{"allow":["GET"]}}],"collection":[{"href":"https:\/\/www.satakunnansuunnistus.fi\/index.php?rest_route=\/wp\/v2\/pages"}],"about":[{"href":"https:\/\/www.satakunnansuunnistus.fi\/index.php?rest_route=\/wp\/v2\/types\/page"}],"author":[{"embeddable":true,"href":"https:\/\/www.satakunnansuunnistus.fi\/index.php?rest_route=\/wp\/v2\/users\/3"}],"replies":[{"embeddable":true,"href":"https:\/\/www.satakunnansuunnistus.fi\/index.php?rest_route=%2Fwp%2Fv2%2Fcomments&post=3656"}],"version-history":[{"count":1,"href":"https:\/\/www.satakunnansuunnistus.fi\/index.php?rest_route=\/wp\/v2\/pages\/3656\/revisions"}],"predecessor-version":[{"id":3657,"href":"https:\/\/www.satakunnansuunnistus.fi\/index.php?rest_route=\/wp\/v2\/pages\/3656\/revisions\/3657"}],"wp:attachment":[{"href":"https:\/\/www.satakunnansuunnistus.fi\/index.php?rest_route=%2Fwp%2Fv2%2Fmedia&parent=3656"}],"curies":[{"name":"wp","href":"https:\/\/api.w.org\/{rel}","templated":true}]}}