{"id":3436,"date":"2020-03-25T10:28:28","date_gmt":"2020-03-25T08:28:28","guid":{"rendered":"https:\/\/www.satakunnansuunnistus.fi\/?page_id=3436"},"modified":"2021-05-14T15:22:18","modified_gmt":"2021-05-14T12:22:18","slug":"omatoimisuunnistus","status":"publish","type":"page","link":"https:\/\/www.satakunnansuunnistus.fi\/?page_id=3436","title":{"rendered":"Omatoimisuunnistus"},"content":{"rendered":"<p>Koronaviruksen hillitsemiseksi on suunnistuksen kuntorastit peruttu Satakunnassa ainakin huhtikuun loppuun asti Suunnistusliiton ohjeistuksen mukaisesti. Liikkumista suositellaan nykyisess\u00e4kin tilanteessa, kunhan v\u00e4ltet\u00e4\u00e4n ylim\u00e4\u00e4r\u00e4isi\u00e4 kontakteja. Satakunnan alueen eri seurat ovat vieneet maastoon rastilippuja ja kuitunauhoja, jotta ulkonaliikkuminen olisi mielekk\u00e4\u00e4mp\u00e4\u00e4. Alla listattuna eri vaihtoehtoja liikkua kartan kanssa.<\/p>\n<p><strong>Ala-Satakunnan omatoimirastit<\/strong><br \/>\n<a href=\"https:\/\/www.rastilukko.fi\/suunnistus\/kuntosuunnistus\/omatoimi-lansi-suomi-rastit-2020\/\">Rasti-Lukon omatoimisuunnistukset<\/a> (Rauma)<br \/>\n<a href=\"https:\/\/www.eurajoenveikot.fi\/suunnistus\/euven-kuntorastit\/\">Eurajoen Veikkojen omatoimirastit<\/a> (Eurajoki)<br \/>\n<a href=\"https:\/\/eku.sporttisaitti.com\/kuntorastit\/\">Euran omatoimirastit<\/a> (Eura, Kiukainen)<br \/>\n<a href=\"http:\/\/www.hiisirasti.fi\/\">S\u00e4kyl\u00e4n ja K\u00f6yli\u00f6n omatoimirastit<\/a> (S\u00e4kyl\u00e4)<br \/>\n<a href=\"https:\/\/www.rastilukko.fi\/suunnistus\/kuntosuunnistus\/kiintorastit\/\">Rasti-Lukon kiintorastit<\/a>\u00a0(Rauma)<br \/>\n<a href=\"https:\/\/www.rastilukko.fi\/?x118281=619260\">Rasti-Lukon omatoimitreenit<\/a>\u00a0(Rauma)<br \/>\n<a href=\"https:\/\/www.eurajoenveikot.fi\/suunnistus\/eurajoen-koulujen-kiintorastiver\/\">Eurajoen Veikkojen kiintorastit<\/a> (Eurajoki)<\/p>\n<p><strong>Keski-Satakunnan omatoimirastit<\/strong><br \/>\n<a href=\"http:\/\/www.vallansuunta.net\/Kuntorastit\/Kuntorastit.php\">Jokilaakson omatoimirastit<\/a> (Harjavalta, Kokem\u00e4ki)<br \/>\n<a href=\"http:\/\/www.torstairastit.org\/\">Torstairastit<\/a> (Ulvila)<br \/>\n<a href=\"https:\/\/www.rastikarhut.fi\/seura\/controller\/runko.php?maanantairastit&amp;mankkusivu=omatoimimankut\">RasKan maanantairastit<\/a> (Pori)<\/p>\n<p><strong>Pohjois-Satakunnan omatoimirastit<\/strong><br \/>\n<a href=\"https:\/\/www.kansu.fi\/kuntosuunnistus\/kuntosuunnistukset-kevaalla-2020\/\">KanSun omatoimirastit<\/a> (Kankaanp\u00e4\u00e4)<br \/>\n<a href=\"https:\/\/honkajoenseudunurheilijat.fi\/\">HSU:n omatoimirastit<\/a> (Honkajoki)<br \/>\n<a href=\"http:\/\/www.siikainen.fi\/?page_id=1197\">SiikSin omatoimirastit<\/a> (Siikainen)<br \/>\n<a href=\"http:\/\/kansu.fi\/kuntosuunnistus\">KanSun kiintorastit<\/a> (Kankaanp\u00e4\u00e4)<\/p>\n<p><b>MOBO-radat Satakunnassa<br \/>\n<\/b><a href=\"https:\/\/mobo.suunnistus.fi\/\">Ohjeita MOBO-suunnistuksiin<\/a> (vaatii k\u00e4nnykk\u00e4sovelluksen)<br \/>\nKankaanp\u00e4\u00e4n Suunnistajat: Kankaanp\u00e4\u00e4n liikuntakeskus, Kankaanp\u00e4\u00e4n kuntoutuskeskus, J\u00e4mij\u00e4rven keskusta, J\u00e4min hiihtokeskus<br \/>\nSiikaisten kunta: Siikaisten Etel\u00e4p\u00e4\u00e4<br \/>\nRastikarhut: Noormarkku N\u00e4si, Pori Yyteri, Pori Isom\u00e4ki<br \/>\nL\u00e4nsi-Lavian Loiske: Lavia Pururata<br \/>\nUlvilan Ura: Ulvila Massi<br \/>\nLattomeren Toive: Pori Lattomeri<br \/>\nNakkilan Wisa: Nakkila Salomonkallio<br \/>\nVallan Suunta: Harjavalta Hiittenharju<br \/>\nEurajoen Veikot: Eurajoki Lahdenper\u00e4<\/p>\n","protected":false},"excerpt":{"rendered":"<p>Koronaviruksen hillitsemiseksi on suunnistuksen kuntorastit peruttu Satakunnassa ainakin huhtikuun loppuun asti Suunnistusliiton ohjeistuksen mukaisesti. Liikkumista suositellaan nykyisess\u00e4kin tilanteessa, kunhan v\u00e4ltet\u00e4\u00e4n ylim\u00e4\u00e4r\u00e4isi\u00e4 kontakteja. Satakunnan alueen eri seurat ovat vieneet maastoon rastilippuja ja kuitunauhoja, jotta ulkonaliikkuminen olisi mielekk\u00e4\u00e4mp\u00e4\u00e4. Alla listattuna eri vaihtoehtoja liikkua kartan kanssa. Ala-Satakunnan omatoimirastit Rasti-Lukon omatoimisuunnistukset (Rauma) Eurajoen Veikkojen [&hellip;]<\/p>\n","protected":false},"author":3,"featured_media":0,"parent":0,"menu_order":0,"comment_status":"closed","ping_status":"closed","template":"","meta":{"footnotes":""},"class_list":["post-3436","page","type-page","status-publish","hentry"],"_links":{"self":[{"href":"https:\/\/www.satakunnansuunnistus.fi\/index.php?rest_route=\/wp\/v2\/pages\/3436","targetHints":{"allow":["GET"]}}],"collection":[{"href":"https:\/\/www.satakunnansuunnistus.fi\/index.php?rest_route=\/wp\/v2\/pages"}],"about":[{"href":"https:\/\/www.satakunnansuunnistus.fi\/index.php?rest_route=\/wp\/v2\/types\/page"}],"author":[{"embeddable":true,"href":"https:\/\/www.satakunnansuunnistus.fi\/index.php?rest_route=\/wp\/v2\/users\/3"}],"replies":[{"embeddable":true,"href":"https:\/\/www.satakunnansuunnistus.fi\/index.php?rest_route=%2Fwp%2Fv2%2Fcomments&post=3436"}],"version-history":[{"count":14,"href":"https:\/\/www.satakunnansuunnistus.fi\/index.php?rest_route=\/wp\/v2\/pages\/3436\/revisions"}],"predecessor-version":[{"id":3712,"href":"https:\/\/www.satakunnansuunnistus.fi\/index.php?rest_route=\/wp\/v2\/pages\/3436\/revisions\/3712"}],"wp:attachment":[{"href":"https:\/\/www.satakunnansuunnistus.fi\/index.php?rest_route=%2Fwp%2Fv2%2Fmedia&parent=3436"}],"curies":[{"name":"wp","href":"https:\/\/api.w.org\/{rel}","templated":true}]}}