{"id":3412,"date":"2020-02-29T11:09:42","date_gmt":"2020-02-29T09:09:42","guid":{"rendered":"https:\/\/www.satakunnansuunnistus.fi\/?page_id=3412"},"modified":"2023-02-01T09:20:00","modified_gmt":"2023-02-01T07:20:00","slug":"nuorisosuunnistus","status":"publish","type":"page","link":"https:\/\/www.satakunnansuunnistus.fi\/?page_id=3412","title":{"rendered":"Nuorisosuunnistus"},"content":{"rendered":"<p><strong>SATAKUNNAN SUUNNISTUKSEN NUORISOSUUNNISTUSTAPAHTUMAT 2023<\/strong><\/p>\n<p><strong><em>LEIRIT:<\/em><\/strong><\/p>\n<p><strong>LEIMAUS-LEIRI 5-8.6 TAMPEREEN KAUPISSA<\/strong><\/p>\n<p>Leimaus-leiri j\u00e4rjestet\u00e4\u00e4n Tampereen Kaupissa 5.-8.6.2023. Satakunnan suunnistus l\u00e4htee j\u00e4lleen leirille yhten\u00e4 porukkana. Leiri on tarkoitettu 8-18 -vuotiaille suunnistajille, mutta kokemus on osoittanut, ett\u00e4 alle 11-vuotiaat leiril\u00e4iset tarvitsevat paikalle oman huoltajan. Siis ensi kes\u00e4n\u00e4 11-sarjassa suunnistavat ja sit\u00e4 vanhemmat voivat l\u00e4hte\u00e4 leirille ilman omaa huoltajaa, nuoremmat huoltajan kanssa. Leirin hinta on 170\u20ac + n. 140\u20ac majoitus.\u00a0 Tarkempia tietoja leirist\u00e4 l\u00f6ytyy <a href=\"https:\/\/www.leimausleiri.fi\/\">https:\/\/www.leimausleiri.fi\/<\/a>.<\/p>\n<p><b>Ilmoittautumisj\u00e4rjestelm\u00e4 on j\u00e4lleen kerran muuttunut. Jokainen leiril\u00e4inen ilmoittautuu itse SuomiSportin kautta ja lunastaa itselleen leiripassin.\u00a0 Leirille ilmoittautuminen on auki\u00a09.1.-12.2.2023<br \/>\n<a href=\"https:\/\/www.leimausleiri.fi\/leimaus-leirin-2023-ilmoittautuminen\/\">https:\/\/www.leimausleiri.fi\/leimaus-leirin-2023-ilmoittautuminen\/<\/a>\u00a0<\/b><\/p>\n<p>Ilmoittauduttaessa valitaan seuravalikosta\u00a0<b>Satakunnan suunnistus<\/b><\/p>\n<p><a href=\"https:\/\/www.satakunnansuunnistus.fi\/?page_id=4219\">Muita ohjeita Satakunnan nuorille suunnistajille t\u00e4st\u00e4 linkist\u00e4.<\/a><\/p>\n<p><strong>ALUEEN ORAVAPOLKULEIRI (AOL), tarkentuu my\u00f6hemmin<\/strong><br \/>\nSatakunnan ja H\u00e4meen yhteinen oravapolkuleiri 13-14 vuotiaille tyt\u00f6ille ja pojille.<br \/>\nLeirin j\u00e4rjest\u00e4j\u00e4: (Avoin, H\u00e4me?)<br \/>\nMukaan mahtuu 10 tytt\u00f6\u00e4 ja 10 poikaa Satakunnasta. Ilmoittautumiset ??? menness\u00e4 alueen nuoriso-ohjaajalle kimmo.mieskoski@gmail.com tai puh.045-676 6891. Valinnat (tarvittaessa) tehd\u00e4\u00e4n toukokuu-kes\u00e4kuun oravacup-menestyksen perusteella.<br \/>\nLeirisivut:<\/p>\n<p><em><strong>KILPAILUT:<\/strong><\/em><br \/>\n<strong>SATAKUNNAN ORAVACUP (OCUP)<\/strong><br \/>\nSatakunnan nuorille suunnattu kilpailu- ja harjoitustapahtuma koostuu osatapahtumista ymp\u00e4ri Satakuntaa.<br \/>\nKilpailusarjat: D8RR, H8RR, D9RR, H9RR, D10RR, H10RR, D11TR, H11TR, D12, H12, D13, H13, D14, H14, D16, H16<br \/>\nOpetussarjat: RR1 (H\/D8RR), RR2 (H\/D10RR), TR (H\/D11TR), R1 (H\/D12), R2 (H\/D13), R3 (H\/D14)<br \/>\nOravacupista l\u00f6ytyy lis\u00e4tietoa: <a href=\"http:\/\/www.satakunnansuunnistus.fi\/?page_id=145\" target=\"_blank\" rel=\"noopener noreferrer\">www.satakunnansuunnistus.fi\/?page_id=145<\/a><\/p>\n<p><strong>SATAKUNNAN ORAVAPOLKUVIESTIT (AOV)<\/strong><br \/>\nKilpailusarjat ja ohjematkat: (avoinna)<br \/>\nKilpailun j\u00e4rjest\u00e4j\u00e4: (Avoin)<br \/>\nViesti\u00e4 kehitet\u00e4\u00e4n ja kokeillaan mahdollisesti uudenlaista sarjatarjontaa.<\/p>\n<p><strong>VALTAKUNNALLINEN KULTAINEN KOMPASSI -FINAALI 20.8 HYVINK\u00c4\u00c4<\/strong><br \/>\nKultaisen Kompassicupin aluecup, muodostuu alueen Oravacup kev\u00e4tkauden tapahtumista (4 ensimm\u00e4ist\u00e4 Oravacupia). Aluecupin perusteella alue valitsee 4 tytt\u00f6\u00e4 ja 4 poikaa k\u00e4sitt\u00e4vi\u00e4 joukkueita valtakunnalliseen finaaliin.<br \/>\nLis\u00e4tietoa KK-cupista: <a href=\"https:\/\/www.suunnistusliitto.fi\/nuoriso\/tapahtumat\/kultainen-kompassi\/\" target=\"_blank\" rel=\"noopener noreferrer\">www.suunnistusliitto.fi\/nuoriso\/tapahtumat\/kultainen-kompassi\/<\/a><br \/>\nAluecupin tilannetta voit seurata: <a href=\"https:\/\/www.satakunnansuunnistus.fi\/?page_id=145\" target=\"_blank\" rel=\"noopener noreferrer\">www.satakunnansuunnistus.fi\/?page_id=145<\/a><br \/>\nJ\u00e4rjest\u00e4jien sivut:<\/p>\n<p><strong>NUORTEN ALUEOTTELU\u00a0 (?)<\/strong><\/p>\n<p>&nbsp;<\/p>\n","protected":false},"excerpt":{"rendered":"<p>SATAKUNNAN SUUNNISTUKSEN NUORISOSUUNNISTUSTAPAHTUMAT 2023 LEIRIT: LEIMAUS-LEIRI 5-8.6 TAMPEREEN KAUPISSA Leimaus-leiri j\u00e4rjestet\u00e4\u00e4n Tampereen Kaupissa 5.-8.6.2023. Satakunnan suunnistus l\u00e4htee j\u00e4lleen leirille yhten\u00e4 porukkana. Leiri on tarkoitettu 8-18 -vuotiaille suunnistajille, mutta kokemus on osoittanut, ett\u00e4 alle 11-vuotiaat leiril\u00e4iset tarvitsevat paikalle oman huoltajan. Siis ensi kes\u00e4n\u00e4 11-sarjassa suunnistavat ja sit\u00e4 vanhemmat voivat l\u00e4hte\u00e4 leirille [&hellip;]<\/p>\n","protected":false},"author":11,"featured_media":0,"parent":0,"menu_order":0,"comment_status":"closed","ping_status":"closed","template":"","meta":{"footnotes":""},"class_list":["post-3412","page","type-page","status-publish","hentry"],"_links":{"self":[{"href":"https:\/\/www.satakunnansuunnistus.fi\/index.php?rest_route=\/wp\/v2\/pages\/3412","targetHints":{"allow":["GET"]}}],"collection":[{"href":"https:\/\/www.satakunnansuunnistus.fi\/index.php?rest_route=\/wp\/v2\/pages"}],"about":[{"href":"https:\/\/www.satakunnansuunnistus.fi\/index.php?rest_route=\/wp\/v2\/types\/page"}],"author":[{"embeddable":true,"href":"https:\/\/www.satakunnansuunnistus.fi\/index.php?rest_route=\/wp\/v2\/users\/11"}],"replies":[{"embeddable":true,"href":"https:\/\/www.satakunnansuunnistus.fi\/index.php?rest_route=%2Fwp%2Fv2%2Fcomments&post=3412"}],"version-history":[{"count":8,"href":"https:\/\/www.satakunnansuunnistus.fi\/index.php?rest_route=\/wp\/v2\/pages\/3412\/revisions"}],"predecessor-version":[{"id":4227,"href":"https:\/\/www.satakunnansuunnistus.fi\/index.php?rest_route=\/wp\/v2\/pages\/3412\/revisions\/4227"}],"wp:attachment":[{"href":"https:\/\/www.satakunnansuunnistus.fi\/index.php?rest_route=%2Fwp%2Fv2%2Fmedia&parent=3412"}],"curies":[{"name":"wp","href":"https:\/\/api.w.org\/{rel}","templated":true}]}}