{"id":3381,"date":"2020-02-18T19:23:59","date_gmt":"2020-02-18T17:23:59","guid":{"rendered":"https:\/\/www.satakunnansuunnistus.fi\/?page_id=3381"},"modified":"2020-02-18T19:23:59","modified_gmt":"2020-02-18T17:23:59","slug":"am-kilpailut-2019","status":"publish","type":"page","link":"https:\/\/www.satakunnansuunnistus.fi\/?page_id=3381","title":{"rendered":"Am-kilpailut 2019"},"content":{"rendered":"<p><strong>AM-kilpailut 2019<\/strong><\/p>\n<ul>\n<li><a href=\"http:\/\/www.rastikarhut.fi\/seura\/controller\/runko.php?Aluemestaruuskilpailu&amp;kisa&amp;kisaID=691\">Keskimatka, Rastikarhut, 21.5.2019<\/a><\/li>\n<li><a href=\"http:\/\/kansu.fi\/kilpailut\/kilpailut2019\/kansallinenpysu255\">Py\u00f6r\u00e4suunnistus, Kankaanp\u00e4\u00e4n Suunnistajat, 25.5.2019<\/a><\/li>\n<li><a href=\"https:\/\/www.kll.fi\/koululaiset\/aluetoiminta\/satakunta-koululaiset\">KLL Satakunta, Lauttakyl\u00e4n Luja, 28.5.2019<\/a><\/li>\n<li><a href=\"http:\/\/www.vallansuunta.net\/Oravacup_Seuracup_AOK_AOV\/etusivu.php\">AOK, AOV, Seuracup, Vallan Suunta, 8.6.2019<\/a><\/li>\n<li>Pitk\u00e4 matka, Siikaisten Sisu \/ Kankaanp\u00e4\u00e4n Suunnistajat, 10.8.2019<\/li>\n<li>Viesti, Siikaisten Sisu \/ Kankaanp\u00e4\u00e4n Suunnistajat, 11.8.2019<\/li>\n<li>Sprintti, Kankaanp\u00e4\u00e4n Suunnistajat, 5.9.2019<\/li>\n<li>Y\u00f6, Nakkilan Wisa, 18.9.2019<\/li>\n<li>Erikoispitk\u00e4, Ikaalisten Nouseva Voima, 27.10.2019<\/li>\n<li>Tarkkuussuunnistus, Kokem\u00e4en Kova-V\u00e4ki, ajankohta avoin<\/li>\n<\/ul>\n<p><strong>Avoimet<\/strong><\/p>\n<ul>\n<li><\/li>\n<\/ul>\n<p>Halukkaiden j\u00e4rjest\u00e4jien toivotaan ottavan yhteytt\u00e4 kilpailuohjaaja <a href=\"http:\/\/www.satakunnansuunnistus.fi\/?page_id=32\">Seppo Sipil\u00e4\u00e4n<\/a>.<\/p>\n<p><a href=\"https:\/\/www.satakunnansuunnistus.fi\/?page_id=3142\">AM-kilpailut 2018<\/a><br \/>\n<a href=\"http:\/\/www.satakunnansuunnistus.fi\/?page_id=2657\" target=\"_blank\" rel=\"noopener noreferrer\">AM-kilpailut 2017<\/a><br \/>\n<a href=\"http:\/\/www.satakunnansuunnistus.fi\/?page_id=1868\" target=\"_blank\" rel=\"noopener noreferrer\">AM-kilpailut 2016<\/a><br \/>\n<a href=\"http:\/\/www.satakunnansuunnistus.fi\/?page_id=746\" target=\"_blank\" rel=\"noopener noreferrer\">AM-kilpailut 2015<\/a><br \/>\n<a href=\"http:\/\/www.satakunnansuunnistus.fi\/?page_id=750\" target=\"_blank\" rel=\"noopener noreferrer\">AM-kilpailut 2014<\/a><br \/>\n<a title=\"AM-kilpailut 2013\" href=\"http:\/\/www.satakunnansuunnistus.fi\/vanha\/amkilpailut2013.html\">2013 ja aikaisempien vuosien AM-kilpailut<\/a><\/p>\n","protected":false},"excerpt":{"rendered":"<p>AM-kilpailut 2019 Keskimatka, Rastikarhut, 21.5.2019 Py\u00f6r\u00e4suunnistus, Kankaanp\u00e4\u00e4n Suunnistajat, 25.5.2019 KLL Satakunta, Lauttakyl\u00e4n Luja, 28.5.2019 AOK, AOV, Seuracup, Vallan Suunta, 8.6.2019 Pitk\u00e4 matka, Siikaisten Sisu \/ Kankaanp\u00e4\u00e4n Suunnistajat, 10.8.2019 Viesti, Siikaisten Sisu \/ Kankaanp\u00e4\u00e4n Suunnistajat, 11.8.2019 Sprintti, Kankaanp\u00e4\u00e4n Suunnistajat, 5.9.2019 Y\u00f6, Nakkilan Wisa, 18.9.2019 Erikoispitk\u00e4, Ikaalisten Nouseva Voima, 27.10.2019 Tarkkuussuunnistus, Kokem\u00e4en [&hellip;]<\/p>\n","protected":false},"author":3,"featured_media":0,"parent":0,"menu_order":0,"comment_status":"closed","ping_status":"closed","template":"","meta":{"footnotes":""},"class_list":["post-3381","page","type-page","status-publish","hentry"],"_links":{"self":[{"href":"https:\/\/www.satakunnansuunnistus.fi\/index.php?rest_route=\/wp\/v2\/pages\/3381","targetHints":{"allow":["GET"]}}],"collection":[{"href":"https:\/\/www.satakunnansuunnistus.fi\/index.php?rest_route=\/wp\/v2\/pages"}],"about":[{"href":"https:\/\/www.satakunnansuunnistus.fi\/index.php?rest_route=\/wp\/v2\/types\/page"}],"author":[{"embeddable":true,"href":"https:\/\/www.satakunnansuunnistus.fi\/index.php?rest_route=\/wp\/v2\/users\/3"}],"replies":[{"embeddable":true,"href":"https:\/\/www.satakunnansuunnistus.fi\/index.php?rest_route=%2Fwp%2Fv2%2Fcomments&post=3381"}],"version-history":[{"count":1,"href":"https:\/\/www.satakunnansuunnistus.fi\/index.php?rest_route=\/wp\/v2\/pages\/3381\/revisions"}],"predecessor-version":[{"id":3382,"href":"https:\/\/www.satakunnansuunnistus.fi\/index.php?rest_route=\/wp\/v2\/pages\/3381\/revisions\/3382"}],"wp:attachment":[{"href":"https:\/\/www.satakunnansuunnistus.fi\/index.php?rest_route=%2Fwp%2Fv2%2Fmedia&parent=3381"}],"curies":[{"name":"wp","href":"https:\/\/api.w.org\/{rel}","templated":true}]}}