{"id":3221,"date":"2019-09-09T18:56:09","date_gmt":"2019-09-09T15:56:09","guid":{"rendered":"https:\/\/www.satakunnansuunnistus.fi\/?page_id=3221"},"modified":"2019-09-09T19:00:46","modified_gmt":"2019-09-09T16:00:46","slug":"oravacup-2019","status":"publish","type":"page","link":"https:\/\/www.satakunnansuunnistus.fi\/?page_id=3221","title":{"rendered":"Oravacup 2019"},"content":{"rendered":"\n<p><strong>SATAKUNNAN ALUEEN <\/strong><strong>ORAVATAPAHTUMAT 2019<\/strong><\/p>\n\n\n\n<p><strong>ORAVA-CUP 2019<\/strong><\/p>\n\n\n\n<p><a href=\"http:\/\/www.satakunnansuunnistus.fi\/oravacup\/ilmo\/\">Oravacupin ilmoittautumisj\u00e4rjestelm\u00e4<\/a><\/p>\n\n\n\n<p><a href=\"http:\/\/www.ulvilanura.fi\/Oravacup\/OravacupLaskuri2019_7.htm\" target=\"_blank\" rel=\"noreferrer noopener\">Oravacup kokonaiscupin lopputilanne 2019<\/a><\/p>\n\n\n\n<table class=\"wp-block-table\"><tbody><tr><td>Orava-cup<\/td><td>Aika<\/td><td>J\u00e4rjest\u00e4j\u00e4<\/td><td>HUOM!<\/td><td>&nbsp;Kotisivut<\/td><\/tr><tr><td>1. Pori<\/td><td>29.5.<\/td><td>Raska<\/td><td>Ke<\/td><td><a href=\"https:\/\/www.rastikarhut.fi\/seura\/controller\/runko.php?kisaweb&amp;kisaID=693&amp;vuosi=2019\" target=\"_blank\" rel=\"noreferrer noopener\">Raskan Oravacup<\/a><\/td><\/tr><tr><td>2. Harjavalta<\/td><td>8.6<\/td><td>ValSu<\/td><td>La<\/td><td><a href=\"http:\/\/www.vallansuunta.net\/Oravacup_Seuracup_AOK_AOV\/etusivu.php\" target=\"_blank\" rel=\"noreferrer noopener\">ValSun Oravacup<\/a><\/td><\/tr><tr><td>3. Kankaanp\u00e4\u00e4<\/td><td>19.6<\/td><td>KanSu<\/td><td>Ke<\/td><td><a href=\"http:\/\/www.kansu.fi\/kilpailut\/kilpailut2019\/orava-cup196\" target=\"_blank\" rel=\"noreferrer noopener\">KanSun Oravacup<\/a><\/td><\/tr><tr><td>4. Kokem\u00e4ki<\/td><td>7.8<\/td><td>KoKV<\/td><td>Ke<\/td><td><a href=\"http:\/\/www.nic.fi\/~kkv\/\" target=\"_blank\" rel=\"noreferrer noopener\">KoKVn Oravacup<\/a><\/td><\/tr><tr><td>5. Huittinen<\/td><td>14.8<\/td><td>LLuja<\/td><td>Ke<\/td><td><a href=\"https:\/\/www.lauttakylanluja.fi\/suunnistus2\/oravacup-14-8-2019\/\">LLujan Oravacup<\/a><\/td><\/tr><tr><td>6. Rauma<\/td><td>21.8<\/td><td>RaLu<\/td><td>Ke<\/td><td><a href=\"https:\/\/www.rastilukko.fi\/suunnistus\/kilpailut\/oravacup-21-8-2019\/\">RaLun Oravacup<\/a><\/td><\/tr><tr><td>7. Ulvila<\/td><td>4.9<\/td><td>UlvUra<\/td><td>Ke<\/td><td><a href=\"http:\/\/www.ulvilanura.fi\/suunnistus\/kilpailu.asp?id=86\" target=\"_blank\" rel=\"noreferrer noopener\">UlvUran Oravacup<\/a><\/td><\/tr><\/tbody><\/table>\n\n\n\n<p><a href=\"https:\/\/www.satakunnansuunnistus.fi\/wp-content\/uploads\/2019\/03\/Oravacup-s\u00e4\u00e4nn\u00f6t-2019.pdf\" target=\"_blank\" rel=\"noreferrer noopener\">Oravacup s\u00e4\u00e4nn\u00f6t 2019<\/a><\/p>\n\n\n\n<p><a href=\"http:\/\/www.satakunnansuunnistus.fi\/?page_id=2626\">Oravacup tulokset ja tapahtumat 2018<\/a><br><a href=\"http:\/\/www.satakunnansuunnistus.fi\/?page_id=2626\">Oravacup tulokset ja tapahtumat 2017<\/a><br><a href=\"http:\/\/www.satakunnansuunnistus.fi\/?page_id=2029\">Oravacup tulokset ja tapahtumat 2016<\/a><a href=\"http:\/\/www.satakunnansuunnistus.fi\/?page_id=1623\">Oravacup tulokset ja tapahtumat 2015<\/a><br><a href=\"http:\/\/www.satakunnansuunnistus.fi\/?page_id=2626\">Oravacup tulokset ja tapahtumat 2014<\/a><br><a href=\"http:\/\/www.satakunnansuunnistus.fi\/vanha\/oravat.html\">Oravacup tulokset ja tapahtumat 2013<\/a><\/p>\n\n\n\n<p><strong>SATAKUNNAN ALUEORAVAPOLKUKILPAILU (AOK) 8.6 HARJAVALLASSA<\/strong><\/p>\n\n\n\n<p>Kilpailusarjat: D8RR, H8RR, D10RR, H10RR, D11TR, H11TR, D12, H12, D13, H13, D14, H14, D16 ja H16<br>Kilpailun j\u00e4rjest\u00e4j\u00e4: Vallan suunta<\/p>\n\n\n\n<p><strong>SATAKUNNAN ORAVAPOLKUVIESTIT (AOV) JA SEURA-CUP 8.6 HARJAVALLASSA<\/strong><\/p>\n\n\n\n<p>Kilpailusarjat ja ohjematkat: (korkein sallittu ik\u00e4)<br>H30RR ja D30RR, 3&#215;2 km (12)<br>H36TR ja D36TR, 3&#215;2 km (14)&nbsp;&nbsp;&nbsp;&nbsp;&nbsp;&nbsp;&nbsp;&nbsp;&nbsp;&nbsp;&nbsp;&nbsp;&nbsp;&nbsp;&nbsp;&nbsp;&nbsp;&nbsp;&nbsp;&nbsp;&nbsp;&nbsp;&nbsp;&nbsp;&nbsp;&nbsp;&nbsp;&nbsp;&nbsp;&nbsp;&nbsp;&nbsp;&nbsp;&nbsp;&nbsp;&nbsp;&nbsp;&nbsp;&nbsp;&nbsp;&nbsp;&nbsp;&nbsp;&nbsp;&nbsp;&nbsp;&nbsp;&nbsp;&nbsp;&nbsp;&nbsp;&nbsp;&nbsp;&nbsp;&nbsp;&nbsp;&nbsp;&nbsp;&nbsp;&nbsp;&nbsp;&nbsp;&nbsp;&nbsp;&nbsp;&nbsp;&nbsp;&nbsp;&nbsp;&nbsp;&nbsp;&nbsp;&nbsp;&nbsp;&nbsp;<\/p>\n\n\n\n<p>Kilpailun j\u00e4rjest\u00e4j\u00e4: Vallan suunta<\/p>\n\n\n\n<p>Rastireitill\u00e4 ei ole viestiss\u00e4 hajontoja, n\u00e4in pyrit\u00e4\u00e4n helpottamaan kisaa my\u00f6s v\u00e4hemm\u00e4n suunnistaneille sopivaksi. Sarjojen ik\u00e4rajoissa on joustoa ja kussakin sarjassa joukkueen yhteisik\u00e4 on m\u00e4\u00e4r\u00e4\u00e4v\u00e4 t\u00e4n\u00e4 vuonna t\u00e4ytett\u00e4vien vuosien mukaan.<\/p>\n\n\n\n<p>Perinteiset H45 ja D45 sarjat ovat poissa AOV:st\u00e4. Oravpolkuviestin yhteydess\u00e4 kilpaillaan Seuracup-viesti, miss\u00e4 joukkueissa on mukana H\/D16 sarjalaiset. Seura-cupissa on my\u00f6s sallittuja seurojen yhdistelem\u00e4joukkueet.<\/p>\n\n\n\n<p><strong>LEIMAUS-LEIRI&nbsp;&nbsp; 3-6.6 IMATRALLA<\/strong><\/p>\n\n\n\n<p>Valtakunnallinen Leimaus-leiri pidet\u00e4\u00e4 Imartalla. Leirille menn\u00e4\u00e4n yhdess\u00e4 Satakunnan Suunnistuksen joukkueena. Satakunnasta on l\u00e4hd\u00f6ss\u00e4 n. 60 hengen porukka. Leiri on tarkoitettu 8-18 vuotiaalle suunnistavalle nuorille.<\/p>\n\n\n\n<p>Lis\u00e4tietoa: Janne Kallioniemelt\u00e4: janne.kallioniemi@alfalaval.com<\/p>\n\n\n\n<p>Leimaus netiss\u00e4: <a href=\"https:\/\/leimaus2019.fi\/\">https:\/\/leimaus2019.fi\/<\/a><\/p>\n\n\n\n<p><strong>ALUEEN ORAVAPOLKULEIRI (AOL) 16- 18.8 <\/strong><\/p>\n\n\n\n<p>Satakunnan ja H\u00e4meen yhteinen oravapolkuleiri 13-14 vuotiaille tyt\u00f6ille ja pojille.<\/p>\n\n\n\n<p>Leirin j\u00e4rjest\u00e4j\u00e4: Kyr\u00f6srasti H\u00e4meen alueelta.<\/p>\n\n\n\n<p>Mukaan mahtuu 10 tytt\u00f6\u00e4 ja 10 poikaa Satakunnasta. Ilmoittautumiset 31.7 menness\u00e4 alueen nuoriso-ohjaajalle jari.holmberg@luukku.com tai puh.040-1677505. Valinnat (tarvittaessa) tehd\u00e4\u00e4n toukokuu-kes\u00e4kuun oravacup-menestyksen perusteella.<\/p>\n\n\n\n<ol class=\"wp-block-list\"><li><strong> NUORTEN ALUEOTTELU 6.10 MYN\u00c4M\u00c4ELL\u00c4<\/strong><\/li><\/ol>\n\n\n\n<p>Nuorten alueottelussa kilpailevat Satakunta \u2013 H\u00e4me &#8211; Varsinais-Suomi nuorten sarjojen joukkueilla.<\/p>\n\n\n\n<p>Kilpailusarjat: D10RR, H10RR, D10, H10, D11, H11, D12, H12, D13, H13, D14 ja H14<\/p>\n\n\n\n<p>Kilpailun j\u00e4rjest\u00e4j\u00e4: Myn\u00e4m\u00e4en suunnistajat.<\/p>\n\n\n\n<p>Jokaiseen sarjaan valitaan viisi edustajaa ja kaksi varalle kultakin alueelta.<\/p>\n\n\n\n<p>Valinnat tehd\u00e4\u00e4n: Oravacupin tulosten perusteella (valinnoissa huomioidaan nelj\u00e4 parasta tulosta).<\/p>\n\n\n\n<p>Satakunnan edustusjoukkueen valinnan tekee 5.9 alueen nuorisoryhm\u00e4. Joukkueen julkaisun j\u00e4lkeen mahdollisesta esteest\u00e4 on ilmoitettava heti nuoriso-ohjaajalle, jotta ehdit\u00e4\u00e4n ilmoittamaan varaedustaja kilpailuun.<\/p>\n\n\n\n<p>Nuoriso-ohjaaja ilmoittaa valitsemansa joukkueen j\u00e4rjest\u00e4jille ja kilpailijat itse ilmoittautuvat kilpailuun IRMAN kautta. Alue palkitsee alueotteluun valitut urheilijat.<\/p>\n\n\n\n<p><strong>KULTAINEN KOMPASSI-CUPIN SATAKUNNAN ALUECUP SATAKUNNASSA JA FINAALI 15.9 TAMPEREELLA <br><\/strong>Kultainen Kompassicupin aluecup, muodostuu alueen Oravacup tapahtumista (6 ensimm\u00e4ist\u00e4 Oravacupia). Aluecupin perusteella alue valitsee 4 tytt\u00f6\u00e4 ja 4 poikaa k\u00e4sitt\u00e4vi\u00e4 joukkueita valtakunnalliseen finaaliin 15.9 Tampereelle.<\/p>\n\n\n\n<p><strong>PITKIS- SPORT 1-5.7 KOKEM\u00c4ELL\u00c4<\/strong><\/p>\n\n\n\n<p>Pitkis on liikuntaleiri, miss\u00e4 on mukana yli 40 lajia, my\u00f6s suunnistus. Paikkoja saattaa viel\u00e4 l\u00f6yty\u00e4.<\/p>\n\n\n\n<p>Pitkis netiss\u00e4: <a href=\"http:\/\/www.pitkissport.net\/\">http:\/\/www.pitkissport.net\/<\/a><\/p>\n","protected":false},"excerpt":{"rendered":"<p>SATAKUNNAN ALUEEN ORAVATAPAHTUMAT 2019 ORAVA-CUP 2019 Oravacupin ilmoittautumisj\u00e4rjestelm\u00e4 Oravacup kokonaiscupin lopputilanne 2019 Orava-cup Aika J\u00e4rjest\u00e4j\u00e4 HUOM! &nbsp;Kotisivut 1. Pori 29.5. Raska Ke Raskan Oravacup 2. Harjavalta 8.6 ValSu La ValSun Oravacup 3. Kankaanp\u00e4\u00e4 19.6 KanSu Ke KanSun Oravacup 4. Kokem\u00e4ki 7.8 KoKV Ke KoKVn Oravacup 5. Huittinen 14.8 LLuja Ke [&hellip;]<\/p>\n","protected":false},"author":11,"featured_media":0,"parent":0,"menu_order":0,"comment_status":"closed","ping_status":"closed","template":"","meta":{"footnotes":""},"class_list":["post-3221","page","type-page","status-publish","hentry"],"_links":{"self":[{"href":"https:\/\/www.satakunnansuunnistus.fi\/index.php?rest_route=\/wp\/v2\/pages\/3221","targetHints":{"allow":["GET"]}}],"collection":[{"href":"https:\/\/www.satakunnansuunnistus.fi\/index.php?rest_route=\/wp\/v2\/pages"}],"about":[{"href":"https:\/\/www.satakunnansuunnistus.fi\/index.php?rest_route=\/wp\/v2\/types\/page"}],"author":[{"embeddable":true,"href":"https:\/\/www.satakunnansuunnistus.fi\/index.php?rest_route=\/wp\/v2\/users\/11"}],"replies":[{"embeddable":true,"href":"https:\/\/www.satakunnansuunnistus.fi\/index.php?rest_route=%2Fwp%2Fv2%2Fcomments&post=3221"}],"version-history":[{"count":3,"href":"https:\/\/www.satakunnansuunnistus.fi\/index.php?rest_route=\/wp\/v2\/pages\/3221\/revisions"}],"predecessor-version":[{"id":3225,"href":"https:\/\/www.satakunnansuunnistus.fi\/index.php?rest_route=\/wp\/v2\/pages\/3221\/revisions\/3225"}],"wp:attachment":[{"href":"https:\/\/www.satakunnansuunnistus.fi\/index.php?rest_route=%2Fwp%2Fv2%2Fmedia&parent=3221"}],"curies":[{"name":"wp","href":"https:\/\/api.w.org\/{rel}","templated":true}]}}