{"id":32,"date":"2014-02-07T17:50:02","date_gmt":"2014-02-07T15:50:02","guid":{"rendered":"http:\/\/www.satakunnansuunnistus.fi\/?page_id=32"},"modified":"2025-03-25T19:38:37","modified_gmt":"2025-03-25T17:38:37","slug":"32-2","status":"publish","type":"page","link":"https:\/\/www.satakunnansuunnistus.fi\/?page_id=32","title":{"rendered":"Hallitus 2024"},"content":{"rendered":"<p>&nbsp;<\/p>\n<p>&nbsp;<\/p>\n<table border=\"1\" cellspacing=\"0\" cellpadding=\"0\">\n<tbody>\n<tr>\n<td colspan=\"4\"><b>Puheenjohtaja, hiihto- ja py\u00f6r\u00e4suunnistusohjaaja<\/b><\/td>\n<\/tr>\n<tr>\n<td>Pekka Niemensivu<\/td>\n<td>Martantie 3<br \/>\n29630 Pomarkku<\/td>\n<td>040 5507 161<\/td>\n<td>pekka.niemensivu(\u00e4t)baltictradelaw.fi<\/td>\n<\/tr>\n<tr>\n<td colspan=\"4\"><b>Varapuheenjohtaja<\/b><\/td>\n<\/tr>\n<tr>\n<td>Ville-Veikko Nurminen<\/td>\n<td><\/td>\n<td><\/td>\n<td><\/td>\n<\/tr>\n<tr>\n<td colspan=\"4\"><b>Sihteeri ja rahastonhoitaja<\/b><\/td>\n<\/tr>\n<tr>\n<td>Seppo Sipil\u00e4<\/td>\n<td>Liinaharjantie 46<br \/>\n28610 Pori<\/td>\n<td>050 3560 555<\/td>\n<td>ss48(\u00e4t)dnainternet.net<\/td>\n<\/tr>\n<tr>\n<td colspan=\"4\"><b>Koulutusohjaaja, ymp\u00e4rist\u00f6yhteyshenkil\u00f6<\/b><\/td>\n<\/tr>\n<tr>\n<td>Jari Holmberg<\/td>\n<td><\/td>\n<td><\/td>\n<td><\/td>\n<\/tr>\n<tr>\n<td colspan=\"4\"><b>Valmennus- ja tiedotusohjaaja<\/b><\/td>\n<\/tr>\n<tr>\n<td>Kimmo Mieskoski<\/td>\n<td>Alhonkulmantie 72<br \/>\n27400 Kiukainen<\/td>\n<td>045 6766 891<\/td>\n<td>kimmo.mieskoski(\u00e4t)gmail.com<\/td>\n<\/tr>\n<tr>\n<td colspan=\"4\"><b>Harrastesuunnistusohjaaja<\/b><\/td>\n<\/tr>\n<tr>\n<td>Timo Koivisto<\/td>\n<td><\/td>\n<td><\/td>\n<td><\/td>\n<\/tr>\n<tr>\n<td colspan=\"4\"><b>Kartta- ja tarkkuussuunnistusohjaaja<\/b><\/td>\n<\/tr>\n<tr>\n<td>Ari Uotila<\/td>\n<td><\/td>\n<td><\/td>\n<td><\/td>\n<\/tr>\n<tr>\n<td colspan=\"4\"><b>Kilpailuohjaaja<\/b><\/td>\n<\/tr>\n<tr>\n<td>Marko Toivo<\/td>\n<td><\/td>\n<td>050 3702117<\/td>\n<td>marko.toivo(\u00e4t)gmail.com<\/td>\n<\/tr>\n<tr>\n<td colspan=\"4\"><b>Nuoriso-ohjaaja<\/b><\/td>\n<\/tr>\n<tr>\n<td>Outi Priia<\/td>\n<td><\/td>\n<td><\/td>\n<td><\/td>\n<\/tr>\n<tr>\n<td colspan=\"4\"><b>J\u00e4sen<\/b><\/td>\n<\/tr>\n<tr>\n<td>Jari Lappalainen<\/td>\n<td><\/td>\n<td><\/td>\n<td><\/td>\n<\/tr>\n<\/tbody>\n<\/table>\n","protected":false},"excerpt":{"rendered":"<p>&nbsp; &nbsp; Puheenjohtaja, hiihto- ja py\u00f6r\u00e4suunnistusohjaaja Pekka Niemensivu Martantie 3 29630 Pomarkku 040 5507 161 pekka.niemensivu(\u00e4t)baltictradelaw.fi Varapuheenjohtaja Ville-Veikko Nurminen Sihteeri ja rahastonhoitaja Seppo Sipil\u00e4 Liinaharjantie 46 28610 Pori 050 3560 555 ss48(\u00e4t)dnainternet.net Koulutusohjaaja, ymp\u00e4rist\u00f6yhteyshenkil\u00f6 Jari Holmberg Valmennus- ja tiedotusohjaaja Kimmo Mieskoski Alhonkulmantie 72 27400 Kiukainen 045 6766 891 kimmo.mieskoski(\u00e4t)gmail.com Harrastesuunnistusohjaaja [&hellip;]<\/p>\n","protected":false},"author":1,"featured_media":0,"parent":0,"menu_order":0,"comment_status":"closed","ping_status":"closed","template":"","meta":{"footnotes":""},"class_list":["post-32","page","type-page","status-publish","hentry"],"_links":{"self":[{"href":"https:\/\/www.satakunnansuunnistus.fi\/index.php?rest_route=\/wp\/v2\/pages\/32","targetHints":{"allow":["GET"]}}],"collection":[{"href":"https:\/\/www.satakunnansuunnistus.fi\/index.php?rest_route=\/wp\/v2\/pages"}],"about":[{"href":"https:\/\/www.satakunnansuunnistus.fi\/index.php?rest_route=\/wp\/v2\/types\/page"}],"author":[{"embeddable":true,"href":"https:\/\/www.satakunnansuunnistus.fi\/index.php?rest_route=\/wp\/v2\/users\/1"}],"replies":[{"embeddable":true,"href":"https:\/\/www.satakunnansuunnistus.fi\/index.php?rest_route=%2Fwp%2Fv2%2Fcomments&post=32"}],"version-history":[{"count":46,"href":"https:\/\/www.satakunnansuunnistus.fi\/index.php?rest_route=\/wp\/v2\/pages\/32\/revisions"}],"predecessor-version":[{"id":5030,"href":"https:\/\/www.satakunnansuunnistus.fi\/index.php?rest_route=\/wp\/v2\/pages\/32\/revisions\/5030"}],"wp:attachment":[{"href":"https:\/\/www.satakunnansuunnistus.fi\/index.php?rest_route=%2Fwp%2Fv2%2Fmedia&parent=32"}],"curies":[{"name":"wp","href":"https:\/\/api.w.org\/{rel}","templated":true}]}}