{"id":3087,"date":"2019-03-31T09:27:21","date_gmt":"2019-03-31T06:27:21","guid":{"rendered":"https:\/\/www.satakunnansuunnistus.fi\/?page_id=3087"},"modified":"2022-02-17T08:38:28","modified_gmt":"2022-02-17T06:38:28","slug":"oravacup-2018","status":"publish","type":"page","link":"https:\/\/www.satakunnansuunnistus.fi\/?page_id=3087","title":{"rendered":"Oravacup 2018"},"content":{"rendered":"\r\n<p><strong>SATAKUNNAN ALUEEN <\/strong><strong>ORAVATAPAHTUMAT 2018<\/strong><\/p>\r\n<p><strong>ORAVA-CUP 2018<\/strong><\/p>\r\n<p><big><a href=\"http:\/\/www.satakunnansuunnistus.fi\/oravacup\/ilmo\/\">Oravacupin ilmoittautumisj\u00e4rjestelm\u00e4<\/a><\/big><big><a href=\"http:\/\/www.ulvilanura.fi\/Oravacup\/OravacupLaskuri2018_3.htm\" target=\"_blank\" rel=\"noopener\"><br \/><\/a><a href=\"http:\/\/www.ulvilanura.fi\/Oravacup\/Oravacup_2018.htm\" target=\"_blank\" rel=\"noopener\">Orava-cupin 2018 lopputulokset<\/a><\/big><\/p>\r\n<p>Kauden 2018 seurojen\u00a0Ocup osallistumispisteet\u00a0ja\u00a0Ocup menestyspisteet<\/p>\r\n<table border=\"1\" cellspacing=\"1\" cellpadding=\"2\">\r\n<tbody>\r\n<tr>\r\n<td>Orava-cup<\/td>\r\n<td>Aika<\/td>\r\n<td>J\u00e4rjest\u00e4j\u00e4<\/td>\r\n<td>HUOM!<\/td>\r\n<td>\u00a0Kotisivut<\/td>\r\n<\/tr>\r\n<tr>\r\n<td>1.\u00a0Lavia<\/td>\r\n<td>16.5.<\/td>\r\n<td>LLL<\/td>\r\n<td>Ke<\/td>\r\n<td><a href=\"http:\/\/www.satakunnansuunnistus.fi\/?p=2693\" target=\"_blank\" rel=\"noopener\">LLL:n Oravacup<\/a><\/td>\r\n<\/tr>\r\n<tr>\r\n<td>2. Ulvila<\/td>\r\n<td>23.5<\/td>\r\n<td>UlvUra<\/td>\r\n<td>Ke<\/td>\r\n<td><a href=\"http:\/\/www.ulvilanura.fi\/suunnistus\/kilpailu.asp?id=85\" target=\"_blank\" rel=\"noopener\">UlvUran Oravacup<\/a><\/td>\r\n<\/tr>\r\n<tr>\r\n<td>3.\u00a0Pori<\/td>\r\n<td>30.5<\/td>\r\n<td>RasKa<\/td>\r\n<td>Ke<\/td>\r\n<td><a href=\"http:\/\/www.rastikarhut.fi\/SuunnistusBlog\/HTMLsivut\/OravaCup2018\/index.htm\">RasKan Oravacup<\/a><\/td>\r\n<\/tr>\r\n<tr>\r\n<td>4. Kankaanp\u00e4\u00e4<\/td>\r\n<td>20.6<\/td>\r\n<td>KanSu<\/td>\r\n<td>Ke<\/td>\r\n<td><a href=\"http:\/\/kansu.fi\/kilpailut\/kilpailut2018\/orava-cup2018\" target=\"_blank\" rel=\"noopener\">KanSun Oravacup<\/a><\/td>\r\n<\/tr>\r\n<tr>\r\n<td>5. Kiukainen<\/td>\r\n<td>15.8<\/td>\r\n<td>KiukU<\/td>\r\n<td>Ke<\/td>\r\n<td><a href=\"http:\/\/www.hiisirasti.fi\/?p=1590\" target=\"_blank\" rel=\"noopener\">KiukUn Oravacup<\/a><\/td>\r\n<\/tr>\r\n<tr>\r\n<td>6.\u00a0Rauma<\/td>\r\n<td>22.8<\/td>\r\n<td>RaLu<\/td>\r\n<td>Ke<\/td>\r\n<td><a href=\"https:\/\/www.rastilukko.fi\/suunnistus\/kilpailut\/oravacup-22-8-2018\/\">RaLun Oravacup<\/a><\/td>\r\n<\/tr>\r\n<tr>\r\n<td>7. Harjavalta<\/td>\r\n<td>29.8<\/td>\r\n<td>ValSu<\/td>\r\n<td>Ke<\/td>\r\n<td><a href=\"http:\/\/www.vallansuunta.net\/Oravacup\/etusivu.php\" target=\"_blank\" rel=\"noopener\">ValSun Oravacup<\/a><\/td>\r\n<\/tr>\r\n<tr>\r\n<td>8.\u00a0Pori<\/td>\r\n<td>12.9<\/td>\r\n<td>RasKa<\/td>\r\n<td>Ke<\/td>\r\n<td><a href=\"http:\/\/www.rastikarhut.fi\/SuunnistusBlog\/HTMLsivut\/OravaCup2018_8\/index.htm\" target=\"_blank\" rel=\"noopener\">RasKan Oravacup<\/a><\/td>\r\n<\/tr>\r\n<\/tbody>\r\n<\/table>\r\n<p><a href=\"http:\/\/www.satakunnansuunnistus.fi\/wp-content\/uploads\/2018\/03\/Oravacup-s\u00e4\u00e4nn\u00f6t-2018-1.doc\">Oravacup s\u00e4\u00e4nn\u00f6t 2018<\/a><\/p>\r\n<p><a href=\"http:\/\/www.ulvilanura.fi\/Oravacup\/Oravacup2017.htm\" target=\"_blank\" rel=\"noopener noreferrer\">Orava-cupin lopputilanne 2017<\/a><br \/><a href=\"http:\/\/www.satakunnansuunnistus.fi\/?page_id=2626\">Oravacup tulokset ja tapahtumat 2017<\/a><br \/><a href=\"http:\/\/www.satakunnansuunnistus.fi\/?page_id=2029\">Oravacup tulokset ja tapahtumat 2016<\/a><a href=\"http:\/\/www.satakunnansuunnistus.fi\/?page_id=995\"><br \/><\/a><a href=\"http:\/\/www.satakunnansuunnistus.fi\/?page_id=1623\">Oravacup tulokset ja tapahtumat 2015<\/a><br \/><a href=\"http:\/\/www.satakunnansuunnistus.fi\/?page_id=2626\">Oravacup tulokset ja tapahtumat 2014<\/a><br \/><a href=\"http:\/\/www.satakunnansuunnistus.fi\/vanha\/oravat.html\">Oravacup tulokset ja tapahtumat 2013<\/a><a href=\"http:\/\/www.satakunnansuunnistus.fi\/?page_id=995\"><br \/><\/a><a href=\"http:\/\/www.satakunnansuunnistus.fi\/?page_id=995\"><br \/><\/a><\/p>\r\n<p><strong>VALTAKUNNALLINEN ORAVAPOLKULEIRI (VOL) 18-21.6 VUOKATTI<\/strong><br \/>VOL-leiri 18-21.6 Vuokatin urheiluopistolla Kainuussa. Satakunnan lis\u00e4ksi leirill\u00e4 on 7 muuta suunnistusaluetta.<br \/>Suunnistusliitto on 2017 loppurankin perusteella valinnut leirille Satakunnasta jo seuraavat suunnistajat:<br \/>D16 sarjasta 3 tytt\u00f6\u00e4: Heta Hainia (RasKa), Lotta Koivula (UlvUra), Alina Siivonen (RaLu)<br \/>H16 sarjasta 3 poikaa: Valtteri Lahti (RasKa), Joona Nolvi (RasKa), Iivari Willman (RasKa)<br \/>SSL t\u00e4ydent\u00e4\u00e4 valintaa (23 tytt\u00f6\u00e4 ja 22 poikaa, vuonna 2002-2003 syntyneist\u00e4). Valinta tehd\u00e4\u00e4n SM-keskimatkan 26.5 j\u00e4lkeisen rankin perusteella.<br \/>Ennen leiri\u00e4 tulee leiril\u00e4isten tehd\u00e4 Kasva Urheilijaksi -el\u00e4m\u00e4nrytmitesti.<br \/>VOL netiss\u00e4: <a href=\"http:\/\/www.suunnistusliitto.fi\/2017\/12\/kesan-2018-vol-leirit-ja-ensimmaiset-valinnat\/\">http:\/\/www.suunnistusliitto.fi\/2017\/12\/kesan-2018-vol-leirit-ja-ensimmaiset-valinnat\/<\/a><\/p>\r\n<p><strong>SATAKUNNAN ALUEORAVAPOLKUKILPAILU (AOK) <\/strong>(paikka ja ajankohta auki)<br \/>Kilpailusarjat: D8RR, H8RR, D10RR, H10RR, D12TR, H12TR, D13, H13, D14, H14, D16 ja H16<br \/>Kilpailun j\u00e4rjest\u00e4j\u00e4:<\/p>\r\n<p><strong>SATAKUNNAN ORAVAPOLKUVIESTIT (AOV) JA SEURA-CUP <\/strong>(paikka ja ajankohta auki)<br \/>Kilpailusarjat ja ohjematkat: (korkein sallittu ik\u00e4)<br \/>H30RR ja D30RR, 3&#215;2 km (12)<br \/>H36TR ja D36TR, 3&#215;2 km (14)<br \/>Kilpailun j\u00e4rjest\u00e4j\u00e4:<br \/>Rastireitill\u00e4 ei ole viestiss\u00e4 hajontoja, n\u00e4in pyrit\u00e4\u00e4n helpottamaan kisaa my\u00f6s v\u00e4hemm\u00e4n suunnistaneille sopivaksi. Sarjojen ik\u00e4rajoissa on joustoa ja kussakin sarjassa joukkueen yhteisik\u00e4 on m\u00e4\u00e4r\u00e4\u00e4v\u00e4 t\u00e4n\u00e4 vuonna t\u00e4ytett\u00e4vien vuosien mukaan.<br \/>Perinteiset H45 ja D45 sarjat ovat poissa AOV:st\u00e4. Oravpolkuviestin yhteydess\u00e4 kilpaillaan Seuracup-viesti, miss\u00e4 joukkueissa on mukana H\/D16 sarjalaiset. Seura-cupissa on my\u00f6s sallittuja seurojen yhdistelem\u00e4joukkueet.<\/p>\r\n<p><strong>\u00a0<\/strong><strong>LEIMAUS-LEIRI\u00a0\u00a0 4-7.6 LOHJA<br \/><\/strong>Valtakunnallinen Leimaus-leiri 4-7.6 Kisakallion urheiluopistolla. Leirille menn\u00e4\u00e4n yhdess\u00e4 Satakunnan Suunnistuksen joukkueena. Satakunnasta on l\u00e4hd\u00f6ss\u00e4 n. 60 hengen porukka. Leiri on tarkoitettu 8-18 vuotiaalle suunnistavalle nuorille.<br \/>Lis\u00e4tietoa: Veli-Matti Jutilalata vmj@dnainternet.net<br \/>Leimaus netiss\u00e4: <a href=\"https:\/\/www.suunnistusliitto.fi\/nuoriso\/tapahtumat\/leimaus\/\">https:\/\/www.suunnistusliitto.fi\/nuoriso\/tapahtumat\/leimaus\/<\/a><\/p>\r\n<p><strong>\u00a0<\/strong><strong>ALUEEN ORAVAPOLKULEIRI (AOL) 30.7- 1.8<br \/><\/strong>Satakunnan ja H\u00e4meen yhteinen oravapolkuleiri 13-14 vuotiaille tyt\u00f6ille ja pojille.<br \/>Leirin j\u00e4rjest\u00e4j\u00e4: Kankaanp\u00e4\u00e4n Suunnistajat Satakunnan alueelta.<br \/>Mukaan mahtuu 10 tytt\u00f6\u00e4 ja 10 poikaa Satakunnasta. Ilmoittautumiset 16.7 menness\u00e4 alueen nuoriso-ohjaajalle jari.holmberg@luukku.com tai puh.040-1677505. Valinnat (tarvittaessa) tehd\u00e4\u00e4n toukokuu-kes\u00e4kuun oravacup-menestyksen perusteella.<\/p>\r\n<p>&nbsp;<\/p>\r\n<ol start=\"44\">\r\n<li><strong> NUORTEN ALUEOTTELU 8.9 EURASSA<\/strong><\/li>\r\n<\/ol>\r\n<p>Nuorten alueottelussa kilpailevat Satakunta \u2013 H\u00e4me &#8211; Varsinais-Suomi nuorten sarjojen joukkueilla.<br \/>Kilpailusarjat: D10RR, H10RR, D12, H12, D13, H13, D14 ja H14<br \/>Kilpailun j\u00e4rjest\u00e4j\u00e4: Eura Kauttuan Urheilijat.<br \/>Jokaiseen sarjaan valitaan viisi edustajaa ja kaksi varalle kultakin alueelta.<br \/>Valinnat tehd\u00e4\u00e4n: Oravacupin tulosten perusteella (valinnoissa huomioidaan nelj\u00e4 parasta tulosta).<br \/>Satakunnan edustusjoukkueen valinnan tekee 23.8 alueen nuorisoryhm\u00e4. Joukkueen julkaisun j\u00e4lkeen mahdollisesta esteest\u00e4 on ilmoitettava heti nuoriso-ohjaajalle, jotta ehdit\u00e4\u00e4n ilmoittamaan varaedustaja kilpailuun.<br \/>Nuoriso-ohjaaja ilmoittaa valitsemansa joukkueen j\u00e4rjest\u00e4jille ja kilpailijat itse ilmoittautuvat kilpailuun IRMAN kautta. Alue palkitsee alueotteluun valitut urheilijat.<\/p>\r\n<p><strong>KULTAINEN KOMPASSI-CUPIN SATAKUNNAN ALUECUP SATAKUNNASSA JA FINAALI 9.9 KIRKKONUMMELLA<br \/><\/strong>Kultainen Kompassicupin aluecup, muodostuu alueen Oravacup tapahtumista (6 ensimm\u00e4ist\u00e4 Oravacupia). Aluecupin perusteella alue valitsee 4 tytt\u00f6\u00e4 ja 4 poikaa k\u00e4sitt\u00e4vi\u00e4 joukkueita valtakunnalliseen finaaliin 9.9 Kirkkonummelle.<\/p>\r\n<p><strong>PITKIS- SPORT 2-6.7 KOKEM\u00c4ELL\u00c4<br \/><\/strong>Pitkis on liikuntaleiri, miss\u00e4 on mukana yli 40 lajia, my\u00f6s suunnistus. Paikkoja saattaa viel\u00e4 l\u00f6yty\u00e4.<br \/>Pitkis netiss\u00e4: <u><a href=\"http:\/\/www.pitkissport.net\/\">http:\/\/www.pitkissport.net\/<\/a><\/u><\/p>\r\n","protected":false},"excerpt":{"rendered":"<p>SATAKUNNAN ALUEEN ORAVATAPAHTUMAT 2018 ORAVA-CUP 2018 Oravacupin ilmoittautumisj\u00e4rjestelm\u00e4Orava-cupin 2018 lopputulokset Kauden 2018 seurojen\u00a0Ocup osallistumispisteet\u00a0ja\u00a0Ocup menestyspisteet Orava-cup Aika J\u00e4rjest\u00e4j\u00e4 HUOM! \u00a0Kotisivut 1.\u00a0Lavia 16.5. LLL Ke LLL:n Oravacup 2. Ulvila 23.5 UlvUra Ke UlvUran Oravacup 3.\u00a0Pori 30.5 RasKa Ke RasKan Oravacup 4. Kankaanp\u00e4\u00e4 20.6 KanSu Ke KanSun Oravacup 5. Kiukainen 15.8 KiukU [&hellip;]<\/p>\n","protected":false},"author":11,"featured_media":0,"parent":0,"menu_order":0,"comment_status":"closed","ping_status":"closed","template":"","meta":{"footnotes":""},"class_list":["post-3087","page","type-page","status-publish","hentry"],"_links":{"self":[{"href":"https:\/\/www.satakunnansuunnistus.fi\/index.php?rest_route=\/wp\/v2\/pages\/3087","targetHints":{"allow":["GET"]}}],"collection":[{"href":"https:\/\/www.satakunnansuunnistus.fi\/index.php?rest_route=\/wp\/v2\/pages"}],"about":[{"href":"https:\/\/www.satakunnansuunnistus.fi\/index.php?rest_route=\/wp\/v2\/types\/page"}],"author":[{"embeddable":true,"href":"https:\/\/www.satakunnansuunnistus.fi\/index.php?rest_route=\/wp\/v2\/users\/11"}],"replies":[{"embeddable":true,"href":"https:\/\/www.satakunnansuunnistus.fi\/index.php?rest_route=%2Fwp%2Fv2%2Fcomments&post=3087"}],"version-history":[{"count":4,"href":"https:\/\/www.satakunnansuunnistus.fi\/index.php?rest_route=\/wp\/v2\/pages\/3087\/revisions"}],"predecessor-version":[{"id":3927,"href":"https:\/\/www.satakunnansuunnistus.fi\/index.php?rest_route=\/wp\/v2\/pages\/3087\/revisions\/3927"}],"wp:attachment":[{"href":"https:\/\/www.satakunnansuunnistus.fi\/index.php?rest_route=%2Fwp%2Fv2%2Fmedia&parent=3087"}],"curies":[{"name":"wp","href":"https:\/\/api.w.org\/{rel}","templated":true}]}}