{"id":2657,"date":"2018-03-26T20:02:21","date_gmt":"2018-03-26T17:02:21","guid":{"rendered":"http:\/\/www.satakunnansuunnistus.fi\/?page_id=2657"},"modified":"2018-03-26T20:18:03","modified_gmt":"2018-03-26T17:18:03","slug":"am-kisat-2017-2","status":"publish","type":"page","link":"https:\/\/www.satakunnansuunnistus.fi\/?page_id=2657","title":{"rendered":"AM-kilpailut 2017"},"content":{"rendered":"<p><strong>Satakunnan AM-kilpailut 2017<\/strong><\/p>\n<table style=\"height: 481px;\" border=\"1\" width=\"358\" cellspacing=\"0\" cellpadding=\"0\">\n<tbody>\n<tr>\n<td>Laji<\/td>\n<td>P\u00e4iv\u00e4<\/td>\n<td>J\u00e4rjest\u00e4j\u00e4<\/td>\n<\/tr>\n<tr>\n<td><big>HS-keski<\/big><\/td>\n<td>&#8211;<\/td>\n<td>&#8211;<\/td>\n<\/tr>\n<tr>\n<td><big>HS-pitk\u00e4<\/big><\/td>\n<td>&#8211;<\/td>\n<td>&#8211;<\/td>\n<\/tr>\n<tr>\n<td><big>HS-parisprintti<\/big><\/td>\n<td>&#8211;<\/td>\n<td>&#8211;<\/td>\n<\/tr>\n<tr>\n<td><big>Tarkkuus<\/big><\/td>\n<td>07.5.2017<\/td>\n<td>  KanSu<\/td>\n<\/tr>\n<tr>\n<td><big>Py\u00f6r\u00e4suunnistus<\/big><\/td>\n<td>xx.xx.2017<\/td>\n<td>  (KanSu)<\/td>\n<\/tr>\n<tr>\n<td><big>Keskimatka<\/big><\/td>\n<td>16.5.2017<\/td>\n<td>  KiukU<\/td>\n<\/tr>\n<tr>\n<td><big>Sprintti<\/big><\/td>\n<td>xx.xx.2017<\/td>\n<td>  SuSe<\/td>\n<\/tr>\n<tr>\n<td><big>Pitk\u00e4<\/big><\/td>\n<td>12.8.2017<\/td>\n<td>  K\u00f6La \/ YlKi<\/td>\n<\/tr>\n<tr>\n<td><big>Viesti<\/big><\/td>\n<td>13.8.2017<\/td>\n<td>  K\u00f6La \/ YlKi<\/td>\n<\/tr>\n<tr>\n<td><big>Erikoispitk\u00e4<\/big><\/td>\n<td>&#8211;<\/td>\n<td><\/td>\n<\/tr>\n<tr>\n<td><big>Partio<\/big><\/td>\n<td> 1.6.2017<\/td>\n<td>  KanSu<\/td>\n<\/tr>\n<tr>\n<td><big>Seura-cup<\/big><\/td>\n<td>xx.xx.2017<\/td>\n<td><\/td>\n<\/tr>\n<tr>\n<td><big>AOV<\/big><\/td>\n<td>xx.xx.2017<\/td>\n<td><\/td>\n<\/tr>\n<tr>\n<td><big>AOK<\/big><\/td>\n<td>xx.xx.2017<\/td>\n<td><\/td>\n<\/tr>\n<tr>\n<td><big>Y\u00f6<\/big><\/td>\n<td>xx.xx.2017<\/td>\n<td><\/td>\n<\/tr>\n<tr>\n<td><big>KLL Satakunta<\/big><\/td>\n<td>11.5.2017<\/td>\n<td>  PoKri<\/td>\n<\/tr>\n<\/tbody>\n<\/table>\n","protected":false},"excerpt":{"rendered":"<p>Satakunnan AM-kilpailut 2017 Laji P\u00e4iv\u00e4 J\u00e4rjest\u00e4j\u00e4 HS-keski &#8211; &#8211; HS-pitk\u00e4 &#8211; &#8211; HS-parisprintti &#8211; &#8211; Tarkkuus 07.5.2017 KanSu Py\u00f6r\u00e4suunnistus xx.xx.2017 (KanSu) Keskimatka 16.5.2017 KiukU Sprintti xx.xx.2017 SuSe Pitk\u00e4 12.8.2017 K\u00f6La \/ YlKi Viesti 13.8.2017 K\u00f6La \/ YlKi Erikoispitk\u00e4 &#8211; Partio 1.6.2017 KanSu Seura-cup xx.xx.2017 AOV xx.xx.2017 AOK xx.xx.2017 Y\u00f6 xx.xx.2017 [&hellip;]<\/p>\n","protected":false},"author":2,"featured_media":0,"parent":0,"menu_order":0,"comment_status":"closed","ping_status":"closed","template":"","meta":{"footnotes":""},"class_list":["post-2657","page","type-page","status-publish","hentry"],"_links":{"self":[{"href":"https:\/\/www.satakunnansuunnistus.fi\/index.php?rest_route=\/wp\/v2\/pages\/2657","targetHints":{"allow":["GET"]}}],"collection":[{"href":"https:\/\/www.satakunnansuunnistus.fi\/index.php?rest_route=\/wp\/v2\/pages"}],"about":[{"href":"https:\/\/www.satakunnansuunnistus.fi\/index.php?rest_route=\/wp\/v2\/types\/page"}],"author":[{"embeddable":true,"href":"https:\/\/www.satakunnansuunnistus.fi\/index.php?rest_route=\/wp\/v2\/users\/2"}],"replies":[{"embeddable":true,"href":"https:\/\/www.satakunnansuunnistus.fi\/index.php?rest_route=%2Fwp%2Fv2%2Fcomments&post=2657"}],"version-history":[{"count":3,"href":"https:\/\/www.satakunnansuunnistus.fi\/index.php?rest_route=\/wp\/v2\/pages\/2657\/revisions"}],"predecessor-version":[{"id":2668,"href":"https:\/\/www.satakunnansuunnistus.fi\/index.php?rest_route=\/wp\/v2\/pages\/2657\/revisions\/2668"}],"wp:attachment":[{"href":"https:\/\/www.satakunnansuunnistus.fi\/index.php?rest_route=%2Fwp%2Fv2%2Fmedia&parent=2657"}],"curies":[{"name":"wp","href":"https:\/\/api.w.org\/{rel}","templated":true}]}}