{"id":2626,"date":"2018-03-14T18:52:45","date_gmt":"2018-03-14T16:52:45","guid":{"rendered":"http:\/\/www.satakunnansuunnistus.fi\/?page_id=2626"},"modified":"2018-03-14T19:04:42","modified_gmt":"2018-03-14T17:04:42","slug":"oravacup-xx","status":"publish","type":"page","link":"https:\/\/www.satakunnansuunnistus.fi\/?page_id=2626","title":{"rendered":"Oravacup 2017"},"content":{"rendered":"<p><strong>SATAKUNNAN ALUEEN <\/strong><strong>ORAVATAPAHTUMAT 2017<\/strong><\/p>\n<p><strong>ORAVA-CUP 2017<\/strong><\/p>\n<p><big><a href=\"http:\/\/www.satakunnansuunnistus.fi\/oravacup\/ilmo\/\">Oravacupin ilmoittautumisj\u00e4rjestelm\u00e4<br \/>\n<\/a><a href=\"http:\/\/www.ulvilanura.fi\/Oravacup\/Oravacup2017.htm\" target=\"_blank\" rel=\"noopener\">Orava-cupin pistetilanne kauden lopussa.<\/a><\/big><\/p>\n<p>Kauden 2017 seurojen\u00a0<a href=\"http:\/\/www.satakunnansuunnistus.fi\/wp-content\/uploads\/2014\/04\/Ocup_osallistumispisteet2017.pdf\">Ocup osallistumispisteet<\/a>\u00a0ja\u00a0<a href=\"http:\/\/www.satakunnansuunnistus.fi\/wp-content\/uploads\/2014\/04\/Ocup_seurapisteet2017.pdf\">Ocup menestyspisteet<\/a><\/p>\n<table border=\"1\" cellspacing=\"1\" cellpadding=\"2\">\n<tbody>\n<tr>\n<td>Orava-cup<\/td>\n<td>Aika<\/td>\n<td>J\u00e4rjest\u00e4j\u00e4<\/td>\n<td>HUOM!<\/td>\n<td><\/td>\n<\/tr>\n<tr>\n<td>1.\u00a0Lavia<\/td>\n<td>17.5.<\/td>\n<td>LLL<\/td>\n<td>Ke<\/td>\n<td><a href=\"http:\/\/www.lansi-lavianloiske.net\/index.htm\" target=\"_blank\" rel=\"noopener noreferrer\">LLL:n Oravacup<\/a><\/td>\n<\/tr>\n<tr>\n<td>2. Sastamala<\/td>\n<td>24.5<\/td>\n<td>SuSe<\/td>\n<td>Ke<\/td>\n<td><a href=\"http:\/\/www.suunta-sepot.fi\/sivu.tmpl?sivu_id=2569\" target=\"_blank\" rel=\"noopener noreferrer\">SuSe:n Oravacup<\/a><\/td>\n<\/tr>\n<tr>\n<td>3.\u00a0Pori<\/td>\n<td>31.5<\/td>\n<td>RasKa<\/td>\n<td>Ke<\/td>\n<td><a href=\"http:\/\/www.rastikarhut.fi\/SuunnistusBlog\/HTMLsivut\/OravaCup2017\/index.htm\" target=\"_blank\" rel=\"noopener noreferrer\">RasKan Oravacup<\/a><\/td>\n<\/tr>\n<tr>\n<td>4. Kankaanp\u00e4\u00e4<\/td>\n<td>21.6<\/td>\n<td>KanSu<\/td>\n<td>Ke<\/td>\n<td><a href=\"http:\/\/www.kansu.fi\/kilpailut\/kilpailut2017\/orava-cup2017\" target=\"_blank\" rel=\"noopener noreferrer\">KanSun Oravacup<\/a><\/td>\n<\/tr>\n<tr>\n<td>5. Huittinen<\/td>\n<td>16.8<\/td>\n<td>LLuja<\/td>\n<td>Ke<\/td>\n<td><a href=\"https:\/\/www.lauttakylanluja.fi\/suunnistus2\/oravacup-5-2017\" target=\"_blank\" rel=\"noopener\">LLujan Oravacup<\/a><\/td>\n<\/tr>\n<tr>\n<td>6.\u00a0Rauma<\/td>\n<td>23.8<\/td>\n<td>RaLu<\/td>\n<td>Ke<\/td>\n<td><a href=\"https:\/\/www.rastilukko.fi\/suunnistus\/kilpailut\/oravacup-23-8-2017\/\" target=\"_blank\" rel=\"noopener\">RaLun Oravacup<\/a><\/td>\n<\/tr>\n<tr>\n<td>7. Eura<\/td>\n<td>30.8<\/td>\n<td>EKU<\/td>\n<td>Ke<\/td>\n<td><a href=\"https:\/\/eku.sporttisaitti.com\/kilpailut\/\" target=\"_blank\" rel=\"noopener\">EKUn Oravacup<\/a><\/td>\n<\/tr>\n<tr>\n<td>8.\u00a0Ulvila<\/td>\n<td>13.9<\/td>\n<td>UlvUra<\/td>\n<td>Ke<\/td>\n<td><a href=\"http:\/\/www.ulvilanura.fi\/suunnistus\/kilpailu.asp?id=83\" target=\"_blank\" rel=\"noopener\">UlvUran Oravacup<\/a><\/td>\n<\/tr>\n<\/tbody>\n<\/table>\n<p><a href=\"http:\/\/www.satakunnansuunnistus.fi\/?page_id=149\">Orava-cup s\u00e4\u00e4nn\u00f6t 2017<\/a><br \/>\n<a href=\"http:\/\/www.satakunnansuunnistus.fi\/?page_id=2029\">Orava-cup tulokset ja tapahtumat 2016<\/a> ja <a href=\"http:\/\/www.satakunnansuunnistus.fi\/wp-content\/uploads\/2016\/09\/OravacupKuvaaja2016.pdf\" target=\"_blank\" rel=\"noopener noreferrer\">kuvaajat 2016 <\/a><br \/>\n<a href=\"http:\/\/www.satakunnansuunnistus.fi\/Orava-cupin%20pistetaulukko%202016.htm\" target=\"_blank\" rel=\"noopener noreferrer\">Orava-cupin lopputilanne 2016<\/a><br \/>\n<a href=\"http:\/\/www.satakunnansuunnistus.fi\/?page_id=1623\">Orava-cup tulokset ja tapahtumat 2015<\/a><a href=\"http:\/\/www.satakunnansuunnistus.fi\/?page_id=1623\"><br \/>\n<\/a><a href=\"http:\/\/www.satakunnansuunnistus.fi\/Orava-cupin%20pistetaulukko%202015.htm\">Orava-cupin lopputilanne 2015<\/a><br \/>\n<a href=\"http:\/\/www.satakunnansuunnistus.fi\/?page_id=995\">Orava-cup tulokset ja osakilpailut 2014<br \/>\n<\/a><a title=\"Orava-cupin pistetaulukko 2014\" href=\"http:\/\/www.satakunnansuunnistus.fi\/wp-admin\/Orava-cupin%20pistetaulukko%202014.htm\">Orava-cupin lopputilanne 2014<\/a><br \/>\n<a href=\"http:\/\/www.satakunnansuunnistus.fi\/vanha\/oravat.html\">Orava-cup tulokset ja tapahtumat- 2013<\/a><a href=\"http:\/\/www.satakunnansuunnistus.fi\/?page_id=995\"><br \/>\n<\/a><\/p>\n<p><strong>\u00a0<\/strong><\/p>\n<p><strong>MUUT SATAKUNNAN ALUEEN <\/strong><strong>ORAVATAPAHTUMAT 2017<\/strong><\/p>\n<p><strong>VALTAKUNNALLINEN ORAVAPOLKULEIRI (VOL) 26-30.6 KISAKESKUS, POHJA<\/strong><\/p>\n<p>VOL-leiri 26-30.6 Kisakeskuksen urheiluopistolla Pohjassa. Satakunnan lis\u00e4ksi leirill\u00e4 on 6 muuta suunnistusaluetta.<\/p>\n<p>Suunnistusliitto on 2016 loppurankin perusteella valinnut leirille Satakunnasta jo seuraavat suunnistajat:<\/p>\n<p>D16 sarjasta 7 tytt\u00f6\u00e4: Sanni Haikonen (UlvUra), Iisa Jutila (RasKa), Pinja Jutila (RasKa), Oona Luoma (UlvUra), Tuuli M\u00e4kinen (LLuja), Annika Tarkkanen (UlvUra), Mari Tuominen (KanSu) ja aluepaikalle H16 sarjasta 5 poikaa: Pietu Jutila (RasKa), Juho Lehtim\u00e4ki (RaLu), Aleksi Lohtander (RaLu), Timi Niemensivu (RaLu), Pyry Willman (RasKa)<\/p>\n<p>SSL t\u00e4ydent\u00e4\u00e4 valintaa (23 tytt\u00f6\u00e4 ja 22 poikaa, vuonna 2001-2002 syntyneist\u00e4). Valinta tehd\u00e4\u00e4n SM-keskimatkan 21.5 j\u00e4lkeisen rankin perusteella.<\/p>\n<p>Ennen leiri\u00e4 tulee leiril\u00e4isten tehd\u00e4 Kasva Urheilijaksi -el\u00e4m\u00e4nrytmitesti.<\/p>\n<p>VOL netiss\u00e4: <a href=\"http:\/\/www.suunnistusliitto.fi\/2016\/11\/kesan-2017-vol-leirit-ja-ensimmaiset-valinnat\/\">http:\/\/www.suunnistusliitto.fi\/2016\/11\/kesan-2017-vol-leirit-ja-ensimmaiset-valinnat\/<\/a><\/p>\n<p>&nbsp;<\/p>\n<p><strong>SATAKUNNAN ALUEORAVAPOLKUKILPAILU (AOK) <\/strong>(paikka ja ajankohta auki)<\/p>\n<p>Kilpailusarjat: D8RR, H8RR, D10RR, H10RR, D12TR, H12TR, D13, H13, D14, H14, D16 ja H16<\/p>\n<p>Kilpailun j\u00e4rjest\u00e4j\u00e4:<\/p>\n<p>&nbsp;<\/p>\n<p><strong>SATAKUNNAN ORAVAPOLKUVIESTIT (AOV) JA SEURA-CUP <\/strong>(paikka ja ajankohta auki)<\/p>\n<p>Kilpailusarjat ja ohjematkat: (korkein sallittu ik\u00e4)<\/p>\n<p>H30RR ja D30RR, 3&#215;2 km (12)<\/p>\n<p>H36TR ja D36TR, 3&#215;2 km (14)<\/p>\n<p>Kilpailun j\u00e4rjest\u00e4j\u00e4:<\/p>\n<p>Rastireitill\u00e4 ei ole viestiss\u00e4 hajontoja, n\u00e4in pyrit\u00e4\u00e4n helpottamaan kisaa my\u00f6s v\u00e4hemm\u00e4n suunnistaneille sopivaksi. Sarjojen ik\u00e4rajoissa on joustoa ja kussakin sarjassa joukkueen yhteisik\u00e4 on m\u00e4\u00e4r\u00e4\u00e4v\u00e4 t\u00e4n\u00e4 vuonna t\u00e4ytett\u00e4vien vuosien mukaan.<\/p>\n<p>Perinteiset H45 ja D45 sarjat ovat poissa AOV:st\u00e4. Oravpolkuviestin yhteydess\u00e4 kilpaillaan Seuracup-viesti, miss\u00e4 joukkueissa on mukana H\/D16 sarjalaiset. Seura-cupissa on my\u00f6s sallittuja seurojen yhdistelem\u00e4joukkueet.<\/p>\n<p><strong>\u00a0<\/strong><\/p>\n<p><strong>LEIMAUS-LEIRI\u00a0\u00a0 5-8.6 KUORTANE<\/strong><\/p>\n<p>Valtakunnallinen Leimaus-leiri 5-8.6 Kuortaneen urheiluopistolla. Leirille menn\u00e4\u00e4n yhdess\u00e4 Satakunnan Suunnistuksen joukkueena. Korkeatasoinen majoitus on t\u00e4ynn\u00e4 ja Satakunnasta on ainakin 60 hengen leiriporukka l\u00e4hd\u00f6ss\u00e4. Leiri on tarkoitettu 8-18 vuotiaalle suunnistavalle nuorille.<\/p>\n<p>Leimaus netiss\u00e4: <a href=\"http:\/\/www.kuortane.com\/urheilu_ja_valmennus\/leimausleiri_2017\/\">http:\/\/www.kuortane.com\/urheilu_ja_valmennus\/leimausleiri_2017\/<\/a><\/p>\n<p><strong>\u00a0<\/strong><\/p>\n<p><strong>ALUEEN ORAVAPOLKULEIRI (AOL) 31.7- 2.8 <\/strong><\/p>\n<p>Satakunnan ja H\u00e4meen yhteinen oravapolkuleiri 13-14 vuotiaille tyt\u00f6ille ja pojille.<\/p>\n<p>Leirin j\u00e4rjest\u00e4j\u00e4: Tampereen Pyrint\u00f6 H\u00e4meen alueelta.<\/p>\n<p>Mukaan mahtuu 10 tytt\u00f6\u00e4 ja 10 poikaa Satakunnasta. Ilmoittautumiset 16.7 menness\u00e4 alueen nuoriso-ohjaajalle jari.holmberg@luukku.com tai puh.040-1677505. Valinnat (tarvittaessa) tehd\u00e4\u00e4n toukokuu-kes\u00e4kuun oravacup-menestyksen perusteella.<\/p>\n<p>&nbsp;<\/p>\n<ol start=\"43\">\n<li><strong> NUORTEN ALUEOTTELU 9.9 TAMPEREELLA<\/strong><\/li>\n<\/ol>\n<p>Nuorten alueottelussa kilpailevat Satakunta \u2013 H\u00e4me &#8211; Varsinais-Suomi nuorten sarjojen joukkueilla.<\/p>\n<p>Kilpailusarjat: D10RR, H10RR, D12, H12, D13, H13, D14 ja H14<\/p>\n<p>Kilpailun j\u00e4rjest\u00e4j\u00e4: Tampereen Pyrint\u00f6.<\/p>\n<p>Jokaiseen sarjaan valitaan viisi edustajaa ja kaksi varalle kultakin alueelta.<\/p>\n<p>Valinnat tehd\u00e4\u00e4n: Oravacupin tulosten perusteella (valinnoissa huomioidaan nelj\u00e4 parasta tulosta).<\/p>\n<p>Satakunnan edustusjoukkueen valinnan tekee 23.8 alueen nuorisoryhm\u00e4. Joukkueen julkaisun j\u00e4lkeen mahdollisesta esteest\u00e4 on ilmoitettava heti nuoriso-ohjaajalle, jotta ehdit\u00e4\u00e4n ilmoittamaan varaedustaja kilpailuun.<\/p>\n<p>Nuoriso-ohjaaja ilmoittaa valitsemansa joukkueen j\u00e4rjest\u00e4jille ja kilpailijat itse ilmoittautuvat kilpailuun IRMAN kautta. Alue palkitsee alueotteluun valitut urheilijat.<\/p>\n<p>&nbsp;<\/p>\n<p><strong>KULTAINEN KOMPASSI-CUPIN SATAKUNNAN ALUECUP SATAKUNNASSA JA FINAALI 10.9 TAMPEREELLA<\/strong><\/p>\n<p>Kultainen Kompassicupin aluecup, muodostuu alueen Oravacup tapahtumista (6 ensimm\u00e4ist\u00e4 Oravacupia). Aluecupin perusteella alue valitsee 4 tytt\u00f6\u00e4 ja 4 poikaa k\u00e4sitt\u00e4vi\u00e4 joukkueita valtakunnalliseen finaaliin 10.9 Tampereelle.<\/p>\n<p>&nbsp;<\/p>\n<p><strong>PITKIS- SPORT 3-7.7 KOKEM\u00c4ELL\u00c4<\/strong><\/p>\n<p>Pitkis on liikuntaleiri, miss\u00e4 on mukana yli 40 lajia, my\u00f6s suunnistus. Paikkoja saatta viel\u00e4 l\u00f6yty\u00e4.<\/p>\n<p>Pitkis netiss\u00e4: <u><a href=\"http:\/\/www.pitkissport.net\/?page=3#.WKnulPl96Uk\">http:\/\/www.pitkissport.net\/?page=3#.WKnulPl96Uk<\/a><\/u><\/p>\n<p>&nbsp;<\/p>\n","protected":false},"excerpt":{"rendered":"<p>SATAKUNNAN ALUEEN ORAVATAPAHTUMAT 2017 ORAVA-CUP 2017 Oravacupin ilmoittautumisj\u00e4rjestelm\u00e4 Orava-cupin pistetilanne kauden lopussa. Kauden 2017 seurojen\u00a0Ocup osallistumispisteet\u00a0ja\u00a0Ocup menestyspisteet Orava-cup Aika J\u00e4rjest\u00e4j\u00e4 HUOM! 1.\u00a0Lavia 17.5. LLL Ke LLL:n Oravacup 2. Sastamala 24.5 SuSe Ke SuSe:n Oravacup 3.\u00a0Pori 31.5 RasKa Ke RasKan Oravacup 4. Kankaanp\u00e4\u00e4 21.6 KanSu Ke KanSun Oravacup 5. Huittinen 16.8 [&hellip;]<\/p>\n","protected":false},"author":11,"featured_media":0,"parent":0,"menu_order":0,"comment_status":"closed","ping_status":"closed","template":"","meta":{"footnotes":""},"class_list":["post-2626","page","type-page","status-publish","hentry"],"_links":{"self":[{"href":"https:\/\/www.satakunnansuunnistus.fi\/index.php?rest_route=\/wp\/v2\/pages\/2626","targetHints":{"allow":["GET"]}}],"collection":[{"href":"https:\/\/www.satakunnansuunnistus.fi\/index.php?rest_route=\/wp\/v2\/pages"}],"about":[{"href":"https:\/\/www.satakunnansuunnistus.fi\/index.php?rest_route=\/wp\/v2\/types\/page"}],"author":[{"embeddable":true,"href":"https:\/\/www.satakunnansuunnistus.fi\/index.php?rest_route=\/wp\/v2\/users\/11"}],"replies":[{"embeddable":true,"href":"https:\/\/www.satakunnansuunnistus.fi\/index.php?rest_route=%2Fwp%2Fv2%2Fcomments&post=2626"}],"version-history":[{"count":2,"href":"https:\/\/www.satakunnansuunnistus.fi\/index.php?rest_route=\/wp\/v2\/pages\/2626\/revisions"}],"predecessor-version":[{"id":2630,"href":"https:\/\/www.satakunnansuunnistus.fi\/index.php?rest_route=\/wp\/v2\/pages\/2626\/revisions\/2630"}],"wp:attachment":[{"href":"https:\/\/www.satakunnansuunnistus.fi\/index.php?rest_route=%2Fwp%2Fv2%2Fmedia&parent=2626"}],"curies":[{"name":"wp","href":"https:\/\/api.w.org\/{rel}","templated":true}]}}