{"id":2517,"date":"2017-11-25T20:35:11","date_gmt":"2017-11-25T18:35:11","guid":{"rendered":"http:\/\/www.satakunnansuunnistus.fi\/?page_id=2517"},"modified":"2024-09-25T22:48:50","modified_gmt":"2024-09-25T19:48:50","slug":"wsc-yleiset-ohjeet","status":"publish","type":"page","link":"https:\/\/www.satakunnansuunnistus.fi\/?page_id=2517","title":{"rendered":"WSC \u2013 Yleiset ohjeet"},"content":{"rendered":"<p><strong>WSC 2025 -runko: (kesken)<\/strong><br \/>su 12.1. Kankaanp\u00e4\u00e4<\/p>\r\n<p><strong>Maksut<\/strong><\/p>\r\n<ul>\r\n<li>Ennakkoilmoittautuminen internetiss\u00e4 kaksi (2) p\u00e4iv\u00e4\u00e4 ennen\u00a0 <strong>7 \u20ac<\/strong><\/li>\r\n<li>Alle 21-vuotiaat suunnistavat <strong>ilmaiseksi<\/strong>.<\/li>\r\n<li>Paikanp\u00e4\u00e4ll\u00e4 ilmoittautuminen maksaa\u00a0<strong>2 \u20ac enemm\u00e4n<\/strong><\/li>\r\n<\/ul>\r\n<p>Maksaminen tapahtuu tapahtuman kilpailukeskuksessa k\u00e4teisell\u00e4. Varaathan mukaan mieluusti tasarahan \ud83d\ude42\u00a0<\/p>\r\n<p><strong>Ilmoittautuminen<\/strong><\/p>\r\n<p>Ilmoittautuminen osakilpailuun onnistuu tapahtuman omalla sivulla sijaitsevan ilmoittautumislomakkeen avulla tai <a href=\"http:\/\/www.rastilippu.fi\/\">Rastilippu-palvelun<\/a> kautta.<br \/>Ennakkoon ilmoittautuminen tulee suorittaa viimeist\u00e4\u00e4n perjantaihin 23.59 menness\u00e4.<\/p>\r\n<p>Ilmoittatuminen onnistuu my\u00f6s paikanp\u00e4\u00e4ll\u00e4 hintaan 8 \u20ac, mutta kartan voi varmistaa vain ilmoittautumalla etuk\u00e4teen!<\/p>\r\n<p><strong>Sarjat ja radat<\/strong><\/p>\r\n<p>Osakilpailussa on vain yksi rata, jonka kaikki osallistujat kiert\u00e4v\u00e4t.<\/p>\r\n<p>Radat ovat noin 2,5 &#8211; 3 km mittaisia.<\/p>\r\n<p><strong>Kartat ja maastot<br \/><\/strong><\/p>\r\n<p>Kartat ovat alueen huippusuunnistajien tekemi\u00e4 sprinttikarttoja (mittakaava 1:4000 tai 1:5000).<br \/>Maastot ovat p\u00e4\u00e4osin taajama-alueita, joten lumi ei haittaa tapahtumien pit\u00e4mist\u00e4.<\/p>\r\n<p>Kilpailukartat eiv\u00e4t ole karttamuovissa, joten osallistujan kannattaa ottaa oma karttamuovi (A4) mukaan!<br \/>Karttoja tulostetaan ennakkoilmoittautumisten mukaan.<\/p>\r\n<p><strong>Tulokset<\/strong><\/p>\r\n<p>Online-tulokset l\u00f6ytyv\u00e4t kisan aikana sivuston vasemmasta laidasta. Lopulliset tulokset julkaistaan osakilpailun j\u00e4lkeen WSC:n internet sivuilla (valikon kohdassa tulospalvelu).<\/p>\r\n<p><strong>Palkinnot<\/strong><\/p>\r\n<p><a href=\"http:\/\/www.satakunnansuunnistus.fi\/wsc\/?page_id=242\">Majesteetti-palkinto<\/a> on kiertopalkinto, jonka saa vuodeksi omaksi Winter Sprint Cupin voittaja, palkinnon kylkeen kaiverretaan vuosittain voittajan nimi.<br \/>Cupissa otetaan huomioon 4 parasta sijoitusta ja pistelasku on samankaltainen kuin Oravacupissa, voittaja saa 16 pistett\u00e4, toinen 14 pistett\u00e4 ja kolmas 12 pistett\u00e4, nelj\u00e4s 11 pistett\u00e4 jne.<\/p>\r\n<p><strong>\u00a0Kielletyt kohteet<\/strong><\/p>\r\n<p><strong><img loading=\"lazy\" decoding=\"async\" class=\"alignnone  wp-image-4181\" src=\"https:\/\/www.satakunnansuunnistus.fi\/wp-content\/uploads\/2023\/01\/kielletyt-kohteet.jpg\" alt=\"\" width=\"329\" height=\"403\" srcset=\"https:\/\/www.satakunnansuunnistus.fi\/wp-content\/uploads\/2023\/01\/kielletyt-kohteet.jpg 569w, https:\/\/www.satakunnansuunnistus.fi\/wp-content\/uploads\/2023\/01\/kielletyt-kohteet-245x300.jpg 245w\" sizes=\"auto, (max-width: 329px) 100vw, 329px\" \/><\/strong><\/p>\r\n","protected":false},"excerpt":{"rendered":"<p>WSC 2025 -runko: (kesken)su 12.1. Kankaanp\u00e4\u00e4 Maksut Ennakkoilmoittautuminen internetiss\u00e4 kaksi (2) p\u00e4iv\u00e4\u00e4 ennen\u00a0 7 \u20ac Alle 21-vuotiaat suunnistavat ilmaiseksi. Paikanp\u00e4\u00e4ll\u00e4 ilmoittautuminen maksaa\u00a02 \u20ac enemm\u00e4n Maksaminen tapahtuu tapahtuman kilpailukeskuksessa k\u00e4teisell\u00e4. Varaathan mukaan mieluusti tasarahan \ud83d\ude42\u00a0 Ilmoittautuminen Ilmoittautuminen osakilpailuun onnistuu tapahtuman omalla sivulla sijaitsevan ilmoittautumislomakkeen avulla tai Rastilippu-palvelun kautta.Ennakkoon ilmoittautuminen tulee suorittaa [&hellip;]<\/p>\n","protected":false},"author":3,"featured_media":0,"parent":0,"menu_order":0,"comment_status":"closed","ping_status":"closed","template":"","meta":{"footnotes":""},"class_list":["post-2517","page","type-page","status-publish","hentry"],"_links":{"self":[{"href":"https:\/\/www.satakunnansuunnistus.fi\/index.php?rest_route=\/wp\/v2\/pages\/2517","targetHints":{"allow":["GET"]}}],"collection":[{"href":"https:\/\/www.satakunnansuunnistus.fi\/index.php?rest_route=\/wp\/v2\/pages"}],"about":[{"href":"https:\/\/www.satakunnansuunnistus.fi\/index.php?rest_route=\/wp\/v2\/types\/page"}],"author":[{"embeddable":true,"href":"https:\/\/www.satakunnansuunnistus.fi\/index.php?rest_route=\/wp\/v2\/users\/3"}],"replies":[{"embeddable":true,"href":"https:\/\/www.satakunnansuunnistus.fi\/index.php?rest_route=%2Fwp%2Fv2%2Fcomments&post=2517"}],"version-history":[{"count":33,"href":"https:\/\/www.satakunnansuunnistus.fi\/index.php?rest_route=\/wp\/v2\/pages\/2517\/revisions"}],"predecessor-version":[{"id":4746,"href":"https:\/\/www.satakunnansuunnistus.fi\/index.php?rest_route=\/wp\/v2\/pages\/2517\/revisions\/4746"}],"wp:attachment":[{"href":"https:\/\/www.satakunnansuunnistus.fi\/index.php?rest_route=%2Fwp%2Fv2%2Fmedia&parent=2517"}],"curies":[{"name":"wp","href":"https:\/\/api.w.org\/{rel}","templated":true}]}}