{"id":2493,"date":"2017-11-25T14:13:52","date_gmt":"2017-11-25T12:13:52","guid":{"rendered":"http:\/\/www.satakunnansuunnistus.fi\/?page_id=2493"},"modified":"2024-09-25T22:50:17","modified_gmt":"2024-09-25T19:50:17","slug":"q-cup-yleiset-ohjeet","status":"publish","type":"page","link":"https:\/\/www.satakunnansuunnistus.fi\/?page_id=2493","title":{"rendered":"Q-cup &#8211; Yleiset ohjeet"},"content":{"rendered":"<p>Joulu l\u00e4hestyy ja p\u00e4iv\u00e4t pimenev\u00e4t, hyv\u00e4n suunnistushaasteen tarjoaa Q-cup! Q-cupissa p\u00e4iv\u00e4ll\u00e4 tutut ja &#8220;helpot&#8221; maastotkin voivat tuntua haastavilta, kun n\u00e4kyvyys ei olekaan samaa luokkaa kuin p\u00e4iv\u00e4ll\u00e4. Valokeilat voivat n\u00e4ky\u00e4 y\u00f6ll\u00e4 kauemmaksi kuin p\u00e4iv\u00e4ll\u00e4, mutta peesaamista tullaan vaikeuttamaan hajonnoilla.<\/p>\n<p>Q-cupin tarkoituksena on tarjota\u00a0talvikaudella kaikille y\u00f6suunnistusharjoituksista pit\u00e4ville laadukkaita harjoituksia.<\/p>\n<p><big>Osakilpailut<\/big><br \/>\nQ-cup 2024 -runko:<\/p>\n<p>pe 18.10. Eurajoen Veikot<br \/>\npe 25.10. Lauttakyl\u00e4n Luja<br \/>\n(la 2.11. Valop\u00e4\u00e4rastit, Eurajoki)<br \/>\npe 8.11. Rasti-Lukko<br \/>\npe 15.11.<br \/>\npe 22.11.<\/p>\n<p><big>Maksut<\/big><br \/>\nEnnakkoilmoittautuminen internetiss\u00e4 kaksi (2) p\u00e4iv\u00e4\u00e4 ennen <b>7\u20ac<\/b><br \/>\nPaikan p\u00e4\u00e4ll\u00e4 ilmoittautuminen <b>9\u20ac <\/b>(ei karttavarausta)<br \/>\nAlle 21-vuotiaat y\u00f6suunnistavat ilmaiseksi <b>0\u20ac<\/b><\/p>\n<p>Maksaminen tapahtuu kilpailukeskuksessa k\u00e4teisell\u00e4, varaathan mukaan mieluusti tasarahan.<\/p>\n<p>Maksuilla pyrit\u00e4\u00e4n kattamaan tulostus- ja j\u00e4rjestelykulut.<\/p>\n<p><big>Ilmoittautuminen<\/big><br \/>\nIlmoittautuminen osakilpailuun onnistuu ilmoittautumislomakkeen avulla, alla.<br \/>\nEnnakkoon ilmoittautuminen tulee suorittaa viimeist\u00e4\u00e4n keskiviikkona\u00a024.00 menness\u00e4.<\/p>\n<p>Ilmoittatuminen onnistuu my\u00f6s paikanp\u00e4\u00e4ll\u00e4 hintaan 8\u20ac, mutta kartan voi varmistaa vain ilmoittautumalla etuk\u00e4teen!<\/p>\n<p><big>Radat<\/big><br \/>\nRatoja on kolme, Alfasudet (n. 6km), Harmaahukat (n. 4km) ja Sudenpennut (n. 3km). Alfasusien rata on tarkoitettu &#8220;p\u00e4\u00e4sarjaksi&#8221;, jonka voitto on kunnia ja kokonaiskilpailun voittoa saakin hehkuttaa huhtikuuhun saakka. Harmaahukkien rata puolestaan on sekin vaativa, mutta pituudesta on hieman tingitty, jotta vauhtia tulisi pidetty\u00e4 my\u00f6s radan loppuosassa. Sudenpentujen rata on tarkoitettu y\u00f6suunnistuksesta kiinnostuneille, joilla viel\u00e4 on v\u00e4h\u00e4n kokemusta itse y\u00f6suunnistuksesta, harjoitus tekee t\u00e4ss\u00e4kin asiassa mest&#8230; no ainakin kokeneemman. Rasteilla voi rastilippujen lis\u00e4ksi olla my\u00f6s heijastimet.<\/p>\n<p><big>Hajonnat<\/big><br \/>\nHajonnat vaihtelevat osakilpailuittain, mutta hajontatyyppein\u00e4 k\u00e4ytet\u00e4\u00e4n muun muassa perhosia, salmiakkia ja v\u00e4ltt\u00e4m\u00e4tt\u00e4 kaikki eiv\u00e4t suunnista\u00a0edes samoja v\u00e4lej\u00e4. Joka tapauksessa on hajonnoista pyritty saamaan tasapuoliset.<\/p>\n<p><big>Leimaus<\/big><br \/>\nTapahtumassa on k\u00e4yt\u00f6ss\u00e4 EMIT-leimausj\u00e4rjestelm\u00e4, joten jokainen muistaa sitten ottaa oman emittins\u00e4 mukaan, sill\u00e4 j\u00e4rjest\u00e4jilt\u00e4 ei montaa ylim\u00e4\u00e4r\u00e4ist\u00e4 l\u00f6ydy.<\/p>\n<p><big>L\u00e4ht\u00f6 ja maali<\/big><br \/>\nL\u00e4ht\u00f6 ja maali sijaitsevat kilpailukeskuksen l\u00e4heisyydess\u00e4. L\u00e4hd\u00f6t ovat j\u00e4rjest\u00e4jien ohjeiden mukaisesti, useimmiten yhteisl\u00e4hd\u00f6ll\u00e4.<\/p>\n<p><big>Pys\u00e4k\u00f6inti<\/big><br \/>\nPys\u00e4k\u00f6inti sijaitsee tapahtumapaikan l\u00e4heisyydess\u00e4.<\/p>\n<p><big>Tulokset<\/big><br \/>\nOnline-tulokset l\u00f6ytyv\u00e4t kisan aikana sivuston oikeasta laidasta. Lopulliset tulokset julkaistaan osakilpailun j\u00e4lkeen WSC:n internetsivuilla ik\u00e4hyvityksineen.<\/p>\n<p><big>Yhteystiedot<\/big><br \/>\nKaikesta Q-cupiin liittyv\u00e4st\u00e4 voi ottaa yhteytt\u00e4 Kimmo Mieskoskeen, 045-6766 891.<\/p>\n","protected":false},"excerpt":{"rendered":"<p>Joulu l\u00e4hestyy ja p\u00e4iv\u00e4t pimenev\u00e4t, hyv\u00e4n suunnistushaasteen tarjoaa Q-cup! Q-cupissa p\u00e4iv\u00e4ll\u00e4 tutut ja &#8220;helpot&#8221; maastotkin voivat tuntua haastavilta, kun n\u00e4kyvyys ei olekaan samaa luokkaa kuin p\u00e4iv\u00e4ll\u00e4. Valokeilat voivat n\u00e4ky\u00e4 y\u00f6ll\u00e4 kauemmaksi kuin p\u00e4iv\u00e4ll\u00e4, mutta peesaamista tullaan vaikeuttamaan hajonnoilla. Q-cupin tarkoituksena on tarjota\u00a0talvikaudella kaikille y\u00f6suunnistusharjoituksista pit\u00e4ville laadukkaita harjoituksia. Osakilpailut Q-cup 2024 [&hellip;]<\/p>\n","protected":false},"author":3,"featured_media":0,"parent":0,"menu_order":0,"comment_status":"closed","ping_status":"closed","template":"","meta":{"footnotes":""},"class_list":["post-2493","page","type-page","status-publish","hentry"],"_links":{"self":[{"href":"https:\/\/www.satakunnansuunnistus.fi\/index.php?rest_route=\/wp\/v2\/pages\/2493","targetHints":{"allow":["GET"]}}],"collection":[{"href":"https:\/\/www.satakunnansuunnistus.fi\/index.php?rest_route=\/wp\/v2\/pages"}],"about":[{"href":"https:\/\/www.satakunnansuunnistus.fi\/index.php?rest_route=\/wp\/v2\/types\/page"}],"author":[{"embeddable":true,"href":"https:\/\/www.satakunnansuunnistus.fi\/index.php?rest_route=\/wp\/v2\/users\/3"}],"replies":[{"embeddable":true,"href":"https:\/\/www.satakunnansuunnistus.fi\/index.php?rest_route=%2Fwp%2Fv2%2Fcomments&post=2493"}],"version-history":[{"count":17,"href":"https:\/\/www.satakunnansuunnistus.fi\/index.php?rest_route=\/wp\/v2\/pages\/2493\/revisions"}],"predecessor-version":[{"id":4747,"href":"https:\/\/www.satakunnansuunnistus.fi\/index.php?rest_route=\/wp\/v2\/pages\/2493\/revisions\/4747"}],"wp:attachment":[{"href":"https:\/\/www.satakunnansuunnistus.fi\/index.php?rest_route=%2Fwp%2Fv2%2Fmedia&parent=2493"}],"curies":[{"name":"wp","href":"https:\/\/api.w.org\/{rel}","templated":true}]}}