{"id":2247,"date":"2017-05-10T06:17:33","date_gmt":"2017-05-10T03:17:33","guid":{"rendered":"http:\/\/www.satakunnansuunnistus.fi\/?page_id=2247"},"modified":"2017-05-10T22:27:56","modified_gmt":"2017-05-10T19:27:56","slug":"kll-lahtolista-ajoittain","status":"publish","type":"page","link":"https:\/\/www.satakunnansuunnistus.fi\/?page_id=2247","title":{"rendered":"KLL, l\u00e4ht\u00f6lista ajoittain"},"content":{"rendered":"<table style=\"border-collapse: collapse; width: 512pt;\" width=\"682\">\n<colgroup>\n<col style=\"width: 48pt;\" width=\"64\" \/>\n<col style=\"width: 66pt;\" span=\"2\" width=\"88\" \/>\n<col style=\"width: 63pt;\" width=\"84\" \/>\n<col style=\"width: 62pt;\" width=\"82\" \/>\n<col style=\"width: 48pt;\" width=\"64\" \/>\n<col style=\"width: 80pt;\" span=\"2\" width=\"106\" \/> <\/colgroup>\n<tbody>\n<tr style=\"height: 15.0pt;\">\n<td style=\"width: 48pt; height: 15.0pt;\" align=\"right\" width=\"64\" height=\"20\">183555<\/td>\n<td style=\"width: 66pt;\" width=\"88\">Koivula<\/td>\n<td style=\"width: 66pt;\" width=\"88\">Lauri<\/td>\n<td style=\"width: 63pt;\" width=\"84\">Ulvila<\/td>\n<td style=\"width: 62pt;\" width=\"82\">Pojat 3-4 lk<\/td>\n<td style=\"width: 48pt;\" align=\"right\" width=\"64\">11:00<\/td>\n<td style=\"width: 80pt;\" width=\"106\"><\/td>\n<td style=\"width: 80pt;\" width=\"106\"><\/td>\n<\/tr>\n<tr style=\"height: 15.0pt;\">\n<td style=\"height: 15.0pt;\" align=\"right\" height=\"20\">215239<\/td>\n<td>Haikonen<\/td>\n<td>Ilmo<\/td>\n<td>Ulvila<\/td>\n<td>Pojat 5-6 lk<\/td>\n<td align=\"right\">11:00<\/td>\n<td><\/td>\n<td><\/td>\n<\/tr>\n<tr style=\"height: 15.0pt;\">\n<td style=\"height: 15.0pt;\" align=\"right\" height=\"20\">57891<\/td>\n<td>T\u00f6pp\u00e4r\u00e4<\/td>\n<td>Osmo<\/td>\n<td>Punkalaidun<\/td>\n<td>Pojat 3-4 lk<\/td>\n<td align=\"right\">11:01<\/td>\n<td><\/td>\n<td><\/td>\n<\/tr>\n<tr style=\"height: 15.0pt;\">\n<td style=\"height: 15.0pt;\" align=\"right\" height=\"20\">208585<\/td>\n<td>Jutila<\/td>\n<td>Pinja<\/td>\n<td>Pori<\/td>\n<td>Tyt\u00f6t 7-9 lk<\/td>\n<td align=\"right\">11:01<\/td>\n<td><\/td>\n<td><\/td>\n<\/tr>\n<tr style=\"height: 15.0pt;\">\n<td style=\"height: 15.0pt;\" align=\"right\" height=\"20\">196259<\/td>\n<td>Kallioniemi<\/td>\n<td>Justus<\/td>\n<td>Rauma<\/td>\n<td>Pojat 3-4 lk<\/td>\n<td align=\"right\">11:02<\/td>\n<td><\/td>\n<td><\/td>\n<\/tr>\n<tr style=\"height: 15.0pt;\">\n<td style=\"height: 15.0pt;\" align=\"right\" height=\"20\">190829<\/td>\n<td>Nupponen<\/td>\n<td>Juho<\/td>\n<td>Rauma<\/td>\n<td>Pojat 5-6 lk<\/td>\n<td align=\"right\">11:02<\/td>\n<td><\/td>\n<td><\/td>\n<\/tr>\n<tr style=\"height: 15.0pt;\">\n<td style=\"height: 15.0pt;\" align=\"right\" height=\"20\">189287<\/td>\n<td>Kujansuu<\/td>\n<td>Lauri<\/td>\n<td>Pori<\/td>\n<td>Pojat 3-4 lk<\/td>\n<td align=\"right\">11:03<\/td>\n<td><\/td>\n<td><\/td>\n<\/tr>\n<tr style=\"height: 15.0pt;\">\n<td style=\"height: 15.0pt;\" align=\"right\" height=\"20\">501541<\/td>\n<td>Koivunen<\/td>\n<td>Jutta<\/td>\n<td>Ulvila<\/td>\n<td>Tyt\u00f6t 7-9 lk<\/td>\n<td align=\"right\">11:03<\/td>\n<td><\/td>\n<td><\/td>\n<\/tr>\n<tr style=\"height: 15.0pt;\">\n<td style=\"height: 15.0pt;\" align=\"right\" height=\"20\">135779<\/td>\n<td>Mustonen<\/td>\n<td>Ville<\/td>\n<td>Rauma<\/td>\n<td>Pojat 3-4 lk<\/td>\n<td align=\"right\">11:04<\/td>\n<td><\/td>\n<td><\/td>\n<\/tr>\n<tr style=\"height: 15.0pt;\">\n<td style=\"height: 15.0pt;\" align=\"right\" height=\"20\">203084<\/td>\n<td>Kujansuu<\/td>\n<td>Aaro<\/td>\n<td>Pori<\/td>\n<td>Pojat 5-6 lk<\/td>\n<td align=\"right\">11:04<\/td>\n<td><\/td>\n<td><\/td>\n<\/tr>\n<tr style=\"height: 15.0pt;\">\n<td style=\"height: 15.0pt;\" align=\"right\" height=\"20\">215348<\/td>\n<td>Ahvenj\u00e4rvi<\/td>\n<td>Onni<\/td>\n<td>Ulvila<\/td>\n<td>Pojat 3-4 lk<\/td>\n<td align=\"right\">11:05<\/td>\n<td><\/td>\n<td><\/td>\n<\/tr>\n<tr style=\"height: 15.0pt;\">\n<td style=\"height: 15.0pt;\" height=\"20\">vuokra<\/td>\n<td>Huhtala<\/td>\n<td>Amanda<\/td>\n<td>Pori<\/td>\n<td>Tyt\u00f6t 7-9 lk<\/td>\n<td align=\"right\">11:05<\/td>\n<td><\/td>\n<td><\/td>\n<\/tr>\n<tr style=\"height: 15.0pt;\">\n<td style=\"height: 15.0pt;\" align=\"right\" height=\"20\">234830<\/td>\n<td>Hakanen<\/td>\n<td>Eliel<\/td>\n<td>Rauma<\/td>\n<td>Pojat 3-4 lk<\/td>\n<td align=\"right\">11:06<\/td>\n<td><\/td>\n<td><\/td>\n<\/tr>\n<tr style=\"height: 15.0pt;\">\n<td style=\"height: 15.0pt;\" align=\"right\" height=\"20\">215420<\/td>\n<td>Lehtonen<\/td>\n<td>Elias<\/td>\n<td>Ulvila<\/td>\n<td>Pojat 5-6 lk<\/td>\n<td align=\"right\">11:06<\/td>\n<td><\/td>\n<td><\/td>\n<\/tr>\n<tr style=\"height: 15.0pt;\">\n<td style=\"height: 15.0pt;\" align=\"right\" height=\"20\">182524<\/td>\n<td>Vehkalahti<\/td>\n<td>Ville<\/td>\n<td>Pori<\/td>\n<td>Pojat 3-4 lk<\/td>\n<td align=\"right\">11:07<\/td>\n<td><\/td>\n<td><\/td>\n<\/tr>\n<tr style=\"height: 15.0pt;\">\n<td style=\"height: 15.0pt;\" align=\"right\" height=\"20\">235860<\/td>\n<td>Hy\u00f6rtti<\/td>\n<td>Maria<\/td>\n<td>Rauma<\/td>\n<td>Tyt\u00f6t 7-9 lk<\/td>\n<td align=\"right\">11:07<\/td>\n<td><\/td>\n<td><\/td>\n<\/tr>\n<tr style=\"height: 15.0pt;\">\n<td style=\"height: 15.0pt;\" align=\"right\" height=\"20\">501758<\/td>\n<td>Hannula<\/td>\n<td>Sakari<\/td>\n<td>Rauma<\/td>\n<td>Pojat 3-4 lk<\/td>\n<td align=\"right\">11:08<\/td>\n<td><\/td>\n<td><\/td>\n<\/tr>\n<tr style=\"height: 15.0pt;\">\n<td style=\"height: 15.0pt;\" align=\"right\" height=\"20\">180430<\/td>\n<td>Niemensivu<\/td>\n<td>Roni<\/td>\n<td>Rauma<\/td>\n<td>Pojat 5-6 lk<\/td>\n<td align=\"right\">11:08<\/td>\n<td><\/td>\n<td><\/td>\n<\/tr>\n<tr style=\"height: 15.0pt;\">\n<td style=\"width: 48pt; height: 15.0pt;\" align=\"right\" width=\"64\" height=\"20\">179592<\/td>\n<td style=\"width: 66pt;\" width=\"88\">Tuominen<\/td>\n<td style=\"width: 66pt;\" width=\"88\">Rami<\/td>\n<td style=\"width: 63pt;\" width=\"84\">J\u00e4mij\u00e4rvi<\/td>\n<td style=\"width: 62pt;\" width=\"82\">Pojat 3-4 lk<\/td>\n<td style=\"width: 48pt;\" align=\"right\" width=\"64\">11:09<\/td>\n<td style=\"width: 80pt;\" width=\"106\"><\/td>\n<td style=\"width: 80pt;\" width=\"106\"><\/td>\n<\/tr>\n<tr style=\"height: 15.0pt;\">\n<td style=\"height: 15.0pt;\" align=\"right\" height=\"20\">195366<\/td>\n<td>Jutila<\/td>\n<td>Iisa<\/td>\n<td>Pori<\/td>\n<td>Tyt\u00f6t 7-9 lk<\/td>\n<td align=\"right\">11:09<\/td>\n<td><\/td>\n<td><\/td>\n<\/tr>\n<tr style=\"height: 15.0pt;\">\n<td style=\"height: 15.0pt;\" height=\"20\">vuokra<\/td>\n<td>Murto<\/td>\n<td>Aleksi<\/td>\n<td>Ulvila<\/td>\n<td>Pojat 5-6 lk<\/td>\n<td align=\"right\">11:10<\/td>\n<td><\/td>\n<td><\/td>\n<\/tr>\n<tr style=\"height: 15.0pt;\">\n<td style=\"height: 15.0pt;\" align=\"right\" height=\"20\">205456<\/td>\n<td>Tiusanen<\/td>\n<td>Saara<\/td>\n<td>Ulvila<\/td>\n<td>Tyt\u00f6t 1-2 lk<\/td>\n<td align=\"right\">11:10<\/td>\n<td><\/td>\n<td><\/td>\n<\/tr>\n<tr style=\"height: 15.0pt;\">\n<td style=\"height: 15.0pt;\" align=\"right\" height=\"20\">81234<\/td>\n<td>Laine<\/td>\n<td>Liina<\/td>\n<td>Huittinen<\/td>\n<td>Tyt\u00f6t 1-2 lk<\/td>\n<td align=\"right\">11:11<\/td>\n<td><\/td>\n<td><\/td>\n<\/tr>\n<tr style=\"height: 15.0pt;\">\n<td style=\"height: 15.0pt;\" align=\"right\" height=\"20\">191585<\/td>\n<td>Koivula<\/td>\n<td>Lotta<\/td>\n<td>Ulvila<\/td>\n<td>Tyt\u00f6t 7-9 lk<\/td>\n<td align=\"right\">11:11<\/td>\n<td><\/td>\n<td><\/td>\n<\/tr>\n<tr style=\"height: 15.0pt;\">\n<td style=\"height: 15.0pt;\" align=\"right\" height=\"20\">189792<\/td>\n<td>Kallioniemi<\/td>\n<td>Jami<\/td>\n<td>Rauma<\/td>\n<td>Pojat 5-6 lk<\/td>\n<td align=\"right\">11:12<\/td>\n<td><\/td>\n<td><\/td>\n<\/tr>\n<tr style=\"height: 15.0pt;\">\n<td style=\"height: 15.0pt;\" align=\"right\" height=\"20\">214088<\/td>\n<td>Sulonen<\/td>\n<td>Saana<\/td>\n<td>Rauma<\/td>\n<td>Tyt\u00f6t 1-2 lk<\/td>\n<td align=\"right\">11:12<\/td>\n<td><\/td>\n<td><\/td>\n<\/tr>\n<tr style=\"height: 15.0pt;\">\n<td style=\"height: 15.0pt;\" align=\"right\" height=\"20\">41553<\/td>\n<td>Vuorela<\/td>\n<td>Sofia<\/td>\n<td>Eurajoki<\/td>\n<td>Tyt\u00f6t 1-2 lk<\/td>\n<td align=\"right\">11:13<\/td>\n<td><\/td>\n<td><\/td>\n<\/tr>\n<tr style=\"height: 15.0pt;\">\n<td style=\"height: 15.0pt;\" align=\"right\" height=\"20\">142681<\/td>\n<td>T\u00f6rm\u00e4l\u00e4<\/td>\n<td>Helena<\/td>\n<td>Pori<\/td>\n<td>Tyt\u00f6t 7-9 lk<\/td>\n<td align=\"right\">11:13<\/td>\n<td><\/td>\n<td><\/td>\n<\/tr>\n<tr style=\"height: 15.0pt;\">\n<td style=\"height: 15.0pt;\" align=\"right\" height=\"20\">131902<\/td>\n<td>Palom\u00e4ki<\/td>\n<td>Oskari<\/td>\n<td>Ulvila<\/td>\n<td>Pojat 5-6 lk<\/td>\n<td align=\"right\">11:14<\/td>\n<td><\/td>\n<td><\/td>\n<\/tr>\n<tr style=\"height: 15.0pt;\">\n<td style=\"height: 15.0pt;\" align=\"right\" height=\"20\">221793<\/td>\n<td>Raukola<\/td>\n<td>Venla<\/td>\n<td>Kankaanp\u00e4\u00e4<\/td>\n<td>Tyt\u00f6t 3-4 lk<\/td>\n<td align=\"right\">11:15<\/td>\n<td><\/td>\n<td><\/td>\n<\/tr>\n<tr style=\"height: 15.0pt;\">\n<td style=\"height: 15.0pt;\" align=\"right\" height=\"20\">188645<\/td>\n<td>Tuhkanen<\/td>\n<td>Suvi<\/td>\n<td>Ulvila<\/td>\n<td>Tyt\u00f6t 7-9 lk<\/td>\n<td align=\"right\">11:15<\/td>\n<td><\/td>\n<td><\/td>\n<\/tr>\n<tr style=\"height: 15.0pt;\">\n<td style=\"height: 15.0pt;\" align=\"right\" height=\"20\">191159<\/td>\n<td>M\u00e4ki-Laurila<\/td>\n<td>Anttoni<\/td>\n<td>Punkalaidun<\/td>\n<td>Pojat 5-6 lk<\/td>\n<td align=\"right\">11:16<\/td>\n<td><\/td>\n<td><\/td>\n<\/tr>\n<tr style=\"height: 15.0pt;\">\n<td style=\"height: 15.0pt;\" align=\"right\" height=\"20\">215721<\/td>\n<td>Lehtonen<\/td>\n<td>Venla<\/td>\n<td>Ulvila<\/td>\n<td>Tyt\u00f6t 3-4 lk<\/td>\n<td align=\"right\">11:16<\/td>\n<td><\/td>\n<td><\/td>\n<\/tr>\n<tr style=\"height: 15.0pt;\">\n<td style=\"height: 15.0pt;\" align=\"right\" height=\"20\">213882<\/td>\n<td>L\u00e4hteenm\u00e4ki<\/td>\n<td>Olga<\/td>\n<td>Eura<\/td>\n<td>Tyt\u00f6t 3-4 lk<\/td>\n<td align=\"right\">11:17<\/td>\n<td><\/td>\n<td><\/td>\n<\/tr>\n<tr style=\"height: 15.0pt;\">\n<td style=\"height: 15.0pt;\" align=\"right\" height=\"20\">226601<\/td>\n<td>Siivonen<\/td>\n<td>Alina<\/td>\n<td>Rauma<\/td>\n<td>Tyt\u00f6t 7-9 lk<\/td>\n<td align=\"right\">11:17<\/td>\n<td><\/td>\n<td><\/td>\n<\/tr>\n<tr style=\"height: 15.0pt;\">\n<td style=\"height: 15.0pt;\" align=\"right\" height=\"20\">190775<\/td>\n<td>Lahti<\/td>\n<td>Paavo<\/td>\n<td>Ulvila<\/td>\n<td>Pojat 5-6 lk<\/td>\n<td align=\"right\">11:18<\/td>\n<td><\/td>\n<td><\/td>\n<\/tr>\n<tr style=\"height: 15.0pt;\">\n<td style=\"height: 15.0pt;\" align=\"right\" height=\"20\">215290<\/td>\n<td>Lehtim\u00e4ki<\/td>\n<td>Aino-Maria<\/td>\n<td>Eurajoki<\/td>\n<td>Tyt\u00f6t 3-4 lk<\/td>\n<td align=\"right\">11:18<\/td>\n<td><\/td>\n<td><\/td>\n<\/tr>\n<tr style=\"height: 15.0pt;\">\n<td style=\"height: 15.0pt;\" align=\"right\" height=\"20\">125996<\/td>\n<td>Koskela<\/td>\n<td>Anna<\/td>\n<td>Ulvila<\/td>\n<td>Tyt\u00f6t 3-4 lk<\/td>\n<td align=\"right\">11:19<\/td>\n<td><\/td>\n<td><\/td>\n<\/tr>\n<tr style=\"height: 15.0pt;\">\n<td style=\"height: 15.0pt;\" height=\"20\">vuokra<\/td>\n<td>Helander<\/td>\n<td>Ada<\/td>\n<td>Pori<\/td>\n<td>Tyt\u00f6t 7-9 lk<\/td>\n<td align=\"right\">11:19<\/td>\n<td><\/td>\n<td><\/td>\n<\/tr>\n<tr style=\"height: 15.0pt;\">\n<td style=\"height: 15.0pt;\" align=\"right\" height=\"20\">202642<\/td>\n<td>Lohtander<\/td>\n<td>Eerika<\/td>\n<td>Rauma<\/td>\n<td>Tyt\u00f6t 3-4 lk<\/td>\n<td align=\"right\">11:20<\/td>\n<td><\/td>\n<td><\/td>\n<\/tr>\n<tr style=\"height: 15.0pt;\">\n<td style=\"height: 15.0pt;\" align=\"right\" height=\"20\">50650<\/td>\n<td>Gustafsson<\/td>\n<td>Leena<\/td>\n<td>Rauma<\/td>\n<td>D21<\/td>\n<td align=\"right\">11:20<\/td>\n<td><\/td>\n<td><\/td>\n<\/tr>\n<tr style=\"height: 15.0pt;\">\n<td style=\"height: 15.0pt;\" align=\"right\" height=\"20\">220893<\/td>\n<td>Laino<\/td>\n<td>Siiri<\/td>\n<td>Kankaanp\u00e4\u00e4<\/td>\n<td>Tyt\u00f6t 3-4 lk<\/td>\n<td align=\"right\">11:21<\/td>\n<td><\/td>\n<td><\/td>\n<\/tr>\n<tr style=\"height: 15.0pt;\">\n<td style=\"height: 15.0pt;\" align=\"right\" height=\"20\">165916<\/td>\n<td>Lahti<\/td>\n<td>Iida<\/td>\n<td>Ulvila<\/td>\n<td>Tyt\u00f6t 7-9 lk<\/td>\n<td align=\"right\">11:21<\/td>\n<td><\/td>\n<td><\/td>\n<\/tr>\n<tr style=\"height: 15.0pt;\">\n<td style=\"height: 15.0pt;\" align=\"right\" height=\"20\">48791<\/td>\n<td>Hautaniemi<\/td>\n<td>Miikka<\/td>\n<td>Eura<\/td>\n<td>Pojat 3-4 lk<\/td>\n<td align=\"right\">11:22<\/td>\n<td><\/td>\n<td><\/td>\n<\/tr>\n<tr style=\"height: 15.0pt;\">\n<td style=\"height: 15.0pt;\" align=\"right\" height=\"20\">51504<\/td>\n<td>Myllykoski<\/td>\n<td>Venla<\/td>\n<td>Kankaanp\u00e4\u00e4<\/td>\n<td>Tyt\u00f6t 5-6 lk<\/td>\n<td align=\"right\">11:22<\/td>\n<td><\/td>\n<td><\/td>\n<\/tr>\n<tr style=\"height: 15.0pt;\">\n<td style=\"height: 15.0pt;\" align=\"right\" height=\"20\">143285<\/td>\n<td>Gustafsson<\/td>\n<td>Ilmari<\/td>\n<td>Eurajoki<\/td>\n<td>Pojat 1-2 lk<\/td>\n<td align=\"right\">11:23<\/td>\n<td><\/td>\n<td><\/td>\n<\/tr>\n<tr style=\"height: 15.0pt;\">\n<td style=\"height: 15.0pt;\" align=\"right\" height=\"20\">206727<\/td>\n<td>Isokallio<\/td>\n<td>Helmi<\/td>\n<td>Pori<\/td>\n<td>Tyt\u00f6t 7-9 lk<\/td>\n<td align=\"right\">11:23<\/td>\n<td><\/td>\n<td><\/td>\n<\/tr>\n<tr style=\"height: 15.0pt;\">\n<td style=\"height: 15.0pt;\" align=\"right\" height=\"20\">500810<\/td>\n<td>Teerikoski<\/td>\n<td>Pyry<\/td>\n<td>Huittinen<\/td>\n<td>Pojat 1-2 lk<\/td>\n<td align=\"right\">11:24<\/td>\n<td><\/td>\n<td><\/td>\n<\/tr>\n<tr style=\"height: 15.0pt;\">\n<td style=\"height: 15.0pt;\" align=\"right\" height=\"20\">169776<\/td>\n<td>Lohtander<\/td>\n<td>Ilona<\/td>\n<td>Rauma<\/td>\n<td>Tyt\u00f6t 5-6 lk<\/td>\n<td align=\"right\">11:24<\/td>\n<td><\/td>\n<td><\/td>\n<\/tr>\n<tr style=\"height: 15.0pt;\">\n<td style=\"height: 15.0pt;\" align=\"right\" height=\"20\">180277<\/td>\n<td>Joopi<\/td>\n<td>Lauri<\/td>\n<td>Eurajoki<\/td>\n<td>Pojat 1-2 lk<\/td>\n<td align=\"right\">11:25<\/td>\n<td><\/td>\n<td><\/td>\n<\/tr>\n<tr style=\"height: 15.0pt;\">\n<td style=\"height: 15.0pt;\" align=\"right\" height=\"20\">42403<\/td>\n<td>L\u00e4hteenm\u00e4ki<\/td>\n<td>Akseli<\/td>\n<td>Eura<\/td>\n<td>Pojat 1-2 lk<\/td>\n<td align=\"right\">11:26<\/td>\n<td><\/td>\n<td><\/td>\n<\/tr>\n<tr style=\"height: 15.0pt;\">\n<td style=\"height: 15.0pt;\" height=\"20\">vuokra<\/td>\n<td>Huhtala<\/td>\n<td>Aleksandra<\/td>\n<td>Pori<\/td>\n<td>Tyt\u00f6t 5-6 lk<\/td>\n<td align=\"right\">11:26<\/td>\n<td><\/td>\n<td><\/td>\n<\/tr>\n<tr style=\"height: 15.0pt;\">\n<td style=\"height: 15.0pt;\" height=\"20\">vuokra<\/td>\n<td>Lahtinen<\/td>\n<td>Fanny<\/td>\n<td>Pori<\/td>\n<td>Parit 7-9 lk<\/td>\n<td align=\"right\">11:27<\/td>\n<td>Silvennoinen<\/td>\n<td>Ida<\/td>\n<\/tr>\n<tr style=\"height: 15.0pt;\">\n<td style=\"height: 15.0pt;\" height=\"20\">vuokra<\/td>\n<td>Ketamo<\/td>\n<td>Aino<\/td>\n<td>Pori<\/td>\n<td>Parit 3-4 lk<\/td>\n<td align=\"right\">11:28<\/td>\n<td>Salminen<\/td>\n<td>Eila<\/td>\n<\/tr>\n<tr style=\"height: 15.0pt;\">\n<td style=\"height: 15.0pt;\" align=\"right\" height=\"20\">179887<\/td>\n<td>Luoma<\/td>\n<td>Elli<\/td>\n<td>Ulvila<\/td>\n<td>Tyt\u00f6t 5-6 lk<\/td>\n<td align=\"right\">11:28<\/td>\n<td><\/td>\n<td><\/td>\n<\/tr>\n<tr style=\"height: 15.0pt;\">\n<td style=\"height: 15.0pt;\" height=\"20\">vuokra<\/td>\n<td>Haapanen<\/td>\n<td>Atte<\/td>\n<td>Rauma<\/td>\n<td>Parit 3-4 lk<\/td>\n<td align=\"right\">11:29<\/td>\n<td>Welling<\/td>\n<td>Samuel<\/td>\n<\/tr>\n<tr style=\"height: 15.0pt;\">\n<td style=\"height: 15.0pt;\" height=\"20\">vuokra<\/td>\n<td>Sir\u00e9n<\/td>\n<td>Lauri<\/td>\n<td>Pori<\/td>\n<td>Parit 7-9 lk<\/td>\n<td align=\"right\">11:29<\/td>\n<td>Niskanen<\/td>\n<td>Rasmus<\/td>\n<\/tr>\n<tr style=\"height: 15.0pt;\">\n<td style=\"height: 15.0pt;\" height=\"20\">vuokra<\/td>\n<td>Vatunen<\/td>\n<td>Suvi<\/td>\n<td>Pori<\/td>\n<td>Parit 3-4 lk<\/td>\n<td align=\"right\">11:30<\/td>\n<td>Kulmana<\/td>\n<td>Minea<\/td>\n<\/tr>\n<tr style=\"height: 15.0pt;\">\n<td style=\"height: 15.0pt;\" align=\"right\" height=\"20\">179769<\/td>\n<td>Yli-Futka<\/td>\n<td>Amanda<\/td>\n<td>Harjavalta<\/td>\n<td>Tyt\u00f6t 5-6 lk<\/td>\n<td align=\"right\">11:30<\/td>\n<td><\/td>\n<td><\/td>\n<\/tr>\n<tr style=\"height: 15.0pt;\">\n<td style=\"height: 15.0pt;\" height=\"20\">vuokra<\/td>\n<td>Vehkaoja<\/td>\n<td>Enny-Fiia<\/td>\n<td>Pori<\/td>\n<td>Parit 3-4 lk<\/td>\n<td align=\"right\">11:31<\/td>\n<td>Haula<\/td>\n<td>Linia<\/td>\n<\/tr>\n<tr style=\"height: 15.0pt;\">\n<td style=\"height: 15.0pt;\" align=\"right\" height=\"20\">48784<\/td>\n<td>Hautala<\/td>\n<td>Reetta<\/td>\n<td>Eura<\/td>\n<td>Parit 7-9 lk<\/td>\n<td align=\"right\">11:31<\/td>\n<td>L\u00f6fqvist<\/td>\n<td>Emmi<\/td>\n<\/tr>\n<tr style=\"height: 15.0pt;\">\n<td style=\"height: 15.0pt;\" height=\"20\">191687<\/td>\n<td>Willman<\/td>\n<td>Nuppu<\/td>\n<td>Pori<\/td>\n<td>Parit 3-4 lk<\/td>\n<td align=\"right\">11:32<\/td>\n<td>Rantahalme<\/td>\n<td>Venla<\/td>\n<\/tr>\n<tr style=\"height: 15.0pt;\">\n<td style=\"height: 15.0pt;\" align=\"right\" height=\"20\">213974<\/td>\n<td>L\u00e4hteenm\u00e4ki<\/td>\n<td>Vilma<\/td>\n<td>Eura<\/td>\n<td>Tyt\u00f6t 5-6 lk<\/td>\n<td align=\"right\">11:32<\/td>\n<td><\/td>\n<td><\/td>\n<\/tr>\n<tr style=\"height: 15.0pt;\">\n<td style=\"height: 15.0pt;\" height=\"20\">vuokra<\/td>\n<td>Peltonen<\/td>\n<td>Iida-Maria<\/td>\n<td>Pori<\/td>\n<td>Parit 3-4 lk<\/td>\n<td align=\"right\">11:33<\/td>\n<td>Lahti<\/td>\n<td>Siiri<\/td>\n<\/tr>\n<tr style=\"height: 15.0pt;\">\n<td style=\"height: 15.0pt;\" height=\"20\">vuokra<\/td>\n<td>Huikkala<\/td>\n<td>Joakim<\/td>\n<td>Pori<\/td>\n<td>Parit 7-9 lk<\/td>\n<td align=\"right\">11:33<\/td>\n<td>Pihlajaniemi<\/td>\n<td>Iivari<\/td>\n<\/tr>\n<tr style=\"height: 15.0pt;\">\n<td style=\"height: 15.0pt;\" align=\"right\" height=\"20\">199984<\/td>\n<td>Kyll\u00e4stinen<\/td>\n<td>Inka<\/td>\n<td>Rauma<\/td>\n<td>Tyt\u00f6t 5-6 lk<\/td>\n<td align=\"right\">11:34<\/td>\n<td><\/td>\n<td><\/td>\n<\/tr>\n<tr style=\"height: 15.0pt;\">\n<td style=\"height: 15.0pt;\" align=\"right\" height=\"20\">199855<\/td>\n<td>Ahvenj\u00e4rvi<\/td>\n<td>Lilja<\/td>\n<td>Ulvila<\/td>\n<td>Parit 1-2 lk<\/td>\n<td align=\"right\">11:35<\/td>\n<td>Hohkuri<\/td>\n<td>Elli<\/td>\n<\/tr>\n<tr style=\"height: 15.0pt;\">\n<td style=\"height: 15.0pt;\" height=\"20\">vuokra<\/td>\n<td>Niemi<\/td>\n<td>Eero<\/td>\n<td>Pori<\/td>\n<td>Parit 7-9 lk<\/td>\n<td align=\"right\">11:35<\/td>\n<td>Maunu<\/td>\n<td>Luka<\/td>\n<\/tr>\n<tr style=\"height: 15.0pt;\">\n<td style=\"height: 15.0pt;\" align=\"right\" height=\"20\">208124<\/td>\n<td>Sk\u00f6ld<\/td>\n<td>Jenny<\/td>\n<td>Eurajoki<\/td>\n<td>Parit 1-2 lk<\/td>\n<td align=\"right\">11:36<\/td>\n<td>Viljanen<\/td>\n<td>Tiia-Riina<\/td>\n<\/tr>\n<tr style=\"height: 15.0pt;\">\n<td style=\"height: 15.0pt;\" align=\"right\" height=\"20\">195509<\/td>\n<td>Henttonen<\/td>\n<td>Kerttu<\/td>\n<td>Harjavalta<\/td>\n<td>Tyt\u00f6t 5-6 lk<\/td>\n<td align=\"right\">11:36<\/td>\n<td><\/td>\n<td><\/td>\n<\/tr>\n<tr style=\"height: 15.0pt;\">\n<td style=\"height: 15.0pt;\" height=\"20\">vuokra<\/td>\n<td>Heinil\u00e4<\/td>\n<td>Pyry<\/td>\n<td>Pori<\/td>\n<td>Parit 1-2 lk<\/td>\n<td align=\"right\">11:37<\/td>\n<td>Willman<\/td>\n<td>Vilho<\/td>\n<\/tr>\n<tr style=\"height: 15.0pt;\">\n<td style=\"height: 15.0pt;\" height=\"20\">vuokra<\/td>\n<td>Selivaara<\/td>\n<td>M\u00e5ns<\/td>\n<td>Pori<\/td>\n<td>Parit 1-2 lk<\/td>\n<td align=\"right\">11:38<\/td>\n<td>Tomula<\/td>\n<td>Otso<\/td>\n<\/tr>\n<tr style=\"height: 15.0pt;\">\n<td style=\"height: 15.0pt;\" align=\"right\" height=\"20\">205724<\/td>\n<td>Siivonen<\/td>\n<td>Kerttu<\/td>\n<td>Rauma<\/td>\n<td>Tyt\u00f6t 5-6 lk<\/td>\n<td align=\"right\">11:38<\/td>\n<td><\/td>\n<td><\/td>\n<\/tr>\n<tr style=\"height: 15.0pt;\">\n<td style=\"height: 15.0pt;\" align=\"right\" height=\"20\">209174<\/td>\n<td>Willman<\/td>\n<td>Iivari<\/td>\n<td>Pori<\/td>\n<td>Pojat 7-9 lk<\/td>\n<td align=\"right\">11:39<\/td>\n<td><\/td>\n<td><\/td>\n<\/tr>\n<tr style=\"height: 15.0pt;\">\n<td style=\"height: 15.0pt;\" align=\"right\" height=\"20\">189516<\/td>\n<td>Ruuhiala<\/td>\n<td>Roope<\/td>\n<td>Eura<\/td>\n<td>Pojat Lukio<\/td>\n<td align=\"right\">11:39<\/td>\n<td><\/td>\n<td><\/td>\n<\/tr>\n<tr style=\"height: 15.0pt;\">\n<td style=\"height: 15.0pt;\" align=\"right\" height=\"20\">215278<\/td>\n<td>Lehtim\u00e4ki<\/td>\n<td>Liisa<\/td>\n<td>Eurajoki<\/td>\n<td>Tyt\u00f6t 5-6 lk<\/td>\n<td align=\"right\">11:40<\/td>\n<td><\/td>\n<td><\/td>\n<\/tr>\n<tr style=\"height: 15.0pt;\">\n<td style=\"height: 15.0pt;\" align=\"right\" height=\"20\">500804<\/td>\n<td>Niemensivu<\/td>\n<td>Timi<\/td>\n<td>Rauma<\/td>\n<td>Pojat 7-9 lk<\/td>\n<td align=\"right\">11:41<\/td>\n<td><\/td>\n<td><\/td>\n<\/tr>\n<tr style=\"height: 15.0pt;\">\n<td style=\"height: 15.0pt;\" align=\"right\" height=\"20\">188516<\/td>\n<td>Koivunen<\/td>\n<td>Nea<\/td>\n<td>Ulvila<\/td>\n<td>Tyt\u00f6t Lukio<\/td>\n<td align=\"right\">11:41<\/td>\n<td><\/td>\n<td><\/td>\n<\/tr>\n<tr style=\"height: 15.0pt;\">\n<td style=\"height: 15.0pt;\" align=\"right\" height=\"20\">199476<\/td>\n<td>Koivunen<\/td>\n<td>Netta<\/td>\n<td>Ulvila<\/td>\n<td>Tyt\u00f6t 5-6 lk<\/td>\n<td align=\"right\">11:42<\/td>\n<td><\/td>\n<td><\/td>\n<\/tr>\n<tr style=\"height: 15.0pt;\">\n<td style=\"height: 15.0pt;\" align=\"right\" height=\"20\">53829<\/td>\n<td>Aalto<\/td>\n<td>Pekka<\/td>\n<td>Ulvila<\/td>\n<td>H21<\/td>\n<td align=\"right\">11:42<\/td>\n<td><\/td>\n<td><\/td>\n<\/tr>\n<tr style=\"height: 15.0pt;\">\n<td style=\"height: 15.0pt;\" align=\"right\" height=\"20\">186678<\/td>\n<td>Jutila<\/td>\n<td>Pietu<\/td>\n<td>Pori<\/td>\n<td>Pojat 7-9 lk<\/td>\n<td align=\"right\">11:43<\/td>\n<td><\/td>\n<td><\/td>\n<\/tr>\n<tr style=\"height: 15.0pt;\">\n<td style=\"height: 15.0pt;\" align=\"right\" height=\"20\">125885<\/td>\n<td>Aho<\/td>\n<td>Susanna<\/td>\n<td>Kankaanp\u00e4\u00e4<\/td>\n<td>Tyt\u00f6t Lukio<\/td>\n<td align=\"right\">11:43<\/td>\n<td><\/td>\n<td><\/td>\n<\/tr>\n<tr style=\"height: 15.0pt;\">\n<td style=\"height: 15.0pt;\" align=\"right\" height=\"20\">218854<\/td>\n<td>Hakanen<\/td>\n<td>Aarne<\/td>\n<td>Rauma<\/td>\n<td>H21<\/td>\n<td align=\"right\">11:44<\/td>\n<td><\/td>\n<td><\/td>\n<\/tr>\n<tr style=\"height: 15.0pt;\">\n<td style=\"height: 15.0pt;\" align=\"right\" height=\"20\">179560<\/td>\n<td>Kivioja<\/td>\n<td>Lassi<\/td>\n<td>Pori<\/td>\n<td>Parit 5-6 lk<\/td>\n<td align=\"right\">11:45<\/td>\n<td>Toivola<\/td>\n<td>Veeti<\/td>\n<\/tr>\n<tr style=\"height: 15.0pt;\">\n<td style=\"height: 15.0pt;\" align=\"right\" height=\"20\">502882<\/td>\n<td>Lahti<\/td>\n<td>Valtteri<\/td>\n<td>Ulvila<\/td>\n<td>Pojat 7-9 lk<\/td>\n<td align=\"right\">11:45<\/td>\n<td><\/td>\n<td><\/td>\n<\/tr>\n<tr style=\"height: 15.0pt;\">\n<td style=\"height: 15.0pt;\" height=\"20\">vuokra<\/td>\n<td>Uurainen<\/td>\n<td>Laura<\/td>\n<td>Pori<\/td>\n<td>Parit 5-6 lk<\/td>\n<td align=\"right\">11:46<\/td>\n<td>H\u00f6gbacka<\/td>\n<td>Ida<\/td>\n<\/tr>\n<tr style=\"height: 15.0pt;\">\n<td style=\"height: 15.0pt;\" height=\"20\">vuokra<\/td>\n<td>Hatakka<\/td>\n<td>Joona<\/td>\n<td>Rauma<\/td>\n<td>Parit 5-6 lk<\/td>\n<td align=\"right\">11:47<\/td>\n<td>Yl\u00e4pelto<\/td>\n<td>Veikko<\/td>\n<\/tr>\n<tr style=\"height: 15.0pt;\">\n<td style=\"height: 15.0pt;\" align=\"right\" height=\"20\">193751<\/td>\n<td>Willman<\/td>\n<td>Pyry<\/td>\n<td>Pori<\/td>\n<td>Pojat 7-9 lk<\/td>\n<td align=\"right\">11:47<\/td>\n<td><\/td>\n<td><\/td>\n<\/tr>\n<tr style=\"height: 15.0pt;\">\n<td style=\"height: 15.0pt;\" height=\"20\">vuokra<\/td>\n<td>\u00d6sterlund<\/td>\n<td>Kaapo<\/td>\n<td>Pori<\/td>\n<td>Parit 5-6 lk<\/td>\n<td align=\"right\">11:48<\/td>\n<td>Kotka<\/td>\n<td>Eero<\/td>\n<\/tr>\n<tr style=\"height: 15.0pt;\">\n<td style=\"height: 15.0pt;\" align=\"right\" height=\"20\">128029<\/td>\n<td>Gustafsson<\/td>\n<td>Eero<\/td>\n<td>Eurajoki<\/td>\n<td>Parit 5-6 lk<\/td>\n<td align=\"right\">11:49<\/td>\n<td>Koivisto<\/td>\n<td>Joonas<\/td>\n<\/tr>\n<tr style=\"height: 15.0pt;\">\n<td style=\"height: 15.0pt;\" height=\"20\">vuokra<\/td>\n<td>Salop\u00e4\u00e4<\/td>\n<td>Jesse<\/td>\n<td>Pori<\/td>\n<td>Pojat 7-9 lk<\/td>\n<td align=\"right\">11:49<\/td>\n<td><\/td>\n<td><\/td>\n<\/tr>\n<tr style=\"height: 15.0pt;\">\n<td style=\"height: 15.0pt;\" height=\"20\">vuokra<\/td>\n<td>Set\u00e4l\u00e4<\/td>\n<td>Niilo<\/td>\n<td>Pori<\/td>\n<td>Parit 5-6 lk<\/td>\n<td align=\"right\">11:50<\/td>\n<td>Perttula<\/td>\n<td>Veeti<\/td>\n<\/tr>\n<tr style=\"height: 15.0pt;\">\n<td style=\"height: 15.0pt;\" height=\"20\">vuokra<\/td>\n<td>Lehtim\u00e4ki<\/td>\n<td>Akusti<\/td>\n<td>Eurajoki<\/td>\n<td>Parit 5-6 lk<\/td>\n<td align=\"right\">11:51<\/td>\n<td>Hakanen<\/td>\n<td>Niilo<\/td>\n<\/tr>\n<tr style=\"height: 15.0pt;\">\n<td style=\"height: 15.0pt;\" align=\"right\" height=\"20\">135583<\/td>\n<td>Knuutila<\/td>\n<td>Tomi<\/td>\n<td>Kankaanp\u00e4\u00e4<\/td>\n<td>Pojat 7-9 lk<\/td>\n<td align=\"right\">11:51<\/td>\n<td><\/td>\n<td><\/td>\n<\/tr>\n<tr style=\"height: 15.0pt;\">\n<td style=\"height: 15.0pt;\" height=\"20\">vuokra<\/td>\n<td>Koivunen<\/td>\n<td>Hermanni<\/td>\n<td>Pori<\/td>\n<td>Parit 5-6 lk<\/td>\n<td align=\"right\">11:52<\/td>\n<td>K\u00f6ykk\u00e4<\/td>\n<td>Lauri<\/td>\n<\/tr>\n<tr style=\"height: 15.0pt;\">\n<td style=\"height: 15.0pt;\" height=\"20\">vuokra<\/td>\n<td>Ankelo<\/td>\n<td>Kaisla<\/td>\n<td>Eurajoki<\/td>\n<td>Parit 5-6 lk<\/td>\n<td align=\"right\">11:53<\/td>\n<td>Ankelo<\/td>\n<td>Pihla<\/td>\n<\/tr>\n<tr style=\"height: 15.0pt;\">\n<td style=\"height: 15.0pt;\" align=\"right\" height=\"20\">193599<\/td>\n<td>Nolvi<\/td>\n<td>Joona<\/td>\n<td>Pori<\/td>\n<td>Pojat 7-9 lk<\/td>\n<td align=\"right\">11:53<\/td>\n<td><\/td>\n<td><\/td>\n<\/tr>\n<tr style=\"height: 15.0pt;\">\n<td style=\"height: 15.0pt;\" align=\"right\" height=\"20\">142545<\/td>\n<td>Maja<\/td>\n<td>Markus<\/td>\n<td>Pori<\/td>\n<td>Parit 5-6 lk<\/td>\n<td align=\"right\">11:54<\/td>\n<td>Kes\u00e4nen<\/td>\n<td>Anton<\/td>\n<\/tr>\n<\/tbody>\n<\/table>\n","protected":false},"excerpt":{"rendered":"<p>183555 Koivula Lauri Ulvila Pojat 3-4 lk 11:00 215239 Haikonen Ilmo Ulvila Pojat 5-6 lk 11:00 57891 T\u00f6pp\u00e4r\u00e4 Osmo Punkalaidun Pojat 3-4 lk 11:01 208585 Jutila Pinja Pori Tyt\u00f6t 7-9 lk 11:01 196259 Kallioniemi Justus Rauma Pojat 3-4 lk 11:02 190829 Nupponen Juho Rauma Pojat 5-6 lk 11:02 189287 Kujansuu [&hellip;]<\/p>\n","protected":false},"author":3,"featured_media":0,"parent":0,"menu_order":0,"comment_status":"closed","ping_status":"closed","template":"","meta":{"footnotes":""},"class_list":["post-2247","page","type-page","status-publish","hentry"],"_links":{"self":[{"href":"https:\/\/www.satakunnansuunnistus.fi\/index.php?rest_route=\/wp\/v2\/pages\/2247","targetHints":{"allow":["GET"]}}],"collection":[{"href":"https:\/\/www.satakunnansuunnistus.fi\/index.php?rest_route=\/wp\/v2\/pages"}],"about":[{"href":"https:\/\/www.satakunnansuunnistus.fi\/index.php?rest_route=\/wp\/v2\/types\/page"}],"author":[{"embeddable":true,"href":"https:\/\/www.satakunnansuunnistus.fi\/index.php?rest_route=\/wp\/v2\/users\/3"}],"replies":[{"embeddable":true,"href":"https:\/\/www.satakunnansuunnistus.fi\/index.php?rest_route=%2Fwp%2Fv2%2Fcomments&post=2247"}],"version-history":[{"count":5,"href":"https:\/\/www.satakunnansuunnistus.fi\/index.php?rest_route=\/wp\/v2\/pages\/2247\/revisions"}],"predecessor-version":[{"id":2272,"href":"https:\/\/www.satakunnansuunnistus.fi\/index.php?rest_route=\/wp\/v2\/pages\/2247\/revisions\/2272"}],"wp:attachment":[{"href":"https:\/\/www.satakunnansuunnistus.fi\/index.php?rest_route=%2Fwp%2Fv2%2Fmedia&parent=2247"}],"curies":[{"name":"wp","href":"https:\/\/api.w.org\/{rel}","templated":true}]}}