{"id":214,"date":"2014-07-03T17:13:05","date_gmt":"2014-07-03T14:13:05","guid":{"rendered":"http:\/\/www.satakunnansuunnistus.fi\/?page_id=214"},"modified":"2014-07-03T17:22:33","modified_gmt":"2014-07-03T14:22:33","slug":"seura-cup","status":"publish","type":"page","link":"https:\/\/www.satakunnansuunnistus.fi\/?page_id=214","title":{"rendered":"Seura-cup"},"content":{"rendered":"<p>T\u00e4n\u00e4 vuonna j\u00e4rjestet\u00e4\u00e4n seurayhteis\u00f6llisyytt\u00e4 korostava, entist\u00e4 maakuntaviesti\u00e4 vastaava kilpailu, seura-cup. Maakuntaviesti on j\u00e4\u00e4nyt j\u00e4rjest\u00e4m\u00e4tt\u00e4 useampana vuonna, yhten\u00e4 suurimpana syyn\u00e4 seurojen vaikeus saada joukkueita kokoon.<\/p>\n<p>Seura-cup joukkue koostuu <b>nelj\u00e4st\u00e4<\/b> eri ik\u00e4ryhm\u00e4n juoksijasta. Kilpailu tapahtuu kaikkien juoksijoiden yhteisl\u00e4hd\u00f6ll\u00e4. Viestiss\u00e4 on hajonta, mutta radan laadinnassa on huomioitu eri ik\u00e4ryhmien asettamat vaatimukset, johon alueen kaikilla seuroilla on mahdollista asettaa useampiakin joukkueita. Kilpailun tavoitteena on kehitt\u00e4\u00e4 nopeavauhtista suunnistustekniikkaa, johon harvoin j\u00e4rjestetty yhteisl\u00e4ht\u00f6tyyppinen kilpailu antaa hienot mahdollisuudet.<\/p>\n<table width=\"256\" border=\"0\" cellspacing=\"0\" cellpadding=\"0\">\n<tbody>\n<tr>\n<td valign=\"bottom\" nowrap=\"nowrap\" width=\"64\">A-rata<\/td>\n<td valign=\"bottom\" nowrap=\"nowrap\" width=\"64\">B-rata<\/td>\n<td valign=\"bottom\" nowrap=\"nowrap\" width=\"64\">C-rata<\/td>\n<td valign=\"bottom\" nowrap=\"nowrap\" width=\"64\">D-rata<\/td>\n<\/tr>\n<tr>\n<td valign=\"bottom\" nowrap=\"nowrap\" width=\"64\">H21<\/td>\n<td valign=\"bottom\" nowrap=\"nowrap\" width=\"64\">H18<\/td>\n<td valign=\"bottom\" nowrap=\"nowrap\" width=\"64\">H16<\/td>\n<td valign=\"bottom\" nowrap=\"nowrap\" width=\"64\">H14<\/td>\n<\/tr>\n<tr>\n<td valign=\"bottom\" nowrap=\"nowrap\" width=\"64\">H20<\/td>\n<td valign=\"bottom\" nowrap=\"nowrap\" width=\"64\">H40<\/td>\n<td valign=\"bottom\" nowrap=\"nowrap\" width=\"64\">H50<\/td>\n<td valign=\"bottom\" nowrap=\"nowrap\" width=\"64\">H65<\/td>\n<\/tr>\n<tr>\n<td valign=\"bottom\" nowrap=\"nowrap\" width=\"64\">H35<\/td>\n<td valign=\"bottom\" nowrap=\"nowrap\" width=\"64\">H45<\/td>\n<td valign=\"bottom\" nowrap=\"nowrap\" width=\"64\">H55<\/td>\n<td valign=\"bottom\" nowrap=\"nowrap\" width=\"64\">H70<\/td>\n<\/tr>\n<tr>\n<td valign=\"bottom\" nowrap=\"nowrap\" width=\"64\"><\/td>\n<td valign=\"bottom\" nowrap=\"nowrap\" width=\"64\">D21<\/td>\n<td valign=\"bottom\" nowrap=\"nowrap\" width=\"64\">H60<\/td>\n<td valign=\"bottom\" nowrap=\"nowrap\" width=\"64\">D14<\/td>\n<\/tr>\n<tr>\n<td valign=\"bottom\" nowrap=\"nowrap\" width=\"64\"><\/td>\n<td valign=\"bottom\" nowrap=\"nowrap\" width=\"64\">D20<\/td>\n<td valign=\"bottom\" nowrap=\"nowrap\" width=\"64\">D18<\/td>\n<td valign=\"bottom\" nowrap=\"nowrap\" width=\"64\">D50<\/td>\n<\/tr>\n<tr>\n<td valign=\"bottom\" nowrap=\"nowrap\" width=\"64\"><\/td>\n<td valign=\"bottom\" nowrap=\"nowrap\" width=\"64\">D35<\/td>\n<td valign=\"bottom\" nowrap=\"nowrap\" width=\"64\">D16<\/td>\n<td valign=\"bottom\" nowrap=\"nowrap\" width=\"64\">D55<\/td>\n<\/tr>\n<tr>\n<td valign=\"bottom\" nowrap=\"nowrap\" width=\"64\"><\/td>\n<td valign=\"bottom\" nowrap=\"nowrap\" width=\"64\"><\/td>\n<td valign=\"bottom\" nowrap=\"nowrap\" width=\"64\">D40<\/td>\n<td valign=\"bottom\" nowrap=\"nowrap\" width=\"64\">D60<\/td>\n<\/tr>\n<tr>\n<td valign=\"bottom\" nowrap=\"nowrap\" width=\"64\"><\/td>\n<td valign=\"bottom\" nowrap=\"nowrap\" width=\"64\"><\/td>\n<td valign=\"bottom\" nowrap=\"nowrap\" width=\"64\">D45<\/td>\n<td valign=\"bottom\" nowrap=\"nowrap\" width=\"64\">D65<\/td>\n<\/tr>\n<\/tbody>\n<\/table>\n<p>&nbsp;<\/p>\n<ul>\n<li>Joukkue rakentuu A-, B-, C- ja D-radoista, yhteens\u00e4 4 juoksijaa<\/li>\n<li>Kaikilla radoilla on hajonta<\/li>\n<li>Ratojen pituudet noin 6, 5, 3,5, ja 2,5 kilometri\u00e4<\/li>\n<li>Kaikki juoksijat l\u00e4htev\u00e4t yhteisl\u00e4hd\u00f6ll\u00e4. Kisan lopputulos syntyy eri ratojen sijalukupisteist\u00e4.<\/li>\n<\/ul>\n<p>Samassa yhteydess\u00e4 j\u00e4rjestet\u00e4\u00e4n tutuksi tullut AOV-viesti RR- ja TR-sarjoille<\/p>\n","protected":false},"excerpt":{"rendered":"<p>T\u00e4n\u00e4 vuonna j\u00e4rjestet\u00e4\u00e4n seurayhteis\u00f6llisyytt\u00e4 korostava, entist\u00e4 maakuntaviesti\u00e4 vastaava kilpailu, seura-cup. Maakuntaviesti on j\u00e4\u00e4nyt j\u00e4rjest\u00e4m\u00e4tt\u00e4 useampana vuonna, yhten\u00e4 suurimpana syyn\u00e4 seurojen vaikeus saada joukkueita kokoon. Seura-cup joukkue koostuu nelj\u00e4st\u00e4 eri ik\u00e4ryhm\u00e4n juoksijasta. Kilpailu tapahtuu kaikkien juoksijoiden yhteisl\u00e4hd\u00f6ll\u00e4. Viestiss\u00e4 on hajonta, mutta radan laadinnassa on huomioitu eri ik\u00e4ryhmien asettamat vaatimukset, johon alueen [&hellip;]<\/p>\n","protected":false},"author":1,"featured_media":0,"parent":0,"menu_order":0,"comment_status":"closed","ping_status":"closed","template":"","meta":{"footnotes":""},"class_list":["post-214","page","type-page","status-publish","hentry"],"_links":{"self":[{"href":"https:\/\/www.satakunnansuunnistus.fi\/index.php?rest_route=\/wp\/v2\/pages\/214","targetHints":{"allow":["GET"]}}],"collection":[{"href":"https:\/\/www.satakunnansuunnistus.fi\/index.php?rest_route=\/wp\/v2\/pages"}],"about":[{"href":"https:\/\/www.satakunnansuunnistus.fi\/index.php?rest_route=\/wp\/v2\/types\/page"}],"author":[{"embeddable":true,"href":"https:\/\/www.satakunnansuunnistus.fi\/index.php?rest_route=\/wp\/v2\/users\/1"}],"replies":[{"embeddable":true,"href":"https:\/\/www.satakunnansuunnistus.fi\/index.php?rest_route=%2Fwp%2Fv2%2Fcomments&post=214"}],"version-history":[{"count":2,"href":"https:\/\/www.satakunnansuunnistus.fi\/index.php?rest_route=\/wp\/v2\/pages\/214\/revisions"}],"predecessor-version":[{"id":220,"href":"https:\/\/www.satakunnansuunnistus.fi\/index.php?rest_route=\/wp\/v2\/pages\/214\/revisions\/220"}],"wp:attachment":[{"href":"https:\/\/www.satakunnansuunnistus.fi\/index.php?rest_route=%2Fwp%2Fv2%2Fmedia&parent=214"}],"curies":[{"name":"wp","href":"https:\/\/api.w.org\/{rel}","templated":true}]}}