{"id":2136,"date":"2017-04-25T07:30:49","date_gmt":"2017-04-25T04:30:49","guid":{"rendered":"http:\/\/www.satakunnansuunnistus.fi\/?page_id=2136"},"modified":"2017-04-25T07:30:49","modified_gmt":"2017-04-25T04:30:49","slug":"am-keski-kilpailukutsu","status":"publish","type":"page","link":"https:\/\/www.satakunnansuunnistus.fi\/?page_id=2136","title":{"rendered":"AM-keski-kilpailukutsu"},"content":{"rendered":"<p><strong>KILPAILUKUTSU<\/strong><\/p>\n<p><strong>Satakunnan AM-keskimatka<\/strong><\/p>\n<p><strong>16.5.2017, Eura, Ojalankulma<\/strong><\/p>\n<p><strong>\u00a0<\/strong><\/p>\n<p><strong>Sarjat ja maksut: <\/strong><\/p>\n<p>H21-H85 ja D21-D75 \u00a0\u00a0\u00a0\u00a0\u00a0\u00a0\u00a0\u00a0\u00a0\u00a0\u00a0\u00a0\u00a0\u00a0\u00a0\u00a0\u00a0\u00a0\u00a0\u00a0\u00a0\u00a0\u00a0\u00a0\u00a0\u00a0\u00a0\u00a0\u00a0 13 \u20ac<\/p>\n<p>H20, H18, H16 ja D20, D18, D16 \u00a0\u00a0\u00a0\u00a0\u00a0\u00a0\u00a0\u00a0\u00a0\u00a0 10 \u20ac<\/p>\n<p>H14, H13, H12 ja D14, D13, D12 \u00a0\u00a0\u00a0\u00a0\u00a0\u00a0\u00a0\u00a0\u00a0\u00a0 \u00a0\u00a08 \u20ac<\/p>\n<p>&nbsp;<\/p>\n<p><strong>Ilmoittautuminen <\/strong><\/p>\n<p>Ilmoittautumiset IRMA-j\u00e4rjestelm\u00e4\u00e4n tai s\u00e4hk\u00f6postilla nurminevv@gmail.com (Piril\u00e4n formaatissa) keskiviikkona 10.5.2017 menness\u00e4.<\/p>\n<p>&nbsp;<\/p>\n<p>Osallistumismaksut maksettava ilmoittautumisten yhteydess\u00e4. Jos ilmoittaudut s\u00e4hk\u00f6postilla, Kiukaisten Urheilijoiden tili: Euran OP FI95 5156 0050 0078 56 (viestikentt\u00e4\u00e4n AM2017 \/ oma nimi)<\/p>\n<p>&nbsp;<\/p>\n<p>J\u00e4lki-ilmoittautumiset: 1,5 kertaisin maksuin perjantaina 12.5. menness\u00e4 IRMA-j\u00e4rjestelm\u00e4\u00e4n.<\/p>\n<p>&nbsp;<\/p>\n<p><strong>Leimaus <\/strong><\/p>\n<p>Emit-leimaus. Ilmoittautumisen yhteydess\u00e4 mainittava Emit-kortin numero tai varaus vuokrakortista 4 \u20ac\/kpl.<\/p>\n<p>&nbsp;<\/p>\n<p><strong>Opastus<\/strong><\/p>\n<p>Ojalankulmalta tielt\u00e4 2170, Eurajoki-Nakkila, ajomatka 3 min. Pys\u00e4k\u00f6intipaikan koordinaatit: 61.293835, 21.946075<\/p>\n<p><strong>\u00a0<\/strong><\/p>\n<p><strong>Pys\u00e4k\u00f6inti <\/strong><\/p>\n<p>Kilpailukeskuksessa.<\/p>\n<p>&nbsp;<\/p>\n<p><strong>L\u00e4ht\u00f6 <\/strong><\/p>\n<p>Ensimm\u00e4iset l\u00e4hd\u00f6t klo 18.00. L\u00e4ht\u00f6\u00f6n matkaa noin 1,5 km. L\u00e4ht\u00f6ajat n\u00e4ht\u00e4vill\u00e4 maanantaina 15.5.2017 <a href=\"http:\/\/www.hiisirasti.fi\">http:\/\/www.hiisirasti.fi<\/a><\/p>\n<p>&nbsp;<\/p>\n<p><strong>Kartta <\/strong><\/p>\n<p>Tulostekartta 1:10000, 5\/2017, muovikotelossa. Kartan koko A4.<\/p>\n<p>&nbsp;<\/p>\n<p><strong>Huolto <\/strong><\/p>\n<p>Ei pesumahdollisuutta.<\/p>\n<p>Kilpailukeskuksessa kahvila.<\/p>\n<p>&nbsp;<\/p>\n<p><strong>Toimihenkil\u00f6t <\/strong><\/p>\n<p>Kilpailunjohtaja Sipi Erkkil\u00e4,<\/p>\n<p>Ratamestari Mika Ruuhiala,<\/p>\n<p>Ratavalvoja Ville-Veikko Nurminen\/ SuosmSa<\/p>\n<p><strong>Tiedotus <\/strong><\/p>\n<p>Sipi Erkkil\u00e4 0440-591 141 \/ Mika Ruuhiala 044-701 5295<\/p>\n<p>&nbsp;<\/p>\n<p><strong>Tervetuloa AM-keskimatkalle Kiukaisiin<\/strong><\/p>\n<p><strong>Kiukaisten Urheilijat<\/strong><\/p>\n","protected":false},"excerpt":{"rendered":"<p>KILPAILUKUTSU Satakunnan AM-keskimatka 16.5.2017, Eura, Ojalankulma \u00a0 Sarjat ja maksut: H21-H85 ja D21-D75 \u00a0\u00a0\u00a0\u00a0\u00a0\u00a0\u00a0\u00a0\u00a0\u00a0\u00a0\u00a0\u00a0\u00a0\u00a0\u00a0\u00a0\u00a0\u00a0\u00a0\u00a0\u00a0\u00a0\u00a0\u00a0\u00a0\u00a0\u00a0\u00a0 13 \u20ac H20, H18, H16 ja D20, D18, D16 \u00a0\u00a0\u00a0\u00a0\u00a0\u00a0\u00a0\u00a0\u00a0\u00a0 10 \u20ac H14, H13, H12 ja D14, D13, D12 \u00a0\u00a0\u00a0\u00a0\u00a0\u00a0\u00a0\u00a0\u00a0\u00a0 \u00a0\u00a08 \u20ac &nbsp; Ilmoittautuminen Ilmoittautumiset IRMA-j\u00e4rjestelm\u00e4\u00e4n tai s\u00e4hk\u00f6postilla nurminevv@gmail.com (Piril\u00e4n formaatissa) keskiviikkona 10.5.2017 menness\u00e4. &nbsp; Osallistumismaksut [&hellip;]<\/p>\n","protected":false},"author":3,"featured_media":0,"parent":0,"menu_order":0,"comment_status":"closed","ping_status":"closed","template":"","meta":{"footnotes":""},"class_list":["post-2136","page","type-page","status-publish","hentry"],"_links":{"self":[{"href":"https:\/\/www.satakunnansuunnistus.fi\/index.php?rest_route=\/wp\/v2\/pages\/2136","targetHints":{"allow":["GET"]}}],"collection":[{"href":"https:\/\/www.satakunnansuunnistus.fi\/index.php?rest_route=\/wp\/v2\/pages"}],"about":[{"href":"https:\/\/www.satakunnansuunnistus.fi\/index.php?rest_route=\/wp\/v2\/types\/page"}],"author":[{"embeddable":true,"href":"https:\/\/www.satakunnansuunnistus.fi\/index.php?rest_route=\/wp\/v2\/users\/3"}],"replies":[{"embeddable":true,"href":"https:\/\/www.satakunnansuunnistus.fi\/index.php?rest_route=%2Fwp%2Fv2%2Fcomments&post=2136"}],"version-history":[{"count":1,"href":"https:\/\/www.satakunnansuunnistus.fi\/index.php?rest_route=\/wp\/v2\/pages\/2136\/revisions"}],"predecessor-version":[{"id":2137,"href":"https:\/\/www.satakunnansuunnistus.fi\/index.php?rest_route=\/wp\/v2\/pages\/2136\/revisions\/2137"}],"wp:attachment":[{"href":"https:\/\/www.satakunnansuunnistus.fi\/index.php?rest_route=%2Fwp%2Fv2%2Fmedia&parent=2136"}],"curies":[{"name":"wp","href":"https:\/\/api.w.org\/{rel}","templated":true}]}}