{"id":2134,"date":"2017-04-25T07:29:25","date_gmt":"2017-04-25T04:29:25","guid":{"rendered":"http:\/\/www.satakunnansuunnistus.fi\/?page_id=2134"},"modified":"2017-04-25T07:29:25","modified_gmt":"2017-04-25T04:29:25","slug":"am-kll-kilpailukutsu","status":"publish","type":"page","link":"https:\/\/www.satakunnansuunnistus.fi\/?page_id=2134","title":{"rendered":"AM-KLL-kilpailukutsu"},"content":{"rendered":"<h2><strong>Kilpailukutsu<\/strong><\/h2>\n<p><img decoding=\"async\" src=\"https:\/\/www.rastilukko.fi\/@Bin\/390619\/KLL-logo2015.jpeg\" \/><\/p>\n<p><strong>KLL:n Satakunnan piirin SUUNNISTUSKILPAILUT<\/strong><\/p>\n<p><strong>Luvialla (Luvian Vedon majalla) torstaina 11.5.2017 klo 11.00 alkaen<\/strong><\/p>\n<p>peruskoulujen (C- ja B-sarjat), lukioiden ja ammatillisten koulujen (A-sarja) oppilaille, sek\u00e4 n\u00e4iden koulujen opettajille.<\/p>\n<p>&nbsp;<\/p>\n<p><strong>Sarjat:<\/strong><\/p>\n<p>Uutuutena on parisuunnistussarja, jossa 2 oppilasta voi menn\u00e4 radan yhdess\u00e4.<\/p>\n<table>\n<tbody>\n<tr>\n<td>Oppilaat:<\/td>\n<td width=\"64\">C-sarja:<\/td>\n<td width=\"339\">T\/P 1-2 lk RR, T\/P 3-4 lk RR, T\/P 5-6 lk<\/p>\n<p>Parit 1-2 lk RR, Parit 3-4 lk RR, Parit 5-6 lk TR<\/td>\n<\/tr>\n<tr>\n<td>&nbsp;<\/td>\n<td>B-sarja:<\/td>\n<td>T\/P 7-9 lk, Parit 7-9 lk<\/td>\n<\/tr>\n<tr>\n<td>&nbsp;<\/td>\n<td>A-sarja:<\/td>\n<td>T\/P<\/td>\n<\/tr>\n<tr>\n<td>&nbsp;<\/td>\n<td>&nbsp;<\/td>\n<td>&nbsp;<\/td>\n<\/tr>\n<tr>\n<td colspan=\"2\">Opettajat:<\/td>\n<td>H\/D21, H\/D40, H\/D50, H\/D60<\/td>\n<\/tr>\n<\/tbody>\n<\/table>\n<p>&nbsp;<\/p>\n<p><strong>Leimaus:<\/strong><\/p>\n<p>Emit-leimaus kaikissa sarjoissa. Emit-kortin numero ilmoitettava ilmoittautumisten yhteydess\u00e4. Puuttuville varataan vuokrakortti hintaan 3 \u20ac, joka voidaan maksaa ilmoittautumisen yhteydess\u00e4 (katso osanottomaksu) tai kilpailupaikalla k\u00e4teisell\u00e4.<\/p>\n<p><strong>Ilmoittautumiset:<\/strong><\/p>\n<p>Ilmoittautumiset tulee tehd\u00e4 maanantaihin 8.5. menness\u00e4 s\u00e4hk\u00f6postilla osoitteeseen kimmo.mieskoski@gmail.com. Ilmoittautuessa on mainittava my\u00f6s, montako Emit-korttia varataan.<\/p>\n<p><strong>Lis\u00e4tietoa:<\/strong><\/p>\n<p>www.satakunnansuunnistus.fi tai Kimmo Mieskoski 045-6766 891 \/ kimmo.mieskoski@gmail.com<\/p>\n<p><strong>Osanottomaksu:<\/strong><\/p>\n<p>9 \u20ac \/ kilpailija ja 9 \u20ac \/ pari (12 \u20ac jos ei ole Emit-korttia, sis\u00e4lt\u00e4en Emit-kortin vuokrauksen) on maksettava ilmoittautumisen yhteydess\u00e4 tilille: KLL:n Satakunnan piiri, tilinro FI47 4456 1740 0062 17.<\/p>\n<p><strong>Kilpailukeskus:<\/strong><\/p>\n<p>Luvian Vedon majalla, jossa pukeutumistilat molemmille, mutta pesutilat vain tyt\u00f6ille.<\/p>\n<p><strong>Kilpailukartta:<\/strong><\/p>\n<p>Mittakaava 1:7500 C-sarjalla, muilla 1:10 000, tulostekartta vuodelta 2017 muovitaskussa.<\/p>\n<p><strong>Opastus:<\/strong><\/p>\n<p>VT8, Korvenkyl\u00e4 (Luvia)<\/p>\n<p><strong>Paikoitus:<\/strong><\/p>\n<p>Kilpailukeskuksen l\u00e4heisyydess\u00e4<\/p>\n<p><strong>L\u00e4ht\u00f6:<\/strong><\/p>\n<p>Ensimm\u00e4inen l\u00e4ht\u00f6 klo 11.00<\/p>\n","protected":false},"excerpt":{"rendered":"<p>Kilpailukutsu KLL:n Satakunnan piirin SUUNNISTUSKILPAILUT Luvialla (Luvian Vedon majalla) torstaina 11.5.2017 klo 11.00 alkaen peruskoulujen (C- ja B-sarjat), lukioiden ja ammatillisten koulujen (A-sarja) oppilaille, sek\u00e4 n\u00e4iden koulujen opettajille. &nbsp; Sarjat: Uutuutena on parisuunnistussarja, jossa 2 oppilasta voi menn\u00e4 radan yhdess\u00e4. Oppilaat: C-sarja: T\/P 1-2 lk RR, T\/P 3-4 lk RR, [&hellip;]<\/p>\n","protected":false},"author":3,"featured_media":0,"parent":0,"menu_order":0,"comment_status":"closed","ping_status":"closed","template":"","meta":{"footnotes":""},"class_list":["post-2134","page","type-page","status-publish","hentry"],"_links":{"self":[{"href":"https:\/\/www.satakunnansuunnistus.fi\/index.php?rest_route=\/wp\/v2\/pages\/2134","targetHints":{"allow":["GET"]}}],"collection":[{"href":"https:\/\/www.satakunnansuunnistus.fi\/index.php?rest_route=\/wp\/v2\/pages"}],"about":[{"href":"https:\/\/www.satakunnansuunnistus.fi\/index.php?rest_route=\/wp\/v2\/types\/page"}],"author":[{"embeddable":true,"href":"https:\/\/www.satakunnansuunnistus.fi\/index.php?rest_route=\/wp\/v2\/users\/3"}],"replies":[{"embeddable":true,"href":"https:\/\/www.satakunnansuunnistus.fi\/index.php?rest_route=%2Fwp%2Fv2%2Fcomments&post=2134"}],"version-history":[{"count":1,"href":"https:\/\/www.satakunnansuunnistus.fi\/index.php?rest_route=\/wp\/v2\/pages\/2134\/revisions"}],"predecessor-version":[{"id":2135,"href":"https:\/\/www.satakunnansuunnistus.fi\/index.php?rest_route=\/wp\/v2\/pages\/2134\/revisions\/2135"}],"wp:attachment":[{"href":"https:\/\/www.satakunnansuunnistus.fi\/index.php?rest_route=%2Fwp%2Fv2%2Fmedia&parent=2134"}],"curies":[{"name":"wp","href":"https:\/\/api.w.org\/{rel}","templated":true}]}}