{"id":2029,"date":"2017-03-29T17:02:20","date_gmt":"2017-03-29T14:02:20","guid":{"rendered":"http:\/\/www.satakunnansuunnistus.fi\/?page_id=2029"},"modified":"2017-03-29T17:12:10","modified_gmt":"2017-03-29T14:12:10","slug":"oravacup-2016","status":"publish","type":"page","link":"https:\/\/www.satakunnansuunnistus.fi\/?page_id=2029","title":{"rendered":"Oravacup 2016"},"content":{"rendered":"<p><strong>SATAKUNNAN ALUEEN <\/strong><strong>ORAVATAPAHTUMAT 2016<\/strong><\/p>\n<p><strong>ORAVA-CUP 2016<\/strong><\/p>\n<p><big><a href=\"http:\/\/www.satakunnansuunnistus.fi\/oravacup\/ilmo\/\">Oravacupin ilmoittautumisj\u00e4rjestelm\u00e4<br \/>\n<\/a><a title=\"Orava-cupin pistetaulukko 2016\" href=\"http:\/\/www.satakunnansuunnistus.fi\/Orava-cupin pistetaulukko 2016.htm\">Orava-cupin lopputilanne 2016<\/a><\/big><\/p>\n<table border=\"1\" cellspacing=\"1\" cellpadding=\"2\">\n<tbody>\n<tr>\n<td>Orava-cup<\/td>\n<td>Aika<\/td>\n<td>J\u00e4rjest\u00e4j\u00e4<\/td>\n<td>HUOM!<\/td>\n<td><\/td>\n<\/tr>\n<tr>\n<td>1.\u00a0Ulvila<\/td>\n<td>18.5.<\/td>\n<td>UlvUra<\/td>\n<td>Ke, sprintti<\/td>\n<td><a href=\"http:\/\/www.ulvilanura.fi\/suunnistus\/kilpailu.asp?id=80\" target=\"_blank\">Ulvilan Oravacup sivut<\/a><\/td>\n<\/tr>\n<tr>\n<td>2. Pori<\/td>\n<td>25.5<\/td>\n<td>RasKa<\/td>\n<td>Ke<\/td>\n<td><a href=\"http:\/\/www.rastikarhut.fi\/IltarastiExplorer\/ilmoitustauluJulk.php\" target=\"_blank\">Rastikarhujen kotisivut<\/a><\/td>\n<\/tr>\n<tr>\n<td>3.\u00a0Nakkila<\/td>\n<td>1.6<\/td>\n<td>NaWi<\/td>\n<td>Ke, sprintti<\/td>\n<td><a href=\"http:\/\/www.satakunnansuunnistus.fi\/?p=1666\">Nakkilan Wisan Oravacup<\/a><\/td>\n<\/tr>\n<tr>\n<td>4. Kankaanp\u00e4\u00e4<\/td>\n<td>22.6<\/td>\n<td>KanSu<\/td>\n<td>Ke<\/td>\n<td><a href=\"http:\/\/www.kansu.fi\/kilpailut\/oravacup206kansu\" target=\"_blank\">KanSun Oravacup<\/a><\/td>\n<\/tr>\n<tr>\n<td>5. Lavia<\/td>\n<td>17.8<\/td>\n<td>LLL<\/td>\n<td>Ke<\/td>\n<td><a href=\"http:\/\/www.lansi-lavianloiske.net\/\" target=\"_blank\">LLL:n Oravacup<\/a><\/td>\n<\/tr>\n<tr>\n<td>6.\u00a0Rauma<\/td>\n<td>24.8<\/td>\n<td>RaLu<\/td>\n<td>Ke<\/td>\n<td><a href=\"http:\/\/www.rastilukko.fi\/suunnistus\/kilpailut\/oravacup-24-8-2016\/\" target=\"_blank\">RaLun Oravacup<\/a><\/td>\n<\/tr>\n<tr>\n<td>7. Eurajoki<\/td>\n<td>31.8<\/td>\n<td>EuVe<\/td>\n<td>Ke<\/td>\n<td><a href=\"http:\/\/www.eurajoenveikot.fi\/suunnistus\/muut-kilpailut\/oravacup-31-8-2016\/\" target=\"_blank\">EuVen Oravacup<\/a><\/td>\n<\/tr>\n<tr>\n<td>8.\u00a0Punkalaidun<\/td>\n<td>14.9<\/td>\n<td>PunkU<\/td>\n<td>Ke<\/td>\n<td><a href=\"http:\/\/www.punkalaitumenkunto.fi\/suunnistus\/oravacup-14-9-2016\/\" target=\"_blank\">PunKun Oravacup<\/a><\/td>\n<\/tr>\n<\/tbody>\n<\/table>\n<p><a title=\"Orava-Cup s\u00e4\u00e4nn\u00f6t\" href=\"http:\/\/www.satakunnansuunnistus.fi\/?page_id=149\">Orava-cup s\u00e4\u00e4nn\u00f6t 2016<\/a><br \/>\n<a href=\"http:\/\/www.satakunnansuunnistus.fi\/wp-admin\/post.php?post=145&amp;action=edit\" target=\"_blank\">Orava-cup tulokset ja tapahtumat 2016<\/a> ja <a href=\"http:\/\/www.satakunnansuunnistus.fi\/wp-content\/uploads\/2016\/09\/OravacupKuvaaja2016.pdf\" target=\"_blank\">kuvaajat 2016 <\/a><br \/>\n<a href=\"http:\/\/www.satakunnansuunnistus.fi\/Orava-cupin%20pistetaulukko%202016.htm\" target=\"_blank\">Orava-cupin lopputilanne 2016<\/a><br \/>\n<a href=\"http:\/\/www.satakunnansuunnistus.fi\/?page_id=1623\">Orava-cup tulokset ja tapahtumat 2015<\/a><a href=\"http:\/\/www.satakunnansuunnistus.fi\/?page_id=1623\"><br \/>\n<\/a><a href=\"http:\/\/www.satakunnansuunnistus.fi\/Orava-cupin%20pistetaulukko%202015.htm\">Orava-cupin lopputilanne 2015<\/a><br \/>\n<a href=\"http:\/\/www.satakunnansuunnistus.fi\/?page_id=995\">Orava-cup tulokset ja osakilpailut 2014<br \/>\n<\/a><a title=\"Orava-cupin pistetaulukko 2014\" href=\"Orava-cupin pistetaulukko 2014.htm\">Orava-cupin lopputilanne 2014<\/a><br \/>\n<a href=\"http:\/\/www.satakunnansuunnistus.fi\/vanha\/oravat.html\">Orava-cup tulokset ja tapahtumat- 2013<\/a><a href=\"http:\/\/www.satakunnansuunnistus.fi\/?page_id=995\"><br \/>\n<\/a><\/p>\n<p><strong>\u00a0<\/strong><\/p>\n<p><strong>SATAKUNNAN ALUEEN <\/strong><strong>ORAVATAPAHTUMAT 2016<\/strong><\/p>\n<p><strong>VALTAKUNNALLINEN ORAVAPOLKULEIRI (VOL) 27.6-1.7 VUOKATISSA, SOTKAMO<\/strong><\/p>\n<p>VOL-leiri 27.6-1.7 Vuokatin urheiluopistolla Sotkamossa. Satakunnan lis\u00e4ksi leirill\u00e4 on 6 muuta suunnistusaluetta.<br \/>\nSuunnistusliitto on 2015 loppurankin perusteella valinnut leirille Satakunnasta jo seuraavat suunnistajat:<br \/>\nD16 sarjasta: Maija Tiittanen (UlvUra) ja aluepaikalle H16 sarjasta: Erik Kesti (RasKa)<br \/>\nSSL t\u00e4ydent\u00e4\u00e4 valintaa (23 tytt\u00f6\u00e4 ja 22 poikaa, vuonna 2000-2001 syntyneist\u00e4). Valinta tehd\u00e4\u00e4n SM-keskimatkan 5.6 j\u00e4lkeisen rankin perusteella.<br \/>\nEnnen leiri\u00e4 tulee leiril\u00e4isten tehd\u00e4 Kasva Urheilijaksi -el\u00e4m\u00e4nrytmitesti.<\/p>\n<p><strong>SATAKUNNAN ALUEORAVAPOLKUKILPAILU (AOK) (paikka ja ajankohta tarkentuu kev\u00e4\u00e4ll\u00e4)<\/strong><\/p>\n<p>Kilpailusarjat: D8RR, H8RR, D10RR, H10RR, D12TR, H12TR, D13, H13, D14, H14, D16 ja H16<br \/>\nKilpailun j\u00e4rjest\u00e4j\u00e4: Hiisirasti<\/p>\n<p><strong>SATAKUNNAN ORAVAPOLKUVIESTIT (AOV) JA SEURA-CUP 27.7 ULVILASSA<\/strong><\/p>\n<p>Kilpailusarjat ja ohjematkat: (korkein sallittu ik\u00e4)<br \/>\nH30RR ja D30RR, 3&#215;2 km (12)<br \/>\nH36TR ja D36TR, 3&#215;2 km (14)<br \/>\nKilpailun j\u00e4rjest\u00e4j\u00e4: UlvUra<br \/>\nRastireitill\u00e4 ei ole viestiss\u00e4 hajontoja, n\u00e4in pyrit\u00e4\u00e4n helpottamaan kisaa my\u00f6s v\u00e4hemm\u00e4n suunnistaneille sopivaksi.<br \/>\nSarjojen ik\u00e4rajoissa on joustoa ja kussakin sarjassa joukkueen yhteisik\u00e4 on m\u00e4\u00e4r\u00e4\u00e4v\u00e4 t\u00e4n\u00e4 vuonna t\u00e4ytett\u00e4vien vuosien mukaan.<br \/>\nPerinteiset H45 ja D45 sarjat ovat poissa AOV:st\u00e4. Oravpolkuviestin yhteydess\u00e4 kilpaillaan Seuracup-viesti, miss\u00e4 joukkueissa on mukana H\/D16 sarjalaiset. Seura-cupissa on my\u00f6s sallittuja seurojen yhdistelem\u00e4joukkueet.<\/p>\n<p><strong>LEIMAUS-LEIRI\u00a0\u00a0 6-9.6 IKAALISISSA<\/strong><\/p>\n<p>Valtakunnallinen Leimaus-leiri 6-9.6 Ikaalisten kylpyl\u00e4n maastoissa. Leirin majoitusvaraus 2000 ylittyi jo joulukuussa. Leiri on tarkoitettu 8-18 vuotiaalle suunnistavalle nuorille.<br \/>\nLeirisivut netiss\u00e4: <a href=\"http:\/\/leimaus2016.iknv.fi\/\">http:\/\/leimaus2016.iknv.fi\/<\/a><\/p>\n<p><strong>ALUEEN ORAVAPOLKULEIRI (AOL) 2-4.8 J\u00c4MILL\u00c4<\/strong><\/p>\n<p>Satakunnan ja H\u00e4meen yhteinen oravapolkuleiri 13-14 vuotiaille tyt\u00f6ille ja pojille.<br \/>\nLeirin j\u00e4rjest\u00e4j\u00e4: Kankaanp\u00e4\u00e4n Suunnistejat Satakunnan alueelta.<br \/>\nMukaan mahtuu 10 tytt\u00f6\u00e4 ja 10 poikaa Satakunnasta. Ilmoittautumiset 17.7 menness\u00e4 alueen nuoriso-ohjaajalle jari.holmberg@luukku.com tai puh.040-1677505. Valinnat (tarvittaessa) tehd\u00e4\u00e4n toukokuu-kes\u00e4kuun oravacup-menestyksen perusteella. Lis\u00e4tietietoa: <a href=\"http:\/\/www.kansu.fi\/\">http:\/\/www.kansu.fi\/<\/a><\/p>\n<p><strong>42. NUORTEN ALUEOTTELU 28.8 PERTTELISS\u00c4<\/strong><\/p>\n<p>Nuorten alueottelussa kilpailevat Satakunta \u2013 H\u00e4me &#8211; Varsinais-Suomi nuorten sarjojen joukkueilla.<br \/>\nKilpailusarjat: D10RR, H10RR, D12, H12, D13, H13, D14 ja H14<br \/>\nKilpailun j\u00e4rjest\u00e4j\u00e4: Perttelin Peikot.<br \/>\nJokaiseen sarjaan valitaan viisi edustajaa ja kaksi varalle kultakin alueelta.<br \/>\nValinnat tehd\u00e4\u00e4n: Oravacupin tulosten perusteella (valinnoissa huomioidaan nelj\u00e4 parasta tulosta).<br \/>\nSatakunnan edustusjoukkueen valinnan tekee 18.8 alueen nuorisoryhm\u00e4.<br \/>\nJoukkueen julkaisun j\u00e4lkeen mahdollisesta esteest\u00e4 on ilmoitettava heti nuoriso-ohjaajalle, jotta ehdit\u00e4\u00e4n ilmoittamaan varaedustaja kilpailuun.<br \/>\nNuoriso-ohjaaja ilmoittaa valitsemansa joukkueen j\u00e4rjest\u00e4jille ja kilpailijat itse ilmoittautuvat kilpailuun IRMAN kautta.<br \/>\nAlue palkitsee alueotteluun valitut urheilijat.<\/p>\n<p><strong>KULTAINEN KOMPASSI-CUPIN SATAKUNNAN ALUECUP SATAKUNNASSA JA FINAALI 11.9 SEIN\u00c4JOELLA<\/strong><\/p>\n<p>Kultainen Kompassicupin aluecup, muodostuu alueen Oravacup tapahtumista (7 ensimm\u00e4ist\u00e4 Oravacupia).<br \/>\nAluecupin perusteella alue valitsee 4 tytt\u00f6\u00e4 ja 4 poikaa k\u00e4sitt\u00e4vi\u00e4 joukkueita valtakunnalliseen finaaliin 11.9 Sein\u00e4joella.<\/p>\n<p><strong>PITKIS- SPORT 4-8.7 KOKEM\u00c4ELL\u00c4<\/strong><\/p>\n<p>Pitkis on liikuntaleiri, miss\u00e4 on mukana yli 40 lajia, my\u00f6s suunnistus.<br \/>\nPaikkoja saatta viel\u00e4 l\u00f6yty\u00e4. Lis\u00e4tietoja <u><a href=\"http:\/\/www.pitkissport.net\/?p=17#.VtKjUDdf2Uk\">http:\/\/www.pitkissport.net\/?p=17#.VtKjUDdf2Uk<\/a><\/u><\/p>\n<p><strong>LEIMAUS-LEIRI 2-5.6\u00a0SAVONLINNASSA<\/strong><br \/>\nValtakunnallinen Leimaus-leiri 2-5.6 Savonlinnan Tanhuvaarassa. Leirille on ilmoittautunut jo 1800 nuorta. Leiri on tarkoitettu\u00a08-18 vuotiaalle suunnistavalle nuorille.<br \/>\nLeirisivut netiss\u00e4: <a href=\"http:\/\/leimaus2015.fi\/\">http:\/\/leimaus2015.fi\/<\/a><\/p>\n<p>&nbsp;<\/p>\n","protected":false},"excerpt":{"rendered":"<p>SATAKUNNAN ALUEEN ORAVATAPAHTUMAT 2016 ORAVA-CUP 2016 Oravacupin ilmoittautumisj\u00e4rjestelm\u00e4 Orava-cupin lopputilanne 2016 Orava-cup Aika J\u00e4rjest\u00e4j\u00e4 HUOM! 1.\u00a0Ulvila 18.5. UlvUra Ke, sprintti Ulvilan Oravacup sivut 2. Pori 25.5 RasKa Ke Rastikarhujen kotisivut 3.\u00a0Nakkila 1.6 NaWi Ke, sprintti Nakkilan Wisan Oravacup 4. Kankaanp\u00e4\u00e4 22.6 KanSu Ke KanSun Oravacup 5. Lavia 17.8 LLL Ke [&hellip;]<\/p>\n","protected":false},"author":3,"featured_media":0,"parent":0,"menu_order":0,"comment_status":"closed","ping_status":"closed","template":"","meta":{"footnotes":""},"class_list":["post-2029","page","type-page","status-publish","hentry"],"_links":{"self":[{"href":"https:\/\/www.satakunnansuunnistus.fi\/index.php?rest_route=\/wp\/v2\/pages\/2029","targetHints":{"allow":["GET"]}}],"collection":[{"href":"https:\/\/www.satakunnansuunnistus.fi\/index.php?rest_route=\/wp\/v2\/pages"}],"about":[{"href":"https:\/\/www.satakunnansuunnistus.fi\/index.php?rest_route=\/wp\/v2\/types\/page"}],"author":[{"embeddable":true,"href":"https:\/\/www.satakunnansuunnistus.fi\/index.php?rest_route=\/wp\/v2\/users\/3"}],"replies":[{"embeddable":true,"href":"https:\/\/www.satakunnansuunnistus.fi\/index.php?rest_route=%2Fwp%2Fv2%2Fcomments&post=2029"}],"version-history":[{"count":4,"href":"https:\/\/www.satakunnansuunnistus.fi\/index.php?rest_route=\/wp\/v2\/pages\/2029\/revisions"}],"predecessor-version":[{"id":2035,"href":"https:\/\/www.satakunnansuunnistus.fi\/index.php?rest_route=\/wp\/v2\/pages\/2029\/revisions\/2035"}],"wp:attachment":[{"href":"https:\/\/www.satakunnansuunnistus.fi\/index.php?rest_route=%2Fwp%2Fv2%2Fmedia&parent=2029"}],"curies":[{"name":"wp","href":"https:\/\/api.w.org\/{rel}","templated":true}]}}