{"id":1932,"date":"2017-02-18T23:32:26","date_gmt":"2017-02-18T21:32:26","guid":{"rendered":"http:\/\/www.satakunnansuunnistus.fi\/?page_id=1932"},"modified":"2021-01-27T19:35:59","modified_gmt":"2021-01-27T17:35:59","slug":"materiaalia-2","status":"publish","type":"page","link":"https:\/\/www.satakunnansuunnistus.fi\/?page_id=1932","title":{"rendered":"Materiaalia"},"content":{"rendered":"<p><a href=\"https:\/\/www.satakunnansuunnistus.fi\/?page_id=3665\" rel=\"attachment wp-att-1936\">Satakunnan Suunnistus ry s\u00e4\u00e4nn\u00f6t<\/a> (2021)<\/p>\n","protected":false},"excerpt":{"rendered":"<p>Satakunnan Suunnistus ry s\u00e4\u00e4nn\u00f6t (2021)<\/p>\n","protected":false},"author":2,"featured_media":0,"parent":0,"menu_order":0,"comment_status":"closed","ping_status":"closed","template":"","meta":{"footnotes":""},"class_list":["post-1932","page","type-page","status-publish","hentry"],"_links":{"self":[{"href":"https:\/\/www.satakunnansuunnistus.fi\/index.php?rest_route=\/wp\/v2\/pages\/1932","targetHints":{"allow":["GET"]}}],"collection":[{"href":"https:\/\/www.satakunnansuunnistus.fi\/index.php?rest_route=\/wp\/v2\/pages"}],"about":[{"href":"https:\/\/www.satakunnansuunnistus.fi\/index.php?rest_route=\/wp\/v2\/types\/page"}],"author":[{"embeddable":true,"href":"https:\/\/www.satakunnansuunnistus.fi\/index.php?rest_route=\/wp\/v2\/users\/2"}],"replies":[{"embeddable":true,"href":"https:\/\/www.satakunnansuunnistus.fi\/index.php?rest_route=%2Fwp%2Fv2%2Fcomments&post=1932"}],"version-history":[{"count":4,"href":"https:\/\/www.satakunnansuunnistus.fi\/index.php?rest_route=\/wp\/v2\/pages\/1932\/revisions"}],"predecessor-version":[{"id":3667,"href":"https:\/\/www.satakunnansuunnistus.fi\/index.php?rest_route=\/wp\/v2\/pages\/1932\/revisions\/3667"}],"wp:attachment":[{"href":"https:\/\/www.satakunnansuunnistus.fi\/index.php?rest_route=%2Fwp%2Fv2%2Fmedia&parent=1932"}],"curies":[{"name":"wp","href":"https:\/\/api.w.org\/{rel}","templated":true}]}}