{"id":1868,"date":"2016-10-18T19:40:04","date_gmt":"2016-10-18T16:40:04","guid":{"rendered":"http:\/\/www.satakunnansuunnistus.fi\/?page_id=1868"},"modified":"2016-10-18T20:58:52","modified_gmt":"2016-10-18T17:58:52","slug":"am-kilpailut-2016","status":"publish","type":"page","link":"https:\/\/www.satakunnansuunnistus.fi\/?page_id=1868","title":{"rendered":"AM Kilpailut 2016"},"content":{"rendered":"<table style=\"height: 481px;\" border=\"1\" width=\"358\" cellspacing=\"0\" cellpadding=\"0\">\n<tbody>\n<tr>\n<td>Laji<\/td>\n<td>P\u00e4iv\u00e4<\/td>\n<td>J\u00e4rjest\u00e4j\u00e4<\/td>\n<\/tr>\n<tr>\n<td><big>HS-keski<\/big><\/td>\n<td>&#8211;<\/td>\n<td>&#8211;<\/td>\n<\/tr>\n<tr>\n<td><big>HS-pitk\u00e4<\/big><\/td>\n<td>&#8211;<\/td>\n<td>&#8211;<\/td>\n<\/tr>\n<tr>\n<td><big>HS-parisprintti<\/big><\/td>\n<td>&#8211;<\/td>\n<td>&#8211;<\/td>\n<\/tr>\n<tr>\n<td><big>Tarkkuus<\/big><\/td>\n<td>11.9.2016<\/td>\n<td>\u00a0 <a href=\"http:\/\/www.suse.kopteri.net\/sivu.tmpl?sivu_id=2056\" target=\"_blank\">SuSe<\/a><\/td>\n<\/tr>\n<tr>\n<td><big>Py\u00f6r\u00e4suunnistus<\/big><\/td>\n<td>28.8.2016<\/td>\n<td>\u00a0 <a href=\"http:\/\/www.kansu.fi\/kilpailut\/kansall_am_pyorasunnistus2016\" target=\"_blank\">KanSu<\/a><\/td>\n<\/tr>\n<tr>\n<td><big>Keskimatka<\/big><\/td>\n<td>16.6.2016<\/td>\n<td>\u00a0 <a href=\"http:\/\/www.eurajoenveikot.fi\/suunnistus\/muut-kilpailut\/am-keskimatka-16-6-2016\/\" target=\"_blank\">EuVe<\/a><\/td>\n<\/tr>\n<tr>\n<td><big>Sprintti<\/big><\/td>\n<td>7.9.2016<\/td>\n<td>\u00a0 <a href=\"http:\/\/www.rastikarhut.fi\/SuunnistusBlog\/HTMLsivut\/AMsprintti2016\/index.htm\" target=\"_blank\">RasKa<\/a><\/td>\n<\/tr>\n<tr>\n<td><big>Pitk\u00e4<\/big><\/td>\n<td>28.5.2016<\/td>\n<td>\u00a0 <a href=\"http:\/\/www.siikainen.fi\/?page_id=1197\" target=\"_blank\">SiikSi<\/a><\/td>\n<\/tr>\n<tr>\n<td><big>Viesti<\/big><\/td>\n<td>29.5.2016<\/td>\n<td>\u00a0 <a href=\"http:\/\/www.siikainen.fi\/?page_id=1197\" target=\"_blank\">SiikSi<\/a><\/td>\n<\/tr>\n<tr>\n<td><big>Erikoispitk\u00e4<\/big><\/td>\n<td>29.10.2016<\/td>\n<td>\u00a0 <a href=\"http:\/\/www.iknv.fi\/suunnistusmaraton\" target=\"_blank\">IkNV<\/a><\/td>\n<\/tr>\n<tr>\n<td><big>Partio<\/big><\/td>\n<td>&#8211;<\/td>\n<td><\/td>\n<\/tr>\n<tr>\n<td><big>Seura-cup<\/big><\/td>\n<td>27.7.2016<\/td>\n<td>\u00a0<a href=\"http:\/\/www.ulvilanura.fi\/suunnistus\/kilpailu.asp?id=81\" target=\"_blank\">UlvUra<\/a><\/td>\n<\/tr>\n<tr>\n<td><big>AOV<\/big><\/td>\n<td>27.7.2016<\/td>\n<td>\u00a0<a href=\"http:\/\/www.ulvilanura.fi\/suunnistus\/kilpailu.asp?id=81\" target=\"_blank\">UlvUra<\/a><\/td>\n<\/tr>\n<tr>\n<td><big>AOK<\/big><\/td>\n<td>&#8211;<\/td>\n<td><\/td>\n<\/tr>\n<tr>\n<td><big>Y\u00f6<\/big><\/td>\n<td>22.9.2016<\/td>\n<td>\u00a0<a href=\"http:\/\/www.kansu.fi\/kilpailut\/am-yosuunistus2016\" target=\"_blank\">KanSu<\/a><\/td>\n<\/tr>\n<tr>\n<td><big>KLL Satakunta<\/big><\/td>\n<td>13.10.2016<\/td>\n<td>\u00a0<a href=\"http:\/\/www.rastikarhut.fi\/SuunnistusBlog\/HTMLsivut\/Koulukisa2016\/index.htm\" target=\"_blank\">RasKa<\/a><\/td>\n<\/tr>\n<\/tbody>\n<\/table>\n<p><a href=\"http:\/\/www.satakunnansuunnistus.fi\/?page_id=746\" target=\"_blank\">AM-kilpailut 2015<\/a><br \/>\n<a href=\"http:\/\/www.satakunnansuunnistus.fi\/?page_id=750\" target=\"_blank\">AM-kilpailut 2014<\/a><br \/>\n<a title=\"AM-kilpailut 2013\" href=\"http:\/\/www.satakunnansuunnistus.fi\/vanha\/amkilpailut2013.html\">2013 ja aikaisempien vuosien AM-kilpailut<\/a><\/p>\n","protected":false},"excerpt":{"rendered":"<p>Laji P\u00e4iv\u00e4 J\u00e4rjest\u00e4j\u00e4 HS-keski &#8211; &#8211; HS-pitk\u00e4 &#8211; &#8211; HS-parisprintti &#8211; &#8211; Tarkkuus 11.9.2016 \u00a0 SuSe Py\u00f6r\u00e4suunnistus 28.8.2016 \u00a0 KanSu Keskimatka 16.6.2016 \u00a0 EuVe Sprintti 7.9.2016 \u00a0 RasKa Pitk\u00e4 28.5.2016 \u00a0 SiikSi Viesti 29.5.2016 \u00a0 SiikSi Erikoispitk\u00e4 29.10.2016 \u00a0 IkNV Partio &#8211; Seura-cup 27.7.2016 \u00a0UlvUra AOV 27.7.2016 \u00a0UlvUra AOK &#8211; [&hellip;]<\/p>\n","protected":false},"author":11,"featured_media":0,"parent":0,"menu_order":0,"comment_status":"closed","ping_status":"closed","template":"","meta":{"footnotes":""},"class_list":["post-1868","page","type-page","status-publish","hentry"],"_links":{"self":[{"href":"https:\/\/www.satakunnansuunnistus.fi\/index.php?rest_route=\/wp\/v2\/pages\/1868","targetHints":{"allow":["GET"]}}],"collection":[{"href":"https:\/\/www.satakunnansuunnistus.fi\/index.php?rest_route=\/wp\/v2\/pages"}],"about":[{"href":"https:\/\/www.satakunnansuunnistus.fi\/index.php?rest_route=\/wp\/v2\/types\/page"}],"author":[{"embeddable":true,"href":"https:\/\/www.satakunnansuunnistus.fi\/index.php?rest_route=\/wp\/v2\/users\/11"}],"replies":[{"embeddable":true,"href":"https:\/\/www.satakunnansuunnistus.fi\/index.php?rest_route=%2Fwp%2Fv2%2Fcomments&post=1868"}],"version-history":[{"count":4,"href":"https:\/\/www.satakunnansuunnistus.fi\/index.php?rest_route=\/wp\/v2\/pages\/1868\/revisions"}],"predecessor-version":[{"id":1878,"href":"https:\/\/www.satakunnansuunnistus.fi\/index.php?rest_route=\/wp\/v2\/pages\/1868\/revisions\/1878"}],"wp:attachment":[{"href":"https:\/\/www.satakunnansuunnistus.fi\/index.php?rest_route=%2Fwp%2Fv2%2Fmedia&parent=1868"}],"curies":[{"name":"wp","href":"https:\/\/api.w.org\/{rel}","templated":true}]}}