{"id":1847,"date":"2016-10-03T19:05:20","date_gmt":"2016-10-03T16:05:20","guid":{"rendered":"http:\/\/www.satakunnansuunnistus.fi\/?page_id=1847"},"modified":"2016-11-23T14:11:24","modified_gmt":"2016-11-23T12:11:24","slug":"leimausleiri-2017","status":"publish","type":"page","link":"https:\/\/www.satakunnansuunnistus.fi\/?page_id=1847","title":{"rendered":"Leimausleiri 2017 Kuortaneella"},"content":{"rendered":"<p>Leiri pidet\u00e4\u00e4n 5-8.6 <a href=\"http:\/\/www.satakunnansuunnistus.fi\/?event=leimausleiri-2017\">Kuortaneella<\/a> ja sinne l\u00e4hdet\u00e4\u00e4n Satakunnan joukkueella mukaan.<br \/>\nPaikkoja on varattu 60 hotellimajoitusta, miss\u00e4 on ihan luksustason olosuhteet.<\/p>\n<p>Kaikista alueen seuroista on nuoret suunnistajat ja ohjaajat tervetulleita mukaan.<br \/>\nPaikat t\u00e4ytet\u00e4\u00e4n ilmoittautumisj\u00e4rjestyksess\u00e4 (sitovat ilmoittautumiset).<\/p>\n<p><a href=\"http:\/\/www.satakunnansuunnistus.fi\/wp-content\/uploads\/2016\/10\/Leimaus2017kutsu30092016.pdf\" target=\"_blank\">leimaus2017kutsu30092016<\/a><\/p>\n<p>Leimausleirille 2017 ilmoittautumiset avattu. T\u00e4yt\u00e4 alla oleva lomake ja l\u00e4het\u00e4 se t\u00e4st\u00e4 Jannelle<\/p>\n<p>Ilmoittautumistilanne 23.11.2016:<\/p>\n<p><a href=\"http:\/\/www.satakunnansuunnistus.fi\/wp-content\/uploads\/2016\/10\/LEIMAUS-2017-ilmoittautuneet-23112016.pdf\">leimaus-2017-ilmoittautuneet-23112016<\/a><\/p>\n<p>&nbsp;<\/p>\n<p>[contact-form-7 id=&#8221;1840&#8243; title=&#8221;Leimaus_ilmoittautuminen&#8221;]<\/p>\n","protected":false},"excerpt":{"rendered":"<p>Leiri pidet\u00e4\u00e4n 5-8.6 Kuortaneella ja sinne l\u00e4hdet\u00e4\u00e4n Satakunnan joukkueella mukaan. Paikkoja on varattu 60 hotellimajoitusta, miss\u00e4 on ihan luksustason olosuhteet. Kaikista alueen seuroista on nuoret suunnistajat ja ohjaajat tervetulleita mukaan. Paikat t\u00e4ytet\u00e4\u00e4n ilmoittautumisj\u00e4rjestyksess\u00e4 (sitovat ilmoittautumiset). leimaus2017kutsu30092016 Leimausleirille 2017 ilmoittautumiset avattu. T\u00e4yt\u00e4 alla oleva lomake ja l\u00e4het\u00e4 se t\u00e4st\u00e4 Jannelle Ilmoittautumistilanne [&hellip;]<\/p>\n","protected":false},"author":11,"featured_media":0,"parent":0,"menu_order":0,"comment_status":"closed","ping_status":"closed","template":"","meta":{"footnotes":""},"class_list":["post-1847","page","type-page","status-publish","hentry"],"_links":{"self":[{"href":"https:\/\/www.satakunnansuunnistus.fi\/index.php?rest_route=\/wp\/v2\/pages\/1847","targetHints":{"allow":["GET"]}}],"collection":[{"href":"https:\/\/www.satakunnansuunnistus.fi\/index.php?rest_route=\/wp\/v2\/pages"}],"about":[{"href":"https:\/\/www.satakunnansuunnistus.fi\/index.php?rest_route=\/wp\/v2\/types\/page"}],"author":[{"embeddable":true,"href":"https:\/\/www.satakunnansuunnistus.fi\/index.php?rest_route=\/wp\/v2\/users\/11"}],"replies":[{"embeddable":true,"href":"https:\/\/www.satakunnansuunnistus.fi\/index.php?rest_route=%2Fwp%2Fv2%2Fcomments&post=1847"}],"version-history":[{"count":7,"href":"https:\/\/www.satakunnansuunnistus.fi\/index.php?rest_route=\/wp\/v2\/pages\/1847\/revisions"}],"predecessor-version":[{"id":1915,"href":"https:\/\/www.satakunnansuunnistus.fi\/index.php?rest_route=\/wp\/v2\/pages\/1847\/revisions\/1915"}],"wp:attachment":[{"href":"https:\/\/www.satakunnansuunnistus.fi\/index.php?rest_route=%2Fwp%2Fv2%2Fmedia&parent=1847"}],"curies":[{"name":"wp","href":"https:\/\/api.w.org\/{rel}","templated":true}]}}