{"id":1623,"date":"2016-03-27T13:00:37","date_gmt":"2016-03-27T10:00:37","guid":{"rendered":"http:\/\/www.satakunnansuunnistus.fi\/?page_id=1623"},"modified":"2016-03-27T13:00:37","modified_gmt":"2016-03-27T10:00:37","slug":"oravacup-2015","status":"publish","type":"page","link":"https:\/\/www.satakunnansuunnistus.fi\/?page_id=1623","title":{"rendered":"Oravacup 2015"},"content":{"rendered":"<p><strong>ORAVA-CUP 2015<\/strong><\/p>\n<p><big><a href=\"http:\/\/www.satakunnansuunnistus.fi\/oravacup\/ilmo\/\">Oravacupin ilmoittautumisj\u00e4rjestelm\u00e4<br \/>\n<\/a><a title=\"Orava-cupin pistetaulukko 2014\" href=\"http:\/\/www.satakunnansuunnistus.fi\/Orava-cupin pistetaulukko 2015.htm\">Orava-cupin v\u00e4liaikatilanne 2015 Kankaanp\u00e4\u00e4n osakilpailun j\u00e4lkeen<\/a><a href=\"http:\/\/www.satakunnansuunnistus.fi\/oravacup\/ilmo\/\"><br \/>\n<\/a><\/big><\/p>\n<table border=\"1\" cellspacing=\"1\" cellpadding=\"2\">\n<tbody>\n<tr>\n<td>Orava-cup<\/td>\n<td>Aika<\/td>\n<td>J\u00e4rjest\u00e4j\u00e4<\/td>\n<td>HUOM!<\/td>\n<td><\/td>\n<\/tr>\n<tr>\n<td>1.\u00a0Huittinen<\/td>\n<td>13.5.<\/td>\n<td>LLuja<\/td>\n<td>Ke, sprintti<\/td>\n<td><a href=\"http:\/\/www.lauttakylanluja.fi\/suunnistus\/oravacup-1-2015\/\">Linkki<\/a><\/td>\n<\/tr>\n<tr>\n<td>2. Pori<\/td>\n<td>27.5<\/td>\n<td>RasKa<\/td>\n<td>Ke<\/td>\n<td><a href=\"http:\/\/www.rastikarhut.fi\/IltarastiExplorer\/toimintakalenteri.php?taulu=oravakisat\">Linkki<\/a><\/td>\n<\/tr>\n<tr>\n<td>3.\u00a0Kokem\u00e4ki<\/td>\n<td>10.6<\/td>\n<td>KoKV<\/td>\n<td>Ke<\/td>\n<td><a href=\"http:\/\/www.nic.fi\/~kkv\/\">Linkki<\/a><\/td>\n<\/tr>\n<tr>\n<td>4. Kankaanp\u00e4\u00e4<\/td>\n<td>17.6<\/td>\n<td>KanSu<\/td>\n<td>Ke<\/td>\n<td><a href=\"http:\/\/kansu.fi\/kilpailut\/orava-cup2015osakilpailu\">Linkki<\/a><\/td>\n<\/tr>\n<tr>\n<td>5. Eurajoki<\/td>\n<td>5.8<\/td>\n<td>EuVe<\/td>\n<td>Ke<\/td>\n<td><a href=\"http:\/\/www.eurajoenveikot.fi\/suunnistus\/muut-kilpailut\/oravacup-5-8-2015\/kilpailukutsu\/\">Linkki<\/a><\/td>\n<\/tr>\n<tr>\n<td>6.\u00a0Lavia<\/td>\n<td>19.8<\/td>\n<td>LLL<\/td>\n<td>Ke<\/td>\n<td><a href=\"http:\/\/www.lansi-lavianloiske.net\/\">Linkki<\/a><\/td>\n<\/tr>\n<tr>\n<td>7. Rauma<\/td>\n<td>2.9<\/td>\n<td>RaLu<\/td>\n<td>Ke<\/td>\n<td><a href=\"http:\/\/www.rastilukko.fi\/suunnistus\/kilpailut\/oravacup-2-9-2015\/\">Linkki<\/a><\/td>\n<\/tr>\n<tr>\n<td>8.\u00a0Ulvila<\/td>\n<td>9.9<\/td>\n<td>UlvUra<\/td>\n<td>Ke<\/td>\n<td><a href=\"http:\/\/www.ulvilanura.fi\/suunnistus\/kilpailu.asp?id=76\">Linkki<\/a><\/td>\n<\/tr>\n<\/tbody>\n<\/table>\n<p><a title=\"Orava-Cup s\u00e4\u00e4nn\u00f6t\" href=\"http:\/\/www.satakunnansuunnistus.fi\/?page_id=149\">Orava-cup s\u00e4\u00e4nn\u00f6t 2015<\/a><br \/>\n<a title=\"Vanhat oravasivut\" href=\"http:\/\/www.satakunnansuunnistus.fi\/vanha\/oravat.html\">Vanhat oravasivut ja aikaisempien Orava-cupien tulokset<br \/>\n<\/a><a href=\"http:\/\/www.satakunnansuunnistus.fi\/?page_id=995\">Orava-cup tulokset ja osakilpailut 2014<br \/>\n<\/a><a title=\"Orava-cupin pistetaulukko 2014\" href=\"Orava-cupin pistetaulukko 2014.htm\">Orava-cupin lopputilanne 2014<\/a><a href=\"http:\/\/www.satakunnansuunnistus.fi\/?page_id=995\"><br \/>\n<\/a><\/p>\n","protected":false},"excerpt":{"rendered":"<p>ORAVA-CUP 2015 Oravacupin ilmoittautumisj\u00e4rjestelm\u00e4 Orava-cupin v\u00e4liaikatilanne 2015 Kankaanp\u00e4\u00e4n osakilpailun j\u00e4lkeen Orava-cup Aika J\u00e4rjest\u00e4j\u00e4 HUOM! 1.\u00a0Huittinen 13.5. LLuja Ke, sprintti Linkki 2. Pori 27.5 RasKa Ke Linkki 3.\u00a0Kokem\u00e4ki 10.6 KoKV Ke Linkki 4. Kankaanp\u00e4\u00e4 17.6 KanSu Ke Linkki 5. Eurajoki 5.8 EuVe Ke Linkki 6.\u00a0Lavia 19.8 LLL Ke Linkki 7. Rauma [&hellip;]<\/p>\n","protected":false},"author":11,"featured_media":0,"parent":0,"menu_order":0,"comment_status":"closed","ping_status":"closed","template":"","meta":{"footnotes":""},"class_list":["post-1623","page","type-page","status-publish","hentry"],"_links":{"self":[{"href":"https:\/\/www.satakunnansuunnistus.fi\/index.php?rest_route=\/wp\/v2\/pages\/1623","targetHints":{"allow":["GET"]}}],"collection":[{"href":"https:\/\/www.satakunnansuunnistus.fi\/index.php?rest_route=\/wp\/v2\/pages"}],"about":[{"href":"https:\/\/www.satakunnansuunnistus.fi\/index.php?rest_route=\/wp\/v2\/types\/page"}],"author":[{"embeddable":true,"href":"https:\/\/www.satakunnansuunnistus.fi\/index.php?rest_route=\/wp\/v2\/users\/11"}],"replies":[{"embeddable":true,"href":"https:\/\/www.satakunnansuunnistus.fi\/index.php?rest_route=%2Fwp%2Fv2%2Fcomments&post=1623"}],"version-history":[{"count":1,"href":"https:\/\/www.satakunnansuunnistus.fi\/index.php?rest_route=\/wp\/v2\/pages\/1623\/revisions"}],"predecessor-version":[{"id":1624,"href":"https:\/\/www.satakunnansuunnistus.fi\/index.php?rest_route=\/wp\/v2\/pages\/1623\/revisions\/1624"}],"wp:attachment":[{"href":"https:\/\/www.satakunnansuunnistus.fi\/index.php?rest_route=%2Fwp%2Fv2%2Fmedia&parent=1623"}],"curies":[{"name":"wp","href":"https:\/\/api.w.org\/{rel}","templated":true}]}}