{"id":149,"date":"2014-04-02T18:17:45","date_gmt":"2014-04-02T15:17:45","guid":{"rendered":"http:\/\/www.satakunnansuunnistus.fi\/?page_id=149"},"modified":"2025-04-15T13:59:32","modified_gmt":"2025-04-15T10:59:32","slug":"oravacup-saannot","status":"publish","type":"page","link":"https:\/\/www.satakunnansuunnistus.fi\/?page_id=149","title":{"rendered":"Oravacup-s\u00e4\u00e4nn\u00f6t"},"content":{"rendered":"<p><strong>ORAVACUP 2024 S\u00c4\u00c4NN\u00d6T<\/strong><\/p>\n<p><strong><em>Huom! Oravacup toimii karsintasarjana joukkuevalintoihin<\/em><\/strong><\/p>\n<p><strong>Maasto, kartta ja radat<\/strong><\/p>\n<p>Kilpailumaasto ja kartta tulee valita lasten ratoja ajatellen. <em>Kartan mittakaava 1:10 000<\/em> tai 1:7500 ja kartan koko max. A4. Sprintiss\u00e4 kartan mittakaava 1:4000. Ratojen tulee olla lastenratoihin perehtyneiden ratamestarien taidonn\u00e4ytteit\u00e4, sek\u00e4 SSL:n ohjeiden ja m\u00e4\u00e4r\u00e4ysten mukaisia. Mik\u00e4li k\u00e4ytet\u00e4\u00e4n kahta eritasoista viitoitusrataa, voi j\u00e4rjest\u00e4j\u00e4 valita H\/D9RR-sarjoille pidemm\u00e4n tai lyhyemm\u00e4n siimari-radan. Ratamerkkauksissa on k\u00e4ytett\u00e4v\u00e4<em> yhten\u00e4ist\u00e4 ja n\u00e4kyv\u00e4\u00e4 viitoitusnauhaa <\/em>(my\u00f6s sprintiss\u00e4 H\/D8RR ja H\/D9RR sarjoissa). Lapsille on muistettava tarjota my\u00f6s reitinvalintoja. Kilpailuun valitun valvojan on perehdytt\u00e4v\u00e4 ratojen ja maaston lis\u00e4ksi my\u00f6s kartan tasoon ja painoasuun. Radat on l\u00e4hetett\u00e4v\u00e4 viimeist\u00e4\u00e4n vikkoa ennen kisaa alueen <a href=\"https:\/\/www.suunnistusliitto.fi\/kilpailu\/kilpailujen-jarjestaminen\/lasten-ja-nuorten-ratavalvojat\/\">lasten ja nuorten ratavalvojalle<\/a>, t\u00e4m\u00e4 on edellytys 50\u20ac lis\u00e4palkkion saamiseen.<\/p>\n<p><strong>Sarjat <\/strong><\/p>\n<p>H8RR, H9RR, H10RR, H11TR, H12, H13, H14 ja H16<\/p>\n<p>D8RR, D9RR, D10RR, D11TR, D12, D13, D14 ja D16<\/p>\n<p>Parisuunnistajille ja saattajien kanssa kulkeville:<br \/>\nRR1, RR2, TR, S-12 (12-vuotiaiden rata), S-14 (13-14-vuotiaiden rata) ja S-16 (16-vuotiaiden rata)<\/p>\n<p><strong>Ilmoittautuminen<\/strong><\/p>\n<p>Ilmoittautumiset tehd\u00e4\u00e4n nettiin Oravacupin ilmoittautumisj\u00e4rjestelm\u00e4\u00e4n: <a href=\"http:\/\/www.satakunnansuunnistus.fi\/oravacup\/ilmo\/\">http:\/\/www.satakunnansuunnistus.fi\/oravacup\/ilmo\/<\/a> tai s\u00e4hk\u00f6postitse tapahtuman j\u00e4rjest\u00e4j\u00e4lle kts. seuran kilpailukutsu. Ilmoittautumiset on oltava perill\u00e4 3 p\u00e4iv\u00e4\u00e4 ennen kisaa. J\u00e4lki-ilmoittautumiset viimeist\u00e4\u00e4n edellisen\u00e4 iltana klo 18 menness\u00e4 s\u00e4hk\u00f6postilla. Parisuunnistukseen voidaan ottaa mukaan my\u00f6s kilpailupaikalla. J\u00e4lki-ilmoittautuneista lis\u00e4maksu 4 eur suoritetaan heti kilpailun j\u00e4rjest\u00e4j\u00e4lle. <strong>Syksyll\u00e4 alue perii <em>seuroilta kilpailuihin osallistumismaksua 5 \u20ac \/ ilmoitettu kilpailija \/ osakilpailu (muutos vuonna 2024, aikaisemmin 4 \u20ac). <\/em><\/strong>Oman seuran nuorilta ei perit\u00e4 osallistumismaksua seuran itse j\u00e4rjest\u00e4m\u00e4st\u00e4 Oravacup-tapahtumasta.<\/p>\n<p><strong>Osakilpailun j\u00e4rjestelypalkkio<\/strong><\/p>\n<p>Oravacupin kilpailun j\u00e4rjest\u00e4misest\u00e4 <em>alue maksaa seuralle 350 eur palkkion, sek\u00e4 50 eur lis\u00e4palkkion ajantasaisesta kartasta, sek\u00e4 ammattitaitoisen valvojan k\u00e4yt\u00f6st\u00e4.<\/em><\/p>\n<p><strong>L\u00e4ht\u00f6 <\/strong><\/p>\n<p>L\u00e4ht\u00f6listat laaditaan sarjoittain s\u00e4\u00e4nt\u00f6jen mukaisesti. <em>L\u00e4ht\u00f6v\u00e4lit 2 min, tarvittaessa RR-rata 1 min, niin ett\u00e4 l\u00e4hetys kest\u00e4\u00e4 vain runsaan tunnin<\/em>. Ensimm\u00e4iset l\u00e4hd\u00f6t iltakilpailuissa klo 18 ja viikonloppukilpailussa klo 11. J\u00e4lki-ilmoittaneet l\u00e4htev\u00e4t ennen muita kilpailijoita. Parisuunnistuksen l\u00e4htij\u00e4t l\u00e4htev\u00e4t ko. radalle l\u00e4htevien kilpasarjojen v\u00e4liss\u00e4 tai niiden j\u00e4lkeen. Kilpailijoiden l\u00e4hetys voidaan suorittaa my\u00f6s kuntosuunnistusten tapaan Emit-kortilla nollaleimasimesta. Lasten l\u00e4ht\u00f6paikka on rakennettava selke\u00e4sti aidatuksi 4 minuutin portain. L\u00e4ht\u00f6\u00f6n on aidattava my\u00f6s pituussuuntaiset linjat sarjoittain, kts. ohje Satakunnan Suunnistuksen oravapolkusivulta. Seura voi halutessaan j\u00e4rjest\u00e4\u00e4 l\u00e4ht\u00f6ajat my\u00f6s vapaasti valittavina, t\u00e4ll\u00f6in ensimm\u00e4iset l\u00e4ht\u00f6ajat voivat olla jo aikaisemmin.<\/p>\n<p><strong>Maali<\/strong><\/p>\n<p>Kilpailun ajanotto pys\u00e4htyy maalileimauksessa. Kilpailun ajanotto voi tapahtua my\u00f6s kuntorastien tapaan Emitill\u00e4, jolloin tulokset julkaistaan vasta kaikkien tultua maaliin. J\u00e4rjest\u00e4j\u00e4 hoitaa vastaanoton maalissa.<\/p>\n<p><strong>Parisuunnistus<\/strong><\/p>\n<p>Vaikka oravacup on kilpailu, on se samalla my\u00f6s harjoitus ja joillekin pelkk\u00e4 harjoitus, tai jopa ensimm\u00e4inen k\u00e4ynti mets\u00e4ss\u00e4 kartan kanssa. N\u00e4in parisuunnistus-sarjat eiv\u00e4t ole kilpailusarjoja. Radalle on siksi mahdollista l\u00e4hte\u00e4 kaikissa sarjoissa my\u00f6s opastajan \/ohjaajan kanssa partiona. Ilmoittautumisen yhteydess\u00e4 tulee ilmoittaa \u201dparisuunnistus\u201d-sarja ja l\u00e4htij\u00e4n nimi esim.<em> RR2,Suunnistaja Pekka.<\/em> Lapsi voi i\u00e4st\u00e4\u00e4n riippumatta ilmoittautua mille radalle tahansa parisuunnistuksessa. L\u00e4ht\u00f6 tapahtuu l\u00e4ht\u00f6listaan arvotussa j\u00e4rjestyksess\u00e4 varsinaisten kilpasarjojen v\u00e4liss\u00e4 (esim. H10RR &#8211; RR2 parisuunnistus &#8211; D10RR) tai lopussa.\u00a0 Parisuunnistajien nimet kirjataan tuloksiin ilman aikoja. Halukkaat saavat tiet\u00e4\u00e4 oman aikansa kysyess\u00e4\u00e4n. Osallistumisesta saa yhden cup-pisteen. V\u00e4hint\u00e4\u00e4n viisi kertaa osallistuneille jaetaan osanottomitali. Kilpailunsa jo suorittaneiden on my\u00f6s mahdollista ja suotavaa, l\u00e4hte\u00e4 huoltajan tai muun kaverin kanssa uudelleen kertaamaan jo kisailtu reitti muiden l\u00e4htij\u00f6iden j\u00e4lkeen.<\/p>\n<p><strong>Tiedottaminen ja tulokset<\/strong><\/p>\n<p><em>J\u00e4rjest\u00e4v\u00e4 seura ilmoittaa kilpailujen nettisivujen osoitteen kaksi viikkoa ennen kilpailua s\u00e4hk\u00f6postilla kimmo.mieskoski@gmail.com<\/em> joka linkitt\u00e4\u00e4 ne alueen <a href=\"http:\/\/www.satakunnansuunnistus.fi\/\">www.satakunnansuunnistus.fi<\/a> nettisivuille. Lis\u00e4ksi j\u00e4rjest\u00e4j\u00e4n tulisi toimittaa ilmoitus tapahtumasta julkaistavaksi Satakunnan Kansan t\u00e4n\u00e4\u00e4n -palstalle kilpailup\u00e4iv\u00e4ksi. My\u00f6s edellisess\u00e4 kisassa olisi hyv\u00e4 mainostaa jo seuraavaa kisapaikkaa. Tulokset julkaistaan kilpailupaikalla tulostaululla tai nettisivuilla. huom. <em>Rastireitill\u00e4 ei hyl\u00e4t\u00e4 ket\u00e4\u00e4n<\/em>, vaan puuttuvasta leimasta 10 min lis\u00e4aika. T\u00e4ydelliset tulokset sarjoittain (keskeytt\u00e4neist\u00e4, hyl\u00e4tyist\u00e4 ja parisuunnistajista vain nimet) toimitetaan viipym\u00e4tt\u00e4 alueella ilmestyviin lehtiin (mm. Satakunnan Kansa email: sk.urheilu@satakunnankansa.fi.) <em>Lis\u00e4ksi tulokset tulee toimittaa pistelaskennan hoitajalle, kimmo.mieskoski@gmail.com<\/em><\/p>\n<p><strong>Muut palvelut<\/strong><\/p>\n<p>J\u00e4rjest\u00e4j\u00e4n toivotaan tarjoavan kilpailun maalissa mehua tai vett\u00e4. Peseytyminen yms. palvelut j\u00e4rjestet\u00e4\u00e4n mahdollisuuksien mukaan. Pieni puffetti toisi ehk\u00e4 seuralle hieman tuloja. On huolehdittava my\u00f6s, jotta kilpailuorganisaatioon saada riitt\u00e4v\u00e4 m\u00e4\u00e4r\u00e4 kokenutta henkil\u00f6st\u00f6\u00e4. Pisimm\u00e4lle radalle voi j\u00e4rjest\u00e4j\u00e4\u00e4 kuntosuunnistuksen autonkuljettajille.<\/p>\n<p><strong>Pistelasku<\/strong><\/p>\n<p>Kussakin sarjassa voittaja saa 16 pistett\u00e4, seuraavat 14, 12, 11, 10 jne. pistett\u00e4. Sarjassa sijalle 14 ja sit\u00e4 heikommin sijoittuneet, samoin kuin keskeytt\u00e4neet ja hyl\u00e4tyt, sek\u00e4 parisuunnistukseen osallistuneet suunnistaneet saavat yhden pisteen. Samalle sijalle sijoittuneille samat pisteet (ei puolia pisteit\u00e4). Oravacupin kokonaiskilpailuun huomioidaan kullekin viisi parasta suoritusta. Tasapisteiss\u00e4 olevat saavat samat sijoitukset.<\/p>\n<p><strong>Palkinnot <\/strong><\/p>\n<p>Kes\u00e4n viimeisess\u00e4 kisassa palkitaan kunkin sarjan kolme parasta mitalilla ja lahjakortilla. Em. lis\u00e4ksi lahjakortin tms. saavat puolet ko. sarjan osanottajista (kuuden ensimm\u00e4isen kisan ka.). Osanottajamitali jaetaan kaikille viiteen kisaan osallistuneelle (sijat 4.-) Osakilpailun j\u00e4rjest\u00e4j\u00e4 voi harkintansa mukaan palkita kaikki osanottajat maalissa.<\/p>\n","protected":false},"excerpt":{"rendered":"<p>ORAVACUP 2024 S\u00c4\u00c4NN\u00d6T Huom! Oravacup toimii karsintasarjana joukkuevalintoihin Maasto, kartta ja radat Kilpailumaasto ja kartta tulee valita lasten ratoja ajatellen. Kartan mittakaava 1:10 000 tai 1:7500 ja kartan koko max. A4. Sprintiss\u00e4 kartan mittakaava 1:4000. Ratojen tulee olla lastenratoihin perehtyneiden ratamestarien taidonn\u00e4ytteit\u00e4, sek\u00e4 SSL:n ohjeiden ja m\u00e4\u00e4r\u00e4ysten mukaisia. Mik\u00e4li k\u00e4ytet\u00e4\u00e4n [&hellip;]<\/p>\n","protected":false},"author":1,"featured_media":0,"parent":0,"menu_order":0,"comment_status":"closed","ping_status":"closed","template":"","meta":{"footnotes":""},"class_list":["post-149","page","type-page","status-publish","hentry"],"_links":{"self":[{"href":"https:\/\/www.satakunnansuunnistus.fi\/index.php?rest_route=\/wp\/v2\/pages\/149","targetHints":{"allow":["GET"]}}],"collection":[{"href":"https:\/\/www.satakunnansuunnistus.fi\/index.php?rest_route=\/wp\/v2\/pages"}],"about":[{"href":"https:\/\/www.satakunnansuunnistus.fi\/index.php?rest_route=\/wp\/v2\/types\/page"}],"author":[{"embeddable":true,"href":"https:\/\/www.satakunnansuunnistus.fi\/index.php?rest_route=\/wp\/v2\/users\/1"}],"replies":[{"embeddable":true,"href":"https:\/\/www.satakunnansuunnistus.fi\/index.php?rest_route=%2Fwp%2Fv2%2Fcomments&post=149"}],"version-history":[{"count":12,"href":"https:\/\/www.satakunnansuunnistus.fi\/index.php?rest_route=\/wp\/v2\/pages\/149\/revisions"}],"predecessor-version":[{"id":5039,"href":"https:\/\/www.satakunnansuunnistus.fi\/index.php?rest_route=\/wp\/v2\/pages\/149\/revisions\/5039"}],"wp:attachment":[{"href":"https:\/\/www.satakunnansuunnistus.fi\/index.php?rest_route=%2Fwp%2Fv2%2Fmedia&parent=149"}],"curies":[{"name":"wp","href":"https:\/\/api.w.org\/{rel}","templated":true}]}}