{"id":145,"date":"2014-04-02T18:07:53","date_gmt":"2014-04-02T15:07:53","guid":{"rendered":"http:\/\/www.satakunnansuunnistus.fi\/?page_id=145"},"modified":"2025-09-17T12:55:14","modified_gmt":"2025-09-17T09:55:14","slug":"oravat","status":"publish","type":"page","link":"https:\/\/www.satakunnansuunnistus.fi\/?page_id=145","title":{"rendered":"Oravacup"},"content":{"rendered":"\r\n<p><strong>SATAKUNNAN ALUEEN <\/strong><strong>ORAVATAPAHTUMAT 2025<\/strong><\/p>\r\n<p><strong>ORAVA-CUP 2025<\/strong><\/p>\r\n<p><big><a href=\"http:\/\/www.satakunnansuunnistus.fi\/oravacup\/ilmo\/\">Oravacupin ilmoittautumisj\u00e4rjestelm\u00e4<\/a><\/big><big><\/big><\/p>\r\n<p><a href=\"https:\/\/www.satakunnansuunnistus.fi\/?page_id=149\">Oravacup-s\u00e4\u00e4nn\u00f6t 2025<\/a><\/p>\r\n<p><a href=\"https:\/\/www.satakunnansuunnistus.fi\/Orava-cupin%20pistetaulukko%202025.htm\">Oravacupin lopputulokset 2025<\/a><\/p>\r\n<table style=\"height: 248px;\" border=\"1\" width=\"463\" cellspacing=\"1\" cellpadding=\"2\">\r\n<tbody>\r\n<tr>\r\n<td>Orava-cup<\/td>\r\n<td>Aika<\/td>\r\n<td>J\u00e4rjest\u00e4j\u00e4<\/td>\r\n<td>\u00a0Kilpailusivut<\/td>\r\n<\/tr>\r\n<tr>\r\n<td>1. Pori<\/td>\r\n<td>7.5.<\/td>\r\n<td>RasKa<\/td>\r\n<td><a href=\"https:\/\/www.rastikarhut.fi\/seura\/controller\/runko.php?kisaweb&amp;kisaID=1928&amp;vuosi=2025\">Linkki<\/a><\/td>\r\n<\/tr>\r\n<tr>\r\n<td>2. Huittinen<\/td>\r\n<td>14.5.<\/td>\r\n<td>LLuja<\/td>\r\n<td><a href=\"https:\/\/www.lauttakylanluja.fi\/suunnistus\/jaosto\/6135\/oravacup-1452025\">Linkki<\/a><\/td>\r\n<\/tr>\r\n<tr>\r\n<td>3. S\u00e4kyl\u00e4<\/td>\r\n<td>21.5.<\/td>\r\n<td>K\u00f6La<\/td>\r\n<td><a href=\"https:\/\/www.hiisirasti.fi\/?p=2597\">Linkki<\/a><\/td>\r\n<\/tr>\r\n<tr>\r\n<td>4. Kankaanp\u00e4\u00e4<\/td>\r\n<td>11.6.<\/td>\r\n<td>KanSu<\/td>\r\n<td><a href=\"https:\/\/www.kansu.fi\/kilpailut\/kilpailut-2025\/oravacup-ke-11-6-2025\/\">Linkki<\/a><\/td>\r\n<\/tr>\r\n<tr>\r\n<td>5. Harjavalta<\/td>\r\n<td>13.8.<\/td>\r\n<td>ValSu<\/td>\r\n<td><a href=\"https:\/\/www.vallansuunta.net\/\">Linkki<\/a><\/td>\r\n<\/tr>\r\n<tr>\r\n<td>6. Rauma<\/td>\r\n<td>20.8.<\/td>\r\n<td>RaLu<\/td>\r\n<td><a href=\"https:\/\/www.rastilukko.fi\/suunnistus\/kilpailut\/oravacup-20-8-2025\/\">Linkki<\/a><\/td>\r\n<\/tr>\r\n<tr>\r\n<td>7. Kiukainen<\/td>\r\n<td>27.8.<\/td>\r\n<td>KiU<\/td>\r\n<td><a href=\"https:\/\/www.hiisirasti.fi\/\">Linkki<\/a><\/td>\r\n<\/tr>\r\n<tr>\r\n<td>8. Ulvila<\/td>\r\n<td>10.9.<\/td>\r\n<td>UlvUra<\/td>\r\n<td><a href=\"http:\/\/www.ulvilanura.fi\/suunnistus\/kilpailu.asp?id=92\" target=\"_blank\" rel=\"noopener\">Linkki<\/a><\/td>\r\n<\/tr>\r\n<\/tbody>\r\n<\/table>\r\n<p><strong><a href=\"https:\/\/www.satakunnansuunnistus.fi\/Orava-cupin%20pistetaulukko%202024.htm\">Oravacupin lopputilanne 2024<\/a><\/strong><\/p>\r\n<p><a href=\"https:\/\/www.satakunnansuunnistus.fi\/?page_id=4943\">Oravacup tulokset ja tapahtumat 2024<\/a><br \/><a href=\"https:\/\/www.satakunnansuunnistus.fi\/?page_id=4550\">Oravacup tulokset ja tapahtumat 2023<\/a><br \/><a href=\"https:\/\/www.satakunnansuunnistus.fi\/?page_id=4196\">Oravacup tulokset ja tapahtumat 2022<\/a><br \/><a href=\"https:\/\/www.satakunnansuunnistus.fi\/?page_id=3924\" target=\"_blank\" rel=\"noopener noreferrer\">Oravacup tulokset ja tapahtumat 2021<\/a><br \/><a href=\"https:\/\/www.satakunnansuunnistus.fi\/?page_id=3662\" target=\"_blank\" rel=\"noopener noreferrer\">Oravacup tulokset ja tapahtumat 2020<\/a><br \/><a href=\"https:\/\/www.satakunnansuunnistus.fi\/?page_id=3396\" target=\"_blank\" rel=\"noopener noreferrer\">Oravacup tulokset ja tapahtumat 2019<\/a><br \/><a href=\"https:\/\/www.satakunnansuunnistus.fi\/?page_id=3087\">Oravacup tulokset ja tapahtumat 2018<\/a><br \/><a href=\"http:\/\/www.satakunnansuunnistus.fi\/?page_id=2626\">Oravacup tulokset ja tapahtumat 2017<\/a><br \/><a href=\"http:\/\/www.satakunnansuunnistus.fi\/?page_id=2029\">Oravacup tulokset ja tapahtumat 2016<\/a><a href=\"http:\/\/www.satakunnansuunnistus.fi\/?page_id=995\"><br \/><\/a><a href=\"http:\/\/www.satakunnansuunnistus.fi\/?page_id=1623\">Oravacup tulokset ja tapahtumat 2015<\/a><br \/><a href=\"https:\/\/www.satakunnansuunnistus.fi\/?page_id=995\">Oravacup tulokset ja tapahtumat 2014<\/a><br \/><a href=\"http:\/\/www.satakunnansuunnistus.fi\/vanha\/oravat.html\">Oravacup tulokset ja tapahtumat 2013<\/a><a href=\"http:\/\/www.satakunnansuunnistus.fi\/?page_id=995\"><br \/><\/a><\/p>\r\n<p><a href=\"https:\/\/www.satakunnansuunnistus.fi\/?page_id=3412\" target=\"_blank\" rel=\"noopener noreferrer\"><strong>Katso my\u00f6s muut Satakunnan nuorisosuunnistuksen tapahtumat ja leirit<\/strong><\/a><\/p>","protected":false},"excerpt":{"rendered":"<p>SATAKUNNAN ALUEEN ORAVATAPAHTUMAT 2025 ORAVA-CUP 2025 Oravacupin ilmoittautumisj\u00e4rjestelm\u00e4 Oravacup-s\u00e4\u00e4nn\u00f6t 2025 Oravacupin lopputulokset 2025 Orava-cup Aika J\u00e4rjest\u00e4j\u00e4 \u00a0Kilpailusivut 1. Pori 7.5. RasKa Linkki 2. Huittinen 14.5. LLuja Linkki 3. S\u00e4kyl\u00e4 21.5. K\u00f6La Linkki 4. Kankaanp\u00e4\u00e4 11.6. KanSu Linkki 5. Harjavalta 13.8. ValSu Linkki 6. Rauma 20.8. RaLu Linkki 7. Kiukainen 27.8. [&hellip;]<\/p>\n","protected":false},"author":1,"featured_media":0,"parent":0,"menu_order":0,"comment_status":"closed","ping_status":"closed","template":"","meta":{"footnotes":""},"class_list":["post-145","page","type-page","status-publish","hentry"],"_links":{"self":[{"href":"https:\/\/www.satakunnansuunnistus.fi\/index.php?rest_route=\/wp\/v2\/pages\/145","targetHints":{"allow":["GET"]}}],"collection":[{"href":"https:\/\/www.satakunnansuunnistus.fi\/index.php?rest_route=\/wp\/v2\/pages"}],"about":[{"href":"https:\/\/www.satakunnansuunnistus.fi\/index.php?rest_route=\/wp\/v2\/types\/page"}],"author":[{"embeddable":true,"href":"https:\/\/www.satakunnansuunnistus.fi\/index.php?rest_route=\/wp\/v2\/users\/1"}],"replies":[{"embeddable":true,"href":"https:\/\/www.satakunnansuunnistus.fi\/index.php?rest_route=%2Fwp%2Fv2%2Fcomments&post=145"}],"version-history":[{"count":228,"href":"https:\/\/www.satakunnansuunnistus.fi\/index.php?rest_route=\/wp\/v2\/pages\/145\/revisions"}],"predecessor-version":[{"id":5097,"href":"https:\/\/www.satakunnansuunnistus.fi\/index.php?rest_route=\/wp\/v2\/pages\/145\/revisions\/5097"}],"wp:attachment":[{"href":"https:\/\/www.satakunnansuunnistus.fi\/index.php?rest_route=%2Fwp%2Fv2%2Fmedia&parent=145"}],"curies":[{"name":"wp","href":"https:\/\/api.w.org\/{rel}","templated":true}]}}