{"id":1335,"date":"2016-02-21T18:41:23","date_gmt":"2016-02-21T16:41:23","guid":{"rendered":"http:\/\/www.satakunnansuunnistus.fi\/?page_id=1335"},"modified":"2016-02-21T18:41:23","modified_gmt":"2016-02-21T16:41:23","slug":"satakunnan-suunnistus-ry-suunnistuksen-aluemestaruuskilpailut","status":"publish","type":"page","link":"https:\/\/www.satakunnansuunnistus.fi\/?page_id=1335","title":{"rendered":"SATAKUNNAN SUUNNISTUS RY SUUNNISTUKSEN ALUEMESTARUUSKILPAILUT"},"content":{"rendered":"<p><strong>\u00a0<\/strong><\/p>\n<ol>\n<li>Kilpailut j\u00e4rjestet\u00e4\u00e4n erillisess\u00e4 taulukossa kerrotuissa lajeissa ja sarjoissa. Kilpailuissa noudatetaan SSL:n kilpailus\u00e4\u00e4nt\u00f6j\u00e4 ja alla esitettyj\u00e4 j\u00e4rjestelyohjeita.<\/li>\n<\/ol>\n<ol start=\"2\">\n<li>Lajikohtaisten kilpailujen j\u00e4rjestelyohjeet<\/li>\n<\/ol>\n<ul>\n<li>Henkil\u00f6kohtainen pitk\u00e4n matkan kilpailu: ohjeajat ovat taulukossa, kilpailun ulkopuolisena sarjana H21C.<\/li>\n<li>Y\u00f6suunnistus: voittajien tavoiteajat 90 % pitk\u00e4n matkan kilpailusta, t\u00e4m\u00e4 merkitsee 10-20 % lyhyempi\u00e4 ratoja.<\/li>\n<li>Henkil\u00f6kohtainen keskimatka ja hiihtosuunnistuksen keskimatka: ratapituudet siten, ett\u00e4 taulukon tavoiteajat puolittuvat.<\/li>\n<li>Viestisuunnistus: ratapituudet ja tavoiteajat noin 50-75 % pitk\u00e4n matkan pituuksista ja ajoista. Kaikissa sarjoissa on 3 osuutta ja on k\u00e4ytett\u00e4v\u00e4 hajontamenetelmi\u00e4.<\/li>\n<li>Erikoispitk\u00e4matka: ohjeaika on enint\u00e4\u00e4n puolitoista-kaksinkertainen pitk\u00e4n matkan ohjeaikaan n\u00e4hden. Iltakilpailuna j\u00e4rjestet\u00e4essa voidaan k\u00e4ytt\u00e4\u00e4 yhteisl\u00e4ht\u00f6\u00e4 hajontaradoilla.<\/li>\n<li>Sprintti: ohjeaika 12-15 min., yli 35-vuotiaat 8-16 min.<\/li>\n<li>Py\u00f6r\u00e4suunnistus: keskimatkan ohjeajat H21-sarjalla 50-60 min., sarjoilla D21, H18, H20, H35-45 40-50 min., muilla sarjoilla 30-40 min.<\/li>\n<li>Hiihtosuunnistus: tavoiteaika sama kuin kes\u00e4n pitk\u00e4n matkan kilpailussa, kuitenkin p\u00e4\u00e4sarjoissa voi olla noin 20 % suurempi.<\/li>\n<li>Hiihtosuunnistusviesti: j\u00e4rjestet\u00e4\u00e4n parisprinttiviestin\u00e4, ohjeaika 8-10 min \/ osuus.<\/li>\n<li>Tarkkuussuunnistus: yksi kilpailusarja, Elit. Lajiin tutustumisen helpottamiseksi kilpailun ulkopuolella voi olla helpompi ns. kuntosarjan rata. Radat on laadittava niin, ett\u00e4 my\u00f6s liikuntarajoitteiset voivat tasavertaisesti osallistua, kyseess\u00e4 on taitolajsi, jossa fyysinen liikkumiskyky ei saa olla ratkaiseva.<\/li>\n<\/ul>\n<ol start=\"3\">\n<li>AM-joukkuekilpailussa H-sarjoissa joukkueessa voi olla mukana my\u00f6s kaksi naispuolista kilpailijaa.<\/li>\n<\/ol>\n<ol start=\"4\">\n<li>Kilpailujen j\u00e4rjestelyoikeudet my\u00f6nt\u00e4\u00e4 Satakunnan Suunnistus ry, kilpailut anotaan IRMA-tietoj\u00e4rjestelm\u00e4n kautta kuten kansalliset ja arvokilpailut tai ottamalla suoraan yhteytt\u00e4 alueen kilpailuohjaajaan. Hakemuksessa tulee olla tiedot kilpailujohtajasta, ratamestarista, valvojasta, maastosta sek\u00e4 kartasta, sek\u00e4 valvojalta ett\u00e4 ratamestarilta edellytet\u00e4\u00e4n 2. luokan ratamestarikorttia. .<\/li>\n<\/ol>\n<ol start=\"5\">\n<li>Palkintona jaetaan kussakin sarjassa kolmelle parhaalle AM-mitalit, lis\u00e4ksi pyrit\u00e4\u00e4n hankkimaan kunniapalkintoja ainakin p\u00e4\u00e4sarjoihin. AM-mitalit on j\u00e4rjest\u00e4j\u00e4n tilattava viimeist\u00e4\u00e4n viikkoa ennen kilpailua Seppo Sipil\u00e4lt\u00e4, os. Liinaharjantie 46, 28610 Pori, puh 050 3560555.<\/li>\n<\/ol>\n<ol start=\"6\">\n<li>Osanottomaksut:<\/li>\n<\/ol>\n<table width=\"281\">\n<tbody>\n<tr>\n<td width=\"115\"><\/td>\n<td width=\"84\"><strong>Kes\u00e4kisa<\/strong><\/td>\n<td width=\"82\"><strong>Talvikisa<\/strong><\/td>\n<\/tr>\n<tr>\n<td width=\"115\"><strong>Aikuiset<\/strong><\/td>\n<td width=\"84\">13 euroa<\/td>\n<td width=\"82\">16 euroa<\/td>\n<\/tr>\n<tr>\n<td width=\"115\"><strong>16-20 v.<\/strong><\/td>\n<td width=\"84\">10 euroa<\/td>\n<td width=\"82\">13 euroa<\/td>\n<\/tr>\n<tr>\n<td width=\"115\"><strong>14 v. ja alle<\/strong><\/td>\n<td width=\"84\">\u00a0 8 euroa<\/td>\n<td width=\"82\">10 euroa<\/td>\n<\/tr>\n<\/tbody>\n<\/table>\n<ol start=\"7\">\n<li>Kilpailukutsu julkaistaan IRMAssa sek\u00e4 Satakunnan Suunnistuksen nettisivuilla ja toimitetaan tiedoksi alueen seuroille. Kutsu on toimitettava tarkistettavaksi kilpailu-ohjaajalle kaksi viikkoa ennen kutsun julkaisemista. Kilpailun tulokset on toimitettava IRMAan sek\u00e4 alueen nettisivuille viiden p\u00e4iv\u00e4n sis\u00e4ll\u00e4. Kaikki henkil\u00f6kohtaiset kilpailut ovat rankikisoja.<\/li>\n<\/ol>\n<ol start=\"8\">\n<li>Kilpailun valvoja valitsee tuomarineuvoston puheen-johtajan j\u00e4rjest\u00e4j\u00e4n esityksest\u00e4.<\/li>\n<\/ol>\n<ol start=\"9\">\n<li>Ilmoittautumiset tehd\u00e4\u00e4n p\u00e4\u00e4s\u00e4\u00e4nt\u00f6isesti IRMA-j\u00e4rjestelm\u00e4n kautta siten, ett\u00e4 ne ovat perill\u00e4 viimeist\u00e4\u00e4n kuusi p\u00e4iv\u00e4\u00e4 ennen kilpailua. J\u00e4lki-ilmoittautumisia voidaan ottaa vastaan j\u00e4rjest\u00e4j\u00e4n harkinnan mukaan. AM-kisoihin osallistuvalta ei edellytet\u00e4 voimassaolevaa lisenssi\u00e4.<\/li>\n<\/ol>\n<ol start=\"10\">\n<li>Koska useat suunnistajat edustavat nykyisin jotain muuta kuin oman paikkakuntansa seuraa, voi kilpailun j\u00e4rjest\u00e4v\u00e4n seuran j\u00e4senill\u00e4 olla my\u00f6s osanotto-oikeus kilpailuun. J\u00e4rjest\u00e4j\u00e4n on kuitenkin aina muistettava, ett\u00e4 j\u00e4rjestelyteht\u00e4viin j\u00e4\u00e4 riitt\u00e4v\u00e4sti toimitsijoita, niin ettei vaaranneta kilpailun onnistumista. Hiihtosuunnistuksessa maaston tuntemisesta ei ole juurikaan hy\u00f6ty\u00e4 kilpailijoille, kes\u00e4ll\u00e4 tilanne ei kuitenkaan ole aivan yht\u00e4 selv\u00e4. Jos kilpailumaastosta on tehty uusi kartta, eiv\u00e4tk\u00e4 j\u00e4rjest\u00e4v\u00e4n seuran suunnistajat ole ko. maastossa useinkaan juosseet, voi j\u00e4rjest\u00e4j\u00e4 (ratamestari) ja valvoja yhdess\u00e4 p\u00e4\u00e4tt\u00e4\u00e4, osanottajaluettelon n\u00e4hty\u00e4\u00e4n, j\u00e4rjest\u00e4v\u00e4n seuran j\u00e4senen osanotto-oikeudesta kilpailuun. Alle 14 v. lasten osanotto on aina l\u00e4hes selv\u00e4. Jokaisen suunnistajan on itse syyt\u00e4 mietti\u00e4, milloin h\u00e4nell\u00e4 on maastosta ja kartasta niin paljon etua kanssakilpailijoihin verrattuna, ett\u00e4 osanotto kilpailuun ei ole oikeudenmukaista.<\/li>\n<\/ol>\n<p>&nbsp;<\/p>\n<p>&nbsp;<\/p>\n","protected":false},"excerpt":{"rendered":"<p>\u00a0 Kilpailut j\u00e4rjestet\u00e4\u00e4n erillisess\u00e4 taulukossa kerrotuissa lajeissa ja sarjoissa. Kilpailuissa noudatetaan SSL:n kilpailus\u00e4\u00e4nt\u00f6j\u00e4 ja alla esitettyj\u00e4 j\u00e4rjestelyohjeita. Lajikohtaisten kilpailujen j\u00e4rjestelyohjeet Henkil\u00f6kohtainen pitk\u00e4n matkan kilpailu: ohjeajat ovat taulukossa, kilpailun ulkopuolisena sarjana H21C. Y\u00f6suunnistus: voittajien tavoiteajat 90 % pitk\u00e4n matkan kilpailusta, t\u00e4m\u00e4 merkitsee 10-20 % lyhyempi\u00e4 ratoja. Henkil\u00f6kohtainen keskimatka ja hiihtosuunnistuksen keskimatka: [&hellip;]<\/p>\n","protected":false},"author":9,"featured_media":0,"parent":0,"menu_order":0,"comment_status":"closed","ping_status":"closed","template":"","meta":{"footnotes":""},"class_list":["post-1335","page","type-page","status-publish","hentry"],"_links":{"self":[{"href":"https:\/\/www.satakunnansuunnistus.fi\/index.php?rest_route=\/wp\/v2\/pages\/1335","targetHints":{"allow":["GET"]}}],"collection":[{"href":"https:\/\/www.satakunnansuunnistus.fi\/index.php?rest_route=\/wp\/v2\/pages"}],"about":[{"href":"https:\/\/www.satakunnansuunnistus.fi\/index.php?rest_route=\/wp\/v2\/types\/page"}],"author":[{"embeddable":true,"href":"https:\/\/www.satakunnansuunnistus.fi\/index.php?rest_route=\/wp\/v2\/users\/9"}],"replies":[{"embeddable":true,"href":"https:\/\/www.satakunnansuunnistus.fi\/index.php?rest_route=%2Fwp%2Fv2%2Fcomments&post=1335"}],"version-history":[{"count":1,"href":"https:\/\/www.satakunnansuunnistus.fi\/index.php?rest_route=\/wp\/v2\/pages\/1335\/revisions"}],"predecessor-version":[{"id":1336,"href":"https:\/\/www.satakunnansuunnistus.fi\/index.php?rest_route=\/wp\/v2\/pages\/1335\/revisions\/1336"}],"wp:attachment":[{"href":"https:\/\/www.satakunnansuunnistus.fi\/index.php?rest_route=%2Fwp%2Fv2%2Fmedia&parent=1335"}],"curies":[{"name":"wp","href":"https:\/\/api.w.org\/{rel}","templated":true}]}}